{"id":26049,"date":"2026-01-25T18:01:35","date_gmt":"2026-01-25T17:01:35","guid":{"rendered":"https:\/\/www1.kkl.si\/?page_id=26049"},"modified":"2026-02-18T21:56:18","modified_gmt":"2026-02-18T20:56:18","slug":"miskino-gledalisce-dezela-zim-bim-bim","status":"publish","type":"page","link":"https:\/\/www1.kkl.si\/hu\/miskino-gledalisce-dezela-zim-bim-bim\/","title":{"rendered":"Mi\u0161kino gledali\u0161\u010de: De\u017eela Zim-Bim-Bim"},"content":{"rendered":"<div class=\"opis\"><i class=\"fas fa-clock\"><\/i> <strong>2026. febru\u00e1r 21. (szombat), 10.30-kor<\/strong> | Lendvai Sz\u00ednh\u00e1z- \u00e9s Hangversenyterem<img loading=\"lazy\" decoding=\"async\" class=\"wp-image-1592 alignright\" title=\"Fizet\u0151s rendezv\u00e9ny\" src=\"https:\/\/www1.kkl.si\/wp-content\/uploads\/\/2020\/07\/spored_simb_placljiva-1.svg\" sizes=\"auto, (max-width: 30px) 100vw, 30px\" srcset=\"https:\/\/www1.kkl.si\/wp-content\/uploads\/\/2020\/07\/spored_simb_placljiva-1.svg 150w, https:\/\/www1.kkl.si\/wp-content\/uploads\/\/2020\/07\/spored_simb_placljiva-1.svg 400w, https:\/\/www1.kkl.si\/wp-content\/uploads\/\/2020\/07\/spored_simb_placljiva-1.svg 1500w, https:\/\/www1.kkl.si\/wp-content\/uploads\/\/2020\/07\/spored_simb_placljiva-1.svg 100w\" alt=\"placljiva\" width=\"30\" height=\"30\" \/><br \/>\n<i class=\"fas fa-chevron-circle-right\"><\/i> <strong>gyerekel\u0151ad\u00e1s szlov\u00e9n nyelven <span class=\"starost\">3+<\/span><\/strong><br \/>\n<i class=\"fas fa-ticket-alt\"><\/i> Bel\u00e9p\u0151d\u00edj: <strong>3 \u20ac<\/strong><br \/>\nP\u00e9nzt\u00e1r: <i class=\"fas fa-phone-alt\"><\/i> +386 (0)2 577 60 24<br \/>\nSzervez\u0151: <a href=\"https:\/\/www.kkl.si\/\">Knji\u017enica \u2013 Kulturni center Lendava \u2013 Lendvai K\u00f6nyvt\u00e1r \u00e9s Kultur\u00e1lis K\u00f6zpont<\/a><\/div>\n<p><strong><a href=\"https:\/\/www1.kkl.si\/wp-content\/uploads\/2026\/01\/plakat_B2_miskino_zim-bim-bim_2026_DVOJ.jpg\" data-lbwps-width=\"2143\" data-lbwps-height=\"3000\" data-lbwps-srcsmall=\"https:\/\/www1.kkl.si\/wp-content\/uploads\/2026\/01\/plakat_B2_miskino_zim-bim-bim_2026_DVOJ.jpg\"><img loading=\"lazy\" decoding=\"async\" class=\"alignright size-medium wp-image-25666\" src=\"https:\/\/www1.kkl.si\/wp-content\/uploads\/2026\/01\/plakat_B2_miskino_zim-bim-bim_2026_DVOJ-scaled-286x400.jpg\" alt=\"\" width=\"286\" height=\"400\" srcset=\"https:\/\/www1.kkl.si\/wp-content\/uploads\/2026\/01\/plakat_B2_miskino_zim-bim-bim_2026_DVOJ-scaled-286x400.jpg 286w, https:\/\/www1.kkl.si\/wp-content\/uploads\/2026\/01\/plakat_B2_miskino_zim-bim-bim_2026_DVOJ-scaled-1072x1500.jpg 1072w, https:\/\/www1.kkl.si\/wp-content\/uploads\/2026\/01\/plakat_B2_miskino_zim-bim-bim_2026_DVOJ-scaled.jpg 1829w\" sizes=\"auto, (max-width: 286px) 100vw, 286px\" \/><\/a><\/strong><em>Szlov\u00e9n le\u00edr\u00e1s:<\/em><\/p>\n<p><strong>DE\u017dELA ZIM-BIM-BIM<\/strong><\/p>\n<p>V zasne\u017eenem smrekovem gozdu \u017eivi majhen dihur Du\u0161an s svojo prijateljico je\u017eko Ne\u017eko.<\/p>\n<p>Oba se veselita zimskih po\u010ditnic in \u017eeljno pri\u010dakujeta po\u0161to, ki ga februarja po\u0161lje gozdna komisija. Vsako leto namre\u010d izberejo enega gozdnega prebivalca in mu podarijo zlato vstopnico na potovanje v zasne\u017eeni Zim-Bim-Bim. To je pravlji\u010dna sne\u017ena de\u017eela, kjer nenehno pe\u010dejo pi\u0161kote, se sankajo in smu\u010dajo, delajo sne\u017eake, pijejo cimetov \u010daj in ple\u0161ejo. Prav vsak dan imajo Zim-bim-bim praznovanje. In tja si res \u017eeli prav vsak.<\/p>\n<p>Do te de\u017eele se pride s posebnimi sanmi, ki jih vle\u010dejo sne\u017ene vile. In v Zim-bim-bim lahko vstopi\u0161 le s posebno zlato vstopnico, ki jo vsako leto podari gozdna komisija.<\/p>\n<p>Dihur in je\u017eka si je zelo \u017eelita, saj je to njuna najve\u010dja \u017eelja \u017ee toliko let. In ko kon\u010dno prispe po\u0161ta, se zadeva zelo zakomplicira. Na zlati vstopnici ni imena, zato se ne moreta dogovoriti \u010digava je. Priredita tekmovanje in se pomerita v zimskih igrah. Tistemu, ki bo zmagal, bo pripadla zlata vstopnica za Zim-bim-bim.<\/p>\n<p>Kateremu bo uspelo in kako se bo tekmovanje za zlato vstopnico kon\u010dalo, si oglejte v na\u0161i najnovej\u0161i zimski predstavi, ki vas bo nasmejala do solz.<\/p>\n<p>Namenjena otrokom: 3+<br \/>\nTrajanje predstave: 35 min<\/p>\n<div class=\"sectionTitle\">\n<h4>Sodelujo\u010di<\/h4>\n<\/div>\n<div class=\"itemShowCtnt smlrP\">\n<p>igrajo: <strong>Ana Ra\u0161\u010dan \/ Mi\u0161a Geri\u010d \u0160pacapan \/ Zarja Pavlin \/ Andrijana Bo\u0161koska \/ Martin Gerbec<\/strong><\/p>\n<p>produkcija: <strong>Mi\u0161kino gledali\u0161\u010de<\/strong><\/p>\n<hr \/>\n<\/div>\n\n\t\t<style type=\"text\/css\">\n\t\t\t#gallery-1 {\n\t\t\t\tmargin: auto;\n\t\t\t}\n\t\t\t#gallery-1 .gallery-item {\n\t\t\t\tfloat: left;\n\t\t\t\tmargin-top: 10px;\n\t\t\t\ttext-align: center;\n\t\t\t\twidth: 16%;\n\t\t\t}\n\t\t\t#gallery-1 img {\n\t\t\t\tborder: 2px solid #cfcfcf;\n\t\t\t}\n\t\t\t#gallery-1 .gallery-caption {\n\t\t\t\tmargin-left: 0;\n\t\t\t}\n\t\t\t\/* see gallery_shortcode() in wp-includes\/media.php *\/\n\t\t<\/style>\n\t\t<div id='gallery-1' class='gallery galleryid-26049 gallery-columns-6 gallery-size-thumbnail'><dl class='gallery-item'>\n\t\t\t<dt class='gallery-icon landscape'>\n\t\t\t\t<a href='https:\/\/www1.kkl.si\/wp-content\/uploads\/2026\/01\/dezela_zim_bim_bim01.jpg'><img loading=\"lazy\" decoding=\"async\" width=\"150\" height=\"150\" src=\"https:\/\/www1.kkl.si\/wp-content\/uploads\/2026\/01\/dezela_zim_bim_bim01-150x150.jpg\" class=\"attachment-thumbnail size-thumbnail\" alt=\"\" srcset=\"https:\/\/www1.kkl.si\/wp-content\/uploads\/2026\/01\/dezela_zim_bim_bim01-150x150.jpg 150w, https:\/\/www1.kkl.si\/wp-content\/uploads\/2026\/01\/dezela_zim_bim_bim01-400x400.jpg 400w, https:\/\/www1.kkl.si\/wp-content\/uploads\/2026\/01\/dezela_zim_bim_bim01.jpg 1440w\" sizes=\"auto, (max-width: 150px) 100vw, 150px\" \/><\/a>\n\t\t\t<\/dt><\/dl><dl class='gallery-item'>\n\t\t\t<dt class='gallery-icon landscape'>\n\t\t\t\t<a href='https:\/\/www1.kkl.si\/wp-content\/uploads\/2026\/01\/dezela_zim_bim_bim02.jpg'><img loading=\"lazy\" decoding=\"async\" width=\"150\" height=\"150\" src=\"https:\/\/www1.kkl.si\/wp-content\/uploads\/2026\/01\/dezela_zim_bim_bim02-150x150.jpg\" class=\"attachment-thumbnail size-thumbnail\" alt=\"\" srcset=\"https:\/\/www1.kkl.si\/wp-content\/uploads\/2026\/01\/dezela_zim_bim_bim02-150x150.jpg 150w, https:\/\/www1.kkl.si\/wp-content\/uploads\/2026\/01\/dezela_zim_bim_bim02-400x400.jpg 400w, https:\/\/www1.kkl.si\/wp-content\/uploads\/2026\/01\/dezela_zim_bim_bim02.jpg 1440w\" sizes=\"auto, (max-width: 150px) 100vw, 150px\" \/><\/a>\n\t\t\t<\/dt><\/dl><dl class='gallery-item'>\n\t\t\t<dt class='gallery-icon landscape'>\n\t\t\t\t<a href='https:\/\/www1.kkl.si\/wp-content\/uploads\/2026\/01\/ZIM-BIM-BIM-4.jpg'><img loading=\"lazy\" decoding=\"async\" width=\"150\" height=\"150\" src=\"https:\/\/www1.kkl.si\/wp-content\/uploads\/2026\/01\/ZIM-BIM-BIM-4-150x150.jpg\" class=\"attachment-thumbnail size-thumbnail\" alt=\"\" \/><\/a>\n\t\t\t<\/dt><\/dl><dl class='gallery-item'>\n\t\t\t<dt class='gallery-icon landscape'>\n\t\t\t\t<a href='https:\/\/www1.kkl.si\/wp-content\/uploads\/2026\/01\/zimbim2_1_1_b.jpg'><img loading=\"lazy\" decoding=\"async\" width=\"150\" height=\"150\" src=\"https:\/\/www1.kkl.si\/wp-content\/uploads\/2026\/01\/zimbim2_1_1_b-150x150.jpg\" class=\"attachment-thumbnail size-thumbnail\" alt=\"\" \/><\/a>\n\t\t\t<\/dt><\/dl><dl class='gallery-item'>\n\t\t\t<dt class='gallery-icon portrait'>\n\t\t\t\t<a href='https:\/\/www1.kkl.si\/wp-content\/uploads\/2026\/01\/zimbimbim5.jpg'><img loading=\"lazy\" decoding=\"async\" width=\"150\" height=\"150\" src=\"https:\/\/www1.kkl.si\/wp-content\/uploads\/2026\/01\/zimbimbim5-150x150.jpg\" class=\"attachment-thumbnail size-thumbnail\" alt=\"\" \/><\/a>\n\t\t\t<\/dt><\/dl>\n\t\t\t<br style='clear: both' \/>\n\t\t<\/div>\n\n<hr \/>\n<p><i class=\"fas fa-link\"><\/i> <a href=\"https:\/\/www.miskinogledalisce.com\/\">Mi\u0161kino gledali\u0161\u010de<\/a><\/p>\n","protected":false},"excerpt":{"rendered":"<p>2026. febru\u00e1r 21. (szombat), 10.30-kor | Lendvai Sz\u00ednh\u00e1z- \u00e9s Hangversenyterem gyerekel\u0151ad\u00e1s szlov\u00e9n nyelven 3+ Bel\u00e9p\u0151d\u00edj: 3 \u20ac P\u00e9nzt\u00e1r: +386 (0)2 577 60 24 Szervez\u0151: Knji\u017enica \u2013 Kulturni center Lendava \u2013 Lendvai K\u00f6nyvt\u00e1r \u00e9s Kultur\u00e1lis K\u00f6zpont Szlov\u00e9n le\u00edr\u00e1s: DE\u017dELA ZIM-BIM-BIM V zasne\u017eenem smrekovem gozdu \u017eivi majhen dihur Du\u0161an s svojo prijateljico je\u017eko Ne\u017eko. Oba se veselita [&hellip;]<\/p>\n","protected":false},"author":2,"featured_media":0,"parent":0,"menu_order":0,"comment_status":"closed","ping_status":"closed","template":"","meta":{"footnotes":""},"class_list":["post-26049","page","type-page","status-publish","hentry","post"],"_links":{"self":[{"href":"https:\/\/www1.kkl.si\/hu\/wp-json\/wp\/v2\/pages\/26049","targetHints":{"allow":["GET"]}}],"collection":[{"href":"https:\/\/www1.kkl.si\/hu\/wp-json\/wp\/v2\/pages"}],"about":[{"href":"https:\/\/www1.kkl.si\/hu\/wp-json\/wp\/v2\/types\/page"}],"author":[{"embeddable":true,"href":"https:\/\/www1.kkl.si\/hu\/wp-json\/wp\/v2\/users\/2"}],"replies":[{"embeddable":true,"href":"https:\/\/www1.kkl.si\/hu\/wp-json\/wp\/v2\/comments?post=26049"}],"version-history":[{"count":3,"href":"https:\/\/www1.kkl.si\/hu\/wp-json\/wp\/v2\/pages\/26049\/revisions"}],"predecessor-version":[{"id":26052,"href":"https:\/\/www1.kkl.si\/hu\/wp-json\/wp\/v2\/pages\/26049\/revisions\/26052"}],"wp:attachment":[{"href":"https:\/\/www1.kkl.si\/hu\/wp-json\/wp\/v2\/media?parent=26049"}],"curies":[{"name":"wp","href":"https:\/\/api.w.org\/{rel}","templated":true}]}}