{"id":26244,"date":"2026-03-03T10:39:51","date_gmt":"2026-03-03T09:39:51","guid":{"rendered":"https:\/\/www1.kkl.si\/?page_id=26244"},"modified":"2026-03-17T16:42:29","modified_gmt":"2026-03-17T15:42:29","slug":"elx-triptih","status":"publish","type":"page","link":"https:\/\/www1.kkl.si\/hu\/elx-triptih\/","title":{"rendered":"ELX Triptih"},"content":{"rendered":"<div class=\"opis\"><img loading=\"lazy\" decoding=\"async\" class=\"wp-image-1588 alignright\" title=\"Ingyenes rendezv\u00e9ny\" src=\"https:\/\/www1.kkl.si\/wp-content\/uploads\/\/2020\/07\/spored_simb_brezplacna-1.svg\" sizes=\"auto, (max-width: 30px) 100vw, 30px\" srcset=\"https:\/\/www1.kkl.si\/wp-content\/uploads\/\/2020\/07\/spored_simb_brezplacna-1.svg 150w, https:\/\/www1.kkl.si\/wp-content\/uploads\/\/2020\/07\/spored_simb_brezplacna-1.svg 400w, https:\/\/www1.kkl.si\/wp-content\/uploads\/\/2020\/07\/spored_simb_brezplacna-1.svg 1500w, https:\/\/www1.kkl.si\/wp-content\/uploads\/\/2020\/07\/spored_simb_brezplacna-1.svg 100w\" alt=\"brezplacna\" width=\"30\" height=\"30\" \/><i class=\"fas fa-clock\"><\/i> <strong>2026. m\u00e1rcius 18. (szerda), 12.00 \u00f3r\u00e1t\u00f3l 20.15-ig<\/strong> | Lendvai Sz\u00ednh\u00e1z- \u00e9s Hangversenyterem<br \/>\n<i class=\"fas fa-chevron-circle-right\"><\/i> <strong><strong>interakt\u00edv hanginstall\u00e1ci\u00f3, koncertek<br \/>\n<\/strong><\/strong><\/p>\n<hr \/>\n<p><i class=\"fas fa-info-circle\"><\/i> A bel\u00e9p\u00e9s d\u00edjtalan. Az <strong>ingyenes jegyek<\/strong> 2026. m\u00e1rcius 11-t\u0151l vehet\u0151k \u00e1t a Lendvai Sz\u00ednh\u00e1z- \u00e9s Hangversenyterem p\u00e9nzt\u00e1r\u00e1n. A jegyek sz\u00e1ma korl\u00e1tozott!<\/p>\n<hr \/>\n<p>Szervez\u0151: <a href=\"http:\/\/www.gs-lendava.si\/\">Glasbena \u0161ola Lendava\/Zeneiskola Lendva<\/a><br \/>\nK\u00f6zrem\u0171k\u00f6dnek: \u00a0<a href=\"https:\/\/onrizom.org\/\">ON Rizom Int\u00e9zet<\/a>, <a href=\"https:\/\/www.cona.si\/\">CONA Int\u00e9zet<\/a>, <a href=\"https:\/\/floatingsound.at\/\">Floating Sound Gallery Vienna<\/a>, <a href=\"https:\/\/www.pina.si\/\">KID PiNA<\/a>, <a href=\"https:\/\/www.kkl.si\/\">KKC Lendava \u2013 Lendvai KKK<\/a>,\u00a0 <a href=\"https:\/\/www.gml.si\/\">Galerija \u2013 Muzej Lendava\/Lendvai Gal\u00e9ria \u2013 M\u00fazeum<\/a><\/div>\n<p><a href=\"https:\/\/www1.kkl.si\/wp-content\/uploads\/2026\/03\/ELX_Triptih_plakat_2026_Lendava.jpg\" data-lbwps-width=\"2121\" data-lbwps-height=\"3000\" data-lbwps-srcsmall=\"https:\/\/www1.kkl.si\/wp-content\/uploads\/2026\/03\/ELX_Triptih_plakat_2026_Lendava.jpg\"><img loading=\"lazy\" decoding=\"async\" class=\"alignright size-medium wp-image-26214\" src=\"https:\/\/www1.kkl.si\/wp-content\/uploads\/2026\/03\/ELX_Triptih_plakat_2026_Lendava-scaled-283x400.jpg\" alt=\"\" width=\"283\" height=\"400\" srcset=\"https:\/\/www1.kkl.si\/wp-content\/uploads\/2026\/03\/ELX_Triptih_plakat_2026_Lendava-scaled-283x400.jpg 283w, https:\/\/www1.kkl.si\/wp-content\/uploads\/2026\/03\/ELX_Triptih_plakat_2026_Lendava-scaled-1061x1500.jpg 1061w, https:\/\/www1.kkl.si\/wp-content\/uploads\/2026\/03\/ELX_Triptih_plakat_2026_Lendava-scaled.jpg 1810w\" sizes=\"auto, (max-width: 283px) 100vw, 283px\" \/><\/a>Nemzetk\u00f6zi elektroakusztikus zenei projekt &#8211; Sonotopija<\/p>\n<p><span style=\"font-size: 18pt;\"><strong>ELX Triptih<\/strong><\/span><\/p>\n<p>PROGRAM<\/p>\n<p><span style=\"font-size: 18pt;\"><strong>12.00\u201222.00:<\/strong> <\/span><br \/>\n<span style=\"font-size: 18pt;\">interakt\u00edv hanginstall\u00e1ci\u00f3 (el\u0151t\u00e9r)<\/span><\/p>\n<p><span style=\"font-size: 18pt;\"><strong>14.30\u201217.30:<\/strong> <\/span><br \/>\n<span style=\"font-size: 18pt;\">elektroakusztikus zenei m\u0171helymunk\u00e1k a zeneiskola tanul\u00f3i r\u00e9sz\u00e9re (a Lendvai Zeneiskola koncertterm\u00e9ben, F\u0151 utca 70.)<\/span><\/p>\n<p><span style=\"font-size: 18pt;\"><strong>18.00\u201219.00:<\/strong> <\/span><br \/>\n<span style=\"font-size: 18pt;\">1. akuzmatikus zenei koncert (sz\u00ednpad)<\/span><\/p>\n<p><span style=\"font-size: 18pt;\"><strong>19.15\u201220.15:<\/strong> <\/span><br \/>\n<span style=\"font-size: 18pt;\">2. akuzmatikus zenei koncert (sz\u00ednpad)<\/span><\/p>\n<hr \/>\n<p>Az ON Rizom Int\u00e9zettel, a CONA Int\u00e9zettel, a Floating Sound Gallery Viennaval, a PiNA kultur\u00e1lis \u00e9s oktat\u00e1si egyes\u00fclettel, a Lendvai KKK-val, a Lendvai Gal\u00e9ria &#8211; M\u00fazeummal, valamint a Zeneiskola Lendv\u00e1val k\u00f6z\u00f6sen szeretettel megh\u00edvjuk \u00d6nt az ELX Triptih c\u00edm\u0171 nemzetk\u00f6zi elektroakusztikus zenei koncertre, amelyre <strong>2026. m\u00e1rcius 18-\u00e1n, szerd\u00e1n<\/strong> ker\u00fcl sor a Lendvai Sz\u00ednh\u00e1z- \u00e9s Hangversenyteremben.<\/p>\n<p>Az esem\u00e9ny <strong>eg\u00e9sz napos programk\u00e9nt<\/strong> ker\u00fcl megrendez\u00e9sre, amely mag\u00e1ban foglalja a tanul\u00f3k sz\u00e1m\u00e1ra szervezett m\u0171helymunk\u00e1kat, az eg\u00e9sz napos hanginstall\u00e1ci\u00f3t az el\u0151csarnokban, valamint k\u00e9t elektroakusztikus zenei koncertet, amelyek 18:00 \u00e9s 19:15 \u00f3rakor ker\u00fclnek megrendez\u00e9sre.<\/p>\n<p><em>Szeretettel v\u00e1rjuk \u00d6n\u00f6ket!<\/em><\/p>\n<hr \/>\n<p>Az esem\u00e9ny egy nemzetk\u00f6zi elektroakusztikus zenei projektet foglal mag\u00e1ban, amely \u00e9ppen itt, Lendva t\u00e9rs\u00e9g\u00e9ben mutatkozik be els\u0151 alkalommal a szlov\u00e9n, horv\u00e1t \u00e9s magyar k\u00f6z\u00f6ns\u00e9gnek, akik nem tal\u00e1lkoznak naponta az elektroakusztikus zene fogalm\u00e1val. A keleti koh\u00e9zi\u00f3s r\u00e9gi\u00f3ban megval\u00f3sul\u00f3 bemutat\u00f3 hozz\u00e1j\u00e1rul a kultur\u00e1lis programk\u00edn\u00e1lat \u00e9s az egyedi zenei eszt\u00e9tika b\u0151v\u00edt\u00e9s\u00e9hez, valamint \u00f6szt\u00f6nzi a decentraliz\u00e1lt kultur\u00e1lis-m\u0171v\u00e9szeti tev\u00e9kenys\u00e9gek fejl\u0151d\u00e9s\u00e9t, amelyek \u00f6sszekapcsolj\u00e1k az \u00e1llami int\u00e9zm\u00e9nyeket \u00e9s a civil szervezeteket. Az ilyen jelleg\u0171 egy\u00fcttm\u0171k\u00f6d\u00e9s l\u00e9nyeg\u00e9t az eszmecsere adja, \u00e9s olyan m\u0171v\u00e9szeket foglal mag\u00e1ban, akik akt\u00edvan vesznek r\u00e9szt a 21. sz\u00e1zadi kort\u00e1rs m\u0171v\u00e9szetben: Mauricio Vald\u00e9s San Emeterio, Ida Hir\u0161enfelder, Patrick K.-H., Tilen Lebar, Borut Savski, Bojana \u0160alji\u0107 Pode\u0161va, Daniel Teruggi \u00e9s Brane Zorman.<\/p>\n<p>A gondosan \u00f6ssze\u00e1ll\u00edtott fell\u00e9p\u0151g\u00e1rd\u00e1val az ELX Triptih esem\u00e9ny a helyi k\u00f6z\u00f6ss\u00e9g sz\u00e1m\u00e1ra korunkra reflekt\u00e1l\u00f3 gondolatokat, a kort\u00e1rs hangz\u00e1s eszt\u00e9tik\u00e1j\u00e1nak kritikai megk\u00f6zel\u00edt\u00e9s\u00e9t, valamint az elektroakusztikus zene kiemelked\u0151 alkot\u00f3inak bemutat\u00e1s\u00e1t k\u00edn\u00e1lja. A projekt egy\u00fattal hozz\u00e1j\u00e1rul a k\u00f6z\u00f6ns\u00e9g t\u00e1j\u00e9kozotts\u00e1g\u00e1nak n\u00f6vel\u00e9s\u00e9hez, a zenei k\u00edn\u00e1lat b\u0151v\u00edt\u00e9s\u00e9hez, valamint egy olyan egyed\u00fcl\u00e1ll\u00f3 kultur\u00e1lis \u00e9lm\u00e9nyhez, amely kulcsfontoss\u00e1g\u00fa a r\u00e9gi\u00f3 kultur\u00e1lis soksz\u00edn\u0171s\u00e9g\u00e9nek \u00e9s ismerts\u00e9g\u00e9nek hossz\u00fa t\u00e1v\u00fa fejl\u0151d\u00e9se szempontj\u00e1b\u00f3l.<\/p>\n<p><strong>Fell\u00e9pnek:<\/strong> <br \/>\nMauricio Vald\u00e9s San Emeterio<br \/>\nTilen Lebar<br \/>\nBrane Zorman<br \/>\nBojana \u0160alji\u0107 Pode\u0161va<br \/>\nIda Hir\u0161enfelder<br \/>\nBorut Savski<br \/>\nDaniel Teruggi<br \/>\nPatrick K.\u2012H.<\/p>\n","protected":false},"excerpt":{"rendered":"<p>2026. m\u00e1rcius 18. (szerda), 12.00 \u00f3r\u00e1t\u00f3l 20.15-ig | Lendvai Sz\u00ednh\u00e1z- \u00e9s Hangversenyterem interakt\u00edv hanginstall\u00e1ci\u00f3, koncertek A bel\u00e9p\u00e9s d\u00edjtalan. Az ingyenes jegyek 2026. m\u00e1rcius 11-t\u0151l vehet\u0151k \u00e1t a Lendvai Sz\u00ednh\u00e1z- \u00e9s Hangversenyterem p\u00e9nzt\u00e1r\u00e1n. A jegyek sz\u00e1ma korl\u00e1tozott! Szervez\u0151: Glasbena \u0161ola Lendava\/Zeneiskola Lendva K\u00f6zrem\u0171k\u00f6dnek: \u00a0ON Rizom Int\u00e9zet, CONA Int\u00e9zet, Floating Sound Gallery Vienna, KID PiNA, KKC Lendava [&hellip;]<\/p>\n","protected":false},"author":2,"featured_media":0,"parent":0,"menu_order":0,"comment_status":"closed","ping_status":"closed","template":"","meta":{"footnotes":""},"class_list":["post-26244","page","type-page","status-publish","hentry","post"],"_links":{"self":[{"href":"https:\/\/www1.kkl.si\/hu\/wp-json\/wp\/v2\/pages\/26244","targetHints":{"allow":["GET"]}}],"collection":[{"href":"https:\/\/www1.kkl.si\/hu\/wp-json\/wp\/v2\/pages"}],"about":[{"href":"https:\/\/www1.kkl.si\/hu\/wp-json\/wp\/v2\/types\/page"}],"author":[{"embeddable":true,"href":"https:\/\/www1.kkl.si\/hu\/wp-json\/wp\/v2\/users\/2"}],"replies":[{"embeddable":true,"href":"https:\/\/www1.kkl.si\/hu\/wp-json\/wp\/v2\/comments?post=26244"}],"version-history":[{"count":14,"href":"https:\/\/www1.kkl.si\/hu\/wp-json\/wp\/v2\/pages\/26244\/revisions"}],"predecessor-version":[{"id":26428,"href":"https:\/\/www1.kkl.si\/hu\/wp-json\/wp\/v2\/pages\/26244\/revisions\/26428"}],"wp:attachment":[{"href":"https:\/\/www1.kkl.si\/hu\/wp-json\/wp\/v2\/media?parent=26244"}],"curies":[{"name":"wp","href":"https:\/\/api.w.org\/{rel}","templated":true}]}}