{"id":26285,"date":"2026-03-03T09:44:52","date_gmt":"2026-03-03T08:44:52","guid":{"rendered":"https:\/\/www1.kkl.si\/?page_id=26285"},"modified":"2026-03-08T09:26:50","modified_gmt":"2026-03-08T08:26:50","slug":"nok-napja-lendvan-luka-basi-show","status":"publish","type":"page","link":"https:\/\/www1.kkl.si\/hu\/nok-napja-lendvan-luka-basi-show\/","title":{"rendered":"N\u0151k napja Lendv\u00e1n: Luka Basi show"},"content":{"rendered":"<div class=\"odpade\">A KONCERT ELHALASZTVA!<\/div>\n<div class=\"odpade2\"><strong><span style=\"font-size: 18pt;\"><img loading=\"lazy\" decoding=\"async\" class=\"alignright wp-image-1489 size-thumbnail\" src=\"https:\/\/www1.kkl.si\/wp-content\/uploads\/2020\/03\/obvestilo_200px-150x150.png\" alt=\"\" width=\"150\" height=\"150\" srcset=\"https:\/\/www1.kkl.si\/wp-content\/uploads\/2020\/03\/obvestilo_200px-150x150.png 150w, https:\/\/www1.kkl.si\/wp-content\/uploads\/2020\/03\/obvestilo_200px.png 200w\" sizes=\"auto, (max-width: 150px) 100vw, 150px\" \/><\/span><\/strong><\/p>\n<p><strong>Luka Basi koncertje<\/strong> ma, 2026. m\u00e1rcius 6-\u00e1n 20 \u00f3rakor elmarad.<\/p>\n<p>\u00daj id\u0151pont: <strong>2026. m\u00e1rcius 14. szombat, 20 \u00f3rakor<\/strong>.\u00a0 Aki m\u00e1rcius 14-\u00e9n nem tud r\u00e9szt venni a koncerten, m\u00e1rcius 12-ig visszav\u00e1lthatja jegy\u00e9t az Eventimn\u00e9l.<\/p>\n<p><em>Meg\u00e9rt\u00e9s\u00fcket k\u00f6sz\u00f6nj\u00fck!<\/em><\/p>\n<\/div>\n<div class=\"opis\"><img loading=\"lazy\" decoding=\"async\" class=\"wp-image-1592 alignright\" title=\"Fizet\u0151s rendezv\u00e9ny\" src=\"https:\/\/www1.kkl.si\/wp-content\/uploads\/\/2020\/07\/spored_simb_placljiva-1.svg\" alt=\"placljiva\" width=\"30\" height=\"30\" srcset=\"https:\/\/www1.kkl.si\/wp-content\/uploads\/\/2020\/07\/spored_simb_placljiva-1.svg 150w, https:\/\/www1.kkl.si\/wp-content\/uploads\/\/2020\/07\/spored_simb_placljiva-1.svg 400w, https:\/\/www1.kkl.si\/wp-content\/uploads\/\/2020\/07\/spored_simb_placljiva-1.svg 1500w, https:\/\/www1.kkl.si\/wp-content\/uploads\/\/2020\/07\/spored_simb_placljiva-1.svg 100w\" sizes=\"auto, (max-width: 30px) 100vw, 30px\" \/><i class=\"fas fa-clock\"><\/i> <strong>2026. m\u00e1rcius 6. p\u00e9ntek, 20.00<\/strong> | Lendvai Sz\u00ednh\u00e1z- \u00e9s Hangversenyterem<br \/>\n<i class=\"fas fa-chevron-circle-right\"><\/i> <strong>koncert<\/strong><br \/>\n<i class=\"fas fa-ticket-alt\"><\/i> Jegyek az <a href=\"https:\/\/www.eventim.si\/artist\/luka-basi\/luka-basi-show-4072640\/\">Eventim.si<\/a> oldalon v\u00e1s\u00e1rolhat\u00f3k.<br \/>\nSzervez\u0151: <a href=\"https:\/\/lukabasi.com\/\">Luka Basi Priker\u017enik s.p.<\/a><\/div>\n<p><img loading=\"lazy\" decoding=\"async\" class=\"alignnone size-full wp-image-26133\" src=\"https:\/\/www1.kkl.si\/wp-content\/uploads\/2026\/02\/Luka-Basi_Lendava-2026.jpg\" alt=\"\" width=\"1080\" height=\"1080\" srcset=\"https:\/\/www1.kkl.si\/wp-content\/uploads\/2026\/02\/Luka-Basi_Lendava-2026.jpg 1080w, https:\/\/www1.kkl.si\/wp-content\/uploads\/2026\/02\/Luka-Basi_Lendava-2026-150x150.jpg 150w, https:\/\/www1.kkl.si\/wp-content\/uploads\/2026\/02\/Luka-Basi_Lendava-2026-400x400.jpg 400w\" sizes=\"auto, (max-width: 1080px) 100vw, 1080px\" \/><\/p>\n<p><em>Szlov\u00e9n le\u00edr\u00e1s:<\/em><\/p>\n<p><strong>Luka Basi<\/strong>, rojen 8. oktobra 1993 v Slovenj Gradcu kot Matej Priker\u017enik, je slovenski pevec, ki je svojo glasbeno pot za\u010del leta 2015.<\/p>\n<p>Prepoznavnost je pridobil s sodelovanjem v oddaji Slovenija ima talent in s pesmijo &#8222;Nisam ja od ju\u010der&#8221;, ki jo je posnel z Joletom. \u200b Njegov glasbeni slog zdru\u017euje pop in dalmatinski melos, kar je razvidno iz uspe\u0161nic, kot so &#8222;Meta&#8221;, &#8222;Taxi&#8221; in &#8222;Sedam no\u0107i&#8221;.<\/p>\n<p>Leta 2023 je izdal svojo prvo pesem v sloven\u0161\u010dini z naslovom &#8222;Skrito v raju&#8221;, s \u010dimer je raz\u0161iril svoj repertoar tudi na doma\u010de ob\u010dinstvo. \u200b<\/p>\n<p>Luka Basi ostaja aktiven na glasbeni sceni, nastopa po Sloveniji in Hrva\u0161ki ter navdu\u0161uje ob\u010dinstvo s svojo energijo in \u010dustvenimi nastopi.<\/p>\n<p><iframe loading=\"lazy\" title=\"LUKA BASI - AN\u0110EO I VRAG (Skriveno u raju) - OFFICIAL VIDEO\" width=\"720\" height=\"405\" src=\"https:\/\/www.youtube.com\/embed\/BKtLI5S0mRY?feature=oembed\" frameborder=\"0\" allow=\"accelerometer; autoplay; clipboard-write; encrypted-media; gyroscope; picture-in-picture; web-share\" referrerpolicy=\"strict-origin-when-cross-origin\" allowfullscreen><\/iframe><\/p>\n<p><iframe loading=\"lazy\" title=\"LUKA BASI - 300 (Official video)\" width=\"720\" height=\"405\" src=\"https:\/\/www.youtube.com\/embed\/4lCc9xqxwp4?feature=oembed\" frameborder=\"0\" allow=\"accelerometer; autoplay; clipboard-write; encrypted-media; gyroscope; picture-in-picture; web-share\" referrerpolicy=\"strict-origin-when-cross-origin\" allowfullscreen><\/iframe><\/p>\n<p><iframe loading=\"lazy\" title=\"LUKA BASI - SKRITO V RAJU (Official Video)\" width=\"720\" height=\"405\" src=\"https:\/\/www.youtube.com\/embed\/DQMhJn3ZfcM?feature=oembed\" frameborder=\"0\" allow=\"accelerometer; autoplay; clipboard-write; encrypted-media; gyroscope; picture-in-picture; web-share\" referrerpolicy=\"strict-origin-when-cross-origin\" allowfullscreen><\/iframe><\/p>\n<p>Povezave\/kapcsolatok:<\/p>\n<p><i class=\"fas fa-link\"><\/i> <a href=\"https:\/\/lukabasi.com\/\">Uradna spletna stran (Luka Basi.com)<\/a><br \/>\n<i class=\"fab fa-facebook\"><\/i> <a href=\"https:\/\/www.facebook.com\/lukabasi\/\">Facebook: Luka Basi<\/a><br \/>\n<i class=\"fab fa-youtube\"><\/i> <a href=\"https:\/\/www.youtube.com\/channel\/UCjub_TezPnL1_i69HOi1GyQ\">YouTube: Luka Basi<\/a><br \/>\n<i class=\"fab fa-instagram\"><\/i> <a href=\"https:\/\/www.instagram.com\/lukabasi\/\">Instagram: Luka Basi<\/a><\/p>\n","protected":false},"excerpt":{"rendered":"<p>A KONCERT ELHALASZTVA! Luka Basi koncertje ma, 2026. m\u00e1rcius 6-\u00e1n 20 \u00f3rakor elmarad. \u00daj id\u0151pont: 2026. m\u00e1rcius 14. szombat, 20 \u00f3rakor.\u00a0 Aki m\u00e1rcius 14-\u00e9n nem tud r\u00e9szt venni a koncerten, m\u00e1rcius 12-ig visszav\u00e1lthatja jegy\u00e9t az Eventimn\u00e9l. Meg\u00e9rt\u00e9s\u00fcket k\u00f6sz\u00f6nj\u00fck! 2026. m\u00e1rcius 6. p\u00e9ntek, 20.00 | Lendvai Sz\u00ednh\u00e1z- \u00e9s Hangversenyterem koncert Jegyek az Eventim.si oldalon v\u00e1s\u00e1rolhat\u00f3k. Szervez\u0151: [&hellip;]<\/p>\n","protected":false},"author":2,"featured_media":0,"parent":0,"menu_order":0,"comment_status":"closed","ping_status":"closed","template":"","meta":{"footnotes":""},"class_list":["post-26285","page","type-page","status-publish","hentry","post"],"_links":{"self":[{"href":"https:\/\/www1.kkl.si\/hu\/wp-json\/wp\/v2\/pages\/26285","targetHints":{"allow":["GET"]}}],"collection":[{"href":"https:\/\/www1.kkl.si\/hu\/wp-json\/wp\/v2\/pages"}],"about":[{"href":"https:\/\/www1.kkl.si\/hu\/wp-json\/wp\/v2\/types\/page"}],"author":[{"embeddable":true,"href":"https:\/\/www1.kkl.si\/hu\/wp-json\/wp\/v2\/users\/2"}],"replies":[{"embeddable":true,"href":"https:\/\/www1.kkl.si\/hu\/wp-json\/wp\/v2\/comments?post=26285"}],"version-history":[{"count":8,"href":"https:\/\/www1.kkl.si\/hu\/wp-json\/wp\/v2\/pages\/26285\/revisions"}],"predecessor-version":[{"id":26346,"href":"https:\/\/www1.kkl.si\/hu\/wp-json\/wp\/v2\/pages\/26285\/revisions\/26346"}],"wp:attachment":[{"href":"https:\/\/www1.kkl.si\/hu\/wp-json\/wp\/v2\/media?parent=26285"}],"curies":[{"name":"wp","href":"https:\/\/api.w.org\/{rel}","templated":true}]}}