{"id":26360,"date":"2026-03-08T09:46:20","date_gmt":"2026-03-08T08:46:20","guid":{"rendered":"https:\/\/www1.kkl.si\/?page_id=26360"},"modified":"2026-03-08T09:46:20","modified_gmt":"2026-03-08T08:46:20","slug":"banfalvy-studio-abigel","status":"publish","type":"page","link":"https:\/\/www1.kkl.si\/hu\/banfalvy-studio-abigel\/","title":{"rendered":"B\u00e1nfalvy St\u00fadi\u00f3: Abig\u00e9l"},"content":{"rendered":"<div class=\"opis\"><i class=\"fas fa-clock\"><\/i> <strong>2026. m\u00e1rcius 23. (h\u00e9tf\u0151), 19.00<\/strong> | Lendvai Sz\u00ednh\u00e1z- \u00e9s Hangversenyterem<img loading=\"lazy\" decoding=\"async\" class=\"wp-image-1592 alignright\" title=\"Fizet\u0151s rendezv\u00e9ny\" src=\"https:\/\/www1.kkl.si\/wp-content\/uploads\/\/2020\/07\/spored_simb_placljiva-1.svg\" alt=\"placljiva\" width=\"30\" height=\"30\" srcset=\"https:\/\/www1.kkl.si\/wp-content\/uploads\/\/2020\/07\/spored_simb_placljiva-1.svg 150w, https:\/\/www1.kkl.si\/wp-content\/uploads\/\/2020\/07\/spored_simb_placljiva-1.svg 400w, https:\/\/www1.kkl.si\/wp-content\/uploads\/\/2020\/07\/spored_simb_placljiva-1.svg 1500w, https:\/\/www1.kkl.si\/wp-content\/uploads\/\/2020\/07\/spored_simb_placljiva-1.svg 100w\" sizes=\"auto, (max-width: 30px) 100vw, 30px\" \/><img loading=\"lazy\" decoding=\"async\" class=\"wp-image-1584 alignright\" title=\"Magyar b\u00e9rlet\" src=\"https:\/\/www1.kkl.si\/wp-content\/uploads\/\/2020\/07\/spored_simb_abonma_hu-1.svg\" alt=\"abonma_hu\" width=\"30\" height=\"30\" srcset=\"https:\/\/www1.kkl.si\/wp-content\/uploads\/\/2020\/07\/spored_simb_abonma_hu-1.svg 150w, https:\/\/www1.kkl.si\/wp-content\/uploads\/\/2020\/07\/spored_simb_abonma_hu-1.svg 400w, https:\/\/www1.kkl.si\/wp-content\/uploads\/\/2020\/07\/spored_simb_abonma_hu-1.svg 1500w, https:\/\/www1.kkl.si\/wp-content\/uploads\/\/2020\/07\/spored_simb_abonma_hu-1.svg 100w\" sizes=\"auto, (max-width: 30px) 100vw, 30px\" \/><br \/>\n<i class=\"fas fa-chevron-circle-right\"><\/i> <strong>dr\u00e1ma<\/strong><br \/>\n<i class=\"fas fa-ticket-alt\"><\/i> Bel\u00e9p\u0151: <strong>25 \u20ac<\/strong>, di\u00e1koknak \u00e9s nyugd\u00edjasoknak <strong>20 \u20ac<\/strong>.<br \/>\nJegyek Lendv\u00e1n a sz\u00ednh\u00e1zban m\u00e1rcius 16-\u00e1t\u00f3l (h\u00e9tf\u0151t\u0151l) kaphat\u00f3k. P\u00e9nzt\u00e1r: <i class=\"fas fa-phone-alt\"><\/i> +386 (0)2 577 60 24.<br \/>\nSzervez\u0151: <a href=\"https:\/\/www.mnmi-zkmn.si\/\">MNMI Lendva \u2013 ZKMN Lendava<\/a><\/div>\n<p>B\u00e1nfalvy St\u00fadi\u00f3 | Szab\u00f3 Magda:<br \/>\n<span style=\"font-size: 24pt;\"><strong>Abig\u00e9l<\/strong><\/span><br \/>\n<em>dr\u00e1ma<\/em><\/p>\n<p><a href=\"https:\/\/www1.kkl.si\/wp-content\/uploads\/2026\/03\/abigel-banner-slider.jpg\" data-lbwps-width=\"1920\" data-lbwps-height=\"500\" data-lbwps-srcsmall=\"https:\/\/www1.kkl.si\/wp-content\/uploads\/2026\/03\/abigel-banner-slider-400x104.jpg\"><img loading=\"lazy\" decoding=\"async\" class=\"alignnone size-large wp-image-26347\" src=\"https:\/\/www1.kkl.si\/wp-content\/uploads\/2026\/03\/abigel-banner-slider-1500x391.jpg\" alt=\"\" width=\"1500\" height=\"391\" srcset=\"https:\/\/www1.kkl.si\/wp-content\/uploads\/2026\/03\/abigel-banner-slider-1500x391.jpg 1500w, https:\/\/www1.kkl.si\/wp-content\/uploads\/2026\/03\/abigel-banner-slider-400x104.jpg 400w, https:\/\/www1.kkl.si\/wp-content\/uploads\/2026\/03\/abigel-banner-slider.jpg 1920w\" sizes=\"auto, (max-width: 1500px) 100vw, 1500px\" \/><\/a><\/p>\n<p><strong>T\u00f6rt\u00e9net<\/strong><\/p>\n<p>Szab\u00f3 Magda Abig\u00e9l c\u00edm\u0171 m\u0171ve megjelen\u00e9se \u00f3ta kiapadhatatlanul az \u00e9rdekl\u0151d\u00e9s k\u00f6z\u00e9ppontj\u00e1ban \u00e1ll, legyen sz\u00f3 a sokadik kiad\u00e1s\u00e1t meg\u00e9l\u0151 reg\u00e9nyr\u0151l, az abb\u00f3l k\u00e9sz\u00fclt-, \u00e9vr\u0151l-\u00e9vre ism\u00e9t levet\u00edtett tv-filmsorozatr\u00f3l, vagy ak\u00e1r a m\u0171 musical v\u00e1ltozat\u00e1r\u00f3l. Az \u00edr\u00f3n\u0151 \u00f6r\u00f6kz\u00f6ld t\u00f6rt\u00e9nete m\u00e1ra m\u00e1r kultur\u00e1lis identit\u00e1sunk r\u00e9sz\u00e9t k\u00e9pez\u0151 alkot\u00e1s, amely minden gener\u00e1ci\u00f3 sz\u00e1m\u00e1ra a mai napig meghat\u00e1roz\u00f3 \u00e9rv\u00e9ny\u0171 jelent\u0151s\u00e9ggel b\u00edr.<\/p>\n<p>Sz\u00ednpadra alkalmazta: Barn\u00f3czky \u00c1kos \u00e9s B\u00e1nfalvy \u00c1gi<br \/>\nProducer: B\u00e1nfalvy \u00c1gnes<br \/>\nRendez\u0151: Horv\u00e1th Csaba<br \/>\nT\u00e1rsrendez\u0151: Barn\u00f3czky \u00c1kos<br \/>\nZeneszerz\u0151: Oliver W. Horvath<br \/>\nKoreogr\u00e1fus: Vati Luca <br \/>\nD\u00edszlettervez\u0151: Harmati Istv\u00e1n<br \/>\nJelmeztervez\u0151: Gy\u0151ri Gabriella<br \/>\nGrafikai tervez\u0151: Frank Rizzo<br \/>\nFilmbej\u00e1tsz\u00e1sok: Mester \u00c1kos<br \/>\nRendez\u0151 asszisztens: Hajdu Levente<\/p>\n<p><iframe loading=\"lazy\" title=\"B\u00e1nfalvy St\u00fadi\u00f3 - Abige\u0301l Promo 3.0\" width=\"720\" height=\"405\" src=\"https:\/\/www.youtube.com\/embed\/CpeTnAAwpy4?feature=oembed\" frameborder=\"0\" allow=\"accelerometer; autoplay; clipboard-write; encrypted-media; gyroscope; picture-in-picture; web-share\" referrerpolicy=\"strict-origin-when-cross-origin\" allowfullscreen><\/iframe><\/p>\n<p><strong><a href=\"https:\/\/www1.kkl.si\/wp-content\/uploads\/2026\/03\/plakat_B1_abigel_2026.jpg\" data-lbwps-width=\"2100\" data-lbwps-height=\"3000\" data-lbwps-srcsmall=\"https:\/\/www1.kkl.si\/wp-content\/uploads\/2026\/03\/plakat_B1_abigel_2026.jpg\"><img loading=\"lazy\" decoding=\"async\" class=\"alignright size-medium wp-image-26292\" src=\"https:\/\/www1.kkl.si\/wp-content\/uploads\/2026\/03\/plakat_B1_abigel_2026-scaled-280x400.jpg\" alt=\"\" width=\"280\" height=\"400\" \/><\/a>Szerepl\u0151k<\/strong><\/p>\n<p>Vitay Georgina &#8211; P\u00e1sztor Vir\u00e1g\/Bug\u00e1r Anna<br \/>\nVitay T\u00e1bornok &#8211; Sz\u0151ke Zolt\u00e1n<br \/>\nKuncz Feri &#8211; S\u00e1ndor P\u00e9ter\/T\u00f3th K\u00e1roly<br \/>\nK\u0151nig &#8211; Hujber Ferenc<br \/>\nZsuzsanna &#8211; Bug\u00e1r Anna, Kond\u00e1kor Zs\u00f3fi<br \/>\nHorn Mici &#8211; Varga Izabella, Kond\u00e1kor Zs\u00f3fi<br \/>\nTorma Gedeon &#8211; D\u00f3czy P\u00e9ter\/Harmath Imre<br \/>\nKalm\u00e1r &#8211; Gomb\u00e1s \u00c1d\u00e1m<br \/>\nTorma Piroska &#8211; K\u00f3r\u00f3di Dorina<br \/>\nKis Mari &#8211; Gy\u00f6rgy Orsolya<br \/>\nSzab\u00f3 &#8211; Garaj Bernadett<br \/>\nMurai &#8211; Stelczer T\u00edmea<br \/>\nB\u00e1nki &#8211; G\u00e1liczki Nikoletta<br \/>\nNacz\u00e1k &#8211; K\u00e9rek Laura<br \/>\nSch\u00f6n &#8211; Gerg\u00e1ly Vivien<br \/>\nSuba &#8211; Papp L\u00e1szl\u00f3, Barn\u00f3czky \u00c1kos<br \/>\nP\u00e9nzt\u00e1ros &#8211; Papp L\u00e1szl\u00f3<br \/>\nKatona I. &#8211; Steiner G\u00e1bor<br \/>\nKatona II. &#8211; Hajdu Levente<\/p>\n\n\t\t<style type=\"text\/css\">\n\t\t\t#gallery-1 {\n\t\t\t\tmargin: auto;\n\t\t\t}\n\t\t\t#gallery-1 .gallery-item {\n\t\t\t\tfloat: left;\n\t\t\t\tmargin-top: 10px;\n\t\t\t\ttext-align: center;\n\t\t\t\twidth: 16%;\n\t\t\t}\n\t\t\t#gallery-1 img {\n\t\t\t\tborder: 2px solid #cfcfcf;\n\t\t\t}\n\t\t\t#gallery-1 .gallery-caption {\n\t\t\t\tmargin-left: 0;\n\t\t\t}\n\t\t\t\/* see gallery_shortcode() in wp-includes\/media.php *\/\n\t\t<\/style>\n\t\t<div id='gallery-1' class='gallery galleryid-26360 gallery-columns-6 gallery-size-thumbnail'><dl class='gallery-item'>\n\t\t\t<dt class='gallery-icon landscape'>\n\t\t\t\t<a href='https:\/\/www1.kkl.si\/wp-content\/uploads\/2026\/03\/abigel1.jpg'><img loading=\"lazy\" decoding=\"async\" width=\"150\" height=\"150\" src=\"https:\/\/www1.kkl.si\/wp-content\/uploads\/2026\/03\/abigel1-150x150.jpg\" class=\"attachment-thumbnail size-thumbnail\" alt=\"\" \/><\/a>\n\t\t\t<\/dt><\/dl><dl class='gallery-item'>\n\t\t\t<dt class='gallery-icon landscape'>\n\t\t\t\t<a href='https:\/\/www1.kkl.si\/wp-content\/uploads\/2026\/03\/abigel2.jpg'><img loading=\"lazy\" decoding=\"async\" width=\"150\" height=\"150\" src=\"https:\/\/www1.kkl.si\/wp-content\/uploads\/2026\/03\/abigel2-150x150.jpg\" class=\"attachment-thumbnail size-thumbnail\" alt=\"\" \/><\/a>\n\t\t\t<\/dt><\/dl><dl class='gallery-item'>\n\t\t\t<dt class='gallery-icon landscape'>\n\t\t\t\t<a href='https:\/\/www1.kkl.si\/wp-content\/uploads\/2026\/03\/abigel3.jpg'><img loading=\"lazy\" decoding=\"async\" width=\"150\" height=\"150\" src=\"https:\/\/www1.kkl.si\/wp-content\/uploads\/2026\/03\/abigel3-150x150.jpg\" class=\"attachment-thumbnail size-thumbnail\" alt=\"\" \/><\/a>\n\t\t\t<\/dt><\/dl><dl class='gallery-item'>\n\t\t\t<dt class='gallery-icon landscape'>\n\t\t\t\t<a href='https:\/\/www1.kkl.si\/wp-content\/uploads\/2026\/03\/abigel4.jpg'><img loading=\"lazy\" decoding=\"async\" width=\"150\" height=\"150\" src=\"https:\/\/www1.kkl.si\/wp-content\/uploads\/2026\/03\/abigel4-150x150.jpg\" class=\"attachment-thumbnail size-thumbnail\" alt=\"\" \/><\/a>\n\t\t\t<\/dt><\/dl><dl class='gallery-item'>\n\t\t\t<dt class='gallery-icon landscape'>\n\t\t\t\t<a href='https:\/\/www1.kkl.si\/wp-content\/uploads\/2026\/03\/abigel5.jpg'><img loading=\"lazy\" decoding=\"async\" width=\"150\" height=\"150\" src=\"https:\/\/www1.kkl.si\/wp-content\/uploads\/2026\/03\/abigel5-150x150.jpg\" class=\"attachment-thumbnail size-thumbnail\" alt=\"\" \/><\/a>\n\t\t\t<\/dt><\/dl><dl class='gallery-item'>\n\t\t\t<dt class='gallery-icon landscape'>\n\t\t\t\t<a href='https:\/\/www1.kkl.si\/wp-content\/uploads\/2026\/03\/abigel6.jpg'><img loading=\"lazy\" decoding=\"async\" width=\"150\" height=\"150\" src=\"https:\/\/www1.kkl.si\/wp-content\/uploads\/2026\/03\/abigel6-150x150.jpg\" class=\"attachment-thumbnail size-thumbnail\" alt=\"\" \/><\/a>\n\t\t\t<\/dt><\/dl><br style=\"clear: both\" \/><dl class='gallery-item'>\n\t\t\t<dt class='gallery-icon landscape'>\n\t\t\t\t<a href='https:\/\/www1.kkl.si\/wp-content\/uploads\/2026\/03\/abigel7.jpg'><img loading=\"lazy\" decoding=\"async\" width=\"150\" height=\"150\" src=\"https:\/\/www1.kkl.si\/wp-content\/uploads\/2026\/03\/abigel7-150x150.jpg\" class=\"attachment-thumbnail size-thumbnail\" alt=\"\" \/><\/a>\n\t\t\t<\/dt><\/dl><dl class='gallery-item'>\n\t\t\t<dt class='gallery-icon landscape'>\n\t\t\t\t<a href='https:\/\/www1.kkl.si\/wp-content\/uploads\/2026\/03\/abigel8.jpg'><img loading=\"lazy\" decoding=\"async\" width=\"150\" height=\"150\" src=\"https:\/\/www1.kkl.si\/wp-content\/uploads\/2026\/03\/abigel8-150x150.jpg\" class=\"attachment-thumbnail size-thumbnail\" alt=\"\" \/><\/a>\n\t\t\t<\/dt><\/dl><dl class='gallery-item'>\n\t\t\t<dt class='gallery-icon portrait'>\n\t\t\t\t<a href='https:\/\/www1.kkl.si\/wp-content\/uploads\/2026\/03\/abigel9.jpg'><img loading=\"lazy\" decoding=\"async\" width=\"150\" height=\"150\" src=\"https:\/\/www1.kkl.si\/wp-content\/uploads\/2026\/03\/abigel9-150x150.jpg\" class=\"attachment-thumbnail size-thumbnail\" alt=\"\" \/><\/a>\n\t\t\t<\/dt><\/dl>\n\t\t\t<br style='clear: both' \/>\n\t\t<\/div>\n\n<p><i class=\"fas fa-link\"><\/i> <a href=\"https:\/\/banfalvy.com\/eloadasok\/abigel-2024\/\">B\u00e1nfalvy St\u00fadi\u00f3<\/a><\/p>\n<hr \/>\n<p>MNMI Magyar sz\u00ednh\u00e1zi b\u00e9rlet Lendv\u00e1n 2025\/26<\/p>\n<p><a href=\"https:\/\/www1.kkl.si\/hu\/magyar-szinhazi-berlet-2025-26\/\"><img loading=\"lazy\" decoding=\"async\" class=\"alignnone wp-image-23335 size-large\" src=\"https:\/\/www1.kkl.si\/wp-content\/uploads\/2025\/08\/2025_08_30_HU_berlet-1500x400.png\" sizes=\"auto, (max-width: 1500px) 100vw, 1500px\" srcset=\"https:\/\/www1.kkl.si\/wp-content\/uploads\/2025\/08\/2025_08_30_HU_berlet.png 1500w, https:\/\/www1.kkl.si\/wp-content\/uploads\/2025\/08\/2025_08_30_HU_berlet-400x107.png 400w\" alt=\"\" width=\"1500\" height=\"400\" \/><\/a><\/p>\n","protected":false},"excerpt":{"rendered":"<p>2026. m\u00e1rcius 23. (h\u00e9tf\u0151), 19.00 | Lendvai Sz\u00ednh\u00e1z- \u00e9s Hangversenyterem dr\u00e1ma Bel\u00e9p\u0151: 25 \u20ac, di\u00e1koknak \u00e9s nyugd\u00edjasoknak 20 \u20ac. Jegyek Lendv\u00e1n a sz\u00ednh\u00e1zban m\u00e1rcius 16-\u00e1t\u00f3l (h\u00e9tf\u0151t\u0151l) kaphat\u00f3k. P\u00e9nzt\u00e1r: +386 (0)2 577 60 24. Szervez\u0151: MNMI Lendva \u2013 ZKMN Lendava B\u00e1nfalvy St\u00fadi\u00f3 | Szab\u00f3 Magda: Abig\u00e9l dr\u00e1ma T\u00f6rt\u00e9net Szab\u00f3 Magda Abig\u00e9l c\u00edm\u0171 m\u0171ve megjelen\u00e9se \u00f3ta kiapadhatatlanul [&hellip;]<\/p>\n","protected":false},"author":2,"featured_media":0,"parent":0,"menu_order":0,"comment_status":"closed","ping_status":"closed","template":"","meta":{"footnotes":""},"class_list":["post-26360","page","type-page","status-publish","hentry","post"],"_links":{"self":[{"href":"https:\/\/www1.kkl.si\/hu\/wp-json\/wp\/v2\/pages\/26360","targetHints":{"allow":["GET"]}}],"collection":[{"href":"https:\/\/www1.kkl.si\/hu\/wp-json\/wp\/v2\/pages"}],"about":[{"href":"https:\/\/www1.kkl.si\/hu\/wp-json\/wp\/v2\/types\/page"}],"author":[{"embeddable":true,"href":"https:\/\/www1.kkl.si\/hu\/wp-json\/wp\/v2\/users\/2"}],"replies":[{"embeddable":true,"href":"https:\/\/www1.kkl.si\/hu\/wp-json\/wp\/v2\/comments?post=26360"}],"version-history":[{"count":1,"href":"https:\/\/www1.kkl.si\/hu\/wp-json\/wp\/v2\/pages\/26360\/revisions"}],"predecessor-version":[{"id":26361,"href":"https:\/\/www1.kkl.si\/hu\/wp-json\/wp\/v2\/pages\/26360\/revisions\/26361"}],"wp:attachment":[{"href":"https:\/\/www1.kkl.si\/hu\/wp-json\/wp\/v2\/media?parent=26360"}],"curies":[{"name":"wp","href":"https:\/\/api.w.org\/{rel}","templated":true}]}}