{"id":26802,"date":"2026-04-22T21:18:52","date_gmt":"2026-04-22T19:18:52","guid":{"rendered":"https:\/\/www1.kkl.si\/?page_id=26802"},"modified":"2026-05-12T10:12:27","modified_gmt":"2026-05-12T08:12:27","slug":"musor-2026-05","status":"publish","type":"page","link":"https:\/\/www1.kkl.si\/hu\/musor-2026-05\/","title":{"rendered":"M\u0170SOR: 2026. m\u00e1jus"},"content":{"rendered":"<p><strong>2026.<\/strong> <a href=\"https:\/\/www1.kkl.si\/hu\/musor-2026-01\/\">janu\u00e1r<\/a> | <a href=\"https:\/\/www1.kkl.si\/hu\/musor-2026-02\/\">febru\u00e1r<\/a> | <a href=\"https:\/\/www1.kkl.si\/hu\/musor-2026-03\/\">m\u00e1rcius<\/a> | <a href=\"https:\/\/www1.kkl.si\/hu\/musor-2026-04\/\">\u00e1prilis<\/a> | <a href=\"https:\/\/www1.kkl.si\/hu\/musor-2026-05\/\">m\u00e1jus<\/a> | <a href=\"https:\/\/www1.kkl.si\/hu\/musor-2026-06\/\">j\u00fanius<\/a> | j\u00falius | augusztus | szeptember | okt\u00f3ber | november | december | <a href=\"https:\/\/www1.kkl.si\/hu\/a-musor-archivuma\/\">ARCH\u00cdVUM<\/a><\/p>\n<div style=\"overflow-x: auto;\">\n<table id=\"spored-legenda\" cellspacing=\"0\" cellpadding=\"5\">\n<tbody>\n<tr>\n<td><strong>JELMAGYAR\u00c1ZAT<br \/>\n<\/strong><\/td>\n<td style=\"vertical-align: middle;\"><img loading=\"lazy\" decoding=\"async\" class=\"alignnone wp-image-1586\" title=\"Szlov\u00e9n b\u00e9rlet\" src=\"https:\/\/www1.kkl.si\/wp-content\/uploads\/\/2020\/07\/spored_simb_abonma_si-1.svg\" alt=\"abonma_si\" width=\"30\" height=\"30\" \/><\/td>\n<td>Szlov\u00e9n<br \/>\nb\u00e9rlet<\/td>\n<td style=\"vertical-align: middle;\"><img loading=\"lazy\" decoding=\"async\" class=\"alignnone wp-image-1584\" title=\"Magyar b\u00e9rlet\" src=\"https:\/\/www1.kkl.si\/wp-content\/uploads\/\/2020\/07\/spored_simb_abonma_hu-1.svg\" alt=\"abonma_hu\" width=\"30\" height=\"30\" srcset=\"https:\/\/www1.kkl.si\/wp-content\/uploads\/\/2020\/07\/spored_simb_abonma_hu-1.svg 150w, https:\/\/www1.kkl.si\/wp-content\/uploads\/\/2020\/07\/spored_simb_abonma_hu-1.svg 400w, https:\/\/www1.kkl.si\/wp-content\/uploads\/\/2020\/07\/spored_simb_abonma_hu-1.svg 1500w, https:\/\/www1.kkl.si\/wp-content\/uploads\/\/2020\/07\/spored_simb_abonma_hu-1.svg 100w\" sizes=\"auto, (max-width: 30px) 100vw, 30px\" \/><\/td>\n<td>Magyar<br \/>\nb\u00e9rlet<\/td>\n<td style=\"vertical-align: middle;\"><img loading=\"lazy\" decoding=\"async\" class=\"alignnone wp-image-1594\" title=\"Z\u00e1rtk\u00f6r\u0171 rendezv\u00e9ny\" src=\"https:\/\/www1.kkl.si\/wp-content\/uploads\/\/2020\/07\/spored_simb_zakljucena-1.svg\" alt=\"zakljucena\" width=\"30\" height=\"30\" srcset=\"https:\/\/www1.kkl.si\/wp-content\/uploads\/\/2020\/07\/spored_simb_zakljucena-1.svg 150w, https:\/\/www1.kkl.si\/wp-content\/uploads\/\/2020\/07\/spored_simb_zakljucena-1.svg 400w, https:\/\/www1.kkl.si\/wp-content\/uploads\/\/2020\/07\/spored_simb_zakljucena-1.svg 1500w, https:\/\/www1.kkl.si\/wp-content\/uploads\/\/2020\/07\/spored_simb_zakljucena-1.svg 100w\" sizes=\"auto, (max-width: 30px) 100vw, 30px\" \/><\/td>\n<td>Z\u00e1rtk\u00f6r\u0171<br \/>\nrendezv\u00e9ny<\/td>\n<td style=\"vertical-align: middle;\"><img loading=\"lazy\" decoding=\"async\" class=\"alignnone wp-image-1588\" title=\"Ingyenes rendezv\u00e9ny\" src=\"https:\/\/www1.kkl.si\/wp-content\/uploads\/\/2020\/07\/spored_simb_brezplacna-1.svg\" alt=\"brezplacna\" width=\"30\" height=\"30\" srcset=\"https:\/\/www1.kkl.si\/wp-content\/uploads\/\/2020\/07\/spored_simb_brezplacna-1.svg 150w, https:\/\/www1.kkl.si\/wp-content\/uploads\/\/2020\/07\/spored_simb_brezplacna-1.svg 400w, https:\/\/www1.kkl.si\/wp-content\/uploads\/\/2020\/07\/spored_simb_brezplacna-1.svg 1500w, https:\/\/www1.kkl.si\/wp-content\/uploads\/\/2020\/07\/spored_simb_brezplacna-1.svg 100w\" sizes=\"auto, (max-width: 30px) 100vw, 30px\" \/><\/td>\n<td>Ingyenes<br \/>\nrendezv\u00e9ny<\/td>\n<td style=\"vertical-align: middle;\"><img loading=\"lazy\" decoding=\"async\" class=\"wp-image-1592 alignnone\" title=\"Fizet\u0151s rendezv\u00e9ny\" src=\"https:\/\/www1.kkl.si\/wp-content\/uploads\/\/2020\/07\/spored_simb_placljiva-1.svg\" alt=\"placljiva\" width=\"30\" height=\"30\" srcset=\"https:\/\/www1.kkl.si\/wp-content\/uploads\/\/2020\/07\/spored_simb_placljiva-1.svg 150w, https:\/\/www1.kkl.si\/wp-content\/uploads\/\/2020\/07\/spored_simb_placljiva-1.svg 400w, https:\/\/www1.kkl.si\/wp-content\/uploads\/\/2020\/07\/spored_simb_placljiva-1.svg 1500w, https:\/\/www1.kkl.si\/wp-content\/uploads\/\/2020\/07\/spored_simb_placljiva-1.svg 100w\" sizes=\"auto, (max-width: 30px) 100vw, 30px\" \/><\/td>\n<td>Fizet\u0151s<br \/>\nrendezv\u00e9ny<\/td>\n<td style=\"vertical-align: middle;\"><img loading=\"lazy\" decoding=\"async\" class=\"alignnone wp-image-1590\" title=\"\u00dajdons\u00e1g, v\u00e1ltoz\u00e1s\" src=\"https:\/\/www1.kkl.si\/wp-content\/uploads\/\/2020\/07\/spored_simb_novost-1.svg\" alt=\"novost\" width=\"30\" height=\"30\" srcset=\"https:\/\/www1.kkl.si\/wp-content\/uploads\/\/2020\/07\/spored_simb_novost-1.svg 150w, https:\/\/www1.kkl.si\/wp-content\/uploads\/\/2020\/07\/spored_simb_novost-1.svg 400w, https:\/\/www1.kkl.si\/wp-content\/uploads\/\/2020\/07\/spored_simb_novost-1.svg 1500w, https:\/\/www1.kkl.si\/wp-content\/uploads\/\/2020\/07\/spored_simb_novost-1.svg 100w\" sizes=\"auto, (max-width: 30px) 100vw, 30px\" \/><\/td>\n<td>\u00dajdons\u00e1g,<br \/>\nv\u00e1ltoz\u00e1s<\/td>\n<\/tr>\n<\/tbody>\n<\/table>\n<\/div>\n<table id=\"sporedtabela\" style=\"width: 100%;\">\n<tbody>\n<tr>\n<td style=\"width: 14.9351%;\">\n<p style=\"text-align: center;\"><strong><span style=\"font-size: 24pt;\">7.<\/span><br \/>\n<\/strong><\/p>\n<p style=\"text-align: center;\">cs\u00fct\u00f6rt\u00f6k<\/p>\n<p><img loading=\"lazy\" decoding=\"async\" class=\"alignnone wp-image-1588 aligncenter\" title=\"Ingyenes rendezv\u00e9ny\" src=\"https:\/\/www1.kkl.si\/wp-content\/uploads\/\/2020\/07\/spored_simb_brezplacna-1.svg\" alt=\"brezplacna\" width=\"30\" height=\"30\" srcset=\"https:\/\/www1.kkl.si\/wp-content\/uploads\/\/2020\/07\/spored_simb_brezplacna-1.svg 150w, https:\/\/www1.kkl.si\/wp-content\/uploads\/\/2020\/07\/spored_simb_brezplacna-1.svg 400w, https:\/\/www1.kkl.si\/wp-content\/uploads\/\/2020\/07\/spored_simb_brezplacna-1.svg 1500w, https:\/\/www1.kkl.si\/wp-content\/uploads\/\/2020\/07\/spored_simb_brezplacna-1.svg 100w\" sizes=\"auto, (max-width: 30px) 100vw, 30px\" \/><\/p>\n<\/td>\n<td style=\"width: 84.5455%;\">\n<p><a href=\"https:\/\/www1.kkl.si\/wp-content\/uploads\/2026\/04\/plakat_B2_balet_trnuljcica_2026_DVOJ.jpg\" data-lbwps-width=\"2857\" data-lbwps-height=\"4000\" data-lbwps-srcsmall=\"https:\/\/www1.kkl.si\/wp-content\/uploads\/2026\/04\/plakat_B2_balet_trnuljcica_2026_DVOJ.jpg\"><img loading=\"lazy\" decoding=\"async\" class=\"alignright size-thumbnail wp-image-26783\" src=\"https:\/\/www1.kkl.si\/wp-content\/uploads\/2026\/04\/plakat_B2_balet_trnuljcica_2026_DVOJ-scaled-e1776889558898-150x150.jpg\" alt=\"\" width=\"150\" height=\"150\" \/><\/a><i class=\"fas fa-clock\"><\/i> <strong>16.30<\/strong> | Lendvai Sz\u00ednh\u00e1z- \u00e9s Hangversenyterem<br \/>\n<strong>balett el\u0151ad\u00e1s<\/strong><\/p>\n<p><strong><a href=\"https:\/\/www1.kkl.si\/hu\/csipkerozsika-a-zeneiskola-lendva-balett-tagozatanak-balett-eloadasa\/\"><span style=\"font-size: 24pt;\">Csipker\u00f3zsika<\/span><\/a><br \/>\n<\/strong><strong>a Zeneiskola Lendva balett-tagozat\u00e1nak balett el\u0151ad\u00e1sa<\/strong><\/p>\n<p><i class=\"fas fa-info-circle\"><\/i> Az ingyenes bel\u00e9p\u0151jegyek a Lendvai Sz\u00ednh\u00e1z- \u00e9s Hangversenyterem p\u00e9nzt\u00e1r\u00e1ban vehet\u0151k \u00e1t, <i class=\"fas fa-phone-alt\"><\/i> 02 577 60 24.<\/p>\n<p>Az el\u0151ad\u00e1sokon \u00f6nk\u00e9ntes adom\u00e1nyok gy\u0171jt\u00e9s\u00e9re ker\u00fcl sor a Zeneiskola Lendva Iskolai T\u00e1mogat\u00e1si Alapja r\u00e9sz\u00e9re.<\/p>\n<p><span style=\"font-size: 10pt;\">Szervez\u0151: <a href=\"http:\/\/www.gs-lendava.si\/\">Glasbena \u0161ola Lendava\/Zeneiskola Lendva<\/a><\/span><\/p>\n<\/td>\n<\/tr>\n<tr>\n<td style=\"width: 14.9351%;\">\n<p style=\"text-align: center;\"><strong><span style=\"font-size: 24pt;\">7.<\/span><br \/>\n<\/strong><\/p>\n<p style=\"text-align: center;\">cs\u00fct\u00f6rt\u00f6k<\/p>\n<p><img loading=\"lazy\" decoding=\"async\" class=\"alignnone wp-image-1588 aligncenter\" title=\"Ingyenes rendezv\u00e9ny\" src=\"https:\/\/www1.kkl.si\/wp-content\/uploads\/\/2020\/07\/spored_simb_brezplacna-1.svg\" alt=\"brezplacna\" width=\"30\" height=\"30\" srcset=\"https:\/\/www1.kkl.si\/wp-content\/uploads\/\/2020\/07\/spored_simb_brezplacna-1.svg 150w, https:\/\/www1.kkl.si\/wp-content\/uploads\/\/2020\/07\/spored_simb_brezplacna-1.svg 400w, https:\/\/www1.kkl.si\/wp-content\/uploads\/\/2020\/07\/spored_simb_brezplacna-1.svg 1500w, https:\/\/www1.kkl.si\/wp-content\/uploads\/\/2020\/07\/spored_simb_brezplacna-1.svg 100w\" sizes=\"auto, (max-width: 30px) 100vw, 30px\" \/><\/p>\n<\/td>\n<td style=\"width: 84.5455%;\">\n<p><a href=\"https:\/\/www1.kkl.si\/wp-content\/uploads\/2026\/04\/plakat_B2_balet_trnuljcica_2026_DVOJ.jpg\" data-lbwps-width=\"2857\" data-lbwps-height=\"4000\" data-lbwps-srcsmall=\"https:\/\/www1.kkl.si\/wp-content\/uploads\/2026\/04\/plakat_B2_balet_trnuljcica_2026_DVOJ.jpg\"><img loading=\"lazy\" decoding=\"async\" class=\"alignright size-thumbnail wp-image-26783\" src=\"https:\/\/www1.kkl.si\/wp-content\/uploads\/2026\/04\/plakat_B2_balet_trnuljcica_2026_DVOJ-scaled-e1776889558898-150x150.jpg\" alt=\"\" width=\"150\" height=\"150\" \/><\/a><i class=\"fas fa-clock\"><\/i> <strong>18.00<\/strong> | Lendvai Sz\u00ednh\u00e1z- \u00e9s Hangversenyterem<br \/>\n<strong>balett el\u0151ad\u00e1s<\/strong><\/p>\n<p><strong><a href=\"https:\/\/www1.kkl.si\/hu\/csipkerozsika-a-zeneiskola-lendva-balett-tagozatanak-balett-eloadasa\/\"><span style=\"font-size: 24pt;\">Csipker\u00f3zsika<\/span><\/a><br \/>\n<\/strong><strong>a Zeneiskola Lendva balett-tagozat\u00e1nak balett el\u0151ad\u00e1sa<\/strong><\/p>\n<p><i class=\"fas fa-info-circle\"><\/i> Az ingyenes bel\u00e9p\u0151jegyek a Lendvai Sz\u00ednh\u00e1z- \u00e9s Hangversenyterem p\u00e9nzt\u00e1r\u00e1ban vehet\u0151k \u00e1t, <i class=\"fas fa-phone-alt\"><\/i> 02 577 60 24.<\/p>\n<p>Az el\u0151ad\u00e1sokon \u00f6nk\u00e9ntes adom\u00e1nyok gy\u0171jt\u00e9s\u00e9re ker\u00fcl sor a Zeneiskola Lendva Iskolai T\u00e1mogat\u00e1si Alapja r\u00e9sz\u00e9re.<\/p>\n<p><span style=\"font-size: 10pt;\">Szervez\u0151: <a href=\"http:\/\/www.gs-lendava.si\/\">Glasbena \u0161ola Lendava\/Zeneiskola Lendva<\/a><\/span><\/p>\n<\/td>\n<\/tr>\n<tr>\n<td style=\"width: 14.9351%; text-align: center;\">\n<p><strong><span style=\"font-size: 24pt;\">15.<\/span><\/strong><\/p>\n<p>p\u00e9ntek<\/p>\n<p><img loading=\"lazy\" decoding=\"async\" class=\"alignnone wp-image-1588\" title=\"Ingyenes rendezv\u00e9ny\" src=\"https:\/\/www1.kkl.si\/wp-content\/uploads\/\/2020\/07\/spored_simb_brezplacna-1.svg\" alt=\"brezplacna\" width=\"30\" height=\"30\" srcset=\"https:\/\/www1.kkl.si\/wp-content\/uploads\/\/2020\/07\/spored_simb_brezplacna-1.svg 150w, https:\/\/www1.kkl.si\/wp-content\/uploads\/\/2020\/07\/spored_simb_brezplacna-1.svg 400w, https:\/\/www1.kkl.si\/wp-content\/uploads\/\/2020\/07\/spored_simb_brezplacna-1.svg 1500w, https:\/\/www1.kkl.si\/wp-content\/uploads\/\/2020\/07\/spored_simb_brezplacna-1.svg 100w\" sizes=\"auto, (max-width: 30px) 100vw, 30px\" \/><\/p>\n<\/td>\n<td style=\"width: 84.5455%;\">\n<p><a href=\"https:\/\/www1.kkl.si\/wp-content\/uploads\/2026\/05\/tancolva_oroklodik.jpg\" data-lbwps-width=\"565\" data-lbwps-height=\"800\" data-lbwps-srcsmall=\"https:\/\/www1.kkl.si\/wp-content\/uploads\/2026\/05\/tancolva_oroklodik-283x400.jpg\" data-lbwps-caption=\"T\u00c1NCOLVA \u00d6R\u00d6KL\u0150DIK Bekecs produkci\u00f3 &amp;#8211; K\u00e9tnyelv\u0171\"><img loading=\"lazy\" decoding=\"async\" class=\"alignright wp-image-26868 size-thumbnail\" src=\"https:\/\/www1.kkl.si\/wp-content\/uploads\/2026\/05\/tancolva_oroklodik-e1777970075305-150x150.jpg\" alt=\"\" width=\"150\" height=\"150\" \/><\/a><i class=\"fas fa-clock\"><\/i> <strong>20.00<\/strong> | Lendvai Sz\u00ednh\u00e1z- \u00e9s Hangversenyterem<br \/>\n<strong>folkl\u00f3rel\u0151ad\u00e1s, n\u00e9pt\u00e1nc<\/strong><\/p>\n<p>A Bekecs T\u00e1ncsz\u00ednh\u00e1z t\u00e1nckara bemutatja:<\/p>\n<p><a href=\"https:\/\/www1.kkl.si\/hu\/tancolva-oroklodik\/\"><strong><span style=\"font-size: 24pt;\">T\u00e1ncolva \u00f6r\u00f6kl\u0151dik<\/span><\/strong><\/a><\/p>\n<p>Rendez\u0151-koreogr\u00e1fus: Farkas Tam\u00e1s<\/p>\n<p><span style=\"font-size: 10pt;\">Szervez\u0151: <a href=\"https:\/\/www.mnmi-zkmn.si\/\">MNMI Lendva \u2013 ZKMN Lendava<\/a><\/span><\/p>\n<\/td>\n<\/tr>\n<tr>\n<td style=\"width: 14.9351%;\">\n<p style=\"text-align: center;\"><span style=\"font-size: 24pt;\"><strong>16.<\/strong><\/span><\/p>\n<p style=\"text-align: center;\">szombat<\/p>\n<p><img loading=\"lazy\" decoding=\"async\" class=\"alignnone wp-image-1588 aligncenter\" title=\"Ingyenes rendezv\u00e9ny\" src=\"https:\/\/www1.kkl.si\/wp-content\/uploads\/\/2020\/07\/spored_simb_brezplacna-1.svg\" alt=\"brezplacna\" width=\"30\" height=\"30\" srcset=\"https:\/\/www1.kkl.si\/wp-content\/uploads\/\/2020\/07\/spored_simb_brezplacna-1.svg 150w, https:\/\/www1.kkl.si\/wp-content\/uploads\/\/2020\/07\/spored_simb_brezplacna-1.svg 400w, https:\/\/www1.kkl.si\/wp-content\/uploads\/\/2020\/07\/spored_simb_brezplacna-1.svg 1500w, https:\/\/www1.kkl.si\/wp-content\/uploads\/\/2020\/07\/spored_simb_brezplacna-1.svg 100w\" sizes=\"auto, (max-width: 30px) 100vw, 30px\" \/><\/p>\n<\/td>\n<td style=\"width: 84.5455%;\">\n<p><strong><a href=\"https:\/\/www1.kkl.si\/wp-content\/uploads\/2026\/05\/filctulok_Borocz_plakat_web.jpg\" data-lbwps-width=\"1254\" data-lbwps-height=\"1254\" data-lbwps-srcsmall=\"https:\/\/www1.kkl.si\/wp-content\/uploads\/2026\/05\/filctulok_Borocz_plakat_web-400x400.jpg\"><img loading=\"lazy\" decoding=\"async\" class=\"alignright size-thumbnail wp-image-26950\" src=\"https:\/\/www1.kkl.si\/wp-content\/uploads\/2026\/05\/filctulok_Borocz_plakat_web-150x150.jpg\" alt=\"\" width=\"150\" height=\"150\" srcset=\"https:\/\/www1.kkl.si\/wp-content\/uploads\/2026\/05\/filctulok_Borocz_plakat_web-150x150.jpg 150w, https:\/\/www1.kkl.si\/wp-content\/uploads\/2026\/05\/filctulok_Borocz_plakat_web-400x400.jpg 400w, https:\/\/www1.kkl.si\/wp-content\/uploads\/2026\/05\/filctulok_Borocz_plakat_web.jpg 1254w\" sizes=\"auto, (max-width: 150px) 100vw, 150px\" \/><\/a><\/strong><i class=\"fas fa-clock\"><\/i> <strong>18.00<\/strong> | Lendvai Sz\u00ednh\u00e1z- \u00e9s Hangversenyterem<br \/>\n<strong>ki\u00e1ll\u00edt\u00e1s: k\u00e9pek, hangok, szagok<\/strong><\/p>\n<p><span style=\"font-size: 18pt;\">B\u00f6r\u00f6cz N\u00e1ndor Ne\u00e1nder<\/span><\/p>\n<p><a href=\"https:\/\/www1.kkl.si\/hu\/kiallitas-akriltulok-es-filcboleny-hamis-oskori-mesek\/\"><span style=\"font-size: 24pt;\"><strong>Akriltulok \u00e9s Filcb\u00f6l\u00e9ny<\/strong><\/span>\u00a0\u2013 hamis \u0151skori mes\u00e9k<\/a><\/p>\n<p><strong>Stone Age &amp; Pr\u00e9historique (K\u0151kor \u00e9s \u0151skor)<\/strong> \u2013 paleolit illateml\u00e9keink<\/p>\n<p><span style=\"font-size: 10pt;\">Szervez\u0151: B\u00f6r\u00f6cz N\u00e1ndor, k\u00f6zrem\u0171k\u00f6dik a <\/span><a href=\"https:\/\/www.kkl.si\/\"><span style=\"font-size: 10pt;\">Knji\u017enica \u2013 Kulturni center Lendava \u2013 Lendvai K\u00f6nyvt\u00e1r \u00e9s Kultur\u00e1lis K\u00f6zpont<\/span><\/a><\/p>\n<\/td>\n<\/tr>\n<tr>\n<td style=\"width: 14.9351%;\">\n<p style=\"text-align: center;\"><span style=\"font-size: 24pt;\"><strong>19.<\/strong><\/span><\/p>\n<p style=\"text-align: center;\">kedd<\/p>\n<p style=\"text-align: center;\"><img loading=\"lazy\" decoding=\"async\" class=\"alignnone wp-image-1586\" title=\"Szlov\u00e9n b\u00e9rlet\" src=\"https:\/\/www1.kkl.si\/wp-content\/uploads\/\/2020\/07\/spored_simb_abonma_si-1.svg\" alt=\"abonma_si\" width=\"30\" height=\"30\" \/>\u00a0 \u00a0<img loading=\"lazy\" decoding=\"async\" class=\"wp-image-1592 alignnone\" title=\"Fizet\u0151s rendezv\u00e9ny\" src=\"https:\/\/www1.kkl.si\/wp-content\/uploads\/\/2020\/07\/spored_simb_placljiva-1.svg\" alt=\"placljiva\" width=\"30\" height=\"30\" srcset=\"https:\/\/www1.kkl.si\/wp-content\/uploads\/\/2020\/07\/spored_simb_placljiva-1.svg 150w, https:\/\/www1.kkl.si\/wp-content\/uploads\/\/2020\/07\/spored_simb_placljiva-1.svg 400w, https:\/\/www1.kkl.si\/wp-content\/uploads\/\/2020\/07\/spored_simb_placljiva-1.svg 1500w, https:\/\/www1.kkl.si\/wp-content\/uploads\/\/2020\/07\/spored_simb_placljiva-1.svg 100w\" sizes=\"auto, (max-width: 30px) 100vw, 30px\" \/><\/p>\n<\/td>\n<td style=\"width: 84.5455%;\">\n<p><a href=\"https:\/\/www1.kkl.si\/wp-content\/uploads\/2026\/04\/plakat_B1_SLOAB_64_2026_DVOJ.jpg\" data-lbwps-width=\"2450\" data-lbwps-height=\"3500\" data-lbwps-srcsmall=\"https:\/\/www1.kkl.si\/wp-content\/uploads\/2026\/04\/plakat_B1_SLOAB_64_2026_DVOJ.jpg\"><img loading=\"lazy\" decoding=\"async\" class=\"alignright size-thumbnail wp-image-26776\" src=\"https:\/\/www1.kkl.si\/wp-content\/uploads\/2026\/04\/plakat_B1_SLOAB_64_2026_DVOJ-scaled-150x150.jpg\" alt=\"\" width=\"150\" height=\"150\" \/><\/a><i class=\"fas fa-clock\"><\/i> <strong>19.00<\/strong> | Lendvai Sz\u00ednh\u00e1z- \u00e9s Hangversenyterem<br \/>\n<strong>dr\u00e1ma humoros elemekkel<\/strong><\/p>\n<p>SNG Nova Gorica | Tena \u0160tivi\u010di\u0107:<\/p>\n<p><a href=\"https:\/\/www1.kkl.si\/sl\/sng-nova-gorica-64\/\"><span style=\"font-size: 24pt;\"><strong>64<\/strong><\/span><\/a><\/p>\n<p><i class=\"fas fa-ticket-alt\"><\/i> Bel\u00e9p\u0151jegy \u00e1ra el\u0151v\u00e9telben: <strong>15 \u20ac<\/strong>. Az el\u0151ad\u00e1s napj\u00e1n: <strong>18 \u20ac.<\/strong><br \/>\nP\u00e9nzt\u00e1r: <i class=\"fas fa-phone-alt\"><\/i> +386 (0)2 577 60 24.<\/p>\n<p><span style=\"font-size: 10pt;\">Szervez\u0151: <a href=\"https:\/\/www.kkl.si\/\">Knji\u017enica \u2013 Kulturni center Lendava \u2013 Lendvai K\u00f6nyvt\u00e1r \u00e9s Kultur\u00e1lis K\u00f6zpont<\/a><\/span><\/p>\n<\/td>\n<\/tr>\n<tr>\n<td style=\"width: 14.9351%;\">\n<p style=\"text-align: center;\"><span style=\"font-size: 24pt;\"><strong>22.<\/strong><\/span><\/p>\n<p style=\"text-align: center;\">p\u00e9ntek<\/p>\n<p><img loading=\"lazy\" decoding=\"async\" class=\"alignnone wp-image-1588 aligncenter\" title=\"Ingyenes rendezv\u00e9ny\" src=\"https:\/\/www1.kkl.si\/wp-content\/uploads\/\/2020\/07\/spored_simb_brezplacna-1.svg\" alt=\"brezplacna\" width=\"30\" height=\"30\" srcset=\"https:\/\/www1.kkl.si\/wp-content\/uploads\/\/2020\/07\/spored_simb_brezplacna-1.svg 150w, https:\/\/www1.kkl.si\/wp-content\/uploads\/\/2020\/07\/spored_simb_brezplacna-1.svg 400w, https:\/\/www1.kkl.si\/wp-content\/uploads\/\/2020\/07\/spored_simb_brezplacna-1.svg 1500w, https:\/\/www1.kkl.si\/wp-content\/uploads\/\/2020\/07\/spored_simb_brezplacna-1.svg 100w\" sizes=\"auto, (max-width: 30px) 100vw, 30px\" \/><\/p>\n<\/td>\n<td style=\"width: 84.5455%;\">\n<p><i class=\"fas fa-clock\"><\/i> <strong>15.00<\/strong> | a lendvai Sz\u00ednh\u00e1z- \u00e9s Hangversenyterem ny\u00e1ri sz\u00ednpada<br \/>\n<strong>zen\u00e9s rendezv\u00e9ny<\/strong><\/p>\n<p><span style=\"font-size: 24pt;\"><strong>\u0160ANS 2026: a szlov\u00e9niai \u00e1ltal\u00e1nos iskolai zenekarok tal\u00e1lkoz\u00f3ja<\/strong><\/span><\/p>\n<p><span style=\"font-size: 10pt;\">Szervez\u0151: <a href=\"https:\/\/dos1lendava.splet.arnes.si\/\">DO\u0160 I Lendava\/<\/a><\/span><span style=\"font-size: 10pt;\"><a href=\"https:\/\/dos1lendava.splet.arnes.si\/\">1. Sz. Lendvai K\u00c1I <\/a><\/span><\/p>\n<\/td>\n<\/tr>\n<\/tbody>\n<\/table>\n<p style=\"text-align: center;\"><span style=\"font-size: 10pt;\">A szervez\u0151k fenntartj\u00e1k a m\u0171sorv\u00e1ltoz\u00e1s jog\u00e1t.<\/span><\/p>\n","protected":false},"excerpt":{"rendered":"<p>2026. janu\u00e1r | febru\u00e1r | m\u00e1rcius | \u00e1prilis | m\u00e1jus | j\u00fanius | j\u00falius | augusztus | szeptember | okt\u00f3ber | november | december | ARCH\u00cdVUM JELMAGYAR\u00c1ZAT Szlov\u00e9n b\u00e9rlet Magyar b\u00e9rlet Z\u00e1rtk\u00f6r\u0171 rendezv\u00e9ny Ingyenes rendezv\u00e9ny Fizet\u0151s rendezv\u00e9ny \u00dajdons\u00e1g, v\u00e1ltoz\u00e1s 7. cs\u00fct\u00f6rt\u00f6k 16.30 | Lendvai Sz\u00ednh\u00e1z- \u00e9s Hangversenyterem balett el\u0151ad\u00e1s Csipker\u00f3zsika a Zeneiskola Lendva balett-tagozat\u00e1nak balett [&hellip;]<\/p>\n","protected":false},"author":2,"featured_media":0,"parent":0,"menu_order":0,"comment_status":"closed","ping_status":"closed","template":"","meta":{"footnotes":""},"class_list":["post-26802","page","type-page","status-publish","hentry","post"],"_links":{"self":[{"href":"https:\/\/www1.kkl.si\/hu\/wp-json\/wp\/v2\/pages\/26802","targetHints":{"allow":["GET"]}}],"collection":[{"href":"https:\/\/www1.kkl.si\/hu\/wp-json\/wp\/v2\/pages"}],"about":[{"href":"https:\/\/www1.kkl.si\/hu\/wp-json\/wp\/v2\/types\/page"}],"author":[{"embeddable":true,"href":"https:\/\/www1.kkl.si\/hu\/wp-json\/wp\/v2\/users\/2"}],"replies":[{"embeddable":true,"href":"https:\/\/www1.kkl.si\/hu\/wp-json\/wp\/v2\/comments?post=26802"}],"version-history":[{"count":22,"href":"https:\/\/www1.kkl.si\/hu\/wp-json\/wp\/v2\/pages\/26802\/revisions"}],"predecessor-version":[{"id":26973,"href":"https:\/\/www1.kkl.si\/hu\/wp-json\/wp\/v2\/pages\/26802\/revisions\/26973"}],"wp:attachment":[{"href":"https:\/\/www1.kkl.si\/hu\/wp-json\/wp\/v2\/media?parent=26802"}],"curies":[{"name":"wp","href":"https:\/\/api.w.org\/{rel}","templated":true}]}}