{"id":3559,"date":"2021-07-27T15:11:34","date_gmt":"2021-07-27T13:11:34","guid":{"rendered":"https:\/\/www1.kkl.si\/?page_id=3559"},"modified":"2021-07-27T15:12:39","modified_gmt":"2021-07-27T13:12:39","slug":"ditka-es-feri-lainscek","status":"publish","type":"page","link":"https:\/\/www1.kkl.si\/hu\/ditka-es-feri-lainscek\/","title":{"rendered":"Ditka \u00e9s Feri Lain\u0161\u010dek"},"content":{"rendered":"<div><img loading=\"lazy\" decoding=\"async\" class=\"izrez alignnone wp-image-3393 size-full\" src=\"https:\/\/www1.kkl.si\/wp-content\/uploads\/2021\/07\/ditka_feri_glava.jpg\" alt=\"\" width=\"1200\" height=\"300\" srcset=\"https:\/\/www1.kkl.si\/wp-content\/uploads\/2021\/07\/ditka_feri_glava.jpg 1200w, https:\/\/www1.kkl.si\/wp-content\/uploads\/2021\/07\/ditka_feri_glava-400x100.jpg 400w\" sizes=\"auto, (max-width: 1200px) 100vw, 1200px\" \/><\/div>\n<div class=\"opis\"><strong><img loading=\"lazy\" decoding=\"async\" class=\"wp-image-1588 alignright\" title=\"Ingyenes rendezv\u00e9ny\" src=\"https:\/\/www1.kkl.si\/wp-content\/uploads\/\/2020\/07\/spored_simb_brezplacna-1.svg\" sizes=\"auto, (max-width: 40px) 100vw, 40px\" srcset=\"https:\/\/www1.kkl.si\/wp-content\/uploads\/\/2020\/07\/spored_simb_brezplacna-1.svg 150w, https:\/\/www1.kkl.si\/wp-content\/uploads\/\/2020\/07\/spored_simb_brezplacna-1.svg 400w, https:\/\/www1.kkl.si\/wp-content\/uploads\/\/2020\/07\/spored_simb_brezplacna-1.svg 1500w, https:\/\/www1.kkl.si\/wp-content\/uploads\/\/2020\/07\/spored_simb_brezplacna-1.svg 100w\" alt=\"brezplacna\" width=\"40\" height=\"40\" \/><i class=\"fas fa-calendar\"><\/i> 2021. 8. 1. vas\u00e1rnap | <span class=\"zanr\">koncert<\/span><br \/>\n<i class=\"fas fa-clock\"><\/i> 20.00<br \/>\n<\/strong><i class=\"fas fa-map-marker\"><\/i> Helysz\u00edn: Lendvai Sz\u00ednh\u00e1z- \u00e9s Hangversenyterem szabadt\u00e9ri sz\u00ednpada<br \/>\n<i class=\"fas fa-chevron-circle-right\"><\/i> Szervez\u0151: <a href=\"https:\/\/www.kkl.si\/\">Knji\u017enica \u2013 Kulturni center Lendava \u2013 Lendvai K\u00f6nyvt\u00e1r \u00e9s Kultur\u00e1lis K\u00f6zpont<\/a><\/div>\n<p><strong> <a href=\"https:\/\/www1.kkl.si\/wp-content\/uploads\/2021\/07\/plakat_B2_poleti_v_lendavo_filmi_2021_1500px.jpg\" data-lbwps-width=\"1222\" data-lbwps-height=\"1700\" data-lbwps-srcsmall=\"https:\/\/www1.kkl.si\/wp-content\/uploads\/2021\/07\/plakat_B2_poleti_v_lendavo_filmi_2021_1500px-288x400.jpg\"><img loading=\"lazy\" decoding=\"async\" class=\"slika alignright wp-image-3389\" src=\"https:\/\/www1.kkl.si\/wp-content\/uploads\/2021\/07\/plakat_B2_poleti_v_lendavo_filmi_2021_1500px-288x400.jpg\" alt=\"\" width=\"250\" height=\"348\" srcset=\"https:\/\/www1.kkl.si\/wp-content\/uploads\/2021\/07\/plakat_B2_poleti_v_lendavo_filmi_2021_1500px-288x400.jpg 288w, https:\/\/www1.kkl.si\/wp-content\/uploads\/2021\/07\/plakat_B2_poleti_v_lendavo_filmi_2021_1500px-1078x1500.jpg 1078w, https:\/\/www1.kkl.si\/wp-content\/uploads\/2021\/07\/plakat_B2_poleti_v_lendavo_filmi_2021_1500px.jpg 1222w\" sizes=\"auto, (max-width: 250px) 100vw, 250px\" \/><\/a><\/strong>A szlov\u00e9n Pre\u0161eren-d\u00edjazott \u00edr\u00f3 Feri Lain\u0161\u010dek \u00e9s Ditka \u00e9nekesn\u0151 k\u00f6z\u00f6s koncertje\/irodalmi estje<\/p>\n<p><strong>Szlov\u00e9n le\u00edr\u00e1s:<\/strong><\/p>\n<p><strong>DITKA IN FERI LAIN\u0160\u010cEK<br \/>\n<\/strong><\/p>\n<p>Glasbeno- literarni dogodek preplet najlep\u0161e uglasbene ljubezenske lirike leto\u0161njega Pre\u0161ernovega nagrajenca <strong>Ferija Lain\u0161\u010dka<\/strong> iz ust <strong>Ditke<\/strong> in ob spremljavi odli\u010dne glasbene zasedbe. Izbor pesmi iz<br \/>\nDitkinih treh albumov v kombinaciji z interpretacijo poezije avtorja samega.<\/p>\n<p>Med mogo\u010dnimi oboki ve\u010dnega in trdnega gradu bo ne\u017ena melodija zazvenela v srcih ljudi z du\u0161o in tistih, ki cenijo lepo besedo ter kvalitetno glasbo. Kantavtorica in skladateljica Ditka je v preteklem letu praznovala svojo 10. obletnico glasbenega delovanja.<\/p>\n<p>Kak\u0161no leto manj pa traja njeno sodelovanje s pisateljem in pesnikom Ferijem Lain\u0161\u010dkom. Prva uglasbitev Lain\u0161\u010dkove poezije je bila izpod prstov Ditkinega o\u010deta <strong>Gorazda<\/strong>&#8211; pesem <em>Ne bodi kot drugi<\/em>, ki je pri\u010dela novo uspe\u0161no zgodbo. Glasbenico in literata ni zdru\u017eila le ljubezen do poezije in glasbe temve\u010d podoben pogled na svet \u2013 preprost in iskren ter skupne vrednote katera izmed najpomembnej\u0161ih je ljubezen.<\/p>\n<p><strong><a href=\"https:\/\/www1.kkl.si\/wp-content\/uploads\/2021\/07\/ditka_feri.jpg\" data-lbwps-width=\"1200\" data-lbwps-height=\"800\" data-lbwps-srcsmall=\"https:\/\/www1.kkl.si\/wp-content\/uploads\/2021\/07\/ditka_feri-400x267.jpg\"><img loading=\"lazy\" decoding=\"async\" class=\"alignright wp-image-3400\" src=\"https:\/\/www1.kkl.si\/wp-content\/uploads\/2021\/07\/ditka_feri-400x267.jpg\" alt=\"\" width=\"250\" height=\"167\" srcset=\"https:\/\/www1.kkl.si\/wp-content\/uploads\/2021\/07\/ditka_feri-400x267.jpg 400w, https:\/\/www1.kkl.si\/wp-content\/uploads\/2021\/07\/ditka_feri.jpg 1200w\" sizes=\"auto, (max-width: 250px) 100vw, 250px\" \/><\/a><\/strong>Svobodno in z veliko dobre energije so v preteklih letih v sodelovanju nastali trije glasbeni albumi z uglasbeno poezijo Ferija Lain\u0161\u010dka. Avtorja glasbe sta Ditka in njen o\u010de Gorazd, ki je hkrati avtor vseh aran\u017emajev na albumih <em>Ne bodi kot drugi<\/em>, <em>Ne spreminjaj me<\/em> in <em>Ne bodi, kar nisi<\/em>. Ditka in Feri sta se skupaj s spremljevalno zasedbo med leti 2016 in 2020 predstavila po \u0161tevilnih kulturnih ustanovah ter drugih lokacijah po vsej Sloveniji in tudi \u010dez mejo. Ve\u010dina teh literarno-glasbenih koncertov, z visoko kulturno noto, ki so v na\u0161em prostoru prava redkost, je bila razprodanih.<\/p>\n<p>Na koncertu se bosta Ditki in Feriju pridru\u017eila \u0161e odli\u010dna glasbenika \u2013 <strong>Gorazd \u010cepin<\/strong> na klaviaturah in spremljevalnem vokalu ter <strong>Jan Lu\u017enik<\/strong> na bas kitari in spremljevalnem vokalu.<\/p>\n<p>Vabljeni, da si privo\u0161\u010dite ve\u010der za du\u0161o. Ne\u017ena glasba, ki opeva dvojino, bli\u017eino in veliko ob\u010dutkov lepega naj vas popelje v svet, kjer so sanje ve\u010dne.<\/p>\n<p><span style=\"font-size: 12px;\"><i class=\"fas fa-external-link-alt\" style=\"solid\"><\/i> vir besedila: <a href=\"http:\/\/dominikanskisamostan.si\/event-item\/ditka-in-feri-lainscek\/\">http:\/\/dominikanskisamostan.si\/event-item\/ditka-in-feri-lainscek\/<\/a><\/span><\/p>\n<p><iframe loading=\"lazy\" src=\"\/\/www.youtube.com\/embed\/Ilx1uVNnUpc\" width=\"1200\" height=\"673\" allowfullscreen=\"allowfullscreen\" data-mce-fragment=\"1\"><\/iframe><\/p>\n<p><iframe loading=\"lazy\" src=\"\/\/www.youtube.com\/embed\/btwZEE2y-d0\" width=\"1200\" height=\"673\" allowfullscreen=\"allowfullscreen\" data-mce-fragment=\"1\"><\/iframe><\/p>\n<p>&nbsp;<\/p>\n<hr \/>\n<p><i class=\"fas fa-link\" style=\"solid\"><\/i> <a href=\"https:\/\/www.ditkamusic.com\/\">https:\/\/www.ditkamusic.com\/<\/a><\/p>\n<hr \/>\n<p><img loading=\"lazy\" decoding=\"async\" class=\"alignnone wp-image-3493 size-full\" src=\"https:\/\/www1.kkl.si\/wp-content\/uploads\/2021\/07\/2021_07_27_poleti_v_lendavo_2021_2plakat.png\" alt=\"\" width=\"1500\" height=\"400\" srcset=\"https:\/\/www1.kkl.si\/wp-content\/uploads\/2021\/07\/2021_07_27_poleti_v_lendavo_2021_2plakat.png 1500w, https:\/\/www1.kkl.si\/wp-content\/uploads\/2021\/07\/2021_07_27_poleti_v_lendavo_2021_2plakat-400x107.png 400w\" sizes=\"auto, (max-width: 1500px) 100vw, 1500px\" \/><\/p>\n","protected":false},"excerpt":{"rendered":"<p>2021. 8. 1. vas\u00e1rnap | koncert 20.00 Helysz\u00edn: Lendvai Sz\u00ednh\u00e1z- \u00e9s Hangversenyterem szabadt\u00e9ri sz\u00ednpada Szervez\u0151: Knji\u017enica \u2013 Kulturni center Lendava \u2013 Lendvai K\u00f6nyvt\u00e1r \u00e9s Kultur\u00e1lis K\u00f6zpont A szlov\u00e9n Pre\u0161eren-d\u00edjazott \u00edr\u00f3 Feri Lain\u0161\u010dek \u00e9s Ditka \u00e9nekesn\u0151 k\u00f6z\u00f6s koncertje\/irodalmi estje Szlov\u00e9n le\u00edr\u00e1s: DITKA IN FERI LAIN\u0160\u010cEK Glasbeno- literarni dogodek preplet najlep\u0161e uglasbene ljubezenske lirike leto\u0161njega Pre\u0161ernovega nagrajenca [&hellip;]<\/p>\n","protected":false},"author":2,"featured_media":3400,"parent":0,"menu_order":0,"comment_status":"closed","ping_status":"closed","template":"","meta":{"footnotes":""},"class_list":["post-3559","page","type-page","status-publish","has-post-thumbnail","hentry","post","post-with-thumbnail","post-with-thumbnail-icon"],"_links":{"self":[{"href":"https:\/\/www1.kkl.si\/hu\/wp-json\/wp\/v2\/pages\/3559","targetHints":{"allow":["GET"]}}],"collection":[{"href":"https:\/\/www1.kkl.si\/hu\/wp-json\/wp\/v2\/pages"}],"about":[{"href":"https:\/\/www1.kkl.si\/hu\/wp-json\/wp\/v2\/types\/page"}],"author":[{"embeddable":true,"href":"https:\/\/www1.kkl.si\/hu\/wp-json\/wp\/v2\/users\/2"}],"replies":[{"embeddable":true,"href":"https:\/\/www1.kkl.si\/hu\/wp-json\/wp\/v2\/comments?post=3559"}],"version-history":[{"count":2,"href":"https:\/\/www1.kkl.si\/hu\/wp-json\/wp\/v2\/pages\/3559\/revisions"}],"predecessor-version":[{"id":3562,"href":"https:\/\/www1.kkl.si\/hu\/wp-json\/wp\/v2\/pages\/3559\/revisions\/3562"}],"wp:featuredmedia":[{"embeddable":true,"href":"https:\/\/www1.kkl.si\/hu\/wp-json\/wp\/v2\/media\/3400"}],"wp:attachment":[{"href":"https:\/\/www1.kkl.si\/hu\/wp-json\/wp\/v2\/media?parent=3559"}],"curies":[{"name":"wp","href":"https:\/\/api.w.org\/{rel}","templated":true}]}}