{"id":3569,"date":"2021-07-27T15:59:11","date_gmt":"2021-07-27T13:59:11","guid":{"rendered":"https:\/\/www1.kkl.si\/?page_id=3569"},"modified":"2021-07-27T16:06:12","modified_gmt":"2021-07-27T14:06:12","slug":"film-veselo-gostivanje-1984","status":"publish","type":"page","link":"https:\/\/www1.kkl.si\/hu\/film-veselo-gostivanje-1984\/","title":{"rendered":"FILM: Veselo gostivanje (1984)"},"content":{"rendered":"<div><img loading=\"lazy\" decoding=\"async\" class=\"izrez alignnone wp-image-3495 size-full\" src=\"https:\/\/www1.kkl.si\/wp-content\/uploads\/2021\/07\/veselo_gostuvanje_glava.jpg\" alt=\"\" width=\"1200\" height=\"300\" srcset=\"https:\/\/www1.kkl.si\/wp-content\/uploads\/2021\/07\/veselo_gostuvanje_glava.jpg 1200w, https:\/\/www1.kkl.si\/wp-content\/uploads\/2021\/07\/veselo_gostuvanje_glava-400x100.jpg 400w\" sizes=\"auto, (max-width: 1200px) 100vw, 1200px\" \/><\/div>\n<div class=\"opis\"><strong><img loading=\"lazy\" decoding=\"async\" class=\"wp-image-1588 alignright\" title=\"Ingyenes rendezv\u00e9ny\" src=\"https:\/\/www1.kkl.si\/wp-content\/uploads\/\/2020\/07\/spored_simb_brezplacna-1.svg\" sizes=\"auto, (max-width: 40px) 100vw, 40px\" srcset=\"https:\/\/www1.kkl.si\/wp-content\/uploads\/\/2020\/07\/spored_simb_brezplacna-1.svg 150w, https:\/\/www1.kkl.si\/wp-content\/uploads\/\/2020\/07\/spored_simb_brezplacna-1.svg 400w, https:\/\/www1.kkl.si\/wp-content\/uploads\/\/2020\/07\/spored_simb_brezplacna-1.svg 1500w, https:\/\/www1.kkl.si\/wp-content\/uploads\/\/2020\/07\/spored_simb_brezplacna-1.svg 100w\" alt=\"brezplacna\" width=\"40\" height=\"40\" \/><i class=\"fas fa-calendar\"><\/i> 2021. 8. 6. p\u00e9ntek | <span class=\"zanr\">film: romantikus dr\u00e1ma<\/span><br \/>\n<i class=\"fas fa-clock\"><\/i> 21.00<br \/>\n<\/strong><i class=\"fas fa-map-marker\"><\/i> Helysz\u00edn: Lendvai Sz\u00ednh\u00e1z- \u00e9s Hangversenyterem szabadt\u00e9ri sz\u00ednpada<br \/>\n<i class=\"fas fa-chevron-circle-right\"><\/i> Szervez\u0151: <a href=\"https:\/\/www.kkl.si\/\">Knji\u017enica \u2013 Kulturni center Lendava \u2013 Lendvai K\u00f6nyvt\u00e1r \u00e9s Kultur\u00e1lis K\u00f6zpont<\/a><\/div>\n<p><strong><a href=\"https:\/\/www1.kkl.si\/wp-content\/uploads\/2021\/07\/plakat_B2_poleti_v_lendavo_filmi_2021_1500px.jpg\" data-lbwps-width=\"1222\" data-lbwps-height=\"1700\" data-lbwps-srcsmall=\"https:\/\/www1.kkl.si\/wp-content\/uploads\/2021\/07\/plakat_B2_poleti_v_lendavo_filmi_2021_1500px-288x400.jpg\"><img loading=\"lazy\" decoding=\"async\" class=\"slika alignright wp-image-3388\" src=\"https:\/\/www1.kkl.si\/wp-content\/uploads\/2021\/07\/plakat_B2_poleti_v_lendavo_filmi_2021_1500px-288x400.jpg\" alt=\"\" width=\"250\" height=\"348\" srcset=\"https:\/\/www1.kkl.si\/wp-content\/uploads\/2021\/07\/plakat_B2_poleti_v_lendavo_filmi_2021_1500px-288x400.jpg 288w, https:\/\/www1.kkl.si\/wp-content\/uploads\/2021\/07\/plakat_B2_poleti_v_lendavo_filmi_2021_1500px-1078x1500.jpg 1078w, https:\/\/www1.kkl.si\/wp-content\/uploads\/2021\/07\/plakat_B2_poleti_v_lendavo_filmi_2021_1500px.jpg 1222w\" sizes=\"auto, (max-width: 250px) 100vw, 250px\" \/><\/a><\/strong>Muravid\u00e9ki filmek fesztiv\u00e1lja Lendv\u00e1n<\/p>\n<p><strong>Veselo gostivanje (1984)<\/strong><\/p>\n<div class=\"movie-hero__summary\">\n<blockquote>\n<p>Eg\u00e9szest\u00e9s j\u00e1t\u00e9kfilm<br \/>\nHossz: 98 perc<br \/>\n<span class=\"movie__year\">\u00c9v: 1984<br \/>\nOrsz\u00e1g: <\/span><span class=\"movie-production-country movie-production-country--main\">Jugoszl\u00e1via (Szlov\u00e9nia)<\/span><\/p>\n<\/blockquote>\n<\/div>\n<p><strong>Szlov\u00e9n le\u00edr\u00e1s:<\/strong><\/p>\n<p>Veselo gostivanje je slovenski romanti\u010dno dramski film iz leta 1984 v re\u017eiji Franceta \u0160tiglica po scenariju Branka \u0160\u00f6mena in \u0160tiglica, posnet po poglavju Veselo gostivanje v romanu Strici so mi povedali Mi\u0161ka Kranjca. Filmsko dogajanje je postavljeno v Ljubljano v dvajseta leta, kjer se mlad \u0161tudent teologije odlo\u010di pustiti \u0161tudij in posvetiti glasbi.<\/p>\n<p><strong>Re\u017eija:<\/strong> France \u0160tiglic<\/p>\n<p><strong>Igralci<\/strong><br \/>\nBert Sotlar kot Tompa<br \/>\nDanilo Benedi\u010di\u010d kot stric Stevek<br \/>\nPolde Bibi\u010d kot stric Marko<br \/>\nIgor Samobor kot Mi\u0161ko<br \/>\nDarja Mo\u0161kotevc kot Sarika<br \/>\nMilena Muhi\u010d kot Sarikina mati<br \/>\nBoris Cavazza kot plebanus Klekl<br \/>\nIvanka Me\u017ean kot Manka<br \/>\nZvezdana Mlakar kot Magda<br \/>\nLojze Rozman<br \/>\nLidija Kozlovi\u010d<\/p>\n<hr \/>\n<p><i class=\"fas fa-link\" style=\"solid\"><\/i> <a href=\"https:\/\/bsf.si\/sl\/film\/veselo-gostivanje\/\">Baza slovenskih filmov (BSF)<\/a> | <a href=\"https:\/\/sl.wikipedia.org\/wiki\/Veselo_gostivanje\">Wikipedia<\/a><\/p>\n<hr \/>\n<p>FOTOGRAFIJE\/F\u00c9NYK\u00c9PEK<\/p>\n\n\t\t<style type=\"text\/css\">\n\t\t\t#gallery-1 {\n\t\t\t\tmargin: auto;\n\t\t\t}\n\t\t\t#gallery-1 .gallery-item {\n\t\t\t\tfloat: left;\n\t\t\t\tmargin-top: 10px;\n\t\t\t\ttext-align: center;\n\t\t\t\twidth: 50%;\n\t\t\t}\n\t\t\t#gallery-1 img {\n\t\t\t\tborder: 2px solid #cfcfcf;\n\t\t\t}\n\t\t\t#gallery-1 .gallery-caption {\n\t\t\t\tmargin-left: 0;\n\t\t\t}\n\t\t\t\/* see gallery_shortcode() in wp-includes\/media.php *\/\n\t\t<\/style>\n\t\t<div id='gallery-1' class='gallery galleryid-3569 gallery-columns-2 gallery-size-medium'><dl class='gallery-item'>\n\t\t\t<dt class='gallery-icon landscape'>\n\t\t\t\t<a href='https:\/\/www1.kkl.si\/wp-content\/uploads\/2021\/07\/veselo_gostuvanje1.jpg'><img loading=\"lazy\" decoding=\"async\" width=\"400\" height=\"281\" src=\"https:\/\/www1.kkl.si\/wp-content\/uploads\/2021\/07\/veselo_gostuvanje1-400x281.jpg\" class=\"attachment-medium size-medium\" alt=\"\" srcset=\"https:\/\/www1.kkl.si\/wp-content\/uploads\/2021\/07\/veselo_gostuvanje1-400x281.jpg 400w, https:\/\/www1.kkl.si\/wp-content\/uploads\/2021\/07\/veselo_gostuvanje1-1500x1055.jpg 1500w, https:\/\/www1.kkl.si\/wp-content\/uploads\/2021\/07\/veselo_gostuvanje1.jpg 1535w\" sizes=\"auto, (max-width: 400px) 100vw, 400px\" \/><\/a>\n\t\t\t<\/dt><\/dl><dl class='gallery-item'>\n\t\t\t<dt class='gallery-icon landscape'>\n\t\t\t\t<a href='https:\/\/www1.kkl.si\/wp-content\/uploads\/2021\/07\/veselo_gostuvanje2.jpg'><img loading=\"lazy\" decoding=\"async\" width=\"400\" height=\"256\" src=\"https:\/\/www1.kkl.si\/wp-content\/uploads\/2021\/07\/veselo_gostuvanje2-400x256.jpg\" class=\"attachment-medium size-medium\" alt=\"\" srcset=\"https:\/\/www1.kkl.si\/wp-content\/uploads\/2021\/07\/veselo_gostuvanje2-400x256.jpg 400w, https:\/\/www1.kkl.si\/wp-content\/uploads\/2021\/07\/veselo_gostuvanje2-1500x960.jpg 1500w, https:\/\/www1.kkl.si\/wp-content\/uploads\/2021\/07\/veselo_gostuvanje2.jpg 1688w\" sizes=\"auto, (max-width: 400px) 100vw, 400px\" \/><\/a>\n\t\t\t<\/dt><\/dl><br style=\"clear: both\" \/>\n\t\t<\/div>\n\n<hr \/>\n<p><img loading=\"lazy\" decoding=\"async\" class=\"alignnone wp-image-3493 size-full\" src=\"https:\/\/www1.kkl.si\/wp-content\/uploads\/2021\/07\/2021_07_27_poleti_v_lendavo_2021_2plakat.png\" alt=\"\" width=\"1500\" height=\"400\" srcset=\"https:\/\/www1.kkl.si\/wp-content\/uploads\/2021\/07\/2021_07_27_poleti_v_lendavo_2021_2plakat.png 1500w, https:\/\/www1.kkl.si\/wp-content\/uploads\/2021\/07\/2021_07_27_poleti_v_lendavo_2021_2plakat-400x107.png 400w\" sizes=\"auto, (max-width: 1500px) 100vw, 1500px\" \/><\/p>\n","protected":false},"excerpt":{"rendered":"<p>2021. 8. 6. p\u00e9ntek | film: romantikus dr\u00e1ma 21.00 Helysz\u00edn: Lendvai Sz\u00ednh\u00e1z- \u00e9s Hangversenyterem szabadt\u00e9ri sz\u00ednpada Szervez\u0151: Knji\u017enica \u2013 Kulturni center Lendava \u2013 Lendvai K\u00f6nyvt\u00e1r \u00e9s Kultur\u00e1lis K\u00f6zpont Muravid\u00e9ki filmek fesztiv\u00e1lja Lendv\u00e1n Veselo gostivanje (1984) Eg\u00e9szest\u00e9s j\u00e1t\u00e9kfilm Hossz: 98 perc \u00c9v: 1984 Orsz\u00e1g: Jugoszl\u00e1via (Szlov\u00e9nia) Szlov\u00e9n le\u00edr\u00e1s: Veselo gostivanje je slovenski romanti\u010dno dramski film iz [&hellip;]<\/p>\n","protected":false},"author":2,"featured_media":3502,"parent":0,"menu_order":0,"comment_status":"closed","ping_status":"closed","template":"","meta":{"footnotes":""},"class_list":["post-3569","page","type-page","status-publish","has-post-thumbnail","hentry","post","post-with-thumbnail","post-with-thumbnail-icon"],"_links":{"self":[{"href":"https:\/\/www1.kkl.si\/hu\/wp-json\/wp\/v2\/pages\/3569","targetHints":{"allow":["GET"]}}],"collection":[{"href":"https:\/\/www1.kkl.si\/hu\/wp-json\/wp\/v2\/pages"}],"about":[{"href":"https:\/\/www1.kkl.si\/hu\/wp-json\/wp\/v2\/types\/page"}],"author":[{"embeddable":true,"href":"https:\/\/www1.kkl.si\/hu\/wp-json\/wp\/v2\/users\/2"}],"replies":[{"embeddable":true,"href":"https:\/\/www1.kkl.si\/hu\/wp-json\/wp\/v2\/comments?post=3569"}],"version-history":[{"count":5,"href":"https:\/\/www1.kkl.si\/hu\/wp-json\/wp\/v2\/pages\/3569\/revisions"}],"predecessor-version":[{"id":3578,"href":"https:\/\/www1.kkl.si\/hu\/wp-json\/wp\/v2\/pages\/3569\/revisions\/3578"}],"wp:featuredmedia":[{"embeddable":true,"href":"https:\/\/www1.kkl.si\/hu\/wp-json\/wp\/v2\/media\/3502"}],"wp:attachment":[{"href":"https:\/\/www1.kkl.si\/hu\/wp-json\/wp\/v2\/media?parent=3569"}],"curies":[{"name":"wp","href":"https:\/\/api.w.org\/{rel}","templated":true}]}}