{"id":3590,"date":"2021-07-27T16:17:53","date_gmt":"2021-07-27T14:17:53","guid":{"rendered":"https:\/\/www1.kkl.si\/?page_id=3590"},"modified":"2021-07-27T16:17:53","modified_gmt":"2021-07-27T14:17:53","slug":"miskino-gledalisce-carobna-vililandija","status":"publish","type":"page","link":"https:\/\/www1.kkl.si\/hu\/miskino-gledalisce-carobna-vililandija\/","title":{"rendered":"Mi\u0161kino gledali\u0161\u010de: \u010carobna Vililandija"},"content":{"rendered":"<div><img loading=\"lazy\" decoding=\"async\" class=\"izrez alignnone wp-image-3429 size-full\" src=\"https:\/\/www1.kkl.si\/wp-content\/uploads\/2021\/07\/carobna_vililandija_izrez.jpg\" alt=\"\" width=\"1200\" height=\"300\" srcset=\"https:\/\/www1.kkl.si\/wp-content\/uploads\/2021\/07\/carobna_vililandija_izrez.jpg 1200w, https:\/\/www1.kkl.si\/wp-content\/uploads\/2021\/07\/carobna_vililandija_izrez-400x100.jpg 400w\" sizes=\"auto, (max-width: 1200px) 100vw, 1200px\" \/><\/div>\n<div class=\"opis\"><strong><img loading=\"lazy\" decoding=\"async\" class=\"wp-image-1588 alignright\" title=\"Ingyenes rendezv\u00e9ny\" src=\"https:\/\/www1.kkl.si\/wp-content\/uploads\/\/2020\/07\/spored_simb_brezplacna-1.svg\" sizes=\"auto, (max-width: 40px) 100vw, 40px\" srcset=\"https:\/\/www1.kkl.si\/wp-content\/uploads\/\/2020\/07\/spored_simb_brezplacna-1.svg 150w, https:\/\/www1.kkl.si\/wp-content\/uploads\/\/2020\/07\/spored_simb_brezplacna-1.svg 400w, https:\/\/www1.kkl.si\/wp-content\/uploads\/\/2020\/07\/spored_simb_brezplacna-1.svg 1500w, https:\/\/www1.kkl.si\/wp-content\/uploads\/\/2020\/07\/spored_simb_brezplacna-1.svg 100w\" alt=\"brezplacna\" width=\"40\" height=\"40\" \/><i class=\"fas fa-calendar\"><\/i> 2021. 8. 12. cs\u00fct\u00f6rt\u00f6k | <span class=\"zanr\">gyermekel\u0151ad\u00e1s<\/span><br \/>\n<i class=\"fas fa-clock\"><\/i> 19.00<br \/>\n<\/strong><i class=\"fas fa-map-marker\"><\/i> Helysz\u00edn: Lendvai Sz\u00ednh\u00e1z- \u00e9s Hangversenyterem szabadt\u00e9ri sz\u00ednpada<br \/>\n<i class=\"fas fa-chevron-circle-right\"><\/i> Szervez\u0151: <a href=\"https:\/\/www.kkl.si\/\">Knji\u017enica \u2013 Kulturni center Lendava \u2013 Lendvai K\u00f6nyvt\u00e1r \u00e9s Kultur\u00e1lis K\u00f6zpont<\/a><\/div>\n<p><a href=\"https:\/\/www1.kkl.si\/wp-content\/uploads\/2021\/07\/plakat_B2_poleti_v_lendavo_2021_splet.jpg\" data-lbwps-width=\"1078\" data-lbwps-height=\"1500\" data-lbwps-srcsmall=\"https:\/\/www1.kkl.si\/wp-content\/uploads\/2021\/07\/plakat_B2_poleti_v_lendavo_2021_splet-287x400.jpg\"><img loading=\"lazy\" decoding=\"async\" class=\"alignright wp-image-3222\" src=\"https:\/\/www1.kkl.si\/wp-content\/uploads\/2021\/07\/plakat_B2_poleti_v_lendavo_2021_splet-287x400.jpg\" alt=\"\" width=\"250\" height=\"348\" srcset=\"https:\/\/www1.kkl.si\/wp-content\/uploads\/2021\/07\/plakat_B2_poleti_v_lendavo_2021_splet-287x400.jpg 287w, https:\/\/www1.kkl.si\/wp-content\/uploads\/2021\/07\/plakat_B2_poleti_v_lendavo_2021_splet.jpg 1078w\" sizes=\"auto, (max-width: 250px) 100vw, 250px\" \/><\/a><strong>Szlov\u00e9n le\u00edr\u00e1s:<\/strong><\/p>\n<p>O AVTORJIH<\/p>\n<p>Trajanje predstave: 35 min<br \/>\nIgralska zasedba: Mi\u0161a Geri\u010d \u0160pacapan, Ana Ra\u0161\u010dan in Luka Slavic<br \/>\nAvtorici besedila, re\u017eija: Mi\u0161a Geri\u010d \u0160pacapan, Ur\u0161ka Ra\u0161\u010dan<\/p>\n<p><strong>Predstava o pisanem svetu odra\u0161\u010danja kot ga vidijo otro\u0161ke o\u010di&#8230;<\/strong><\/p>\n<p>Pravlji\u010dna predstava nas popelje v \u010dude\u017eno de\u017eelo Vililandijo, kjer je vse mogo\u010de, tudi zrasti \u010dez no\u010d. A tako kot pri nas imajo tudi v Vililandiji pravila. In kdor ne uboga, mu zraste&#8230;<\/p>\n<p><a href=\"https:\/\/www1.kkl.si\/wp-content\/uploads\/2021\/07\/vili1.jpg\" data-lbwps-width=\"600\" data-lbwps-height=\"337\" data-lbwps-srcsmall=\"https:\/\/www1.kkl.si\/wp-content\/uploads\/2021\/07\/vili1-400x225.jpg\"><img loading=\"lazy\" decoding=\"async\" class=\"wp-image-3424 alignleft\" src=\"https:\/\/www1.kkl.si\/wp-content\/uploads\/2021\/07\/vili1-400x225.jpg\" alt=\"\" width=\"250\" height=\"140\" srcset=\"https:\/\/www1.kkl.si\/wp-content\/uploads\/2021\/07\/vili1-400x225.jpg 400w, https:\/\/www1.kkl.si\/wp-content\/uploads\/2021\/07\/vili1.jpg 600w\" sizes=\"auto, (max-width: 250px) 100vw, 250px\" \/><\/a>Zgodba o dveh Malinih, ki sta imela nenavadno \u017eeljo postati velika \u010dez no\u010d, vas bo nasmejala, hkrati pa spomnila, kako lepo je biti otrok. V de\u017eeli Vililandiji imajo namre\u010d \u010dude\u017eno napravo \u010cinku\u0161ampi, ki pri\u010dara prav vse in s katero lahko \u010darajo le Velini. A kljub temu, da je \u010dinkulinkanje za Maline prepovedano, se Malina odlo\u010dita, da se bosta za\u010dinkulinkala v Velina in \u010dez no\u010d zrasla.<\/p>\n<p>Ob nerodnih in hecnih pripetljajih s \u010cinku\u0161ampijem in strogim in velikim Gombo se boste zabavali in smejali tudi Velini. \u0160e dobro, da Malina lahko na pomo\u010d prikli\u010deta Veline iz ob\u010dinstva, ki dose\u017eejo velik rde\u010d bumblin in jima pomagajo od\u010dinkulinkati kar sta zakuhala.<\/p>\n<p><a href=\"https:\/\/www1.kkl.si\/wp-content\/uploads\/2021\/07\/vili2.jpg\" data-lbwps-width=\"600\" data-lbwps-height=\"338\" data-lbwps-srcsmall=\"https:\/\/www1.kkl.si\/wp-content\/uploads\/2021\/07\/vili2-400x225.jpg\"><img loading=\"lazy\" decoding=\"async\" class=\"alignright wp-image-3430\" src=\"https:\/\/www1.kkl.si\/wp-content\/uploads\/2021\/07\/vili2-400x225.jpg\" alt=\"\" width=\"250\" height=\"141\" srcset=\"https:\/\/www1.kkl.si\/wp-content\/uploads\/2021\/07\/vili2-400x225.jpg 400w, https:\/\/www1.kkl.si\/wp-content\/uploads\/2021\/07\/vili2.jpg 600w\" sizes=\"auto, (max-width: 250px) 100vw, 250px\" \/><\/a>Malina skozi napeto in sme\u0161no dogajanje spoznata, da bosta raj\u0161i ostala majhna in bosta velika neko\u010d, ko bosta velika. \u00bbNeko\u010d bova Velina, a do takrat bova Malina\u00ab, sta s pomo\u010djo prijateljev, skozi smeh in zabavne prigode spoznala Malina in se igrala naprej&#8230;<\/p>\n<p><em>Namenjena otrokom od dveh let naprej.<\/em><\/p>\n<hr \/>\n<p><i class=\"fas fa-link\" style=\"solid\"><\/i> <a href=\"https:\/\/www.miskinogledalisce.com\/\">https:\/\/www.miskinogledalisce.com\/<\/a><\/p>\n<hr \/>\n<p><img loading=\"lazy\" decoding=\"async\" class=\"alignnone size-full wp-image-3218\" src=\"https:\/\/www1.kkl.si\/wp-content\/uploads\/2021\/07\/2021_07_01_poleti_v_lendavo_2021.png\" alt=\"\" width=\"1500\" height=\"400\" srcset=\"https:\/\/www1.kkl.si\/wp-content\/uploads\/2021\/07\/2021_07_01_poleti_v_lendavo_2021.png 1500w, https:\/\/www1.kkl.si\/wp-content\/uploads\/2021\/07\/2021_07_01_poleti_v_lendavo_2021-400x107.png 400w\" sizes=\"auto, (max-width: 1500px) 100vw, 1500px\" \/><\/p>\n","protected":false},"excerpt":{"rendered":"<p>2021. 8. 12. cs\u00fct\u00f6rt\u00f6k | gyermekel\u0151ad\u00e1s 19.00 Helysz\u00edn: Lendvai Sz\u00ednh\u00e1z- \u00e9s Hangversenyterem szabadt\u00e9ri sz\u00ednpada Szervez\u0151: Knji\u017enica \u2013 Kulturni center Lendava \u2013 Lendvai K\u00f6nyvt\u00e1r \u00e9s Kultur\u00e1lis K\u00f6zpont Szlov\u00e9n le\u00edr\u00e1s: O AVTORJIH Trajanje predstave: 35 min Igralska zasedba: Mi\u0161a Geri\u010d \u0160pacapan, Ana Ra\u0161\u010dan in Luka Slavic Avtorici besedila, re\u017eija: Mi\u0161a Geri\u010d \u0160pacapan, Ur\u0161ka Ra\u0161\u010dan Predstava o pisanem [&hellip;]<\/p>\n","protected":false},"author":2,"featured_media":3431,"parent":0,"menu_order":0,"comment_status":"closed","ping_status":"closed","template":"","meta":{"footnotes":""},"class_list":["post-3590","page","type-page","status-publish","has-post-thumbnail","hentry","post","post-with-thumbnail","post-with-thumbnail-icon"],"_links":{"self":[{"href":"https:\/\/www1.kkl.si\/hu\/wp-json\/wp\/v2\/pages\/3590","targetHints":{"allow":["GET"]}}],"collection":[{"href":"https:\/\/www1.kkl.si\/hu\/wp-json\/wp\/v2\/pages"}],"about":[{"href":"https:\/\/www1.kkl.si\/hu\/wp-json\/wp\/v2\/types\/page"}],"author":[{"embeddable":true,"href":"https:\/\/www1.kkl.si\/hu\/wp-json\/wp\/v2\/users\/2"}],"replies":[{"embeddable":true,"href":"https:\/\/www1.kkl.si\/hu\/wp-json\/wp\/v2\/comments?post=3590"}],"version-history":[{"count":1,"href":"https:\/\/www1.kkl.si\/hu\/wp-json\/wp\/v2\/pages\/3590\/revisions"}],"predecessor-version":[{"id":3591,"href":"https:\/\/www1.kkl.si\/hu\/wp-json\/wp\/v2\/pages\/3590\/revisions\/3591"}],"wp:featuredmedia":[{"embeddable":true,"href":"https:\/\/www1.kkl.si\/hu\/wp-json\/wp\/v2\/media\/3431"}],"wp:attachment":[{"href":"https:\/\/www1.kkl.si\/hu\/wp-json\/wp\/v2\/media?parent=3590"}],"curies":[{"name":"wp","href":"https:\/\/api.w.org\/{rel}","templated":true}]}}