{"id":3825,"date":"2021-08-03T11:32:13","date_gmt":"2021-08-03T09:32:13","guid":{"rendered":"https:\/\/www1.kkl.si\/?page_id=3825"},"modified":"2021-08-03T11:32:13","modified_gmt":"2021-08-03T09:32:13","slug":"film-povest-o-dobrih-ljudeh-1975","status":"publish","type":"page","link":"https:\/\/www1.kkl.si\/hu\/film-povest-o-dobrih-ljudeh-1975\/","title":{"rendered":"FILM: Povest o dobrih ljudeh (1975)"},"content":{"rendered":"<div><img loading=\"lazy\" decoding=\"async\" class=\"izrez alignnone wp-image-3748 size-full\" src=\"https:\/\/www1.kkl.si\/wp-content\/uploads\/2021\/08\/povest_o_dobrih_ljudeh_glava.jpg\" alt=\"\" width=\"1200\" height=\"300\" srcset=\"https:\/\/www1.kkl.si\/wp-content\/uploads\/2021\/08\/povest_o_dobrih_ljudeh_glava.jpg 1200w, https:\/\/www1.kkl.si\/wp-content\/uploads\/2021\/08\/povest_o_dobrih_ljudeh_glava-400x100.jpg 400w\" sizes=\"auto, (max-width: 1200px) 100vw, 1200px\" \/><\/div>\n<div class=\"opis\"><strong><img loading=\"lazy\" decoding=\"async\" class=\"wp-image-1588 alignright\" title=\"Ingyenes rendezv\u00e9ny\" src=\"https:\/\/www1.kkl.si\/wp-content\/uploads\/\/2020\/07\/spored_simb_brezplacna-1.svg\" sizes=\"auto, (max-width: 40px) 100vw, 40px\" srcset=\"https:\/\/www1.kkl.si\/wp-content\/uploads\/\/2020\/07\/spored_simb_brezplacna-1.svg 150w, https:\/\/www1.kkl.si\/wp-content\/uploads\/\/2020\/07\/spored_simb_brezplacna-1.svg 400w, https:\/\/www1.kkl.si\/wp-content\/uploads\/\/2020\/07\/spored_simb_brezplacna-1.svg 1500w, https:\/\/www1.kkl.si\/wp-content\/uploads\/\/2020\/07\/spored_simb_brezplacna-1.svg 100w\" alt=\"brezplacna\" width=\"40\" height=\"40\" \/><i class=\"fas fa-calendar\"><\/i> 2021. 8. 20. p\u00e9ntek | <span class=\"zanr\">film: dr\u00e1ma<\/span><br \/>\n<i class=\"fas fa-clock\"><\/i> 21.00<br \/>\n<\/strong><i class=\"fas fa-map-marker\"><\/i> Helysz\u00edn: Lendvai Sz\u00ednh\u00e1z- \u00e9s Hangversenyterem szabadt\u00e9ri sz\u00ednpada<br \/>\n<i class=\"fas fa-chevron-circle-right\"><\/i> Szervez\u0151: <a href=\"https:\/\/www.kkl.si\/\">Knji\u017enica \u2013 Kulturni center Lendava \u2013 Lendvai K\u00f6nyvt\u00e1r \u00e9s Kultur\u00e1lis K\u00f6zpont<\/a><\/div>\n<p><strong><a href=\"https:\/\/www1.kkl.si\/wp-content\/uploads\/2021\/07\/plakat_B2_poleti_v_lendavo_filmi_2021_1500px.jpg\" data-lbwps-width=\"1222\" data-lbwps-height=\"1700\" data-lbwps-srcsmall=\"https:\/\/www1.kkl.si\/wp-content\/uploads\/2021\/07\/plakat_B2_poleti_v_lendavo_filmi_2021_1500px-288x400.jpg\"><img loading=\"lazy\" decoding=\"async\" class=\"slika alignright wp-image-3388\" src=\"https:\/\/www1.kkl.si\/wp-content\/uploads\/2021\/07\/plakat_B2_poleti_v_lendavo_filmi_2021_1500px-288x400.jpg\" alt=\"\" width=\"250\" height=\"348\" srcset=\"https:\/\/www1.kkl.si\/wp-content\/uploads\/2021\/07\/plakat_B2_poleti_v_lendavo_filmi_2021_1500px-288x400.jpg 288w, https:\/\/www1.kkl.si\/wp-content\/uploads\/2021\/07\/plakat_B2_poleti_v_lendavo_filmi_2021_1500px-1078x1500.jpg 1078w, https:\/\/www1.kkl.si\/wp-content\/uploads\/2021\/07\/plakat_B2_poleti_v_lendavo_filmi_2021_1500px.jpg 1222w\" sizes=\"auto, (max-width: 250px) 100vw, 250px\" \/><\/a><\/strong>Muravid\u00e9ki filmek fesztiv\u00e1lja Lendv\u00e1n<\/p>\n<p><span style=\"font-size: 24px;\"><strong>Povest o dobrih ljudeh (1975)<\/strong><\/span><\/p>\n<div class=\"movie-hero__summary\">\n<blockquote>\n<p>Eg\u00e9szest\u00e9s j\u00e1t\u00e9kfilm<br \/>\nHossz: 99 minut<br \/>\n<span class=\"movie__year\">Leto: 1975<br \/>\n<\/span>Orsz\u00e1g: Jugoszl\u00e1via (Szlov\u00e9nia)<\/p>\n<\/blockquote>\n<\/div>\n<p><strong>Szlov\u00e9n le\u00edr\u00e1s:<\/strong><\/p>\n<p><strong>Povest o dobrih ljudeh<\/strong> je slovenski dramski film iz leta 1975 v re\u017eiji Franceta \u0160tiglica, posnet po istoimenski povesti Mi\u0161ka Kranjca. Vrnitev ube\u017enika pred policijo k starim star\u0161em zmoti mirno \u017eivljenje v prekmurski vasi.<\/p>\n<p>ZGODBA<\/p>\n<p>Starej\u0161a zakonca Jo\u017eef in Ana \u017eivita na otoku sredi reke Mure in svoje osamljeno \u017eivljenje lahko prena\u0161ata predvsem zaradi navezanosti in usmiljenja do slepe Katice. Dekle \u017eivi z njima, kajti njena mati in o\u010dim delata drugje in jo le v\u010dasih obi\u0161\u010deta. Katica zelo lepo poje in s svojim petjem vsakogar razveseli. Nekega dne se v hi\u0161i pojavi Jo\u017eefov in Anin vnuk Peter, ki je razbojnik na begu pred policijo. V Katici vzbudi ljubezen, v njeni materi pa pravo strast. Peter povzro\u010da veliko te\u017eav, zato so mu policaji ves \u010das za petami &#8230;<\/p>\n<p><strong><a href=\"https:\/\/www1.kkl.si\/wp-content\/uploads\/2021\/08\/povest_o_dobrih1.jpg\" data-lbwps-width=\"1477\" data-lbwps-height=\"1080\" data-lbwps-srcsmall=\"https:\/\/www1.kkl.si\/wp-content\/uploads\/2021\/08\/povest_o_dobrih1-400x292.jpg\"><img loading=\"lazy\" decoding=\"async\" class=\"alignright wp-image-3750\" src=\"https:\/\/www1.kkl.si\/wp-content\/uploads\/2021\/08\/povest_o_dobrih1-400x292.jpg\" alt=\"\" width=\"250\" height=\"183\" srcset=\"https:\/\/www1.kkl.si\/wp-content\/uploads\/2021\/08\/povest_o_dobrih1-400x292.jpg 400w, https:\/\/www1.kkl.si\/wp-content\/uploads\/2021\/08\/povest_o_dobrih1.jpg 1477w\" sizes=\"auto, (max-width: 250px) 100vw, 250px\" \/><\/a>Re\u017eija:<\/strong> France \u0160tiglic<\/p>\n<p><strong>Igralci<\/strong><br \/>\nMajda Grbac kot <em>Marta<\/em><br \/>\nOlga Kacjan kot <em>Katica<\/em><br \/>\nElvira Kralj kot <em>Ana<\/em><br \/>\nSandi Kro\u0161l kot <em>Ivan Kova\u010d<\/em><br \/>\nKarel Pogorelec kot <em>Jo\u017eef<\/em><br \/>\nBata \u017divojinovi\u0107 kot <em>Peter Ko\u0161terca<\/em><\/p>\n<hr \/>\n<p><i class=\"fas fa-link\" style=\"solid\"><\/i> <a href=\"https:\/\/bsf.si\/sl\/film\/povest-o-dobrih-ljudeh\/\">Baza slovenskih filmov (BSF)<\/a> | <a href=\"https:\/\/sl.wikipedia.org\/wiki\/Povest_o_dobrih_ljudeh_(film)\">Wikipedija<\/a><\/p>\n<hr \/>\n<p>FOTOGALERIJA\/FOT\u00d3GAL\u00c9RIA<\/p>\n\n\t\t<style type=\"text\/css\">\n\t\t\t#gallery-1 {\n\t\t\t\tmargin: auto;\n\t\t\t}\n\t\t\t#gallery-1 .gallery-item {\n\t\t\t\tfloat: left;\n\t\t\t\tmargin-top: 10px;\n\t\t\t\ttext-align: center;\n\t\t\t\twidth: 20%;\n\t\t\t}\n\t\t\t#gallery-1 img {\n\t\t\t\tborder: 2px solid #cfcfcf;\n\t\t\t}\n\t\t\t#gallery-1 .gallery-caption {\n\t\t\t\tmargin-left: 0;\n\t\t\t}\n\t\t\t\/* see gallery_shortcode() in wp-includes\/media.php *\/\n\t\t<\/style>\n\t\t<div id='gallery-1' class='gallery galleryid-3825 gallery-columns-5 gallery-size-thumbnail'><dl class='gallery-item'>\n\t\t\t<dt class='gallery-icon landscape'>\n\t\t\t\t<a href='https:\/\/www1.kkl.si\/wp-content\/uploads\/2021\/08\/povest_o_dobrih1.jpg'><img loading=\"lazy\" decoding=\"async\" width=\"150\" height=\"150\" src=\"https:\/\/www1.kkl.si\/wp-content\/uploads\/2021\/08\/povest_o_dobrih1-150x150.jpg\" class=\"attachment-thumbnail size-thumbnail\" alt=\"\" \/><\/a>\n\t\t\t<\/dt><\/dl><dl class='gallery-item'>\n\t\t\t<dt class='gallery-icon landscape'>\n\t\t\t\t<a href='https:\/\/www1.kkl.si\/wp-content\/uploads\/2021\/08\/povest_o_dobrih2.jpg'><img loading=\"lazy\" decoding=\"async\" width=\"150\" height=\"150\" src=\"https:\/\/www1.kkl.si\/wp-content\/uploads\/2021\/08\/povest_o_dobrih2-150x150.jpg\" class=\"attachment-thumbnail size-thumbnail\" alt=\"\" \/><\/a>\n\t\t\t<\/dt><\/dl><dl class='gallery-item'>\n\t\t\t<dt class='gallery-icon landscape'>\n\t\t\t\t<a href='https:\/\/www1.kkl.si\/wp-content\/uploads\/2021\/08\/povest_o_dobrih3.jpg'><img loading=\"lazy\" decoding=\"async\" width=\"150\" height=\"150\" src=\"https:\/\/www1.kkl.si\/wp-content\/uploads\/2021\/08\/povest_o_dobrih3-150x150.jpg\" class=\"attachment-thumbnail size-thumbnail\" alt=\"\" \/><\/a>\n\t\t\t<\/dt><\/dl><dl class='gallery-item'>\n\t\t\t<dt class='gallery-icon landscape'>\n\t\t\t\t<a href='https:\/\/www1.kkl.si\/wp-content\/uploads\/2021\/08\/povest_o_dobrih4.jpg'><img loading=\"lazy\" decoding=\"async\" width=\"150\" height=\"150\" src=\"https:\/\/www1.kkl.si\/wp-content\/uploads\/2021\/08\/povest_o_dobrih4-150x150.jpg\" class=\"attachment-thumbnail size-thumbnail\" alt=\"\" \/><\/a>\n\t\t\t<\/dt><\/dl><dl class='gallery-item'>\n\t\t\t<dt class='gallery-icon landscape'>\n\t\t\t\t<a href='https:\/\/www1.kkl.si\/wp-content\/uploads\/2021\/08\/povest_o_dobrih5.jpg'><img loading=\"lazy\" decoding=\"async\" width=\"150\" height=\"150\" src=\"https:\/\/www1.kkl.si\/wp-content\/uploads\/2021\/08\/povest_o_dobrih5-150x150.jpg\" class=\"attachment-thumbnail size-thumbnail\" alt=\"\" \/><\/a>\n\t\t\t<\/dt><\/dl><br style=\"clear: both\" \/>\n\t\t<\/div>\n\n<hr \/>\n<p><img loading=\"lazy\" decoding=\"async\" class=\"alignnone wp-image-3493 size-full\" src=\"https:\/\/www1.kkl.si\/wp-content\/uploads\/2021\/07\/2021_07_27_poleti_v_lendavo_2021_2plakat.png\" alt=\"\" width=\"1500\" height=\"400\" srcset=\"https:\/\/www1.kkl.si\/wp-content\/uploads\/2021\/07\/2021_07_27_poleti_v_lendavo_2021_2plakat.png 1500w, https:\/\/www1.kkl.si\/wp-content\/uploads\/2021\/07\/2021_07_27_poleti_v_lendavo_2021_2plakat-400x107.png 400w\" sizes=\"auto, (max-width: 1500px) 100vw, 1500px\" \/><\/p>\n","protected":false},"excerpt":{"rendered":"<p>2021. 8. 20. p\u00e9ntek | film: dr\u00e1ma 21.00 Helysz\u00edn: Lendvai Sz\u00ednh\u00e1z- \u00e9s Hangversenyterem szabadt\u00e9ri sz\u00ednpada Szervez\u0151: Knji\u017enica \u2013 Kulturni center Lendava \u2013 Lendvai K\u00f6nyvt\u00e1r \u00e9s Kultur\u00e1lis K\u00f6zpont Muravid\u00e9ki filmek fesztiv\u00e1lja Lendv\u00e1n Povest o dobrih ljudeh (1975) Eg\u00e9szest\u00e9s j\u00e1t\u00e9kfilm Hossz: 99 minut Leto: 1975 Orsz\u00e1g: Jugoszl\u00e1via (Szlov\u00e9nia) Szlov\u00e9n le\u00edr\u00e1s: Povest o dobrih ljudeh je slovenski dramski [&hellip;]<\/p>\n","protected":false},"author":2,"featured_media":0,"parent":0,"menu_order":0,"comment_status":"closed","ping_status":"closed","template":"","meta":{"footnotes":""},"class_list":["post-3825","page","type-page","status-publish","hentry","post"],"_links":{"self":[{"href":"https:\/\/www1.kkl.si\/hu\/wp-json\/wp\/v2\/pages\/3825","targetHints":{"allow":["GET"]}}],"collection":[{"href":"https:\/\/www1.kkl.si\/hu\/wp-json\/wp\/v2\/pages"}],"about":[{"href":"https:\/\/www1.kkl.si\/hu\/wp-json\/wp\/v2\/types\/page"}],"author":[{"embeddable":true,"href":"https:\/\/www1.kkl.si\/hu\/wp-json\/wp\/v2\/users\/2"}],"replies":[{"embeddable":true,"href":"https:\/\/www1.kkl.si\/hu\/wp-json\/wp\/v2\/comments?post=3825"}],"version-history":[{"count":1,"href":"https:\/\/www1.kkl.si\/hu\/wp-json\/wp\/v2\/pages\/3825\/revisions"}],"predecessor-version":[{"id":3826,"href":"https:\/\/www1.kkl.si\/hu\/wp-json\/wp\/v2\/pages\/3825\/revisions\/3826"}],"wp:attachment":[{"href":"https:\/\/www1.kkl.si\/hu\/wp-json\/wp\/v2\/media?parent=3825"}],"curies":[{"name":"wp","href":"https:\/\/api.w.org\/{rel}","templated":true}]}}