{"id":3909,"date":"2021-08-06T14:12:31","date_gmt":"2021-08-06T12:12:31","guid":{"rendered":"https:\/\/www1.kkl.si\/?page_id=3909"},"modified":"2021-08-06T14:31:53","modified_gmt":"2021-08-06T12:31:53","slug":"szabadkai-nepszinhaz-fekete-peter","status":"publish","type":"page","link":"https:\/\/www1.kkl.si\/hu\/szabadkai-nepszinhaz-fekete-peter\/","title":{"rendered":"Szabadkai N\u00e9psz\u00ednh\u00e1z: Fekete P\u00e9ter"},"content":{"rendered":"<div><img loading=\"lazy\" decoding=\"async\" class=\"izrez alignnone wp-image-3912 size-full\" src=\"https:\/\/www1.kkl.si\/wp-content\/uploads\/2021\/08\/fekete_peter_glava.jpg\" alt=\"\" width=\"1200\" height=\"300\" srcset=\"https:\/\/www1.kkl.si\/wp-content\/uploads\/2021\/08\/fekete_peter_glava.jpg 1200w, https:\/\/www1.kkl.si\/wp-content\/uploads\/2021\/08\/fekete_peter_glava-400x100.jpg 400w\" sizes=\"auto, (max-width: 1200px) 100vw, 1200px\" \/><\/div>\n<div class=\"opis\"><img loading=\"lazy\" decoding=\"async\" class=\"wp-image-1588 alignright\" title=\"Ingyenes rendezv\u00e9ny\" src=\"https:\/\/www1.kkl.si\/wp-content\/uploads\/\/2020\/07\/spored_simb_brezplacna-1.svg\" sizes=\"auto, (max-width: 40px) 100vw, 40px\" srcset=\"https:\/\/www1.kkl.si\/wp-content\/uploads\/\/2020\/07\/spored_simb_brezplacna-1.svg 150w, https:\/\/www1.kkl.si\/wp-content\/uploads\/\/2020\/07\/spored_simb_brezplacna-1.svg 400w, https:\/\/www1.kkl.si\/wp-content\/uploads\/\/2020\/07\/spored_simb_brezplacna-1.svg 1500w, https:\/\/www1.kkl.si\/wp-content\/uploads\/\/2020\/07\/spored_simb_brezplacna-1.svg 100w\" alt=\"brezplacna\" width=\"40\" height=\"40\" \/><strong><i class=\"fas fa-calendar\"><\/i> 2021. 8. 27. p\u00e9ntek | <span class=\"zanr\">operett<\/span><br \/>\n<i class=\"fas fa-clock\"><\/i> 20.00<br \/>\n<\/strong><i class=\"fas fa-map-marker\"><\/i> Helysz\u00edn: Lendvai Sz\u00ednh\u00e1z- \u00e9s Hangversenyterem szabadt\u00e9ri sz\u00ednpada<br \/>\n<i class=\"fas fa-chevron-circle-right\"><\/i> Szervez\u0151: <a href=\"https:\/\/www.kkl.si\/\">Knji\u017enica \u2013 Kulturni center Lendava \u2013 Lendvai K\u00f6nyvt\u00e1r \u00e9s Kultur\u00e1lis K\u00f6zpont<\/a><\/div>\n<p><a href=\"https:\/\/www1.kkl.si\/wp-content\/uploads\/2021\/07\/plakat_B2_poleti_v_lendavo_2021_splet.jpg\" data-lbwps-width=\"1078\" data-lbwps-height=\"1500\" data-lbwps-srcsmall=\"https:\/\/www1.kkl.si\/wp-content\/uploads\/2021\/07\/plakat_B2_poleti_v_lendavo_2021_splet-287x400.jpg\"><img loading=\"lazy\" decoding=\"async\" class=\"slika alignright wp-image-3222\" src=\"https:\/\/www1.kkl.si\/wp-content\/uploads\/2021\/07\/plakat_B2_poleti_v_lendavo_2021_splet-287x400.jpg\" alt=\"\" width=\"250\" height=\"348\" srcset=\"https:\/\/www1.kkl.si\/wp-content\/uploads\/2021\/07\/plakat_B2_poleti_v_lendavo_2021_splet-287x400.jpg 287w, https:\/\/www1.kkl.si\/wp-content\/uploads\/2021\/07\/plakat_B2_poleti_v_lendavo_2021_splet.jpg 1078w\" sizes=\"auto, (max-width: 250px) 100vw, 250px\" \/><\/a>Somogyi Gyula &#8211; Eisemann Mih\u00e1ly &#8211; Z\u00e1gon Istv\u00e1n<br \/>\n<strong><span style=\"font-size: 24px;\">Fekete P\u00e9ter<\/span><\/strong><br \/>\n<em>zen\u00e9s v\u00edgj\u00e1t\u00e9k<\/em><\/p>\n<p>ALKOT\u00d3K<\/p>\n<p><strong>Dalsz\u00f6vegek:<\/strong> Dalos L\u00e1szl\u00f3, F\u00fcredi Imre, Harmath Imre, Kell\u00e9r Dezs\u0151, Szil\u00e1gyi L\u00e1szl\u00f3, Z\u00e1gon Istv\u00e1n.<br \/>\n<strong>\u00c1tdolgozta:<\/strong> H\u00e1rsing Hilda. <br \/>\nAz el\u0151ad\u00e1st enged\u00e9lyezte a Hartai, a Hofra, a Proscenium \u00e9s az Umpa \u00dcgyn\u00f6ks\u00e9g.<\/p>\n<p><strong>Szerepl\u0151k:<\/strong><\/p>\n<p>PIERRE LENOIR: Hajd\u00fa Tam\u00e1s<br \/>\nLUCIEN OUVRIER \u00e9s m\u00e1sok: Ralbovszki Csaba<br \/>\nCOLETTE \u00e9s m\u00e1sok: F\u00fcl\u00f6p T\u00edmea, m.v.<br \/>\nCLAIRE \u00e9s m\u00e1sok: P\u00e1mer Csilla, Pataki Gy\u0171r\u0171-d\u00edjas<br \/>\nMME. LEFEBRE \u00e9s m\u00e1sok: Szir\u00e1czky Katalin, m.v.<br \/>\nCHARLIE \u00e9s m\u00e1sok: Bar\u00e1th Attila<\/p>\n<p><strong><img loading=\"lazy\" decoding=\"async\" class=\"size-full wp-image-3917 alignright\" src=\"https:\/\/www1.kkl.si\/wp-content\/uploads\/2021\/08\/fekete_peter_plakat.jpg\" alt=\"\" width=\"251\" height=\"357\" \/>Zenekar:<\/strong><br \/>\nIfj. Kucsera G\u00e9za<br \/>\nLakatos M\u00e1ty\u00e1s, m.v.<br \/>\nAsztalos Alfr\u00e9d, m.v.<br \/>\nB\u00edr\u00f3 M\u00e1t\u00e9, m.v.<\/p>\n<p><strong>D\u00edszlet-, jelmezterv:<\/strong> Kov\u00e1cs D\u00e1niel Ambrus &amp; DAMON<br \/>\n<strong>Hangszerel\u00e9s:<\/strong> Ifj. Kucsera G\u00e9za<br \/>\n<strong>Koreogr\u00e1fus:<\/strong> Gyenes Ildik\u00f3, m.v.<br \/>\n<strong>Dramaturg:<\/strong> Bresty\u00e1nszki B. Rozi<br \/>\n<strong>S\u00fag\u00f3\/\u00fcgyel\u0151\/rendez\u0151asszisztens:<\/strong> Kulhanek Edina<\/p>\n<p><strong>Rendez\u0151:<\/strong> Mezei Zolt\u00e1n<\/p>\n<p>LE\u00cdR\u00c1S<\/p>\n<p>Pierre Lenoir egy h\u00e9tk\u00f6znapi, egyszer\u0171 fiatalember. Egyetlen k\u00fcl\u00f6nlegess\u00e9ge van: \u0151 a Fekete P\u00e9ter, azaz a vil\u00e1g legpechesebb embere. Szerencs\u00e9re. Mert \u00edgy t\u00f6rt\u00e9nhet meg, hogy sok-sok kipr\u00f3b\u00e1lt munka ut\u00e1n elszeg\u0151dik inasnak, \u00e9s megismerkedik munkaad\u00f3ja, vagyis Lucien Ouvrier h\u00fag\u00e1val, Colette-tel \u2013 \u00e9s Lucien is megismeri Claire-t, a fiatal g\u00e9p\u00edr\u00f3l\u00e1nyt&#8230; Szerelem, zene, t\u00e1nc, egy cseppnyi f\u00e1jdalom, \u00e9s sok-sok \u00f6r\u00f6mteli kacaj. A szabadkai N\u00e9psz\u00ednh\u00e1z Magyar T\u00e1rsulata hat sz\u00edn\u00e9sz brav\u00faros j\u00e1t\u00e9k\u00e1val mutatja be a k\u00f6zel h\u00faszszerepl\u0151s darabot \u2013 \u00e9s els\u00f6pr\u0151 kalandot \u00edg\u00e9r egy rajzolt, de eleven vil\u00e1gba.<\/p>\n<hr \/>\n<p><i class=\"fas fa-link\" style=\"solid\"><\/i> <a href=\"https:\/\/www.szabadkaiszinhaz.com\/Fekete-peter\/eloadas\/1879\/\">https:\/\/www.szabadkaiszinhaz.com\/Fekete-peter\/eloadas\/1879\/<\/a><\/p>\n<hr \/>\n<p>F\u00c9NYK\u00c9PEK<\/p>\n\n\t\t<style type=\"text\/css\">\n\t\t\t#gallery-1 {\n\t\t\t\tmargin: auto;\n\t\t\t}\n\t\t\t#gallery-1 .gallery-item {\n\t\t\t\tfloat: left;\n\t\t\t\tmargin-top: 10px;\n\t\t\t\ttext-align: center;\n\t\t\t\twidth: 16%;\n\t\t\t}\n\t\t\t#gallery-1 img {\n\t\t\t\tborder: 2px solid #cfcfcf;\n\t\t\t}\n\t\t\t#gallery-1 .gallery-caption {\n\t\t\t\tmargin-left: 0;\n\t\t\t}\n\t\t\t\/* see gallery_shortcode() in wp-includes\/media.php *\/\n\t\t<\/style>\n\t\t<div id='gallery-1' class='gallery galleryid-3909 gallery-columns-6 gallery-size-thumbnail'><dl class='gallery-item'>\n\t\t\t<dt class='gallery-icon landscape'>\n\t\t\t\t<a href='https:\/\/www1.kkl.si\/wp-content\/uploads\/2021\/08\/szabadkai_fekete_peter07.jpg'><img loading=\"lazy\" decoding=\"async\" width=\"150\" height=\"150\" src=\"https:\/\/www1.kkl.si\/wp-content\/uploads\/2021\/08\/szabadkai_fekete_peter07-150x150.jpg\" class=\"attachment-thumbnail size-thumbnail\" alt=\"\" \/><\/a>\n\t\t\t<\/dt><\/dl><dl class='gallery-item'>\n\t\t\t<dt class='gallery-icon landscape'>\n\t\t\t\t<a href='https:\/\/www1.kkl.si\/wp-content\/uploads\/2021\/08\/szabadkai_fekete_peter02.jpg'><img loading=\"lazy\" decoding=\"async\" width=\"150\" height=\"150\" src=\"https:\/\/www1.kkl.si\/wp-content\/uploads\/2021\/08\/szabadkai_fekete_peter02-150x150.jpg\" class=\"attachment-thumbnail size-thumbnail\" alt=\"\" \/><\/a>\n\t\t\t<\/dt><\/dl><dl class='gallery-item'>\n\t\t\t<dt class='gallery-icon landscape'>\n\t\t\t\t<a href='https:\/\/www1.kkl.si\/wp-content\/uploads\/2021\/08\/szabadkai_fekete_peter11.jpg'><img loading=\"lazy\" decoding=\"async\" width=\"150\" height=\"150\" src=\"https:\/\/www1.kkl.si\/wp-content\/uploads\/2021\/08\/szabadkai_fekete_peter11-150x150.jpg\" class=\"attachment-thumbnail size-thumbnail\" alt=\"\" \/><\/a>\n\t\t\t<\/dt><\/dl><dl class='gallery-item'>\n\t\t\t<dt class='gallery-icon landscape'>\n\t\t\t\t<a href='https:\/\/www1.kkl.si\/wp-content\/uploads\/2021\/08\/szabadkai_fekete_peter15.jpg'><img loading=\"lazy\" decoding=\"async\" width=\"150\" height=\"150\" src=\"https:\/\/www1.kkl.si\/wp-content\/uploads\/2021\/08\/szabadkai_fekete_peter15-150x150.jpg\" class=\"attachment-thumbnail size-thumbnail\" alt=\"\" \/><\/a>\n\t\t\t<\/dt><\/dl><dl class='gallery-item'>\n\t\t\t<dt class='gallery-icon landscape'>\n\t\t\t\t<a href='https:\/\/www1.kkl.si\/wp-content\/uploads\/2021\/08\/szabadkai_fekete_peter08.jpg'><img loading=\"lazy\" decoding=\"async\" width=\"150\" height=\"150\" src=\"https:\/\/www1.kkl.si\/wp-content\/uploads\/2021\/08\/szabadkai_fekete_peter08-150x150.jpg\" class=\"attachment-thumbnail size-thumbnail\" alt=\"\" \/><\/a>\n\t\t\t<\/dt><\/dl><dl class='gallery-item'>\n\t\t\t<dt class='gallery-icon landscape'>\n\t\t\t\t<a href='https:\/\/www1.kkl.si\/wp-content\/uploads\/2021\/08\/szabadkai_fekete_peter01.jpg'><img loading=\"lazy\" decoding=\"async\" width=\"150\" height=\"150\" src=\"https:\/\/www1.kkl.si\/wp-content\/uploads\/2021\/08\/szabadkai_fekete_peter01-150x150.jpg\" class=\"attachment-thumbnail size-thumbnail\" alt=\"\" \/><\/a>\n\t\t\t<\/dt><\/dl><br style=\"clear: both\" \/><dl class='gallery-item'>\n\t\t\t<dt class='gallery-icon landscape'>\n\t\t\t\t<a href='https:\/\/www1.kkl.si\/wp-content\/uploads\/2021\/08\/szabadkai_fekete_peter05.jpg'><img loading=\"lazy\" decoding=\"async\" width=\"150\" height=\"150\" src=\"https:\/\/www1.kkl.si\/wp-content\/uploads\/2021\/08\/szabadkai_fekete_peter05-150x150.jpg\" class=\"attachment-thumbnail size-thumbnail\" alt=\"\" \/><\/a>\n\t\t\t<\/dt><\/dl><dl class='gallery-item'>\n\t\t\t<dt class='gallery-icon portrait'>\n\t\t\t\t<a href='https:\/\/www1.kkl.si\/wp-content\/uploads\/2021\/08\/szabadkai_fekete_peter14.jpg'><img loading=\"lazy\" decoding=\"async\" width=\"150\" height=\"150\" src=\"https:\/\/www1.kkl.si\/wp-content\/uploads\/2021\/08\/szabadkai_fekete_peter14-150x150.jpg\" class=\"attachment-thumbnail size-thumbnail\" alt=\"\" \/><\/a>\n\t\t\t<\/dt><\/dl><dl class='gallery-item'>\n\t\t\t<dt class='gallery-icon landscape'>\n\t\t\t\t<a href='https:\/\/www1.kkl.si\/wp-content\/uploads\/2021\/08\/szabadkai_fekete_peter06.jpg'><img loading=\"lazy\" decoding=\"async\" width=\"150\" height=\"150\" src=\"https:\/\/www1.kkl.si\/wp-content\/uploads\/2021\/08\/szabadkai_fekete_peter06-150x150.jpg\" class=\"attachment-thumbnail size-thumbnail\" alt=\"\" \/><\/a>\n\t\t\t<\/dt><\/dl><dl class='gallery-item'>\n\t\t\t<dt class='gallery-icon landscape'>\n\t\t\t\t<a href='https:\/\/www1.kkl.si\/wp-content\/uploads\/2021\/08\/szabadkai_fekete_peter09.jpg'><img loading=\"lazy\" decoding=\"async\" width=\"150\" height=\"150\" src=\"https:\/\/www1.kkl.si\/wp-content\/uploads\/2021\/08\/szabadkai_fekete_peter09-150x150.jpg\" class=\"attachment-thumbnail size-thumbnail\" alt=\"\" \/><\/a>\n\t\t\t<\/dt><\/dl><dl class='gallery-item'>\n\t\t\t<dt class='gallery-icon landscape'>\n\t\t\t\t<a href='https:\/\/www1.kkl.si\/wp-content\/uploads\/2021\/08\/szabadkai_fekete_peter03.jpg'><img loading=\"lazy\" decoding=\"async\" width=\"150\" height=\"150\" src=\"https:\/\/www1.kkl.si\/wp-content\/uploads\/2021\/08\/szabadkai_fekete_peter03-150x150.jpg\" class=\"attachment-thumbnail size-thumbnail\" alt=\"\" \/><\/a>\n\t\t\t<\/dt><\/dl><dl class='gallery-item'>\n\t\t\t<dt class='gallery-icon landscape'>\n\t\t\t\t<a href='https:\/\/www1.kkl.si\/wp-content\/uploads\/2021\/08\/szabadkai_fekete_peter10.jpg'><img loading=\"lazy\" decoding=\"async\" width=\"150\" height=\"150\" src=\"https:\/\/www1.kkl.si\/wp-content\/uploads\/2021\/08\/szabadkai_fekete_peter10-150x150.jpg\" class=\"attachment-thumbnail size-thumbnail\" alt=\"\" \/><\/a>\n\t\t\t<\/dt><\/dl><br style=\"clear: both\" \/><dl class='gallery-item'>\n\t\t\t<dt class='gallery-icon landscape'>\n\t\t\t\t<a href='https:\/\/www1.kkl.si\/wp-content\/uploads\/2021\/08\/szabadkai_fekete_peter12.jpg'><img loading=\"lazy\" decoding=\"async\" width=\"150\" height=\"150\" src=\"https:\/\/www1.kkl.si\/wp-content\/uploads\/2021\/08\/szabadkai_fekete_peter12-150x150.jpg\" class=\"attachment-thumbnail size-thumbnail\" alt=\"\" \/><\/a>\n\t\t\t<\/dt><\/dl><dl class='gallery-item'>\n\t\t\t<dt class='gallery-icon landscape'>\n\t\t\t\t<a href='https:\/\/www1.kkl.si\/wp-content\/uploads\/2021\/08\/szabadkai_fekete_peter04.jpg'><img loading=\"lazy\" decoding=\"async\" width=\"150\" height=\"150\" src=\"https:\/\/www1.kkl.si\/wp-content\/uploads\/2021\/08\/szabadkai_fekete_peter04-150x150.jpg\" class=\"attachment-thumbnail size-thumbnail\" alt=\"\" \/><\/a>\n\t\t\t<\/dt><\/dl><dl class='gallery-item'>\n\t\t\t<dt class='gallery-icon landscape'>\n\t\t\t\t<a href='https:\/\/www1.kkl.si\/wp-content\/uploads\/2021\/08\/szabadkai_fekete_peter13.jpg'><img loading=\"lazy\" decoding=\"async\" width=\"150\" height=\"150\" src=\"https:\/\/www1.kkl.si\/wp-content\/uploads\/2021\/08\/szabadkai_fekete_peter13-150x150.jpg\" class=\"attachment-thumbnail size-thumbnail\" alt=\"\" \/><\/a>\n\t\t\t<\/dt><\/dl><dl class='gallery-item'>\n\t\t\t<dt class='gallery-icon landscape'>\n\t\t\t\t<a href='https:\/\/www1.kkl.si\/wp-content\/uploads\/2021\/08\/szabadkai_fekete_peter16.jpg'><img loading=\"lazy\" decoding=\"async\" width=\"150\" height=\"150\" src=\"https:\/\/www1.kkl.si\/wp-content\/uploads\/2021\/08\/szabadkai_fekete_peter16-150x150.jpg\" class=\"attachment-thumbnail size-thumbnail\" alt=\"\" \/><\/a>\n\t\t\t<\/dt><\/dl>\n\t\t\t<br style='clear: both' \/>\n\t\t<\/div>\n\n<p>&nbsp;<\/p>\n<p><img loading=\"lazy\" decoding=\"async\" class=\"alignnone size-full wp-image-3218\" src=\"https:\/\/www1.kkl.si\/wp-content\/uploads\/2021\/07\/2021_07_01_poleti_v_lendavo_2021.png\" alt=\"\" width=\"1500\" height=\"400\" srcset=\"https:\/\/www1.kkl.si\/wp-content\/uploads\/2021\/07\/2021_07_01_poleti_v_lendavo_2021.png 1500w, https:\/\/www1.kkl.si\/wp-content\/uploads\/2021\/07\/2021_07_01_poleti_v_lendavo_2021-400x107.png 400w\" sizes=\"auto, (max-width: 1500px) 100vw, 1500px\" \/><\/p>\n","protected":false},"excerpt":{"rendered":"<p>2021. 8. 27. p\u00e9ntek | operett 20.00 Helysz\u00edn: Lendvai Sz\u00ednh\u00e1z- \u00e9s Hangversenyterem szabadt\u00e9ri sz\u00ednpada Szervez\u0151: Knji\u017enica \u2013 Kulturni center Lendava \u2013 Lendvai K\u00f6nyvt\u00e1r \u00e9s Kultur\u00e1lis K\u00f6zpont Somogyi Gyula &#8211; Eisemann Mih\u00e1ly &#8211; Z\u00e1gon Istv\u00e1n Fekete P\u00e9ter zen\u00e9s v\u00edgj\u00e1t\u00e9k ALKOT\u00d3K Dalsz\u00f6vegek: Dalos L\u00e1szl\u00f3, F\u00fcredi Imre, Harmath Imre, Kell\u00e9r Dezs\u0151, Szil\u00e1gyi L\u00e1szl\u00f3, Z\u00e1gon Istv\u00e1n. \u00c1tdolgozta: H\u00e1rsing Hilda. [&hellip;]<\/p>\n","protected":false},"author":2,"featured_media":0,"parent":0,"menu_order":0,"comment_status":"closed","ping_status":"closed","template":"","meta":{"footnotes":""},"class_list":["post-3909","page","type-page","status-publish","hentry","post"],"_links":{"self":[{"href":"https:\/\/www1.kkl.si\/hu\/wp-json\/wp\/v2\/pages\/3909","targetHints":{"allow":["GET"]}}],"collection":[{"href":"https:\/\/www1.kkl.si\/hu\/wp-json\/wp\/v2\/pages"}],"about":[{"href":"https:\/\/www1.kkl.si\/hu\/wp-json\/wp\/v2\/types\/page"}],"author":[{"embeddable":true,"href":"https:\/\/www1.kkl.si\/hu\/wp-json\/wp\/v2\/users\/2"}],"replies":[{"embeddable":true,"href":"https:\/\/www1.kkl.si\/hu\/wp-json\/wp\/v2\/comments?post=3909"}],"version-history":[{"count":18,"href":"https:\/\/www1.kkl.si\/hu\/wp-json\/wp\/v2\/pages\/3909\/revisions"}],"predecessor-version":[{"id":3963,"href":"https:\/\/www1.kkl.si\/hu\/wp-json\/wp\/v2\/pages\/3909\/revisions\/3963"}],"wp:attachment":[{"href":"https:\/\/www1.kkl.si\/hu\/wp-json\/wp\/v2\/media?parent=3909"}],"curies":[{"name":"wp","href":"https:\/\/api.w.org\/{rel}","templated":true}]}}