{"id":4350,"date":"2021-08-29T10:32:13","date_gmt":"2021-08-29T08:32:13","guid":{"rendered":"https:\/\/www1.kkl.si\/?page_id=4350"},"modified":"2021-08-29T10:32:13","modified_gmt":"2021-08-29T08:32:13","slug":"a-2021-es-elethosszig-tarto-tanulas-hete-orszagos-megnyito","status":"publish","type":"page","link":"https:\/\/www1.kkl.si\/hu\/a-2021-es-elethosszig-tarto-tanulas-hete-orszagos-megnyito\/","title":{"rendered":"A 2021-ES \u00c9LETHOSSZIG TART\u00d3 TANUL\u00c1S HETE: Orsz\u00e1gos megnyit\u00f3"},"content":{"rendered":"<div><img loading=\"lazy\" decoding=\"async\" class=\"izrez alignnone wp-image-4344 size-full\" src=\"https:\/\/www1.kkl.si\/wp-content\/uploads\/2021\/08\/TVU2021_glava.jpg\" alt=\"\" width=\"1200\" height=\"300\" srcset=\"https:\/\/www1.kkl.si\/wp-content\/uploads\/2021\/08\/TVU2021_glava.jpg 1200w, https:\/\/www1.kkl.si\/wp-content\/uploads\/2021\/08\/TVU2021_glava-400x100.jpg 400w\" sizes=\"auto, (max-width: 1200px) 100vw, 1200px\" \/><\/div>\n<div class=\"opis\"><strong><img loading=\"lazy\" decoding=\"async\" class=\"wp-image-1588 alignright\" title=\"Ingyenes rendezv\u00e9ny\" src=\"https:\/\/www1.kkl.si\/wp-content\/uploads\/\/2020\/07\/spored_simb_brezplacna-1.svg\" sizes=\"auto, (max-width: 40px) 100vw, 40px\" srcset=\"https:\/\/www1.kkl.si\/wp-content\/uploads\/\/2020\/07\/spored_simb_brezplacna-1.svg 150w, https:\/\/www1.kkl.si\/wp-content\/uploads\/\/2020\/07\/spored_simb_brezplacna-1.svg 400w, https:\/\/www1.kkl.si\/wp-content\/uploads\/\/2020\/07\/spored_simb_brezplacna-1.svg 1500w, https:\/\/www1.kkl.si\/wp-content\/uploads\/\/2020\/07\/spored_simb_brezplacna-1.svg 100w\" alt=\"brezplacna\" width=\"40\" height=\"40\" \/><i class=\"fas fa-calendar\"><\/i> 2021. 9. 3. p\u00e9ntek | <span class=\"zanr\">rendezv\u00e9ny<\/span><br \/>\n<i class=\"fas fa-clock\"><\/i> 11.00<br \/>\n<\/strong><i class=\"fas fa-map-marker\"><\/i> Helysz\u00edn: Lendvai Sz\u00ednh\u00e1z- \u00e9s Hangversenyterem<br \/>\n<i class=\"fas fa-chevron-circle-right\"><\/i> Szervez\u0151: <a href=\"https:\/\/www.lulendava.si\/\">Ljudska univerza Lendava-N\u00e9pi Egyetem Lendva<\/a><\/div>\n<p><em><a href=\"https:\/\/www1.kkl.si\/wp-content\/uploads\/2021\/08\/TVU2021_odprtje_plakat.jpg\" data-lbwps-width=\"1133\" data-lbwps-height=\"1605\" data-lbwps-srcsmall=\"https:\/\/www1.kkl.si\/wp-content\/uploads\/2021\/08\/TVU2021_odprtje_plakat-282x400.jpg\"><img loading=\"lazy\" decoding=\"async\" class=\"alignright size-medium wp-image-4245\" src=\"https:\/\/www1.kkl.si\/wp-content\/uploads\/2021\/08\/TVU2021_odprtje_plakat-282x400.jpg\" alt=\"\" width=\"282\" height=\"400\" srcset=\"https:\/\/www1.kkl.si\/wp-content\/uploads\/2021\/08\/TVU2021_odprtje_plakat-282x400.jpg 282w, https:\/\/www1.kkl.si\/wp-content\/uploads\/2021\/08\/TVU2021_odprtje_plakat-1059x1500.jpg 1059w, https:\/\/www1.kkl.si\/wp-content\/uploads\/2021\/08\/TVU2021_odprtje_plakat.jpg 1133w\" sizes=\"auto, (max-width: 282px) 100vw, 282px\" \/><\/a><\/em><em>Szlov\u00e9nia, egy tanul\u00f3 orsz\u00e1g, 2021. szeptember 6-t\u00f3l okt\u00f3ber 10-ig<\/em><strong><br \/>\n<\/strong><i class=\"fas fa-link\"><\/i> <a href=\"https:\/\/tvu.acs.si\">https:\/\/tvu.acs.si<\/a><br \/>\n<i class=\"fas fa-link\"><\/i> <a href=\"https:\/\/www.lulendava.si\/\">https:\/\/www.lulendava.si\/<\/a><\/p>\n<p>A 2021-es \u00e9lethosszig tart\u00f3 tanul\u00e1s hete orsz\u00e1gos megnyit\u00f3ja<br \/>\n<strong>2021. szeptember 3-\u00e1n, 11 \u00f3rakor<\/strong><br \/>\nsz\u00ednh\u00e1z- \u00e9s hangversenyterem, Lendva<\/p>\n<p>\u2013 \u2013 \u2013<\/p>\n<p>Etnosikano puteripe kurkonesko sa e trajimaske si\u010darimasko<br \/>\n<strong>3. septemberi 2021, 11.00<\/strong><br \/>\nKulturako kher Lendava<\/p>\n","protected":false},"excerpt":{"rendered":"<p>2021. 9. 3. p\u00e9ntek | rendezv\u00e9ny 11.00 Helysz\u00edn: Lendvai Sz\u00ednh\u00e1z- \u00e9s Hangversenyterem Szervez\u0151: Ljudska univerza Lendava-N\u00e9pi Egyetem Lendva Szlov\u00e9nia, egy tanul\u00f3 orsz\u00e1g, 2021. szeptember 6-t\u00f3l okt\u00f3ber 10-ig https:\/\/tvu.acs.si https:\/\/www.lulendava.si\/ A 2021-es \u00e9lethosszig tart\u00f3 tanul\u00e1s hete orsz\u00e1gos megnyit\u00f3ja 2021. szeptember 3-\u00e1n, 11 \u00f3rakor sz\u00ednh\u00e1z- \u00e9s hangversenyterem, Lendva \u2013 \u2013 \u2013 Etnosikano puteripe kurkonesko sa e trajimaske [&hellip;]<\/p>\n","protected":false},"author":2,"featured_media":4246,"parent":0,"menu_order":0,"comment_status":"closed","ping_status":"closed","template":"","meta":{"footnotes":""},"class_list":["post-4350","page","type-page","status-publish","has-post-thumbnail","hentry","post","post-with-thumbnail","post-with-thumbnail-icon"],"_links":{"self":[{"href":"https:\/\/www1.kkl.si\/hu\/wp-json\/wp\/v2\/pages\/4350","targetHints":{"allow":["GET"]}}],"collection":[{"href":"https:\/\/www1.kkl.si\/hu\/wp-json\/wp\/v2\/pages"}],"about":[{"href":"https:\/\/www1.kkl.si\/hu\/wp-json\/wp\/v2\/types\/page"}],"author":[{"embeddable":true,"href":"https:\/\/www1.kkl.si\/hu\/wp-json\/wp\/v2\/users\/2"}],"replies":[{"embeddable":true,"href":"https:\/\/www1.kkl.si\/hu\/wp-json\/wp\/v2\/comments?post=4350"}],"version-history":[{"count":1,"href":"https:\/\/www1.kkl.si\/hu\/wp-json\/wp\/v2\/pages\/4350\/revisions"}],"predecessor-version":[{"id":4351,"href":"https:\/\/www1.kkl.si\/hu\/wp-json\/wp\/v2\/pages\/4350\/revisions\/4351"}],"wp:featuredmedia":[{"embeddable":true,"href":"https:\/\/www1.kkl.si\/hu\/wp-json\/wp\/v2\/media\/4246"}],"wp:attachment":[{"href":"https:\/\/www1.kkl.si\/hu\/wp-json\/wp\/v2\/media?parent=4350"}],"curies":[{"name":"wp","href":"https:\/\/api.w.org\/{rel}","templated":true}]}}