{"id":4422,"date":"2021-08-30T14:55:29","date_gmt":"2021-08-30T12:55:29","guid":{"rendered":"https:\/\/www1.kkl.si\/?page_id=4422"},"modified":"2021-08-30T15:59:33","modified_gmt":"2021-08-30T13:59:33","slug":"vinarium-fesztival-2021-ujvideki-szerb-etno-est","status":"publish","type":"page","link":"https:\/\/www1.kkl.si\/hu\/vinarium-fesztival-2021-ujvideki-szerb-etno-est\/","title":{"rendered":"Vinarium Fesztiv\u00e1l 2021: \u00dajvid\u00e9ki-szerb etno est"},"content":{"rendered":"<div><img loading=\"lazy\" decoding=\"async\" class=\"izrez alignnone wp-image-4415 size-full\" src=\"https:\/\/www1.kkl.si\/wp-content\/uploads\/2021\/08\/etno_vecer_novosadsko-srbski_glava.jpg\" alt=\"\" width=\"1200\" height=\"300\" srcset=\"https:\/\/www1.kkl.si\/wp-content\/uploads\/2021\/08\/etno_vecer_novosadsko-srbski_glava.jpg 1200w, https:\/\/www1.kkl.si\/wp-content\/uploads\/2021\/08\/etno_vecer_novosadsko-srbski_glava-400x100.jpg 400w\" sizes=\"auto, (max-width: 1200px) 100vw, 1200px\" \/><\/div>\n<div class=\"opis\"><strong><img loading=\"lazy\" decoding=\"async\" class=\"wp-image-1588 alignright\" title=\"Ingyenes rendezv\u00e9ny\" src=\"https:\/\/www1.kkl.si\/wp-content\/uploads\/\/2020\/07\/spored_simb_brezplacna-1.svg\" sizes=\"auto, (max-width: 40px) 100vw, 40px\" srcset=\"https:\/\/www1.kkl.si\/wp-content\/uploads\/\/2020\/07\/spored_simb_brezplacna-1.svg 150w, https:\/\/www1.kkl.si\/wp-content\/uploads\/\/2020\/07\/spored_simb_brezplacna-1.svg 400w, https:\/\/www1.kkl.si\/wp-content\/uploads\/\/2020\/07\/spored_simb_brezplacna-1.svg 1500w, https:\/\/www1.kkl.si\/wp-content\/uploads\/\/2020\/07\/spored_simb_brezplacna-1.svg 100w\" alt=\"brezplacna\" width=\"40\" height=\"40\" \/><i class=\"fas fa-calendar\"><\/i> 2021. 9. 1. szerda | <span class=\"zanr\">kultur\u00e1lis rendezv\u00e9ny<\/span><br \/>\n<i class=\"fas fa-clock\"><\/i> 18.00<br \/>\n<\/strong><i class=\"fas fa-map-marker\"><\/i> Helysz\u00edn: Lendvai Sz\u00ednh\u00e1z- \u00e9s Hangversenyterem szabadt\u00e9ri sz\u00ednpada<br \/>\n<i class=\"fas fa-chevron-circle-right\"><\/i> Szervezpk: KTD Novi Sad-Lendava \u00e9s SKD Jovan Jovanovi\u0107 Zmaj<\/div>\n<p><a href=\"https:\/\/www1.kkl.si\/wp-content\/uploads\/2021\/08\/etno_vecer_novosadsko-srbski.jpg\" data-lbwps-width=\"679\" data-lbwps-height=\"960\" data-lbwps-srcsmall=\"https:\/\/www1.kkl.si\/wp-content\/uploads\/2021\/08\/etno_vecer_novosadsko-srbski-283x400.jpg\"><img loading=\"lazy\" decoding=\"async\" class=\"size-medium wp-image-4408 alignright\" src=\"https:\/\/www1.kkl.si\/wp-content\/uploads\/2021\/08\/etno_vecer_novosadsko-srbski-283x400.jpg\" alt=\"\" width=\"283\" height=\"400\" srcset=\"https:\/\/www1.kkl.si\/wp-content\/uploads\/2021\/08\/etno_vecer_novosadsko-srbski-283x400.jpg 283w, https:\/\/www1.kkl.si\/wp-content\/uploads\/2021\/08\/etno_vecer_novosadsko-srbski.jpg 679w\" sizes=\"auto, (max-width: 283px) 100vw, 283px\" \/><\/a>A KTD Novi Sad-Lendava \u00e9s SKD Jovan Jovanovi\u0107 Zmaj Lendava m\u0171vel\u0151d\u00e9si egyes\u00fcletek<br \/>\nmindenkit szeretettel megh\u00edvnak az \u00dajvid\u00e9ki-szerb etno estre, <br \/>\namely 2021. szeptember 1-j\u00e9n 18 \u00f3rai kezdettel lesz a Lendvai Sz\u00ednh\u00e1z- \u00e9s Hangversenyterem szabadt\u00e9ri sz\u00ednpad\u00e1n.<\/p>\n<p><strong>Fell\u00e9pnek:<\/strong><br \/>\n&#8211; AKUD Milica Stojadinovi\u0107 Srpkinja &#8211; n\u00e9pt\u00e1nc<br \/>\n&#8211; Damiano Roi &#8211; \u00e9nek<\/p>\n<p>A kulin\u00e1ris \u00e9lm\u00e9nyekr\u0151l a Petesh\u00e1zi Turisztikai \u00e9s K\u00f6rnyezetv\u00e9delmi egyes\u00fclet gondoskodik.<\/p>\n<p><strong>Kapcsolatok:<\/strong><\/p>\n<p><i class=\"fas fa-link\"><\/i> <a href=\"http:\/\/lendava-lendva.si\/\">http:\/\/lendava-lendva.si\/<\/a><br \/>\n<i class=\"fas fa-link\"><\/i> <a href=\"https:\/\/www.lendava.si\/\">https:\/\/www.lendava.si\/<\/a><br \/>\n<i class=\"fas fa-link\"><\/i> <a href=\"http:\/\/www.zkd-lendava.com\/\">http:\/\/www.zkd-lendava.com\/<\/a><\/p>\n<hr \/>\n<p>\u00dajv\u00edd\u00e9k\u00a0 &#8211; rekl\u00e1mfot\u00f3<\/p>\n<p><a href=\"https:\/\/www1.kkl.si\/wp-content\/uploads\/2021\/08\/novi_sad.jpg\" data-lbwps-width=\"960\" data-lbwps-height=\"626\" data-lbwps-srcsmall=\"https:\/\/www1.kkl.si\/wp-content\/uploads\/2021\/08\/novi_sad-400x261.jpg\"><img loading=\"lazy\" decoding=\"async\" class=\"alignnone wp-image-4431\" src=\"https:\/\/www1.kkl.si\/wp-content\/uploads\/2021\/08\/novi_sad-960x626.jpg\" alt=\"\" width=\"1200\" height=\"783\" srcset=\"https:\/\/www1.kkl.si\/wp-content\/uploads\/2021\/08\/novi_sad.jpg 960w, https:\/\/www1.kkl.si\/wp-content\/uploads\/2021\/08\/novi_sad-400x261.jpg 400w\" sizes=\"auto, (max-width: 1200px) 100vw, 1200px\" \/><\/a><\/p>\n<p>SZ\u00d3R\u00d3LAP<\/p>\n<p><img loading=\"lazy\" decoding=\"async\" class=\"slika alignleft wp-image-4220\" src=\"https:\/\/www1.kkl.si\/wp-content\/uploads\/2021\/08\/202108_letak_Fest_Vinarium_A5_HU-1-1057x1500.jpg\" alt=\"\" width=\"490\" height=\"695\" srcset=\"https:\/\/www1.kkl.si\/wp-content\/uploads\/2021\/08\/202108_letak_Fest_Vinarium_A5_HU-1-1057x1500.jpg 1057w, https:\/\/www1.kkl.si\/wp-content\/uploads\/2021\/08\/202108_letak_Fest_Vinarium_A5_HU-1-282x400.jpg 282w, https:\/\/www1.kkl.si\/wp-content\/uploads\/2021\/08\/202108_letak_Fest_Vinarium_A5_HU-1.jpg 1748w\" sizes=\"auto, (max-width: 490px) 100vw, 490px\" \/> <a href=\"https:\/\/www1.kkl.si\/wp-content\/uploads\/2021\/08\/202108_letak_Fest_Vinarium_A5_HU-2.jpg\" data-lbwps-width=\"1748\" data-lbwps-height=\"2480\" data-lbwps-srcsmall=\"https:\/\/www1.kkl.si\/wp-content\/uploads\/2021\/08\/202108_letak_Fest_Vinarium_A5_HU-2-282x400.jpg\"><img loading=\"lazy\" decoding=\"async\" class=\"slika alignleft wp-image-4222\" src=\"https:\/\/www1.kkl.si\/wp-content\/uploads\/2021\/08\/202108_letak_Fest_Vinarium_A5_HU-2-1057x1500.jpg\" alt=\"\" width=\"490\" height=\"695\" srcset=\"https:\/\/www1.kkl.si\/wp-content\/uploads\/2021\/08\/202108_letak_Fest_Vinarium_A5_HU-2-1057x1500.jpg 1057w, https:\/\/www1.kkl.si\/wp-content\/uploads\/2021\/08\/202108_letak_Fest_Vinarium_A5_HU-2-282x400.jpg 282w, https:\/\/www1.kkl.si\/wp-content\/uploads\/2021\/08\/202108_letak_Fest_Vinarium_A5_HU-2.jpg 1748w\" sizes=\"auto, (max-width: 490px) 100vw, 490px\" \/><\/a><\/p>\n<p>&nbsp;<\/p>\n","protected":false},"excerpt":{"rendered":"<p>2021. 9. 1. szerda | kultur\u00e1lis rendezv\u00e9ny 18.00 Helysz\u00edn: Lendvai Sz\u00ednh\u00e1z- \u00e9s Hangversenyterem szabadt\u00e9ri sz\u00ednpada Szervezpk: KTD Novi Sad-Lendava \u00e9s SKD Jovan Jovanovi\u0107 Zmaj A KTD Novi Sad-Lendava \u00e9s SKD Jovan Jovanovi\u0107 Zmaj Lendava m\u0171vel\u0151d\u00e9si egyes\u00fcletek mindenkit szeretettel megh\u00edvnak az \u00dajvid\u00e9ki-szerb etno estre, amely 2021. szeptember 1-j\u00e9n 18 \u00f3rai kezdettel lesz a Lendvai Sz\u00ednh\u00e1z- \u00e9s [&hellip;]<\/p>\n","protected":false},"author":2,"featured_media":4409,"parent":0,"menu_order":0,"comment_status":"closed","ping_status":"closed","template":"","meta":{"footnotes":""},"class_list":["post-4422","page","type-page","status-publish","has-post-thumbnail","hentry","post","post-with-thumbnail","post-with-thumbnail-icon"],"_links":{"self":[{"href":"https:\/\/www1.kkl.si\/hu\/wp-json\/wp\/v2\/pages\/4422","targetHints":{"allow":["GET"]}}],"collection":[{"href":"https:\/\/www1.kkl.si\/hu\/wp-json\/wp\/v2\/pages"}],"about":[{"href":"https:\/\/www1.kkl.si\/hu\/wp-json\/wp\/v2\/types\/page"}],"author":[{"embeddable":true,"href":"https:\/\/www1.kkl.si\/hu\/wp-json\/wp\/v2\/users\/2"}],"replies":[{"embeddable":true,"href":"https:\/\/www1.kkl.si\/hu\/wp-json\/wp\/v2\/comments?post=4422"}],"version-history":[{"count":4,"href":"https:\/\/www1.kkl.si\/hu\/wp-json\/wp\/v2\/pages\/4422\/revisions"}],"predecessor-version":[{"id":4438,"href":"https:\/\/www1.kkl.si\/hu\/wp-json\/wp\/v2\/pages\/4422\/revisions\/4438"}],"wp:featuredmedia":[{"embeddable":true,"href":"https:\/\/www1.kkl.si\/hu\/wp-json\/wp\/v2\/media\/4409"}],"wp:attachment":[{"href":"https:\/\/www1.kkl.si\/hu\/wp-json\/wp\/v2\/media?parent=4422"}],"curies":[{"name":"wp","href":"https:\/\/api.w.org\/{rel}","templated":true}]}}