{"id":4493,"date":"2021-08-31T12:31:39","date_gmt":"2021-08-31T10:31:39","guid":{"rendered":"https:\/\/www1.kkl.si\/?page_id=4493"},"modified":"2021-08-31T12:31:39","modified_gmt":"2021-08-31T10:31:39","slug":"kontra-kvartet","status":"publish","type":"page","link":"https:\/\/www1.kkl.si\/hu\/kontra-kvartet\/","title":{"rendered":"Kontra Kvartet"},"content":{"rendered":"<div><img loading=\"lazy\" decoding=\"async\" class=\"izrez alignnone wp-image-4185 size-full\" src=\"https:\/\/www1.kkl.si\/wp-content\/uploads\/2021\/08\/Kontra_kvartet_glava.jpg\" alt=\"\" width=\"1200\" height=\"300\" srcset=\"https:\/\/www1.kkl.si\/wp-content\/uploads\/2021\/08\/Kontra_kvartet_glava.jpg 1200w, https:\/\/www1.kkl.si\/wp-content\/uploads\/2021\/08\/Kontra_kvartet_glava-400x100.jpg 400w\" sizes=\"auto, (max-width: 1200px) 100vw, 1200px\" \/><\/div>\n<div class=\"opis\"><strong><img loading=\"lazy\" decoding=\"async\" class=\"wp-image-1588 alignright\" title=\"Ingyenes rendezv\u00e9ny\" src=\"https:\/\/www1.kkl.si\/wp-content\/uploads\/\/2020\/07\/spored_simb_brezplacna-1.svg\" sizes=\"auto, (max-width: 40px) 100vw, 40px\" srcset=\"https:\/\/www1.kkl.si\/wp-content\/uploads\/\/2020\/07\/spored_simb_brezplacna-1.svg 150w, https:\/\/www1.kkl.si\/wp-content\/uploads\/\/2020\/07\/spored_simb_brezplacna-1.svg 400w, https:\/\/www1.kkl.si\/wp-content\/uploads\/\/2020\/07\/spored_simb_brezplacna-1.svg 1500w, https:\/\/www1.kkl.si\/wp-content\/uploads\/\/2020\/07\/spored_simb_brezplacna-1.svg 100w\" alt=\"brezplacna\" width=\"40\" height=\"40\" \/><i class=\"fas fa-calendar\"><\/i> 2021. 9. 5. vas\u00e1rnap | <span class=\"zanr\">klezmer zene, koncert<\/span><br \/>\n<i class=\"fas fa-clock\"><\/i> 20.00<br \/>\n<\/strong><i class=\"fas fa-map-marker\"><\/i> Helysz\u00edn: Lendvai Sz\u00ednh\u00e1z- \u00e9s Hangversenyterem szabadt\u00e9ri sz\u00ednpada<br \/>\n<i class=\"fas fa-chevron-circle-right\"><\/i> Szervez\u0151: <a href=\"https:\/\/www.kkl.si\/\">Knji\u017enica \u2013 Kulturni center Lendava \u2013 Lendvai K\u00f6nyvt\u00e1r \u00e9s Kultur\u00e1lis K\u00f6zpont<\/a><\/div>\n<p><a href=\"https:\/\/www1.kkl.si\/wp-content\/uploads\/2021\/07\/plakat_B2_poleti_v_lendavo_2021_splet.jpg\" data-lbwps-width=\"1078\" data-lbwps-height=\"1500\" data-lbwps-srcsmall=\"https:\/\/www1.kkl.si\/wp-content\/uploads\/2021\/07\/plakat_B2_poleti_v_lendavo_2021_splet-287x400.jpg\"><img loading=\"lazy\" decoding=\"async\" class=\"slika alignright wp-image-3223\" src=\"https:\/\/www1.kkl.si\/wp-content\/uploads\/2021\/07\/plakat_B2_poleti_v_lendavo_2021_splet-287x400.jpg\" alt=\"\" width=\"250\" height=\"348\" srcset=\"https:\/\/www1.kkl.si\/wp-content\/uploads\/2021\/07\/plakat_B2_poleti_v_lendavo_2021_splet-287x400.jpg 287w, https:\/\/www1.kkl.si\/wp-content\/uploads\/2021\/07\/plakat_B2_poleti_v_lendavo_2021_splet.jpg 1078w\" sizes=\"auto, (max-width: 250px) 100vw, 250px\" \/><\/a>Az Eur\u00f3pai Zsid\u00f3 Kult\u00fara Napjai 2021-ben<strong><\/p>\n<p>Kontra kvartet<\/strong><\/p>\n<p>Vesna \u010cobal, heged\u0171<br \/>\nDaniel Marini\u010d, harmonika<br \/>\nBranko Smrtnik, nagyb\u0151g\u0151<br \/>\nDomen Marn, klarin\u00e9t\/Petar Mari\u0107, git\u00e1ros<\/p>\n<p><a href=\"https:\/\/www1.kkl.si\/wp-content\/uploads\/2021\/08\/Kontra_kvartet.jpg\" data-lbwps-width=\"1300\" data-lbwps-height=\"1040\" data-lbwps-srcsmall=\"https:\/\/www1.kkl.si\/wp-content\/uploads\/2021\/08\/Kontra_kvartet-400x320.jpg\"><img loading=\"lazy\" decoding=\"async\" class=\"alignleft wp-image-4181\" src=\"https:\/\/www1.kkl.si\/wp-content\/uploads\/2021\/08\/Kontra_kvartet-400x320.jpg\" alt=\"\" width=\"250\" height=\"200\" srcset=\"https:\/\/www1.kkl.si\/wp-content\/uploads\/2021\/08\/Kontra_kvartet-400x320.jpg 400w, https:\/\/www1.kkl.si\/wp-content\/uploads\/2021\/08\/Kontra_kvartet.jpg 1300w\" sizes=\"auto, (max-width: 250px) 100vw, 250px\" \/><\/a>A Kontra Kvartet egy akusztikus etno egy\u00fcttes Mariborb\u00f3l, amely egyike azon keveseknek Szlov\u00e9ni\u00e1ban, akik hagyom\u00e1nyos zsid\u00f3 klezmer zen\u00e9t j\u00e1tszanak.<\/p>\n<p>Az egy\u00fcttes tapasztalt zen\u00e9szekb\u0151l \u00e1ll: Vesna \u010cobal heged\u0171s, Petar Mari\u0107 git\u00e1ros, Daniel Marini\u010d harmonik\u00e1s \u00e9s Branko Smrtnik nagyb\u0151g\u0151s.<\/p>\n<p>Sz\u00e1mos koncerten l\u00e9ptek m\u00e1r fel itthon \u00e9s k\u00fclf\u00f6ld\u00f6n, t\u00f6bbek k\u00f6z\u00f6tt 2011-ben a legnagyobb klezmer zenei fesztiv\u00e1lon, az izraeli Safedben.<\/p>\n<hr \/>\n<p><i class=\"fab fa-facebook-square\"><\/i> <a href=\"https:\/\/www.facebook.com\/Kontra-Kvartet-376150459115467\/\">https:\/\/www.facebook.com\/Kontra-Kvartet-376150459115467\/<\/a><\/p>\n<hr \/>\n<p><iframe loading=\"lazy\" src=\"\/\/www.youtube.com\/embed\/N60itqTX5bM\" width=\"1200\" height=\"673\" allowfullscreen=\"allowfullscreen\" data-mce-fragment=\"1\"><\/iframe><\/p>\n<p><img loading=\"lazy\" decoding=\"async\" class=\"alignnone size-full wp-image-3218\" src=\"https:\/\/www1.kkl.si\/wp-content\/uploads\/2021\/07\/2021_07_01_poleti_v_lendavo_2021.png\" alt=\"\" width=\"1500\" height=\"400\" srcset=\"https:\/\/www1.kkl.si\/wp-content\/uploads\/2021\/07\/2021_07_01_poleti_v_lendavo_2021.png 1500w, https:\/\/www1.kkl.si\/wp-content\/uploads\/2021\/07\/2021_07_01_poleti_v_lendavo_2021-400x107.png 400w\" sizes=\"auto, (max-width: 1500px) 100vw, 1500px\" \/><\/p>\n","protected":false},"excerpt":{"rendered":"<p>2021. 9. 5. vas\u00e1rnap | klezmer zene, koncert 20.00 Helysz\u00edn: Lendvai Sz\u00ednh\u00e1z- \u00e9s Hangversenyterem szabadt\u00e9ri sz\u00ednpada Szervez\u0151: Knji\u017enica \u2013 Kulturni center Lendava \u2013 Lendvai K\u00f6nyvt\u00e1r \u00e9s Kultur\u00e1lis K\u00f6zpont Az Eur\u00f3pai Zsid\u00f3 Kult\u00fara Napjai 2021-ben Kontra kvartet Vesna \u010cobal, heged\u0171 Daniel Marini\u010d, harmonika Branko Smrtnik, nagyb\u0151g\u0151 Domen Marn, klarin\u00e9t\/Petar Mari\u0107, git\u00e1ros A Kontra Kvartet egy akusztikus [&hellip;]<\/p>\n","protected":false},"author":2,"featured_media":4181,"parent":0,"menu_order":0,"comment_status":"closed","ping_status":"closed","template":"","meta":{"footnotes":""},"class_list":["post-4493","page","type-page","status-publish","has-post-thumbnail","hentry","post","post-with-thumbnail","post-with-thumbnail-icon"],"_links":{"self":[{"href":"https:\/\/www1.kkl.si\/hu\/wp-json\/wp\/v2\/pages\/4493","targetHints":{"allow":["GET"]}}],"collection":[{"href":"https:\/\/www1.kkl.si\/hu\/wp-json\/wp\/v2\/pages"}],"about":[{"href":"https:\/\/www1.kkl.si\/hu\/wp-json\/wp\/v2\/types\/page"}],"author":[{"embeddable":true,"href":"https:\/\/www1.kkl.si\/hu\/wp-json\/wp\/v2\/users\/2"}],"replies":[{"embeddable":true,"href":"https:\/\/www1.kkl.si\/hu\/wp-json\/wp\/v2\/comments?post=4493"}],"version-history":[{"count":1,"href":"https:\/\/www1.kkl.si\/hu\/wp-json\/wp\/v2\/pages\/4493\/revisions"}],"predecessor-version":[{"id":4494,"href":"https:\/\/www1.kkl.si\/hu\/wp-json\/wp\/v2\/pages\/4493\/revisions\/4494"}],"wp:featuredmedia":[{"embeddable":true,"href":"https:\/\/www1.kkl.si\/hu\/wp-json\/wp\/v2\/media\/4181"}],"wp:attachment":[{"href":"https:\/\/www1.kkl.si\/hu\/wp-json\/wp\/v2\/media?parent=4493"}],"curies":[{"name":"wp","href":"https:\/\/api.w.org\/{rel}","templated":true}]}}