{"id":4503,"date":"2021-08-31T13:52:06","date_gmt":"2021-08-31T11:52:06","guid":{"rendered":"https:\/\/www1.kkl.si\/?page_id=4503"},"modified":"2021-08-31T13:53:21","modified_gmt":"2021-08-31T11:53:21","slug":"hajos-izso-emlekezete-es-emlekezethelyei","status":"publish","type":"page","link":"https:\/\/www1.kkl.si\/hu\/hajos-izso-emlekezete-es-emlekezethelyei\/","title":{"rendered":"Haj\u00f3s Izs\u00f3 eml\u00e9kezete \u00e9s eml\u00e9kezethelyei"},"content":{"rendered":"<div><img loading=\"lazy\" decoding=\"async\" class=\"izrez alignnone wp-image-4388\" src=\"https:\/\/www1.kkl.si\/wp-content\/uploads\/2021\/08\/2021-09-05_EDJK2021_slo-1500x400.png\" alt=\"\" width=\"1200\" height=\"320\" srcset=\"https:\/\/www1.kkl.si\/wp-content\/uploads\/2021\/08\/2021-09-05_EDJK2021_slo.png 1500w, https:\/\/www1.kkl.si\/wp-content\/uploads\/2021\/08\/2021-09-05_EDJK2021_slo-400x107.png 400w\" sizes=\"auto, (max-width: 1200px) 100vw, 1200px\" \/><\/div>\n<div class=\"opis\"><strong><img loading=\"lazy\" decoding=\"async\" class=\"wp-image-1588 alignright\" title=\"Ingyenes rendezv\u00e9ny\" src=\"https:\/\/www1.kkl.si\/wp-content\/uploads\/\/2020\/07\/spored_simb_brezplacna-1.svg\" sizes=\"auto, (max-width: 40px) 100vw, 40px\" srcset=\"https:\/\/www1.kkl.si\/wp-content\/uploads\/\/2020\/07\/spored_simb_brezplacna-1.svg 150w, https:\/\/www1.kkl.si\/wp-content\/uploads\/\/2020\/07\/spored_simb_brezplacna-1.svg 400w, https:\/\/www1.kkl.si\/wp-content\/uploads\/\/2020\/07\/spored_simb_brezplacna-1.svg 1500w, https:\/\/www1.kkl.si\/wp-content\/uploads\/\/2020\/07\/spored_simb_brezplacna-1.svg 100w\" alt=\"brezplacna\" width=\"40\" height=\"40\" \/><i class=\"fas fa-calendar\"><\/i> 2021. 9. 7. kedd | <span class=\"zanr\">el\u0151ad\u00e1s, besz\u00e9lget\u00e9s<\/span><br \/>\n<i class=\"fas fa-clock\"><\/i> 18.00<br \/>\n<\/strong><i class=\"fas fa-map-marker\"><\/i> Helysz\u00edn: Lendvai Zsinag\u00f3ga<br \/>\n<i class=\"fas fa-chevron-circle-right\"><\/i> Szervez\u0151: <a href=\"https:\/\/www.kkl.si\/\">Knji\u017enica \u2013 Kulturni center Lendava \u2013 Lendvai K\u00f6nyvt\u00e1r \u00e9s Kultur\u00e1lis K\u00f6zpont<\/a><\/div>\n<p>Az Eur\u00f3pai Zsid\u00f3 Kult\u00fara Napjai 2021-ben<strong><\/p>\n<p><span style=\"font-size: 24px;\">Haj\u00f3s Izs\u00f3 eml\u00e9kezete \u00e9s eml\u00e9kezethelyei<\/span><\/strong>\u00a0<br \/>\n<strong>besz\u00e9lget\u00e9s Dr. Z\u00e1gorec-Csuka Judit \u00e9s Dejan S\u00fc\u010d kutat\u00f3kkal<\/strong><\/p>\n<p>Haj\u00f3s Izs\u00f3 minden bizonnyal Als\u00f3lendva kult\u00fart\u00f6rt\u00e9net\u00e9nek egyik leg\u00e9rdekesebb alakja volt. B\u00e1r csak n\u00e9h\u00e1ny \u00e9vet \u00e9lt a v\u00e1rosban, m\u00e9gis egyed\u00fcl\u00e1ll\u00f3 irodalmi \u00f6r\u00f6ks\u00e9get hagyott h\u00e1tra, amelyet Dr. Z\u00e1gorec Csuka Judit \u00edr\u00f3, kutat\u00f3 mutat be. <\/p>\n<p>Haj\u00f3s Isa csal\u00e1di h\u00e1tter\u00e9t \u00e9s \u00e9lett\u00f6rt\u00e9net\u00e9t Dejan S\u00fc\u010d t\u00f6rt\u00e9n\u00e9sz mutatja be.<\/p>\n<p>&nbsp;<\/p>\n\n\t\t<style type=\"text\/css\">\n\t\t\t#gallery-1 {\n\t\t\t\tmargin: auto;\n\t\t\t}\n\t\t\t#gallery-1 .gallery-item {\n\t\t\t\tfloat: left;\n\t\t\t\tmargin-top: 10px;\n\t\t\t\ttext-align: center;\n\t\t\t\twidth: 50%;\n\t\t\t}\n\t\t\t#gallery-1 img {\n\t\t\t\tborder: 2px solid #cfcfcf;\n\t\t\t}\n\t\t\t#gallery-1 .gallery-caption {\n\t\t\t\tmargin-left: 0;\n\t\t\t}\n\t\t\t\/* see gallery_shortcode() in wp-includes\/media.php *\/\n\t\t<\/style>\n\t\t<div id='gallery-1' class='gallery galleryid-4503 gallery-columns-2 gallery-size-medium'><dl class='gallery-item'>\n\t\t\t<dt class='gallery-icon portrait'>\n\t\t\t\t<a href='https:\/\/www1.kkl.si\/wp-content\/uploads\/2021\/08\/hajos_izso.jpg'><img loading=\"lazy\" decoding=\"async\" width=\"289\" height=\"400\" src=\"https:\/\/www1.kkl.si\/wp-content\/uploads\/2021\/08\/hajos_izso-289x400.jpg\" class=\"attachment-medium size-medium\" alt=\"\" srcset=\"https:\/\/www1.kkl.si\/wp-content\/uploads\/2021\/08\/hajos_izso-289x400.jpg 289w, https:\/\/www1.kkl.si\/wp-content\/uploads\/2021\/08\/hajos_izso.jpg 1000w\" sizes=\"auto, (max-width: 289px) 100vw, 289px\" \/><\/a>\n\t\t\t<\/dt><\/dl><dl class='gallery-item'>\n\t\t\t<dt class='gallery-icon portrait'>\n\t\t\t\t<a href='https:\/\/www1.kkl.si\/wp-content\/uploads\/2021\/08\/plakat_OKNO_EDJK_2021_splet.jpg'><img loading=\"lazy\" decoding=\"async\" width=\"246\" height=\"400\" src=\"https:\/\/www1.kkl.si\/wp-content\/uploads\/2021\/08\/plakat_OKNO_EDJK_2021_splet-246x400.jpg\" class=\"attachment-medium size-medium\" alt=\"\" srcset=\"https:\/\/www1.kkl.si\/wp-content\/uploads\/2021\/08\/plakat_OKNO_EDJK_2021_splet-246x400.jpg 246w, https:\/\/www1.kkl.si\/wp-content\/uploads\/2021\/08\/plakat_OKNO_EDJK_2021_splet-923x1500.jpg 923w, https:\/\/www1.kkl.si\/wp-content\/uploads\/2021\/08\/plakat_OKNO_EDJK_2021_splet.jpg 1230w\" sizes=\"auto, (max-width: 246px) 100vw, 246px\" \/><\/a>\n\t\t\t<\/dt><\/dl><br style=\"clear: both\" \/>\n\t\t<\/div>\n\n<p>&nbsp;<\/p>\n","protected":false},"excerpt":{"rendered":"<p>2021. 9. 7. kedd | el\u0151ad\u00e1s, besz\u00e9lget\u00e9s 18.00 Helysz\u00edn: Lendvai Zsinag\u00f3ga Szervez\u0151: Knji\u017enica \u2013 Kulturni center Lendava \u2013 Lendvai K\u00f6nyvt\u00e1r \u00e9s Kultur\u00e1lis K\u00f6zpont Az Eur\u00f3pai Zsid\u00f3 Kult\u00fara Napjai 2021-ben Haj\u00f3s Izs\u00f3 eml\u00e9kezete \u00e9s eml\u00e9kezethelyei\u00a0 besz\u00e9lget\u00e9s Dr. Z\u00e1gorec-Csuka Judit \u00e9s Dejan S\u00fc\u010d kutat\u00f3kkal Haj\u00f3s Izs\u00f3 minden bizonnyal Als\u00f3lendva kult\u00fart\u00f6rt\u00e9net\u00e9nek egyik leg\u00e9rdekesebb alakja volt. B\u00e1r csak n\u00e9h\u00e1ny [&hellip;]<\/p>\n","protected":false},"author":2,"featured_media":4361,"parent":0,"menu_order":0,"comment_status":"closed","ping_status":"closed","template":"","meta":{"footnotes":""},"class_list":["post-4503","page","type-page","status-publish","has-post-thumbnail","hentry","post","post-with-thumbnail","post-with-thumbnail-icon"],"_links":{"self":[{"href":"https:\/\/www1.kkl.si\/hu\/wp-json\/wp\/v2\/pages\/4503","targetHints":{"allow":["GET"]}}],"collection":[{"href":"https:\/\/www1.kkl.si\/hu\/wp-json\/wp\/v2\/pages"}],"about":[{"href":"https:\/\/www1.kkl.si\/hu\/wp-json\/wp\/v2\/types\/page"}],"author":[{"embeddable":true,"href":"https:\/\/www1.kkl.si\/hu\/wp-json\/wp\/v2\/users\/2"}],"replies":[{"embeddable":true,"href":"https:\/\/www1.kkl.si\/hu\/wp-json\/wp\/v2\/comments?post=4503"}],"version-history":[{"count":3,"href":"https:\/\/www1.kkl.si\/hu\/wp-json\/wp\/v2\/pages\/4503\/revisions"}],"predecessor-version":[{"id":4506,"href":"https:\/\/www1.kkl.si\/hu\/wp-json\/wp\/v2\/pages\/4503\/revisions\/4506"}],"wp:featuredmedia":[{"embeddable":true,"href":"https:\/\/www1.kkl.si\/hu\/wp-json\/wp\/v2\/media\/4361"}],"wp:attachment":[{"href":"https:\/\/www1.kkl.si\/hu\/wp-json\/wp\/v2\/media?parent=4503"}],"curies":[{"name":"wp","href":"https:\/\/api.w.org\/{rel}","templated":true}]}}