{"id":4566,"date":"2021-09-03T11:37:12","date_gmt":"2021-09-03T09:37:12","guid":{"rendered":"https:\/\/www1.kkl.si\/?page_id=4566"},"modified":"2021-09-03T13:31:24","modified_gmt":"2021-09-03T11:31:24","slug":"vokalni-ansambel-elinor-enekkar","status":"publish","type":"page","link":"https:\/\/www1.kkl.si\/hu\/vokalni-ansambel-elinor-enekkar\/","title":{"rendered":"Vokalni ansambel Elinor (\u00e9nekkar)"},"content":{"rendered":"<div><img loading=\"lazy\" decoding=\"async\" class=\"izrez alignnone wp-image-4542 size-full\" src=\"https:\/\/www1.kkl.si\/wp-content\/uploads\/2021\/09\/elinor_glava.jpg\" alt=\"\" width=\"1200\" height=\"300\" srcset=\"https:\/\/www1.kkl.si\/wp-content\/uploads\/2021\/09\/elinor_glava.jpg 1200w, https:\/\/www1.kkl.si\/wp-content\/uploads\/2021\/09\/elinor_glava-400x100.jpg 400w\" sizes=\"auto, (max-width: 1200px) 100vw, 1200px\" \/><\/div>\n<div class=\"opis\"><strong> <img loading=\"lazy\" decoding=\"async\" class=\"wp-image-1588 alignright\" title=\"Ingyenes rendezv\u00e9ny\" src=\"https:\/\/www1.kkl.si\/wp-content\/uploads\/\/2020\/07\/spored_simb_brezplacna-1.svg\" sizes=\"auto, (max-width: 40px) 100vw, 40px\" srcset=\"https:\/\/www1.kkl.si\/wp-content\/uploads\/\/2020\/07\/spored_simb_brezplacna-1.svg 150w, https:\/\/www1.kkl.si\/wp-content\/uploads\/\/2020\/07\/spored_simb_brezplacna-1.svg 400w, https:\/\/www1.kkl.si\/wp-content\/uploads\/\/2020\/07\/spored_simb_brezplacna-1.svg 1500w, https:\/\/www1.kkl.si\/wp-content\/uploads\/\/2020\/07\/spored_simb_brezplacna-1.svg 100w\" alt=\"brezplacna\" width=\"40\" height=\"40\" \/><i class=\"fas fa-calendar\"><\/i> 2021. 9. 9. cs\u00fct\u00f6rt\u00f6k | <span class=\"zanr\">koncert<\/span><br \/>\n<i class=\"fas fa-clock\"><\/i> 19.00<br \/>\n<\/strong><i class=\"fas fa-map-marker\"><\/i> Helysz\u00edn: Lendvai Zsinag\u00f3ga<br \/>\n<i class=\"fas fa-chevron-circle-right\"><\/i> Szervez\u0151: <a href=\"https:\/\/www.kkl.si\/\">Knji\u017enica \u2013 Kulturni center Lendava \u2013 Lendvai K\u00f6nyvt\u00e1r \u00e9s Kultur\u00e1lis K\u00f6zpont<\/a> <br \/>\n<i class=\"fas fa-ticket-alt\"><\/i> Ingyenes bel\u00e9p\u00e9s<\/div>\n<p><span style=\"font-size: 24px;\"><a href=\"https:\/\/www1.kkl.si\/wp-content\/uploads\/2021\/07\/plakat_B2_poleti_v_lendavo_filmi_2021_1500px.jpg\" data-lbwps-width=\"1222\" data-lbwps-height=\"1700\" data-lbwps-srcsmall=\"https:\/\/www1.kkl.si\/wp-content\/uploads\/2021\/07\/plakat_B2_poleti_v_lendavo_filmi_2021_1500px-288x400.jpg\"><img loading=\"lazy\" decoding=\"async\" class=\"slika alignright wp-image-3389 size-medium\" src=\"https:\/\/www1.kkl.si\/wp-content\/uploads\/2021\/07\/plakat_B2_poleti_v_lendavo_filmi_2021_1500px-288x400.jpg\" alt=\"\" width=\"288\" height=\"400\" srcset=\"https:\/\/www1.kkl.si\/wp-content\/uploads\/2021\/07\/plakat_B2_poleti_v_lendavo_filmi_2021_1500px-288x400.jpg 288w, https:\/\/www1.kkl.si\/wp-content\/uploads\/2021\/07\/plakat_B2_poleti_v_lendavo_filmi_2021_1500px-1078x1500.jpg 1078w, https:\/\/www1.kkl.si\/wp-content\/uploads\/2021\/07\/plakat_B2_poleti_v_lendavo_filmi_2021_1500px.jpg 1222w\" sizes=\"auto, (max-width: 288px) 100vw, 288px\" \/><\/a>KONCERT \/<strong> TRENUTEK (PILLANAT)<\/strong><\/span><br \/>\n<em><span style=\"font-size: 24px;\">Szlov\u00e9n szerz\u0151k megzen\u00e9s\u00edtett versei<\/span><\/em><\/p>\n<p>Az Elinor \u00c9nekegy\u00fcttes a maribori Irgalmas Anya Bazilika \u00e9gisze alatt m\u0171k\u00f6dik. Az \u00f6sszegy\u0171lt \u00e9nekesek olyan koncertm\u0171sorokat adnak el\u0151, amelyek alkalmasak szakr\u00e1lis, protokoll\u00e1ris, koncert- \u00e9s egy\u00e9b rendezv\u00e9nyek sz\u00ednvonal\u00e1nak gazdag\u00edt\u00e1s\u00e1ra. Az egy\u00fcttes Robert Fegu\u0161 m\u0171v\u00e9szeti vezet\u00e9s\u00e9vel olyan \u00e9nekesi teljes\u00edtm\u00e9nyre t\u00f6rekszik, amely lehet\u0151v\u00e9 teszi tematikusan csoportos\u00edtott m\u0171sorok r\u00f6gz\u00edt\u00e9s\u00e9t, kiv\u00e1l\u00f3 termekben val\u00f3 koncertez\u00e9st, valamint hazai \u00e9s nemzetk\u00f6zi zenei fesztiv\u00e1lokon val\u00f3 r\u00e9szv\u00e9telt.<\/p>\n<p><strong>AZ \u00c9NEKKAR TAGJAI<br \/>\n<\/strong><\/p>\n<p>Pia Rener &#8211; szopr\u00e1n<br \/>\nAldina Clarisa Ban &#8211; alt, 3<br \/>\nLea Arnej\u010di\u010d &#8211; alt<br \/>\nLuka Gojko\u0161ek &#8211; bariton<br \/>\nKristjan Furman &#8211; bassszus<br \/>\nRobert Fegu\u0161 &#8211; tenor<br \/>\nMarko \u017dagar &#8211; bassszus<\/p>\n<p><strong>PROGRAM<\/strong><\/p>\n<p>A programban Sre\u010dko Kosovel, Josip Murna, Anton Medved, Tone Kuntner \u00e9s Anton Martin Slom\u0161ek versei szerepelnek.<\/p>\n<p>A k\u00f6lt\u0151i nyelvet helyi szlov\u00e9n zeneszerz\u0151k zen\u00e9s\u00edtett\u00e9k meg: Marij Kogoj, Vilko Ukmar, Samo Vrem\u0161ak, Alojz Srebotnjak, Anton Lajovic \u00e9s Luka Gojko\u0161ek.<\/p>\n<p>VIDE\u00d3<\/p>\n<div class=\"_90jj\"><i class=\"fab fa-facebook-square\"><\/i> <a href=\"http:\/\/www.facebook.com\/watch\/?v=574518793215004\">www.facebook.com\/watch\/?v=574518793215004<\/a><\/div>\n<div>\n<div class=\"_90jj\"><i class=\"fab fa-facebook-square\"><\/i> <a href=\"https:\/\/www.facebook.com\/elinor.ensemble\/videos\/574518793215004\/\">https:\/\/www.facebook.com\/elinor.ensemble\/videos\/574518793215004\/<\/a><\/div>\n<\/div>\n<p><iframe loading=\"lazy\" src=\"\/\/player.vimeo.com\/video\/487539367?title=0&amp;amp;byline=0\" width=\"1200\" height=\"670\" allowfullscreen=\"allowfullscreen\" data-mce-fragment=\"1\"><span style=\"display: inline-block; width: 0px; overflow: hidden; line-height: 0;\" data-mce-type=\"bookmark\" class=\"mce_SELRES_start\">\ufeff<\/span><span style=\"display: inline-block; width: 0px; overflow: hidden; line-height: 0;\" data-mce-type=\"bookmark\" class=\"mce_SELRES_start\">\ufeff<\/span><span style=\"display: inline-block; width: 0px; overflow: hidden; line-height: 0;\" data-mce-type=\"bookmark\" class=\"mce_SELRES_start\">\ufeff<\/span><\/iframe><\/p>\n<hr \/>\n<p><i class=\"fas fa-link\"><\/i> <a href=\"https:\/\/petje.pro\/ansambel\/dobrodosli.html\">https:\/\/petje.pro\/ansambel\/dobrodosli.html<\/a><\/p>\n<hr \/>\n<p>FOTOGRAFIJE\/F\u00c9NYK\u00c9PEK<\/p>\n\n\t\t<style type=\"text\/css\">\n\t\t\t#gallery-1 {\n\t\t\t\tmargin: auto;\n\t\t\t}\n\t\t\t#gallery-1 .gallery-item {\n\t\t\t\tfloat: left;\n\t\t\t\tmargin-top: 10px;\n\t\t\t\ttext-align: center;\n\t\t\t\twidth: 33%;\n\t\t\t}\n\t\t\t#gallery-1 img {\n\t\t\t\tborder: 2px solid #cfcfcf;\n\t\t\t}\n\t\t\t#gallery-1 .gallery-caption {\n\t\t\t\tmargin-left: 0;\n\t\t\t}\n\t\t\t\/* see gallery_shortcode() in wp-includes\/media.php *\/\n\t\t<\/style>\n\t\t<div id='gallery-1' class='gallery galleryid-4566 gallery-columns-3 gallery-size-thumbnail'><dl class='gallery-item'>\n\t\t\t<dt class='gallery-icon landscape'>\n\t\t\t\t<a href='https:\/\/www1.kkl.si\/wp-content\/uploads\/2021\/09\/elinor.jpg'><img loading=\"lazy\" decoding=\"async\" width=\"150\" height=\"150\" src=\"https:\/\/www1.kkl.si\/wp-content\/uploads\/2021\/09\/elinor-150x150.jpg\" class=\"attachment-thumbnail size-thumbnail\" alt=\"\" \/><\/a>\n\t\t\t<\/dt><\/dl><dl class='gallery-item'>\n\t\t\t<dt class='gallery-icon landscape'>\n\t\t\t\t<a href='https:\/\/www1.kkl.si\/wp-content\/uploads\/2021\/09\/elinor_slika.png'><img loading=\"lazy\" decoding=\"async\" width=\"150\" height=\"150\" src=\"https:\/\/www1.kkl.si\/wp-content\/uploads\/2021\/09\/elinor_slika-150x150.png\" class=\"attachment-thumbnail size-thumbnail\" alt=\"\" srcset=\"https:\/\/www1.kkl.si\/wp-content\/uploads\/2021\/09\/elinor_slika-150x150.png 150w, https:\/\/www1.kkl.si\/wp-content\/uploads\/2021\/09\/elinor_slika-400x400.png 400w, https:\/\/www1.kkl.si\/wp-content\/uploads\/2021\/09\/elinor_slika-1500x1500.png 1500w, https:\/\/www1.kkl.si\/wp-content\/uploads\/2021\/09\/elinor_slika.png 1734w\" sizes=\"auto, (max-width: 150px) 100vw, 150px\" \/><\/a>\n\t\t\t<\/dt><\/dl><dl class='gallery-item'>\n\t\t\t<dt class='gallery-icon landscape'>\n\t\t\t\t<a href='https:\/\/www1.kkl.si\/wp-content\/uploads\/2021\/09\/vokalni_ansambel_elinor1.jpg'><img loading=\"lazy\" decoding=\"async\" width=\"150\" height=\"150\" src=\"https:\/\/www1.kkl.si\/wp-content\/uploads\/2021\/09\/vokalni_ansambel_elinor1-150x150.jpg\" class=\"attachment-thumbnail size-thumbnail\" alt=\"\" \/><\/a>\n\t\t\t<\/dt><\/dl><br style=\"clear: both\" \/>\n\t\t<\/div>\n\n<p><img loading=\"lazy\" decoding=\"async\" class=\"alignnone wp-image-3493\" src=\"https:\/\/www1.kkl.si\/wp-content\/uploads\/2021\/07\/2021_07_27_poleti_v_lendavo_2021_2plakat.png\" alt=\"\" width=\"1200\" height=\"320\" srcset=\"https:\/\/www1.kkl.si\/wp-content\/uploads\/2021\/07\/2021_07_27_poleti_v_lendavo_2021_2plakat.png 1500w, https:\/\/www1.kkl.si\/wp-content\/uploads\/2021\/07\/2021_07_27_poleti_v_lendavo_2021_2plakat-400x107.png 400w\" sizes=\"auto, (max-width: 1200px) 100vw, 1200px\" \/><\/p>\n","protected":false},"excerpt":{"rendered":"<p>2021. 9. 9. cs\u00fct\u00f6rt\u00f6k | koncert 19.00 Helysz\u00edn: Lendvai Zsinag\u00f3ga Szervez\u0151: Knji\u017enica \u2013 Kulturni center Lendava \u2013 Lendvai K\u00f6nyvt\u00e1r \u00e9s Kultur\u00e1lis K\u00f6zpont Ingyenes bel\u00e9p\u00e9s KONCERT \/ TRENUTEK (PILLANAT) Szlov\u00e9n szerz\u0151k megzen\u00e9s\u00edtett versei Az Elinor \u00c9nekegy\u00fcttes a maribori Irgalmas Anya Bazilika \u00e9gisze alatt m\u0171k\u00f6dik. Az \u00f6sszegy\u0171lt \u00e9nekesek olyan koncertm\u0171sorokat adnak el\u0151, amelyek alkalmasak szakr\u00e1lis, protokoll\u00e1ris, koncert- [&hellip;]<\/p>\n","protected":false},"author":2,"featured_media":4548,"parent":0,"menu_order":0,"comment_status":"closed","ping_status":"closed","template":"","meta":{"footnotes":""},"class_list":["post-4566","page","type-page","status-publish","has-post-thumbnail","hentry","post","post-with-thumbnail","post-with-thumbnail-icon"],"_links":{"self":[{"href":"https:\/\/www1.kkl.si\/hu\/wp-json\/wp\/v2\/pages\/4566","targetHints":{"allow":["GET"]}}],"collection":[{"href":"https:\/\/www1.kkl.si\/hu\/wp-json\/wp\/v2\/pages"}],"about":[{"href":"https:\/\/www1.kkl.si\/hu\/wp-json\/wp\/v2\/types\/page"}],"author":[{"embeddable":true,"href":"https:\/\/www1.kkl.si\/hu\/wp-json\/wp\/v2\/users\/2"}],"replies":[{"embeddable":true,"href":"https:\/\/www1.kkl.si\/hu\/wp-json\/wp\/v2\/comments?post=4566"}],"version-history":[{"count":5,"href":"https:\/\/www1.kkl.si\/hu\/wp-json\/wp\/v2\/pages\/4566\/revisions"}],"predecessor-version":[{"id":4580,"href":"https:\/\/www1.kkl.si\/hu\/wp-json\/wp\/v2\/pages\/4566\/revisions\/4580"}],"wp:featuredmedia":[{"embeddable":true,"href":"https:\/\/www1.kkl.si\/hu\/wp-json\/wp\/v2\/media\/4548"}],"wp:attachment":[{"href":"https:\/\/www1.kkl.si\/hu\/wp-json\/wp\/v2\/media?parent=4566"}],"curies":[{"name":"wp","href":"https:\/\/api.w.org\/{rel}","templated":true}]}}