{"id":4766,"date":"2021-09-16T10:47:08","date_gmt":"2021-09-16T08:47:08","guid":{"rendered":"https:\/\/www1.kkl.si\/?page_id=4766"},"modified":"2021-09-21T16:51:43","modified_gmt":"2021-09-21T14:51:43","slug":"sng-drama-maribor-sosedov-sin","status":"publish","type":"page","link":"https:\/\/www1.kkl.si\/hu\/sng-drama-maribor-sosedov-sin\/","title":{"rendered":"SNG DRAMA Maribor: Sosedov sin"},"content":{"rendered":"<div><img loading=\"lazy\" decoding=\"async\" class=\"izrez alignnone wp-image-4684 size-large\" src=\"https:\/\/www1.kkl.si\/wp-content\/uploads\/2021\/09\/sosedov_sin_glava-1200x316.jpg\" alt=\"\" width=\"1200\" height=\"316\" srcset=\"https:\/\/www1.kkl.si\/wp-content\/uploads\/2021\/09\/sosedov_sin_glava.jpg 1200w, https:\/\/www1.kkl.si\/wp-content\/uploads\/2021\/09\/sosedov_sin_glava-400x105.jpg 400w\" sizes=\"auto, (max-width: 1200px) 100vw, 1200px\" \/><\/div>\n<div class=\"opis\"><strong><img loading=\"lazy\" decoding=\"async\" class=\"wp-image-1592 alignright\" title=\"Fizet\u0151s rendezv\u00e9ny\" src=\"https:\/\/www1.kkl.si\/wp-content\/uploads\/\/2020\/07\/spored_simb_placljiva-1.svg\" sizes=\"auto, (max-width: 40px) 100vw, 40px\" srcset=\"https:\/\/www1.kkl.si\/wp-content\/uploads\/\/2020\/07\/spored_simb_placljiva-1.svg 150w, https:\/\/www1.kkl.si\/wp-content\/uploads\/\/2020\/07\/spored_simb_placljiva-1.svg 400w, https:\/\/www1.kkl.si\/wp-content\/uploads\/\/2020\/07\/spored_simb_placljiva-1.svg 1500w, https:\/\/www1.kkl.si\/wp-content\/uploads\/\/2020\/07\/spored_simb_placljiva-1.svg 100w\" alt=\"placljiva\" width=\"40\" height=\"40\" \/><img loading=\"lazy\" decoding=\"async\" class=\"wp-image-1586 alignright\" title=\"Szlov\u00e9n b\u00e9rlet\" src=\"https:\/\/www1.kkl.si\/wp-content\/uploads\/\/2020\/07\/spored_simb_abonma_si-1.svg\" sizes=\"auto, (max-width: 40px) 100vw, 40px\" srcset=\"https:\/\/www1.kkl.si\/wp-content\/uploads\/\/2020\/07\/spored_simb_abonma_si-1.svg 150w, https:\/\/www1.kkl.si\/wp-content\/uploads\/\/2020\/07\/spored_simb_abonma_si-1.svg 400w, https:\/\/www1.kkl.si\/wp-content\/uploads\/\/2020\/07\/spored_simb_abonma_si-1.svg 1500w, https:\/\/www1.kkl.si\/wp-content\/uploads\/\/2020\/07\/spored_simb_abonma_si-1.svg 100w\" alt=\"abonma_si\" width=\"40\" height=\"40\" \/><i class=\"fas fa-calendar\"><\/i> 2021. 9. 25. szombat | <span class=\"zanr\">SZLOV\u00c9N B\u00c9RLET: trag\u00e9dia<\/span><br \/>\n<i class=\"fas fa-clock\"><\/i> 19.00<br \/>\n<\/strong><i class=\"fas fa-ticket-alt\"><\/i> Bel\u00e9p\u0151jegy el\u0151v\u00e9telben: <strong>12,00 \u20ac<\/strong><br \/>\n<i class=\"fas fa-ticket-alt\"><\/i> Az el\u0151ad\u00e1s napj\u00e1n: <strong>15,00 \u20ac<\/strong><br \/>\n<i class=\"fas fa-map-marker\"><\/i> Helysz\u00edn: Lendvai Sz\u00ednh\u00e1z- \u00e9s Hangversenyterem<br \/>\n<i class=\"fas fa-chevron-circle-right\"><\/i> Szervez\u0151: <a href=\"https:\/\/www.kkl.si\/\">Knji\u017enica \u2013 Kulturni center Lendava \u2013 Lendvai K\u00f6nyvt\u00e1r \u00e9s Kultur\u00e1lis K\u00f6zpont<\/a><\/div>\n<p><a href=\"https:\/\/www1.kkl.si\/wp-content\/uploads\/2021\/09\/plakat_OKNO_ABONMA_sosedov_sin_2021.jpg\" data-lbwps-width=\"1845\" data-lbwps-height=\"3000\" data-lbwps-srcsmall=\"https:\/\/www1.kkl.si\/wp-content\/uploads\/2021\/09\/plakat_OKNO_ABONMA_sosedov_sin_2021.jpg\"><img loading=\"lazy\" decoding=\"async\" class=\"alignright size-medium wp-image-4764\" src=\"https:\/\/www1.kkl.si\/wp-content\/uploads\/2021\/09\/plakat_OKNO_ABONMA_sosedov_sin_2021-scaled-246x400.jpg\" alt=\"\" width=\"246\" height=\"400\" srcset=\"https:\/\/www1.kkl.si\/wp-content\/uploads\/2021\/09\/plakat_OKNO_ABONMA_sosedov_sin_2021-scaled-246x400.jpg 246w, https:\/\/www1.kkl.si\/wp-content\/uploads\/2021\/09\/plakat_OKNO_ABONMA_sosedov_sin_2021-scaled-922x1500.jpg 922w, https:\/\/www1.kkl.si\/wp-content\/uploads\/2021\/09\/plakat_OKNO_ABONMA_sosedov_sin_2021-scaled.jpg 1574w\" sizes=\"auto, (max-width: 246px) 100vw, 246px\" \/><\/a>SZLOV\u00c9N LE\u00cdR\u00c1S:<\/p>\n<p>Josip Jur\u010di\u010d<br \/>\n<strong><span style=\"font-size: 28px;\">Sosedov sin<br \/>\n<\/span><\/strong><strong>Re\u017eija:<\/strong> Mateja Kokol<\/p>\n<p><strong>Zasedba<\/strong><br \/>\n<em>Anton Smrekar<\/em> &#8211; Gorazd \u017dilavec<br \/>\n<em>Smrekarica<\/em> &#8211; Eva Kra\u0161<br \/>\n<em>Franica, njuna h\u010di<\/em> &#8211; Julija Klav\u017ear<br \/>\n<em>\u0160tefan Bra\u0161nar, sosedov sin<\/em> &#8211; Viktor Hrvatin Megli\u010d<br \/>\n<em>\u0160tudent, Plu\u017enik, Pogreznik<\/em> &#8211; Vojko Bel\u0161ak<\/p>\n<p>Avtorica odrske priredbe in dramaturginja: Maja Borin<br \/>\nScenograf: Matic Ka\u0161nik<br \/>\nKostumografinja: Suzana Rengeo<br \/>\nSkladatelj in oblikovalec zvoka: Ale\u0161 Zorec (razen pri skladbi Domov avtorica glasbe Ana Nu\u0161a Kalanj, avtor aran\u017emaja Ale\u0161 Zorec, kitara Ana Nu\u0161a Kalanj)<br \/>\nKoreograf: Gaj \u017dmavc<br \/>\nLektorica: Mojca Mari\u010d<br \/>\nOblikovalca svetlobe: Mateja Kokol, Matic Ka\u0161nik<\/p>\n<hr \/>\n<p><em>Uprizoritev ob 140-letnici Jur\u010di\u010deve smrti<\/em><\/p>\n<hr \/>\n<p>Josip Jur\u010di\u010d \u2013 tisti, ki je napisal prvi slovenski roman, tisti, ki je napisal prvo slovensko zgodovinsko tragedijo (prav z njegovim Tugomerjem smo leta 1919 otvorili prvo slovensko poklicno gledali\u0161\u010de v Mariboru), in tisti Jur\u010di\u010d, ki je v Mariboru postal urednik Slovenskega naroda (prvega slovenskega politi\u010dnega dnevnika).<\/p>\n<p>3. maja 2021, na dan 140-letnice Jur\u010di\u010deve smrti, smo za\u010deli z vajami za novo uprizoritev, ki jo je po Jur\u010di\u010devi povesti Sosedov sin priredila dramaturginja Maja Borin. V odrski adaptaciji je ohranila Jur\u010di\u010dev jezik, a postavitev je iz kme\u010dkega okolja preselila v dana\u0161nji, urbani svet. Tako nasproti staremu jeziku, ki ga izgovarjajo povsem sodobni ljudje, vidimo, kako nespremenjene so dileme znotraj medsebojnih, ljubezenskih, dru\u017einskih, statusnih odnosov, ki jih prikazuje Jur\u010di\u010deva \u2013 po mnenju literarnih analitikov \u2013 najbolj\u0161a povest Sosedov sin.<\/p>\n<p>Jur\u010di\u010deva povest govori o Franici, lepi edinki bogatega veljaka Smrekarja, ki se zaljubi v \u0160tefana, sina obubo\u017eanega in zapitega soseda Bra\u0161narja, ki ga njen o\u010de te\u017eko prena\u0161a. Ljubezen uspeta skrivati, vse dokler eden od ljubosumne\u017eev ne objavi njune skrivnosti. Seveda ne mine dolgo, ko mama dobi namig o tem, kaj se dogaja pred njenim nosom. Smrekarica spodbudi o\u010deta, da za\u010dneta razmi\u0161ljati o primernem \u017eeninu, a ne najdeta idealnega soproga za svojo edinko. Nepri\u010dakovano se v izbor samovoljno vklju\u010di sosedov sin \u0160tefan, ki naivno razkrije, da se imata s Franico rada. Anton obto\u017ei \u017eeno, da mu je prikrivala h\u010derkino zvezo, Franici pa prepove, da bi se \u0161e kdaj videla z njim. Popolnoma prepri\u010dan je, da sam najbolje ve, kaj je dobro zanjo, zato jo ho\u010de na vrat na nos poro\u010diti. In ko je \u017ee vse pripravljeno na poroko, ko \u017eenin (po o\u010detovi izbiri) stoji pred oltarjem, Franica poskrbi za preobrat \u2013 pobegne s svoje poroke in izgine. Ko jo najdejo, njeno \u017eivljenje visi na nitki. In prav ta \u010das med \u017eivljenjem in smrtjo, med prisilo in izbiro, med biti in ne biti \u2026 je potreben, da se stvari postavijo tja, kamor spadajo.<\/p>\n<p>Uprizoritev, ki na svojstven na\u010din gradi most med starim in novim, je na Komorni oder postavila inovativna mlada mariborska re\u017eiserka Mateja Kokol. Z ustvarjalno ekipo je ob preizpra\u0161evanju &#8222;Kaj zna\u010di rad imeti, ljubiti?&#8221; v kontrastiranih sti\u010di\u0161\u010dih med ljubeznijo, ljubosumjem in sovra\u0161tvom, rastjo in venenjem, zaupanjem in razo\u010daranjem, ubogljivostjo in uporom gradila most med literaturo in gledali\u0161\u010dem.<\/p>\n<hr \/>\n<p><i class=\"fas fa-link\"><\/i> <a href=\"https:\/\/www.sng-mb.si\/predstave-drama\/sosedov-sin\/\">https:\/\/www.sng-mb.si\/predstave-drama\/sosedov-sin\/<\/a><\/p>\n<hr \/>\n<p>FOTOGALERIJA\/FOT\u00d3GAL\u00c9RIA<\/p>\n\n\t\t<style type=\"text\/css\">\n\t\t\t#gallery-1 {\n\t\t\t\tmargin: auto;\n\t\t\t}\n\t\t\t#gallery-1 .gallery-item {\n\t\t\t\tfloat: left;\n\t\t\t\tmargin-top: 10px;\n\t\t\t\ttext-align: center;\n\t\t\t\twidth: 16%;\n\t\t\t}\n\t\t\t#gallery-1 img {\n\t\t\t\tborder: 2px solid #cfcfcf;\n\t\t\t}\n\t\t\t#gallery-1 .gallery-caption {\n\t\t\t\tmargin-left: 0;\n\t\t\t}\n\t\t\t\/* see gallery_shortcode() in wp-includes\/media.php *\/\n\t\t<\/style>\n\t\t<div id='gallery-1' class='gallery galleryid-4766 gallery-columns-6 gallery-size-thumbnail'><dl class='gallery-item'>\n\t\t\t<dt class='gallery-icon landscape'>\n\t\t\t\t<a href='https:\/\/www1.kkl.si\/wp-content\/uploads\/2021\/09\/sosedov_sin_01.jpg'><img loading=\"lazy\" decoding=\"async\" width=\"150\" height=\"150\" src=\"https:\/\/www1.kkl.si\/wp-content\/uploads\/2021\/09\/sosedov_sin_01-150x150.jpg\" class=\"attachment-thumbnail size-thumbnail\" alt=\"\" \/><\/a>\n\t\t\t<\/dt><\/dl><dl class='gallery-item'>\n\t\t\t<dt class='gallery-icon landscape'>\n\t\t\t\t<a href='https:\/\/www1.kkl.si\/wp-content\/uploads\/2021\/09\/sosedov_sin_02.jpg'><img loading=\"lazy\" decoding=\"async\" width=\"150\" height=\"150\" src=\"https:\/\/www1.kkl.si\/wp-content\/uploads\/2021\/09\/sosedov_sin_02-150x150.jpg\" class=\"attachment-thumbnail size-thumbnail\" alt=\"\" \/><\/a>\n\t\t\t<\/dt><\/dl><dl class='gallery-item'>\n\t\t\t<dt class='gallery-icon landscape'>\n\t\t\t\t<a href='https:\/\/www1.kkl.si\/wp-content\/uploads\/2021\/09\/sosedov_sin_03.jpg'><img loading=\"lazy\" decoding=\"async\" width=\"150\" height=\"150\" src=\"https:\/\/www1.kkl.si\/wp-content\/uploads\/2021\/09\/sosedov_sin_03-150x150.jpg\" class=\"attachment-thumbnail size-thumbnail\" alt=\"\" \/><\/a>\n\t\t\t<\/dt><\/dl><dl class='gallery-item'>\n\t\t\t<dt class='gallery-icon landscape'>\n\t\t\t\t<a href='https:\/\/www1.kkl.si\/wp-content\/uploads\/2021\/09\/sosedov_sin_04.jpg'><img loading=\"lazy\" decoding=\"async\" width=\"150\" height=\"150\" src=\"https:\/\/www1.kkl.si\/wp-content\/uploads\/2021\/09\/sosedov_sin_04-150x150.jpg\" class=\"attachment-thumbnail size-thumbnail\" alt=\"\" \/><\/a>\n\t\t\t<\/dt><\/dl><dl class='gallery-item'>\n\t\t\t<dt class='gallery-icon landscape'>\n\t\t\t\t<a href='https:\/\/www1.kkl.si\/wp-content\/uploads\/2021\/09\/sosedov_sin_05.jpg'><img loading=\"lazy\" decoding=\"async\" width=\"150\" height=\"150\" src=\"https:\/\/www1.kkl.si\/wp-content\/uploads\/2021\/09\/sosedov_sin_05-150x150.jpg\" class=\"attachment-thumbnail size-thumbnail\" alt=\"\" \/><\/a>\n\t\t\t<\/dt><\/dl><dl class='gallery-item'>\n\t\t\t<dt class='gallery-icon landscape'>\n\t\t\t\t<a href='https:\/\/www1.kkl.si\/wp-content\/uploads\/2021\/09\/sosedov_sin_06.jpg'><img loading=\"lazy\" decoding=\"async\" width=\"150\" height=\"150\" src=\"https:\/\/www1.kkl.si\/wp-content\/uploads\/2021\/09\/sosedov_sin_06-150x150.jpg\" class=\"attachment-thumbnail size-thumbnail\" alt=\"\" \/><\/a>\n\t\t\t<\/dt><\/dl><br style=\"clear: both\" \/><dl class='gallery-item'>\n\t\t\t<dt class='gallery-icon landscape'>\n\t\t\t\t<a href='https:\/\/www1.kkl.si\/wp-content\/uploads\/2021\/09\/sosedov_sin_07.jpg'><img loading=\"lazy\" decoding=\"async\" width=\"150\" height=\"150\" src=\"https:\/\/www1.kkl.si\/wp-content\/uploads\/2021\/09\/sosedov_sin_07-150x150.jpg\" class=\"attachment-thumbnail size-thumbnail\" alt=\"\" \/><\/a>\n\t\t\t<\/dt><\/dl><dl class='gallery-item'>\n\t\t\t<dt class='gallery-icon landscape'>\n\t\t\t\t<a href='https:\/\/www1.kkl.si\/wp-content\/uploads\/2021\/09\/sosedov_sin_08.jpg'><img loading=\"lazy\" decoding=\"async\" width=\"150\" height=\"150\" src=\"https:\/\/www1.kkl.si\/wp-content\/uploads\/2021\/09\/sosedov_sin_08-150x150.jpg\" class=\"attachment-thumbnail size-thumbnail\" alt=\"\" \/><\/a>\n\t\t\t<\/dt><\/dl><dl class='gallery-item'>\n\t\t\t<dt class='gallery-icon landscape'>\n\t\t\t\t<a href='https:\/\/www1.kkl.si\/wp-content\/uploads\/2021\/09\/sosedov_sin_09.jpg'><img loading=\"lazy\" decoding=\"async\" width=\"150\" height=\"150\" src=\"https:\/\/www1.kkl.si\/wp-content\/uploads\/2021\/09\/sosedov_sin_09-150x150.jpg\" class=\"attachment-thumbnail size-thumbnail\" alt=\"\" \/><\/a>\n\t\t\t<\/dt><\/dl><dl class='gallery-item'>\n\t\t\t<dt class='gallery-icon landscape'>\n\t\t\t\t<a href='https:\/\/www1.kkl.si\/wp-content\/uploads\/2021\/09\/sosedov_sin_10.jpg'><img loading=\"lazy\" decoding=\"async\" width=\"150\" height=\"150\" src=\"https:\/\/www1.kkl.si\/wp-content\/uploads\/2021\/09\/sosedov_sin_10-150x150.jpg\" class=\"attachment-thumbnail size-thumbnail\" alt=\"\" \/><\/a>\n\t\t\t<\/dt><\/dl><dl class='gallery-item'>\n\t\t\t<dt class='gallery-icon landscape'>\n\t\t\t\t<a href='https:\/\/www1.kkl.si\/wp-content\/uploads\/2021\/09\/sosedov_sin_11.jpg'><img loading=\"lazy\" decoding=\"async\" width=\"150\" height=\"150\" src=\"https:\/\/www1.kkl.si\/wp-content\/uploads\/2021\/09\/sosedov_sin_11-150x150.jpg\" class=\"attachment-thumbnail size-thumbnail\" alt=\"\" \/><\/a>\n\t\t\t<\/dt><\/dl><dl class='gallery-item'>\n\t\t\t<dt class='gallery-icon landscape'>\n\t\t\t\t<a href='https:\/\/www1.kkl.si\/wp-content\/uploads\/2021\/09\/sosedov_sin_12.jpg'><img loading=\"lazy\" decoding=\"async\" width=\"150\" height=\"150\" src=\"https:\/\/www1.kkl.si\/wp-content\/uploads\/2021\/09\/sosedov_sin_12-150x150.jpg\" class=\"attachment-thumbnail size-thumbnail\" alt=\"\" \/><\/a>\n\t\t\t<\/dt><\/dl><br style=\"clear: both\" \/><dl class='gallery-item'>\n\t\t\t<dt class='gallery-icon landscape'>\n\t\t\t\t<a href='https:\/\/www1.kkl.si\/wp-content\/uploads\/2021\/09\/sosedov_sin_13.jpg'><img loading=\"lazy\" decoding=\"async\" width=\"150\" height=\"150\" src=\"https:\/\/www1.kkl.si\/wp-content\/uploads\/2021\/09\/sosedov_sin_13-150x150.jpg\" class=\"attachment-thumbnail size-thumbnail\" alt=\"\" \/><\/a>\n\t\t\t<\/dt><\/dl><dl class='gallery-item'>\n\t\t\t<dt class='gallery-icon landscape'>\n\t\t\t\t<a href='https:\/\/www1.kkl.si\/wp-content\/uploads\/2021\/09\/sosedov_sin_14.jpg'><img loading=\"lazy\" decoding=\"async\" width=\"150\" height=\"150\" src=\"https:\/\/www1.kkl.si\/wp-content\/uploads\/2021\/09\/sosedov_sin_14-150x150.jpg\" class=\"attachment-thumbnail size-thumbnail\" alt=\"\" \/><\/a>\n\t\t\t<\/dt><\/dl><dl class='gallery-item'>\n\t\t\t<dt class='gallery-icon landscape'>\n\t\t\t\t<a href='https:\/\/www1.kkl.si\/wp-content\/uploads\/2021\/09\/sosedov_sin_15.jpg'><img loading=\"lazy\" decoding=\"async\" width=\"150\" height=\"150\" src=\"https:\/\/www1.kkl.si\/wp-content\/uploads\/2021\/09\/sosedov_sin_15-150x150.jpg\" class=\"attachment-thumbnail size-thumbnail\" alt=\"\" \/><\/a>\n\t\t\t<\/dt><\/dl><dl class='gallery-item'>\n\t\t\t<dt class='gallery-icon landscape'>\n\t\t\t\t<a href='https:\/\/www1.kkl.si\/wp-content\/uploads\/2021\/09\/sosedov_sin_16.jpg'><img loading=\"lazy\" decoding=\"async\" width=\"150\" height=\"150\" src=\"https:\/\/www1.kkl.si\/wp-content\/uploads\/2021\/09\/sosedov_sin_16-150x150.jpg\" class=\"attachment-thumbnail size-thumbnail\" alt=\"\" \/><\/a>\n\t\t\t<\/dt><\/dl>\n\t\t\t<br style='clear: both' \/>\n\t\t<\/div>\n\n<p><span style=\"font-size: 12px;\">Fotografije\/f\u00e9nyk\u00e9pek: Peter Giodani<\/span><\/p>\n<hr \/>\n<p>BEL\u00c9P\u00c9S CSAK AZ <a href=\"https:\/\/www1.kkl.si\/hu\/a-szinhaz-es-hangversenyteremben-a-tartozkodas-csak-az-aot-felteteleknek-eleget-tevo-szemelyek-reszere-lehetseges\/\">\u00c1OT FELT\u00c9TELEKNEK<\/a> ELEGET TEV\u0150 SZEM\u00c9LYEK R\u00c9SZ\u00c9RE LEHETS\u00c9GES!<\/p>\n<p><a href=\"https:\/\/www1.kkl.si\/wp-content\/uploads\/\/2021\/09\/PCT_pogoji_napis_GKD_Lendava_HU-1.svg\" data-lbwps-width=\"3544\" data-lbwps-height=\"2902\" data-lbwps-srcsmall=\"https:\/\/www1.kkl.si\/wp-content\/uploads\/\/2021\/09\/PCT_pogoji_napis_GKD_Lendava_HU-1.svg\"><img loading=\"lazy\" decoding=\"async\" class=\"size-medium wp-image-4799 alignleft\" src=\"https:\/\/www1.kkl.si\/wp-content\/uploads\/\/2021\/09\/PCT_pogoji_napis_GKD_Lendava_HU-1.svg\" alt=\"\" width=\"400\" height=\"400\" srcset=\"https:\/\/www1.kkl.si\/wp-content\/uploads\/\/2021\/09\/PCT_pogoji_napis_GKD_Lendava_HU-1.svg 150w, https:\/\/www1.kkl.si\/wp-content\/uploads\/\/2021\/09\/PCT_pogoji_napis_GKD_Lendava_HU-1.svg 400w, https:\/\/www1.kkl.si\/wp-content\/uploads\/\/2021\/09\/PCT_pogoji_napis_GKD_Lendava_HU-1.svg 1500w, https:\/\/www1.kkl.si\/wp-content\/uploads\/\/2021\/09\/PCT_pogoji_napis_GKD_Lendava_HU-1.svg 100w\" sizes=\"auto, (max-width: 400px) 100vw, 400px\" \/><\/a><\/p>\n","protected":false},"excerpt":{"rendered":"<p>2021. 9. 25. szombat | SZLOV\u00c9N B\u00c9RLET: trag\u00e9dia 19.00 Bel\u00e9p\u0151jegy el\u0151v\u00e9telben: 12,00 \u20ac Az el\u0151ad\u00e1s napj\u00e1n: 15,00 \u20ac Helysz\u00edn: Lendvai Sz\u00ednh\u00e1z- \u00e9s Hangversenyterem Szervez\u0151: Knji\u017enica \u2013 Kulturni center Lendava \u2013 Lendvai K\u00f6nyvt\u00e1r \u00e9s Kultur\u00e1lis K\u00f6zpont SZLOV\u00c9N LE\u00cdR\u00c1S: Josip Jur\u010di\u010d Sosedov sin Re\u017eija: Mateja Kokol Zasedba Anton Smrekar &#8211; Gorazd \u017dilavec Smrekarica &#8211; Eva Kra\u0161 Franica, [&hellip;]<\/p>\n","protected":false},"author":2,"featured_media":4710,"parent":0,"menu_order":0,"comment_status":"closed","ping_status":"closed","template":"","meta":{"footnotes":""},"class_list":["post-4766","page","type-page","status-publish","has-post-thumbnail","hentry","post","post-with-thumbnail","post-with-thumbnail-icon"],"_links":{"self":[{"href":"https:\/\/www1.kkl.si\/hu\/wp-json\/wp\/v2\/pages\/4766","targetHints":{"allow":["GET"]}}],"collection":[{"href":"https:\/\/www1.kkl.si\/hu\/wp-json\/wp\/v2\/pages"}],"about":[{"href":"https:\/\/www1.kkl.si\/hu\/wp-json\/wp\/v2\/types\/page"}],"author":[{"embeddable":true,"href":"https:\/\/www1.kkl.si\/hu\/wp-json\/wp\/v2\/users\/2"}],"replies":[{"embeddable":true,"href":"https:\/\/www1.kkl.si\/hu\/wp-json\/wp\/v2\/comments?post=4766"}],"version-history":[{"count":5,"href":"https:\/\/www1.kkl.si\/hu\/wp-json\/wp\/v2\/pages\/4766\/revisions"}],"predecessor-version":[{"id":4862,"href":"https:\/\/www1.kkl.si\/hu\/wp-json\/wp\/v2\/pages\/4766\/revisions\/4862"}],"wp:featuredmedia":[{"embeddable":true,"href":"https:\/\/www1.kkl.si\/hu\/wp-json\/wp\/v2\/media\/4710"}],"wp:attachment":[{"href":"https:\/\/www1.kkl.si\/hu\/wp-json\/wp\/v2\/media?parent=4766"}],"curies":[{"name":"wp","href":"https:\/\/api.w.org\/{rel}","templated":true}]}}