{"id":4871,"date":"2021-09-21T17:46:11","date_gmt":"2021-09-21T15:46:11","guid":{"rendered":"https:\/\/www1.kkl.si\/?page_id=4871"},"modified":"2022-05-12T10:24:08","modified_gmt":"2022-05-12T08:24:08","slug":"zenthe-ferenc-szinhaz-a-falu-rossza","status":"publish","type":"page","link":"https:\/\/www1.kkl.si\/hu\/zenthe-ferenc-szinhaz-a-falu-rossza\/","title":{"rendered":"Zenthe Ferenc Sz\u00ednh\u00e1z: A falu rossza"},"content":{"rendered":"<div><img loading=\"lazy\" decoding=\"async\" class=\"izrez alignnone wp-image-4901 size-full\" src=\"https:\/\/www1.kkl.si\/wp-content\/uploads\/2021\/09\/falurossz_glava.jpg\" alt=\"\" width=\"1200\" height=\"300\" srcset=\"https:\/\/www1.kkl.si\/wp-content\/uploads\/2021\/09\/falurossz_glava.jpg 1200w, https:\/\/www1.kkl.si\/wp-content\/uploads\/2021\/09\/falurossz_glava-400x100.jpg 400w\" sizes=\"auto, (max-width: 1200px) 100vw, 1200px\" \/><\/div>\n<div class=\"opis\"><strong><img loading=\"lazy\" decoding=\"async\" class=\"wp-image-1584 alignright\" title=\"Magyar b\u00e9rlet\" src=\"https:\/\/www1.kkl.si\/wp-content\/uploads\/\/2020\/07\/spored_simb_abonma_hu-1.svg\" sizes=\"auto, (max-width: 40px) 100vw, 40px\" srcset=\"https:\/\/www1.kkl.si\/wp-content\/uploads\/\/2020\/07\/spored_simb_abonma_hu-1.svg 150w, https:\/\/www1.kkl.si\/wp-content\/uploads\/\/2020\/07\/spored_simb_abonma_hu-1.svg 400w, https:\/\/www1.kkl.si\/wp-content\/uploads\/\/2020\/07\/spored_simb_abonma_hu-1.svg 1500w, https:\/\/www1.kkl.si\/wp-content\/uploads\/\/2020\/07\/spored_simb_abonma_hu-1.svg 100w\" alt=\"abonma_hu\" width=\"40\" height=\"40\" \/><img loading=\"lazy\" decoding=\"async\" class=\"wp-image-1592 alignright\" title=\"Fizet\u0151s rendezv\u00e9ny\" src=\"https:\/\/www1.kkl.si\/wp-content\/uploads\/\/2020\/07\/spored_simb_placljiva-1.svg\" alt=\"placljiva\" width=\"40\" height=\"40\" srcset=\"https:\/\/www1.kkl.si\/wp-content\/uploads\/\/2020\/07\/spored_simb_placljiva-1.svg 150w, https:\/\/www1.kkl.si\/wp-content\/uploads\/\/2020\/07\/spored_simb_placljiva-1.svg 400w, https:\/\/www1.kkl.si\/wp-content\/uploads\/\/2020\/07\/spored_simb_placljiva-1.svg 1500w, https:\/\/www1.kkl.si\/wp-content\/uploads\/\/2020\/07\/spored_simb_placljiva-1.svg 100w\" sizes=\"auto, (max-width: 40px) 100vw, 40px\" \/><i class=\"fas fa-calendar\"><\/i> 2021. 9. 28. kedd | <span class=\"zanr\">MAGYAR B\u00c9RLET: zen\u00e9s v\u00edgj\u00e1t\u00e9k k\u00e9t r\u00e9szben<\/span><br \/>\n<i class=\"fas fa-clock\"><\/i> 19.00<br \/>\n<\/strong><i class=\"fas fa-ticket-alt\"><\/i> Bel\u00e9p\u0151jegy \u00e1ra: <strong>15 \u20ac<\/strong><br \/>\n<i class=\"fas fa-ticket-alt\"><\/i> Gyerekeknek, di\u00e1koknak \u00e9s egyetemist\u00e1knak: <strong>12 \u20ac<\/strong><br \/>\n<i class=\"fas fa-map-marker\"><\/i> Helysz\u00edn: Lendvai Sz\u00ednh\u00e1z- \u00e9s Hangversenyterem<br \/>\n<i class=\"fas fa-chevron-circle-right\"><\/i> Szervez\u0151: <a href=\"https:\/\/www.kkl.si\/\">Knji\u017enica \u2013 Kulturni center Lendava \u2013 Lendvai K\u00f6nyvt\u00e1r \u00e9s Kultur\u00e1lis K\u00f6zpont<\/a><\/div>\n<p><a href=\"https:\/\/www1.kkl.si\/wp-content\/uploads\/2021\/09\/falurossz.jpg\" data-lbwps-width=\"1289\" data-lbwps-height=\"1772\" data-lbwps-srcsmall=\"https:\/\/www1.kkl.si\/wp-content\/uploads\/2021\/09\/falurossz-291x400.jpg\"><img loading=\"lazy\" decoding=\"async\" class=\"alignright size-medium wp-image-4867\" src=\"https:\/\/www1.kkl.si\/wp-content\/uploads\/2021\/09\/falurossz-291x400.jpg\" alt=\"\" width=\"291\" height=\"400\" srcset=\"https:\/\/www1.kkl.si\/wp-content\/uploads\/2021\/09\/falurossz-291x400.jpg 291w, https:\/\/www1.kkl.si\/wp-content\/uploads\/2021\/09\/falurossz-1091x1500.jpg 1091w, https:\/\/www1.kkl.si\/wp-content\/uploads\/2021\/09\/falurossz.jpg 1289w\" sizes=\"auto, (max-width: 291px) 100vw, 291px\" \/><\/a>T\u00f3th Ede \u2013 \u00d6rk\u00e9ny Istv\u00e1n<br \/>\n<span style=\"font-size: 24px;\"><strong>A falu rossza<\/strong><\/span><br \/>\nzen\u00e9s v\u00edgj\u00e1t\u00e9k, k\u00e9t r\u00e9szben<\/p>\n<p><strong>Rendez\u0151<\/strong>: Sus\u00e1n Ferenc (Vastaps-d\u00edjas, T.Pataki eml\u00e9kgy\u0171r\u0171s)<br \/>\nRendez\u0151 munkat\u00e1rsa: Gyuriska J\u00e1nos (S\u00fag\u00f3 Csiga-d\u00edjas)<br \/>\nDramaturg: S\u00e1ndor Zolt\u00e1n (Balassi-d\u00edjas)<br \/>\nD\u00edszlet- \u00e9s jelmeztervez\u0151: Pall\u00f3s Nelli<br \/>\nRendez\u0151asszisztens: K\u00e1ntor Zolt\u00e1n<\/p>\n<p><strong>Szereposzt\u00e1s:<\/strong><\/p>\n<p>RENDEZ\u0150 &#8211; Mik\u00f3 Istv\u00e1n (J\u00e1szai Mari-, Vastaps-d\u00edjas, \u00c9rdemes \u00e9s Kiv\u00e1l\u00f3 m\u0171v\u00e9sz) <br \/>\nFELEDI G\u00c1SP\u00c1R, falusi f\u00f6ldm\u0171vel\u0151 &#8211; Albert P\u00e9ter (Zenthe-d\u00edjas) <br \/>\nFELEDI BORIS, a l\u00e1nya &#8211; Hege Veronika (egyetemi hallgat\u00f3) <br \/>\nG\u00d6ND\u00d6R S\u00c1NDOR, a falu rossza &#8211; M\u00e1t\u00e9 Kriszt\u00e1n (Zenthe- \u00e9s Vastaps-d\u00edjas)<br \/>\nFINUM R\u00d3ZSI, a falu cemend\u00e9je &#8211; Litauszky Lilla<br \/>\nGONOSZ PISTA, aki lop\u00f3s is &#8211; Erd\u00e9lyi G\u00e1bor (T.Pataki eml\u00e9kgy\u0171r\u0171s \u00e9s Zenthe-d\u00edjas)<br \/>\nB\u00c1TKI TERCSI, Lajos szerelme &#8211; H\u00e1zi Anita<br \/>\nLAJOS, Tercsi v\u0151leg\u00e9nye &#8211; Farkas Zolt\u00e1n (Zenthe-d\u00edjas)<br \/>\nTARISZNY\u00c1SN\u00c9 &#8211; P. Kerner Edit (Mad\u00e1ch-d\u00edjas)<br \/>\nCSAP\u00d3N\u00c9 &#8211; Falati Hedvig (T.Pataki eml\u00e9kgy\u0171r\u0171s)<br \/>\nN\u00c9Z\u0150 &#8211; M\u00f3cz\u00e1r Bence (egyetemi hallgat\u00f3)<br \/>\nSZ\u00cdNH\u00c1Z IGAZGAT\u00d3 &#8211; Baksa Imre<br \/>\nT\u00d3TH EDE &#8211; K\u00e1ntor Zolt\u00e1n<br \/>\nTAKAR\u00cdT\u00d3N\u0150 &#8211; N\u00e9meth Anna<br \/>\nzen\u00e9szek &#8211; Hr\u00faz D\u00e9nes, Hr\u00faz Szabolcs<br \/>\nt\u00e1ncosok &#8211; N\u00f3gr\u00e1d T\u00e1ncegy\u00fcttes<\/p>\n<p>A falu rossza a legjobb ember a faluba&#8217; &#8211; di\u00f3h\u00e9jban. Nagy a szerelemben, nagy a d\u00fal\u00e1sban \u00e9s keservben, szakadjon az a sz\u00edv, am\u00fagy magyarosan! Pedig odavannak \u00e1m \u00e9rte &#8211; haj, de h\u00e1nyan! -, \u00e1m \u0151 m\u00e9gis nagyon odavan. Ez\u00e9rt danol, s d\u00fcl\u00f6ng\u00e9l ez a csupasz\u00edv nagyember, akit T\u00f3th Ede \u00e1lmodott e t\u00e1jra, hol \u00d6rk\u00e9ny is r\u00e1tal\u00e1lt, s toll\u00e1val n\u00f3gatta tov\u00e1bb, ide, eg\u00e9szen az orrunk el\u00e9, ismerj\u00fcnk csak magunkra. Hisz mi vagyunk a falu &#8211; ly\u00e1nyok \u00e9s ap\u00e1k, pletyka \u00e9s bor, t\u00e1nc a pokolig meg vissza, r\u00f6h\u00f6gve-s\u00edrva n\u00e9psz\u00ednm\u0171 m\u00f3dra, cemend\u00e9st\u00fcl-kutastul, hol a k\u00fatba szorulva ott teng\u0151d\u00fcnk mindannyian, kac\u00e9rkodva a groteszkkel &#8211; meg-megtartva az\u00e9rt mihagyom\u00e1nyunkat &#8211; &#8230; el eg\u00e9sz az abszurdig!<\/p>\n<p>M\u00f3ka h\u00e1t ez, kiford\u00edtott k\u00f6dm\u00f6n &#8211; ahogy Chaplin mond\u00e1: a trag\u00e9dia premier plan-ban, a kom\u00e9dia nagytot\u00e1lban lefilmezett \u00e9let!<\/p>\n<p><em>A m\u0171 \u00d6rk\u00e9ny Istv\u00e1n \u00f6r\u00f6k\u00f6seinek enged\u00e9ly\u00e9vel, a Proscenium Szerz\u0151i \u00dcgyn\u00f6ks\u00e9g Kft. k\u00f6zvet\u00edt\u00e9s\u00e9vel ker\u00fcl el\u0151ad\u00e1sra.<\/em><\/p>\n<p>J\u00e1t\u00e9kid\u0151: 170 perc<\/p>\n<p><iframe loading=\"lazy\" src=\"\/\/www.youtube.com\/embed\/wMzjewCyKs8\" width=\"1200\" height=\"673\" allowfullscreen=\"allowfullscreen\"><\/iframe><\/p>\n<hr \/>\n<p><i class=\"fas fa-link\"><\/i> <a href=\"http:\/\/www.zentheszinhaz.hu\/index.php?page=26&amp;darab_id=42\">ww.zentheszinhaz.hu\/falurossza<\/a><\/p>\n<hr \/>\n<p>FOT\u00d3GAL\u00c9RIA<\/p>\n\n\t\t<style type=\"text\/css\">\n\t\t\t#gallery-1 {\n\t\t\t\tmargin: auto;\n\t\t\t}\n\t\t\t#gallery-1 .gallery-item {\n\t\t\t\tfloat: left;\n\t\t\t\tmargin-top: 10px;\n\t\t\t\ttext-align: center;\n\t\t\t\twidth: 16%;\n\t\t\t}\n\t\t\t#gallery-1 img {\n\t\t\t\tborder: 2px solid #cfcfcf;\n\t\t\t}\n\t\t\t#gallery-1 .gallery-caption {\n\t\t\t\tmargin-left: 0;\n\t\t\t}\n\t\t\t\/* see gallery_shortcode() in wp-includes\/media.php *\/\n\t\t<\/style>\n\t\t<div id='gallery-1' class='gallery galleryid-4871 gallery-columns-6 gallery-size-thumbnail'><dl class='gallery-item'>\n\t\t\t<dt class='gallery-icon landscape'>\n\t\t\t\t<a href='https:\/\/www1.kkl.si\/wp-content\/uploads\/2021\/09\/a_falu_rossza01.jpg'><img loading=\"lazy\" decoding=\"async\" width=\"150\" height=\"150\" src=\"https:\/\/www1.kkl.si\/wp-content\/uploads\/2021\/09\/a_falu_rossza01-150x150.jpg\" class=\"attachment-thumbnail size-thumbnail\" alt=\"\" \/><\/a>\n\t\t\t<\/dt><\/dl><dl class='gallery-item'>\n\t\t\t<dt class='gallery-icon portrait'>\n\t\t\t\t<a href='https:\/\/www1.kkl.si\/wp-content\/uploads\/2021\/09\/a_falu_rossza11.jpg'><img loading=\"lazy\" decoding=\"async\" width=\"150\" height=\"150\" src=\"https:\/\/www1.kkl.si\/wp-content\/uploads\/2021\/09\/a_falu_rossza11-150x150.jpg\" class=\"attachment-thumbnail size-thumbnail\" alt=\"\" \/><\/a>\n\t\t\t<\/dt><\/dl><dl class='gallery-item'>\n\t\t\t<dt class='gallery-icon landscape'>\n\t\t\t\t<a href='https:\/\/www1.kkl.si\/wp-content\/uploads\/2021\/09\/a_falu_rossza10.jpg'><img loading=\"lazy\" decoding=\"async\" width=\"150\" height=\"150\" src=\"https:\/\/www1.kkl.si\/wp-content\/uploads\/2021\/09\/a_falu_rossza10-150x150.jpg\" class=\"attachment-thumbnail size-thumbnail\" alt=\"\" \/><\/a>\n\t\t\t<\/dt><\/dl><dl class='gallery-item'>\n\t\t\t<dt class='gallery-icon landscape'>\n\t\t\t\t<a href='https:\/\/www1.kkl.si\/wp-content\/uploads\/2021\/09\/a_falu_rossza09.jpg'><img loading=\"lazy\" decoding=\"async\" width=\"150\" height=\"150\" src=\"https:\/\/www1.kkl.si\/wp-content\/uploads\/2021\/09\/a_falu_rossza09-150x150.jpg\" class=\"attachment-thumbnail size-thumbnail\" alt=\"\" \/><\/a>\n\t\t\t<\/dt><\/dl><dl class='gallery-item'>\n\t\t\t<dt class='gallery-icon landscape'>\n\t\t\t\t<a href='https:\/\/www1.kkl.si\/wp-content\/uploads\/2021\/09\/a_falu_rossza08.jpg'><img loading=\"lazy\" decoding=\"async\" width=\"150\" height=\"150\" src=\"https:\/\/www1.kkl.si\/wp-content\/uploads\/2021\/09\/a_falu_rossza08-150x150.jpg\" class=\"attachment-thumbnail size-thumbnail\" alt=\"\" \/><\/a>\n\t\t\t<\/dt><\/dl><dl class='gallery-item'>\n\t\t\t<dt class='gallery-icon landscape'>\n\t\t\t\t<a href='https:\/\/www1.kkl.si\/wp-content\/uploads\/2021\/09\/a_falu_rossza07.jpg'><img loading=\"lazy\" decoding=\"async\" width=\"150\" height=\"150\" src=\"https:\/\/www1.kkl.si\/wp-content\/uploads\/2021\/09\/a_falu_rossza07-150x150.jpg\" class=\"attachment-thumbnail size-thumbnail\" alt=\"\" \/><\/a>\n\t\t\t<\/dt><\/dl><br style=\"clear: both\" \/><dl class='gallery-item'>\n\t\t\t<dt class='gallery-icon landscape'>\n\t\t\t\t<a href='https:\/\/www1.kkl.si\/wp-content\/uploads\/2021\/09\/a_falu_rossza06.jpg'><img loading=\"lazy\" decoding=\"async\" width=\"150\" height=\"150\" src=\"https:\/\/www1.kkl.si\/wp-content\/uploads\/2021\/09\/a_falu_rossza06-150x150.jpg\" class=\"attachment-thumbnail size-thumbnail\" alt=\"\" \/><\/a>\n\t\t\t<\/dt><\/dl><dl class='gallery-item'>\n\t\t\t<dt class='gallery-icon landscape'>\n\t\t\t\t<a href='https:\/\/www1.kkl.si\/wp-content\/uploads\/2021\/09\/a_falu_rossza05.jpg'><img loading=\"lazy\" decoding=\"async\" width=\"150\" height=\"150\" src=\"https:\/\/www1.kkl.si\/wp-content\/uploads\/2021\/09\/a_falu_rossza05-150x150.jpg\" class=\"attachment-thumbnail size-thumbnail\" alt=\"\" \/><\/a>\n\t\t\t<\/dt><\/dl><dl class='gallery-item'>\n\t\t\t<dt class='gallery-icon landscape'>\n\t\t\t\t<a href='https:\/\/www1.kkl.si\/wp-content\/uploads\/2021\/09\/a_falu_rossza04.jpg'><img loading=\"lazy\" decoding=\"async\" width=\"150\" height=\"150\" src=\"https:\/\/www1.kkl.si\/wp-content\/uploads\/2021\/09\/a_falu_rossza04-150x150.jpg\" class=\"attachment-thumbnail size-thumbnail\" alt=\"\" \/><\/a>\n\t\t\t<\/dt><\/dl><dl class='gallery-item'>\n\t\t\t<dt class='gallery-icon landscape'>\n\t\t\t\t<a href='https:\/\/www1.kkl.si\/wp-content\/uploads\/2021\/09\/a_falu_rossza03.jpg'><img loading=\"lazy\" decoding=\"async\" width=\"150\" height=\"150\" src=\"https:\/\/www1.kkl.si\/wp-content\/uploads\/2021\/09\/a_falu_rossza03-150x150.jpg\" class=\"attachment-thumbnail size-thumbnail\" alt=\"\" \/><\/a>\n\t\t\t<\/dt><\/dl><dl class='gallery-item'>\n\t\t\t<dt class='gallery-icon landscape'>\n\t\t\t\t<a href='https:\/\/www1.kkl.si\/wp-content\/uploads\/2021\/09\/a_falu_rossza02.jpg'><img loading=\"lazy\" decoding=\"async\" width=\"150\" height=\"150\" src=\"https:\/\/www1.kkl.si\/wp-content\/uploads\/2021\/09\/a_falu_rossza02-150x150.jpg\" class=\"attachment-thumbnail size-thumbnail\" alt=\"\" \/><\/a>\n\t\t\t<\/dt><\/dl>\n\t\t\t<br style='clear: both' \/>\n\t\t<\/div>\n\n<hr \/>\n<p>BEL\u00c9P\u00c9S CSAK AZ <a href=\"https:\/\/www1.kkl.si\/hu\/a-szinhaz-es-hangversenyteremben-a-tartozkodas-csak-az-aot-felteteleknek-eleget-tevo-szemelyek-reszere-lehetseges\/\">\u00c1OT FELT\u00c9TELEKNEK<\/a> ELEGET TEV\u0150 SZEM\u00c9LYEK R\u00c9SZ\u00c9RE LEHETS\u00c9GES!<\/p>\n<p><a href=\"https:\/\/www1.kkl.si\/wp-content\/uploads\/\/2021\/09\/PCT_pogoji_napis_GKD_Lendava_HU-1.svg\" data-lbwps-width=\"3544\" data-lbwps-height=\"2902\" data-lbwps-srcsmall=\"https:\/\/www1.kkl.si\/wp-content\/uploads\/\/2021\/09\/PCT_pogoji_napis_GKD_Lendava_HU-1.svg\"><img loading=\"lazy\" decoding=\"async\" class=\"size-medium wp-image-4799 alignleft\" src=\"https:\/\/www1.kkl.si\/wp-content\/uploads\/\/2021\/09\/PCT_pogoji_napis_GKD_Lendava_HU-1.svg\" alt=\"\" width=\"400\" height=\"400\" srcset=\"https:\/\/www1.kkl.si\/wp-content\/uploads\/\/2021\/09\/PCT_pogoji_napis_GKD_Lendava_HU-1.svg 150w, https:\/\/www1.kkl.si\/wp-content\/uploads\/\/2021\/09\/PCT_pogoji_napis_GKD_Lendava_HU-1.svg 400w, https:\/\/www1.kkl.si\/wp-content\/uploads\/\/2021\/09\/PCT_pogoji_napis_GKD_Lendava_HU-1.svg 1500w, https:\/\/www1.kkl.si\/wp-content\/uploads\/\/2021\/09\/PCT_pogoji_napis_GKD_Lendava_HU-1.svg 100w\" sizes=\"auto, (max-width: 400px) 100vw, 400px\" \/><\/a><\/p>\n","protected":false},"excerpt":{"rendered":"<p>2021. 9. 28. kedd | MAGYAR B\u00c9RLET: zen\u00e9s v\u00edgj\u00e1t\u00e9k k\u00e9t r\u00e9szben 19.00 Bel\u00e9p\u0151jegy \u00e1ra: 15 \u20ac Gyerekeknek, di\u00e1koknak \u00e9s egyetemist\u00e1knak: 12 \u20ac Helysz\u00edn: Lendvai Sz\u00ednh\u00e1z- \u00e9s Hangversenyterem Szervez\u0151: Knji\u017enica \u2013 Kulturni center Lendava \u2013 Lendvai K\u00f6nyvt\u00e1r \u00e9s Kultur\u00e1lis K\u00f6zpont T\u00f3th Ede \u2013 \u00d6rk\u00e9ny Istv\u00e1n A falu rossza zen\u00e9s v\u00edgj\u00e1t\u00e9k, k\u00e9t r\u00e9szben Rendez\u0151: Sus\u00e1n Ferenc (Vastaps-d\u00edjas, [&hellip;]<\/p>\n","protected":false},"author":2,"featured_media":4894,"parent":0,"menu_order":0,"comment_status":"closed","ping_status":"closed","template":"","meta":{"footnotes":""},"class_list":["post-4871","page","type-page","status-publish","has-post-thumbnail","hentry","post","post-with-thumbnail","post-with-thumbnail-icon"],"_links":{"self":[{"href":"https:\/\/www1.kkl.si\/hu\/wp-json\/wp\/v2\/pages\/4871","targetHints":{"allow":["GET"]}}],"collection":[{"href":"https:\/\/www1.kkl.si\/hu\/wp-json\/wp\/v2\/pages"}],"about":[{"href":"https:\/\/www1.kkl.si\/hu\/wp-json\/wp\/v2\/types\/page"}],"author":[{"embeddable":true,"href":"https:\/\/www1.kkl.si\/hu\/wp-json\/wp\/v2\/users\/2"}],"replies":[{"embeddable":true,"href":"https:\/\/www1.kkl.si\/hu\/wp-json\/wp\/v2\/comments?post=4871"}],"version-history":[{"count":10,"href":"https:\/\/www1.kkl.si\/hu\/wp-json\/wp\/v2\/pages\/4871\/revisions"}],"predecessor-version":[{"id":7477,"href":"https:\/\/www1.kkl.si\/hu\/wp-json\/wp\/v2\/pages\/4871\/revisions\/7477"}],"wp:featuredmedia":[{"embeddable":true,"href":"https:\/\/www1.kkl.si\/hu\/wp-json\/wp\/v2\/media\/4894"}],"wp:attachment":[{"href":"https:\/\/www1.kkl.si\/hu\/wp-json\/wp\/v2\/media?parent=4871"}],"curies":[{"name":"wp","href":"https:\/\/api.w.org\/{rel}","templated":true}]}}