{"id":4994,"date":"2021-09-29T12:19:18","date_gmt":"2021-09-29T10:19:18","guid":{"rendered":"https:\/\/www1.kkl.si\/?page_id=4994"},"modified":"2021-09-29T13:56:09","modified_gmt":"2021-09-29T11:56:09","slug":"pal-feri-modellezo-fabol-keszult-termekeinek-kiallitasa","status":"publish","type":"page","link":"https:\/\/www1.kkl.si\/hu\/pal-feri-modellezo-fabol-keszult-termekeinek-kiallitasa\/","title":{"rendered":"P\u00e1l Feri modellez\u0151 f\u00e1b\u00f3l k\u00e9sz\u00fclt term\u00e9keinek ki\u00e1ll\u00edt\u00e1sa"},"content":{"rendered":"<div><img loading=\"lazy\" decoding=\"async\" class=\"izrez alignnone wp-image-4982 size-full\" src=\"https:\/\/www1.kkl.si\/wp-content\/uploads\/2021\/09\/casovni_stroj_GEO_3021_glava_izrez.jpg\" alt=\"\" width=\"1200\" height=\"300\" srcset=\"https:\/\/www1.kkl.si\/wp-content\/uploads\/2021\/09\/casovni_stroj_GEO_3021_glava_izrez.jpg 1200w, https:\/\/www1.kkl.si\/wp-content\/uploads\/2021\/09\/casovni_stroj_GEO_3021_glava_izrez-400x100.jpg 400w\" sizes=\"auto, (max-width: 1200px) 100vw, 1200px\" \/><\/div>\n<div class=\"opis\"><strong><img loading=\"lazy\" decoding=\"async\" class=\"wp-image-1588 alignright\" title=\"Brezpla\u010dna prireditev\" src=\"https:\/\/www1.kkl.si\/wp-content\/uploads\/\/2020\/07\/spored_simb_brezplacna-1.svg\" sizes=\"auto, (max-width: 40px) 100vw, 40px\" srcset=\"https:\/\/www1.kkl.si\/wp-content\/uploads\/\/2020\/07\/spored_simb_brezplacna-1.svg 150w, https:\/\/www1.kkl.si\/wp-content\/uploads\/\/2020\/07\/spored_simb_brezplacna-1.svg 400w, https:\/\/www1.kkl.si\/wp-content\/uploads\/\/2020\/07\/spored_simb_brezplacna-1.svg 1500w, https:\/\/www1.kkl.si\/wp-content\/uploads\/\/2020\/07\/spored_simb_brezplacna-1.svg 100w\" alt=\"brezplacna\" width=\"40\" height=\"40\" \/><i class=\"fas fa-calendar\"><\/i> 2021. 10. 5. kedd | <span class=\"zanr\">ki\u00e1ll\u00edt\u00e1s<\/span><br \/>\n<i class=\"fas fa-clock\"><\/i> 18.00<br \/>\n<\/strong><i class=\"fas fa-map-marker\"><\/i> Helysz\u00edn: Lendvai Sz\u00ednh\u00e1z- \u00e9s Hangversenyterem el\u0151csarnoka<br \/>\n<i class=\"fas fa-chevron-circle-right\"><\/i> Organizator: <a href=\"http:\/\/www.zkd-lendava.com\/\">ZKD Lendava-KKSz Lendva<\/a><\/div>\n<p><a href=\"https:\/\/www1.kkl.si\/wp-content\/uploads\/2021\/09\/Vabilo_Pal_Franc_splet.jpg\" data-lbwps-width=\"1666\" data-lbwps-height=\"2500\" data-lbwps-srcsmall=\"https:\/\/www1.kkl.si\/wp-content\/uploads\/2021\/09\/Vabilo_Pal_Franc_splet-267x400.jpg\"><img loading=\"lazy\" decoding=\"async\" class=\"alignright size-medium wp-image-4957\" src=\"https:\/\/www1.kkl.si\/wp-content\/uploads\/2021\/09\/Vabilo_Pal_Franc_splet-267x400.jpg\" alt=\"\" width=\"267\" height=\"400\" srcset=\"https:\/\/www1.kkl.si\/wp-content\/uploads\/2021\/09\/Vabilo_Pal_Franc_splet-267x400.jpg 267w, https:\/\/www1.kkl.si\/wp-content\/uploads\/2021\/09\/Vabilo_Pal_Franc_splet-1000x1500.jpg 1000w, https:\/\/www1.kkl.si\/wp-content\/uploads\/2021\/09\/Vabilo_Pal_Franc_splet.jpg 1666w\" sizes=\"auto, (max-width: 267px) 100vw, 267px\" \/><\/a>A KULT\u00daREGYES\u00dcLETEK K\u00d6ZS\u00c9GI SZ\u00d6VETS\u00c9GE LENDVA<br \/>\nsok szeretettel megh\u00edvja \u00d6n\u00f6ket a<\/p>\n<p><strong>P\u00c1L FERI MODELLEZ\u0150 F\u00c1B\u00d3L K\u00c9SZ\u00dcLT TERM\u00c9KEINEK KI\u00c1LL\u00cdT\u00c1S\u00c1RA<\/strong>,<\/p>\n<p>amely <strong>2021. okt\u00f3ber 5-\u00e9n, kedden, 18 \u00f3rakor<\/strong> <br \/>\nlesz megtekinthet\u0151 a lendvai Sz\u00ednh\u00e1z- \u00e9s Hangversenyterem el\u0151csarnok\u00e1ban.<\/p>\n<p><span style=\"font-size: 24px;\">V\u00c1LOGAT\u00c1S<br \/>\n<\/span><\/p>\n<p><strong><a href=\"https:\/\/www1.kkl.si\/wp-content\/uploads\/2021\/09\/casovni_stroj_GEO_3018.jpg\" data-lbwps-width=\"1218\" data-lbwps-height=\"2000\" data-lbwps-srcsmall=\"https:\/\/www1.kkl.si\/wp-content\/uploads\/2021\/09\/casovni_stroj_GEO_3018-244x400.jpg\"><img loading=\"lazy\" decoding=\"async\" class=\"alignleft wp-image-4962\" src=\"https:\/\/www1.kkl.si\/wp-content\/uploads\/2021\/09\/casovni_stroj_GEO_3018-244x400.jpg\" alt=\"\" width=\"150\" height=\"246\" srcset=\"https:\/\/www1.kkl.si\/wp-content\/uploads\/2021\/09\/casovni_stroj_GEO_3018-244x400.jpg 244w, https:\/\/www1.kkl.si\/wp-content\/uploads\/2021\/09\/casovni_stroj_GEO_3018-914x1500.jpg 914w, https:\/\/www1.kkl.si\/wp-content\/uploads\/2021\/09\/casovni_stroj_GEO_3018.jpg 1218w\" sizes=\"auto, (max-width: 150px) 100vw, 150px\" \/><\/a>Az id\u0151g\u00e9p<\/strong><\/p>\n<p>A F\u00f6ld \u00e9s holdj\u00e1nak a Nap k\u00f6r\u00fcli kering\u00e9s\u00e9t demonstr\u00e1lja, sz\u00e1mos pontos inform\u00e1ci\u00f3val: a m\u00e1sodperct\u0151l, a percen kereszt\u00fcl, az \u00f3r\u00e1n \u00e1t a napig, h\u00f3napig \u00e9s az \u00e9vig. Bemutatja t\u00f6bbek k\u00f6z\u00f6tt a F\u00f6ld ny\u00e1ri id\u0151szakban val\u00f3 fekv\u00e9s\u00e9t \u00e9s lehet\u0151s\u00e9get ny\u00fajt a nap- \u00e9s holdfogyatkoz\u00e1s szeml\u00e9ltet\u00e9s\u00e9re is. A makett 3500 elemb\u0151l \u00e1ll, melyet folyamatosan b\u0151v\u00edt.<\/p>\n<p><strong><a href=\"https:\/\/www1.kkl.si\/wp-content\/uploads\/2021\/09\/planetarij_GEO_0430a.jpg\" data-lbwps-width=\"2000\" data-lbwps-height=\"994\" data-lbwps-srcsmall=\"https:\/\/www1.kkl.si\/wp-content\/uploads\/2021\/09\/planetarij_GEO_0430a-400x199.jpg\"><img loading=\"lazy\" decoding=\"async\" class=\"alignright wp-image-4966 size-medium\" src=\"https:\/\/www1.kkl.si\/wp-content\/uploads\/2021\/09\/planetarij_GEO_0430a-400x199.jpg\" alt=\"\" width=\"400\" height=\"199\" srcset=\"https:\/\/www1.kkl.si\/wp-content\/uploads\/2021\/09\/planetarij_GEO_0430a-400x199.jpg 400w, https:\/\/www1.kkl.si\/wp-content\/uploads\/2021\/09\/planetarij_GEO_0430a-1500x746.jpg 1500w, https:\/\/www1.kkl.si\/wp-content\/uploads\/2021\/09\/planetarij_GEO_0430a.jpg 2000w\" sizes=\"auto, (max-width: 400px) 100vw, 400px\" \/><\/a><\/strong><\/p>\n<p><strong>Planet\u00e1rium<\/strong><\/p>\n<p>A bolyg\u00f3k Nap k\u00f6r\u00fcli kering\u00e9s\u00e9t mutatja be, pontos nagys\u00e1gban \u00e9s gyors\u00edtott mozg\u00e1ssal. P\u00e9lda: A F\u00f6ld 365 nap alatt ker\u00fcli meg a Napot, m\u00edg a Pl\u00fat\u00f3 165 \u00e9v alatt teszi meg ugyanezt. Felgyors\u00edtva a Pl\u00fat\u00f3 k\u00f6r\u00fclbel\u00fcl 30 perc alatt ker\u00fcli meg a Napot.<\/p>\n<p><strong><a href=\"https:\/\/www1.kkl.si\/wp-content\/uploads\/2021\/09\/sonce_GEO_0418a.jpg\" data-lbwps-width=\"2000\" data-lbwps-height=\"1962\" data-lbwps-srcsmall=\"https:\/\/www1.kkl.si\/wp-content\/uploads\/2021\/09\/sonce_GEO_0418a-400x392.jpg\"><img loading=\"lazy\" decoding=\"async\" class=\"alignleft wp-image-4964 size-thumbnail\" src=\"https:\/\/www1.kkl.si\/wp-content\/uploads\/2021\/09\/sonce_GEO_0418a-150x150.jpg\" alt=\"\" width=\"150\" height=\"150\" \/><\/a><\/strong><\/p>\n<p><strong>Nap<\/strong><\/p>\n<p>A Nap \u00e9s a Naprendszer bolyg\u00f3i k\u00f6zti m\u00e9retar\u00e1nyok bemutat\u00e1sa a F\u00f6ld holdj\u00e1val egy\u00fctt. A Nap \u00e9s makettje k\u00f6zti m\u00e9retarn\u00e1ny 1:1.000.000.000 (egy a milli\u00e1rdhoz). Az \u00e9gitestek k\u00f6z\u00f6tti m\u00e9retar\u00e1nyok \u00e9s nagys\u00e1gok val\u00f3sak \u00e9s pontosak.<\/p>\n<p><strong><a href=\"https:\/\/www1.kkl.si\/wp-content\/uploads\/2021\/09\/kolo_GEO_0882a.jpg\" data-lbwps-width=\"2000\" data-lbwps-height=\"1357\" data-lbwps-srcsmall=\"https:\/\/www1.kkl.si\/wp-content\/uploads\/2021\/09\/kolo_GEO_0882a-400x271.jpg\"><img loading=\"lazy\" decoding=\"async\" class=\"alignright wp-image-4968\" src=\"https:\/\/www1.kkl.si\/wp-content\/uploads\/2021\/09\/kolo_GEO_0882a-400x271.jpg\" alt=\"\" width=\"300\" height=\"204\" srcset=\"https:\/\/www1.kkl.si\/wp-content\/uploads\/2021\/09\/kolo_GEO_0882a-400x271.jpg 400w, https:\/\/www1.kkl.si\/wp-content\/uploads\/2021\/09\/kolo_GEO_0882a-1500x1018.jpg 1500w, https:\/\/www1.kkl.si\/wp-content\/uploads\/2021\/09\/kolo_GEO_0882a.jpg 2000w\" sizes=\"auto, (max-width: 300px) 100vw, 300px\" \/><\/a><\/strong><\/p>\n<p><strong>A faker\u00e9kp\u00e1r<\/strong><\/p>\n<p>A tulajdonos gyerty\u00e1n-, juhar- \u00e9s di\u00f3f\u00e1b\u00f3l k\u00e9sz\u00fclt, egyedi \u00e9s innovat\u00edv diz\u00e1jn\u00fa ker\u00e9kp\u00e1rt alkotott meg, mely tov\u00e1bb\u00e1 fa f\u00e9kekkel, korm\u00e1nnyal \u00e9s ped\u00e1llal rendelkezik. A m\u0171k\u00f6d\u0151k\u00e9pes ker\u00e9kp\u00e1ron, mellyel k\u00f6zel 500 km-t tett meg 2\u20133 \u00e9vig dolgozott. A ker\u00e9kp\u00e1r eddig Ljubljan\u00e1ban a Gazdas\u00e1gi Ki\u00e1ll\u00edt\u00e1si K\u00f6zpontban, valamint Lendv\u00e1n n\u00e9h\u00e1ny egy\u00e9ni ki\u00e1ll\u00edt\u00e1son volt megtekinthet\u0151.<\/p>\n<p><a href=\"https:\/\/www1.kkl.si\/wp-content\/uploads\/2021\/09\/Plakat_Pal_Franc_splet.jpg\" data-lbwps-width=\"1333\" data-lbwps-height=\"2000\" data-lbwps-srcsmall=\"https:\/\/www1.kkl.si\/wp-content\/uploads\/2021\/09\/Plakat_Pal_Franc_splet-267x400.jpg\"><img loading=\"lazy\" decoding=\"async\" class=\"alignnone wp-image-4978 size-large\" src=\"https:\/\/www1.kkl.si\/wp-content\/uploads\/2021\/09\/Plakat_Pal_Franc_splet-1000x1500.jpg\" alt=\"\" width=\"1000\" height=\"1500\" srcset=\"https:\/\/www1.kkl.si\/wp-content\/uploads\/2021\/09\/Plakat_Pal_Franc_splet-1000x1500.jpg 1000w, https:\/\/www1.kkl.si\/wp-content\/uploads\/2021\/09\/Plakat_Pal_Franc_splet-267x400.jpg 267w, https:\/\/www1.kkl.si\/wp-content\/uploads\/2021\/09\/Plakat_Pal_Franc_splet.jpg 1333w\" sizes=\"auto, (max-width: 1000px) 100vw, 1000px\" \/><\/a><\/p>\n<hr \/>\n<p>BEL\u00c9P\u00c9S CSAK AZ <a href=\"https:\/\/www1.kkl.si\/hu\/a-szinhaz-es-hangversenyteremben-a-tartozkodas-csak-az-aot-felteteleknek-eleget-tevo-szemelyek-reszere-lehetseges\/\">\u00c1OT FELT\u00c9TELEKNEK<\/a> ELEGET TEV\u0150 SZEM\u00c9LYEK R\u00c9SZ\u00c9RE LEHETS\u00c9GES!<\/p>\n<p><a href=\"https:\/\/www1.kkl.si\/wp-content\/uploads\/2021\/09\/PCT_pogoji_napis_GKD_Lendava_HU-1.svg\" data-lbwps-width=\"3544\" data-lbwps-height=\"2902\" data-lbwps-srcsmall=\"https:\/\/www1.kkl.si\/wp-content\/uploads\/2021\/09\/PCT_pogoji_napis_GKD_Lendava_HU-1.svg\"><img loading=\"lazy\" decoding=\"async\" class=\"size-medium wp-image-4799 alignleft\" src=\"https:\/\/www1.kkl.si\/wp-content\/uploads\/2021\/09\/PCT_pogoji_napis_GKD_Lendava_HU-1.svg\" alt=\"\" width=\"400\" height=\"400\" srcset=\"https:\/\/www1.kkl.si\/wp-content\/uploads\/\/2021\/09\/PCT_pogoji_napis_GKD_Lendava_HU-1.svg 150w, https:\/\/www1.kkl.si\/wp-content\/uploads\/\/2021\/09\/PCT_pogoji_napis_GKD_Lendava_HU-1.svg 400w, https:\/\/www1.kkl.si\/wp-content\/uploads\/\/2021\/09\/PCT_pogoji_napis_GKD_Lendava_HU-1.svg 1500w, https:\/\/www1.kkl.si\/wp-content\/uploads\/\/2021\/09\/PCT_pogoji_napis_GKD_Lendava_HU-1.svg 100w\" sizes=\"auto, (max-width: 400px) 100vw, 400px\" \/><\/a><\/p>\n","protected":false},"excerpt":{"rendered":"<p>2021. 10. 5. kedd | ki\u00e1ll\u00edt\u00e1s 18.00 Helysz\u00edn: Lendvai Sz\u00ednh\u00e1z- \u00e9s Hangversenyterem el\u0151csarnoka Organizator: ZKD Lendava-KKSz Lendva A KULT\u00daREGYES\u00dcLETEK K\u00d6ZS\u00c9GI SZ\u00d6VETS\u00c9GE LENDVA sok szeretettel megh\u00edvja \u00d6n\u00f6ket a P\u00c1L FERI MODELLEZ\u0150 F\u00c1B\u00d3L K\u00c9SZ\u00dcLT TERM\u00c9KEINEK KI\u00c1LL\u00cdT\u00c1S\u00c1RA, amely 2021. okt\u00f3ber 5-\u00e9n, kedden, 18 \u00f3rakor lesz megtekinthet\u0151 a lendvai Sz\u00ednh\u00e1z- \u00e9s Hangversenyterem el\u0151csarnok\u00e1ban. V\u00c1LOGAT\u00c1S Az id\u0151g\u00e9p A F\u00f6ld \u00e9s [&hellip;]<\/p>\n","protected":false},"author":2,"featured_media":0,"parent":0,"menu_order":0,"comment_status":"closed","ping_status":"closed","template":"","meta":{"footnotes":""},"class_list":["post-4994","page","type-page","status-publish","hentry","post"],"_links":{"self":[{"href":"https:\/\/www1.kkl.si\/hu\/wp-json\/wp\/v2\/pages\/4994","targetHints":{"allow":["GET"]}}],"collection":[{"href":"https:\/\/www1.kkl.si\/hu\/wp-json\/wp\/v2\/pages"}],"about":[{"href":"https:\/\/www1.kkl.si\/hu\/wp-json\/wp\/v2\/types\/page"}],"author":[{"embeddable":true,"href":"https:\/\/www1.kkl.si\/hu\/wp-json\/wp\/v2\/users\/2"}],"replies":[{"embeddable":true,"href":"https:\/\/www1.kkl.si\/hu\/wp-json\/wp\/v2\/comments?post=4994"}],"version-history":[{"count":6,"href":"https:\/\/www1.kkl.si\/hu\/wp-json\/wp\/v2\/pages\/4994\/revisions"}],"predecessor-version":[{"id":5003,"href":"https:\/\/www1.kkl.si\/hu\/wp-json\/wp\/v2\/pages\/4994\/revisions\/5003"}],"wp:attachment":[{"href":"https:\/\/www1.kkl.si\/hu\/wp-json\/wp\/v2\/media?parent=4994"}],"curies":[{"name":"wp","href":"https:\/\/api.w.org\/{rel}","templated":true}]}}