{"id":501,"date":"2017-05-02T14:00:41","date_gmt":"2017-05-02T12:00:41","guid":{"rendered":"https:\/\/www1.kkl.si\/?page_id=501\/"},"modified":"2026-02-04T12:37:40","modified_gmt":"2026-02-04T11:37:40","slug":"a-honlaprol","status":"publish","type":"page","link":"https:\/\/www1.kkl.si\/hu\/a-honlaprol\/","title":{"rendered":"A honlapr\u00f3l"},"content":{"rendered":"<p><strong>A honlap tulajdonosa:<\/strong><br \/>\nKnji\u017enica \u2013 Kulturni center Lendava \u2013 Lendvai K\u00f6nyvt\u00e1r \u00e9s Kultur\u00e1lis K\u00f6zpont (KKC Lendava \u2013 Lendvai KKK)<\/p>\n<p><em>A honlap a <a href=\"https:\/\/wordpress.org\/\">WordPress.org<\/a> ny\u00edlt forr\u00e1sk\u00f3d\u00fa platformban k\u00e9sz\u00fclt.<\/em><\/p>\n<p><strong>K\u00eds\u00e9r\u0151sz\u00f6veg:<br \/>\n<\/strong><a href=\"mailto:evaeva.nad@gmail.com\">Na\u0111 \u00c9va<\/a><\/p>\n<p><strong>Szerkeszt\u0151:<\/strong><br \/>\n<a href=\"sanja.bogdan.horvat@kkl.si\">Sanja Bogdan Horvat<\/a><\/p>\n<p><strong>Grafikai arculatterv \u00e9s technikai szerkeszt\u0151:<\/strong><br \/>\n<a href=\"mailto:p.orban2015@gmail.com\">Peter Orban<\/a><\/p>\n<p><strong>Technikai t\u00e1mogat\u00e1s \u00e9s szakmai tan\u00e1csad\u00e1s:<\/strong><br \/>\n<a href=\"mailto:dejan.vucko@kkl.si\">Dejan Vu\u010dko<\/a><\/p>\n<p><strong>A honlapon tal\u00e1lhat\u00f3 rekl\u00e1m-bannerek grafik\u00e1it k\u00e9sz\u00edtik:<\/strong><br \/>\n<a href=\"mailto:p.orban2015@gmail.com\">Peter Orban<\/a>, Sebastijan \u010casar<\/p>\n<p><strong>A k\u00e9sz\u00edt\u00e9s \u00e9ve:<\/strong><br \/>\n2017. \u00e1prilis<\/p>\n<p><strong>Utols\u00f3 szerkezeti friss\u00edt\u00e9s:<\/strong><br \/>\n2023. december<\/p>\n<hr \/>\n<p>A honlapon tal\u00e1lhat\u00f3 f\u00e9nyk\u00e9pek \u00e9s k\u00e9pek a szerz\u0151k illetve szervez\u0151k enged\u00e9ly\u00e9vel jelennek meg. Ha b\u00e1rmelyik k\u00e9pet szeretn\u00e9k felhaszn\u00e1lni nyomtatott vagy elektronikus sajt\u00f3ban, k\u00e9rj\u00fck vegy\u00e9k fel a kapcsolatot az eredeti szerz\u0151kkel illetve szervez\u0151kkel (amennyiben ez fel van t\u00fcntetve). <em>Meg\u00e9rt\u00e9s\u00fcket k\u00f6sz\u00f6nj\u00fck!<br \/>\n<\/em><\/p>\n<hr \/>\n<p>A honlap a Bethlen G\u00e1bor Alap t\u00e1mogat\u00e1s\u00e1val val\u00f3sult meg.<\/p>\n<p><a href=\"http:\/\/www.szulofold.hu\/\"><img loading=\"lazy\" decoding=\"async\" class=\"alignnone wp-image-621 size-large\" src=\"https:\/\/www1.kkl.si\/wp-content\/uploads\/2017\/05\/kormany-tamogatas-1000x223.png\" alt=\"\" width=\"1000\" height=\"223\" \/><\/a><\/p>\n","protected":false},"excerpt":{"rendered":"<p>A honlap tulajdonosa: Knji\u017enica \u2013 Kulturni center Lendava \u2013 Lendvai K\u00f6nyvt\u00e1r \u00e9s Kultur\u00e1lis K\u00f6zpont (KKC Lendava \u2013 Lendvai KKK) A honlap a WordPress.org ny\u00edlt forr\u00e1sk\u00f3d\u00fa platformban k\u00e9sz\u00fclt. K\u00eds\u00e9r\u0151sz\u00f6veg: Na\u0111 \u00c9va Szerkeszt\u0151: Sanja Bogdan Horvat Grafikai arculatterv \u00e9s technikai szerkeszt\u0151: Peter Orban Technikai t\u00e1mogat\u00e1s \u00e9s szakmai tan\u00e1csad\u00e1s: Dejan Vu\u010dko A honlapon tal\u00e1lhat\u00f3 rekl\u00e1m-bannerek grafik\u00e1it k\u00e9sz\u00edtik: Peter [&hellip;]<\/p>\n","protected":false},"author":2,"featured_media":0,"parent":0,"menu_order":0,"comment_status":"closed","ping_status":"closed","template":"","meta":{"footnotes":""},"class_list":["post-501","page","type-page","status-publish","hentry","post"],"_links":{"self":[{"href":"https:\/\/www1.kkl.si\/hu\/wp-json\/wp\/v2\/pages\/501","targetHints":{"allow":["GET"]}}],"collection":[{"href":"https:\/\/www1.kkl.si\/hu\/wp-json\/wp\/v2\/pages"}],"about":[{"href":"https:\/\/www1.kkl.si\/hu\/wp-json\/wp\/v2\/types\/page"}],"author":[{"embeddable":true,"href":"https:\/\/www1.kkl.si\/hu\/wp-json\/wp\/v2\/users\/2"}],"replies":[{"embeddable":true,"href":"https:\/\/www1.kkl.si\/hu\/wp-json\/wp\/v2\/comments?post=501"}],"version-history":[{"count":17,"href":"https:\/\/www1.kkl.si\/hu\/wp-json\/wp\/v2\/pages\/501\/revisions"}],"predecessor-version":[{"id":25849,"href":"https:\/\/www1.kkl.si\/hu\/wp-json\/wp\/v2\/pages\/501\/revisions\/25849"}],"wp:attachment":[{"href":"https:\/\/www1.kkl.si\/hu\/wp-json\/wp\/v2\/media?parent=501"}],"curies":[{"name":"wp","href":"https:\/\/api.w.org\/{rel}","templated":true}]}}