{"id":5096,"date":"2021-10-15T14:53:23","date_gmt":"2021-10-15T12:53:23","guid":{"rendered":"https:\/\/www1.kkl.si\/?page_id=5096"},"modified":"2021-10-15T15:20:27","modified_gmt":"2021-10-15T13:20:27","slug":"hazafias-nap-unnepeljunk-egyutt-a-reggelek-reggel-a-legszebbek","status":"publish","type":"page","link":"https:\/\/www1.kkl.si\/hu\/hazafias-nap-unnepeljunk-egyutt-a-reggelek-reggel-a-legszebbek\/","title":{"rendered":"HAZAFIAS NAP \u2013 \u00dcNNEPELJ\u00dcNK EGY\u00dcTT! \u2013 \u201eA reggelek reggel a legszebbek\u201d"},"content":{"rendered":"<div class=\"opis\"><strong><img loading=\"lazy\" decoding=\"async\" class=\"wp-image-1588 alignright\" title=\"Brezpla\u010dna prireditev\" src=\"https:\/\/www1.kkl.si\/wp-content\/uploads\/\/2020\/07\/spored_simb_brezplacna-1.svg\" sizes=\"auto, (max-width: 40px) 100vw, 40px\" srcset=\"https:\/\/www1.kkl.si\/wp-content\/uploads\/\/2020\/07\/spored_simb_brezplacna-1.svg 150w, https:\/\/www1.kkl.si\/wp-content\/uploads\/\/2020\/07\/spored_simb_brezplacna-1.svg 400w, https:\/\/www1.kkl.si\/wp-content\/uploads\/\/2020\/07\/spored_simb_brezplacna-1.svg 1500w, https:\/\/www1.kkl.si\/wp-content\/uploads\/\/2020\/07\/spored_simb_brezplacna-1.svg 100w\" alt=\"brezplacna\" width=\"40\" height=\"40\" \/><i class=\"fas fa-calendar\"><\/i> 2021. 10. 17. vas\u00e1rnap | <span class=\"zanr\">kultur\u00e1lis rendezv\u00e9ny<\/span><br \/>\n<i class=\"fas fa-clock\"><\/i> 17.00<br \/>\n<\/strong><i class=\"fas fa-map-marker\"><\/i> Helysz\u00edn: Lendvai Sz\u00ednh\u00e1z- \u00e9s Hangversenyterem<br \/>\n<i class=\"fas fa-chevron-circle-right\"><\/i> Szervez\u0151: <a href=\"https:\/\/www.lendava.si\/\">Lendva K\u00f6zs\u00e9g<\/a> a <a href=\"https:\/\/moris.si\/\">MORiS Ko\u010devska Reka Egyes\u00fclettel<\/a>, a <a href=\"https:\/\/vso.si\/\">Szlov\u00e9n F\u00fcggetlens\u00e9g \u00c9rt\u00e9kei\u00e9rt Egyes\u00fclettel<\/a> \u00e9s a <a href=\"http:\/\/www.skud-matidomovina.si\/\">SKUD \u2013 Sz\u00fcl\u0151f\u00f6ld Egyes\u00fclettel<\/a> egy\u00fcttm\u0171k\u00f6dve<\/div>\n<p><a href=\"https:\/\/www1.kkl.si\/wp-content\/uploads\/2021\/10\/osamostvojitev_enotni_v_zmagi.jpg\" data-lbwps-width=\"980\" data-lbwps-height=\"720\" data-lbwps-srcsmall=\"https:\/\/www1.kkl.si\/wp-content\/uploads\/2021\/10\/osamostvojitev_enotni_v_zmagi-400x294.jpg\"><img loading=\"lazy\" decoding=\"async\" class=\"alignright size-medium wp-image-5086\" src=\"https:\/\/www1.kkl.si\/wp-content\/uploads\/2021\/10\/osamostvojitev_enotni_v_zmagi-e1634302449611-400x400.jpg\" alt=\"\" width=\"400\" height=\"294\" \/><\/a>Lendva K\u00f6zs\u00e9g a MORiS Ko\u010devska Reka Egyes\u00fclettel, a Szlov\u00e9n F\u00fcggetlens\u00e9g \u00c9rt\u00e9kei\u00e9rt Egyes\u00fclettel \u00e9s a SKUD \u2013 Sz\u00fcl\u0151f\u00f6ld Egyes\u00fclettel egy\u00fcttm\u0171k\u00f6dve megh\u00edvja \u00d6nt a szlov\u00e9n \u00e1llamis\u00e1g 30. \u00e9vfordul\u00f3ja \u00e9s a Szuverenit\u00e1s Napja alkalm\u00e1b\u00f3l szervezett rendezv\u00e9nyre:<\/p>\n<p><strong>HAZAFIAS NAP \u2013 \u00dcNNEPELJ\u00dcNK EGY\u00dcTT!<\/strong><\/p>\n<p><strong>\u201eA REGGELEK REGGEL A LEGSZEBBEK\u201d<\/strong><\/p>\n<p>okt\u00f3ber 17-\u00e9n, vas\u00e1rnap 17.00 \u00f3rakor a Lendvai Sz\u00ednh\u00e1z- \u00e9s Hangversenyteremben.<\/p>\n<p>A panelbesz\u00e9lget\u00e9s vend\u00e9gei:<br \/>\n<strong>Lojze Peterle<\/strong>, a f\u00fcggetlens\u00e9gi korm\u00e1ny eln\u00f6ke;<br \/>\n<strong>Tone Krkovi\u010d<\/strong>, a Szlov\u00e9n K\u00f6zt\u00e1rsas\u00e1g 1990. \u00e9vi Honv\u00e9delmi Man\u0151verstrukt\u00fara f\u0151n\u00f6ke \u00e9s a MORiS dand\u00e1r parancsnoka \u00e9s<br \/>\n<strong>Alan Geder<\/strong>, a szlov\u00e9n fegyveres er\u0151k vez\u00e9r\u0151rnagya.<\/p>\n<p>Hazafias zen\u00e9s m\u0171sor a <strong>De Niro AS Orchestra<\/strong> el\u0151ad\u00e1s\u00e1ban.<\/p>\n<p><a href=\"https:\/\/www1.kkl.si\/wp-content\/uploads\/2021\/10\/deNiro_As_orkester.png\" data-lbwps-width=\"1107\" data-lbwps-height=\"1175\" data-lbwps-srcsmall=\"https:\/\/www1.kkl.si\/wp-content\/uploads\/2021\/10\/deNiro_As_orkester-377x400.png\"><img loading=\"lazy\" decoding=\"async\" class=\"alignnone size-medium wp-image-5090\" src=\"https:\/\/www1.kkl.si\/wp-content\/uploads\/2021\/10\/deNiro_As_orkester-377x400.png\" alt=\"\" width=\"377\" height=\"400\" srcset=\"https:\/\/www1.kkl.si\/wp-content\/uploads\/2021\/10\/deNiro_As_orkester-377x400.png 377w, https:\/\/www1.kkl.si\/wp-content\/uploads\/2021\/10\/deNiro_As_orkester.png 1107w\" sizes=\"auto, (max-width: 377px) 100vw, 377px\" \/><\/a><\/p>\n<p>Szeretettel v\u00e1rjuk \u00d6n\u00f6ket!<\/p>\n<hr \/>\n<p><i class=\"fas fa-link\"><\/i> <a href=\"https:\/\/www.lendava.si\/objava\/561174\">https:\/\/www.lendava.si\/objava\/561174<\/a><\/p>\n<hr \/>\n<p>BEL\u00c9P\u00c9S CSAK AZ <a href=\"https:\/\/www1.kkl.si\/hu\/a-szinhaz-es-hangversenyteremben-a-tartozkodas-csak-az-aot-felteteleknek-eleget-tevo-szemelyek-reszere-lehetseges\/\">\u00c1OT FELT\u00c9TELEKNEK<\/a> ELEGET TEV\u0150 SZEM\u00c9LYEK R\u00c9SZ\u00c9RE LEHETS\u00c9GES!<\/p>\n<p><a href=\"https:\/\/www1.kkl.si\/wp-content\/uploads\/2021\/09\/PCT_pogoji_napis_GKD_Lendava_HU-1.svg\" data-lbwps-width=\"3544\" data-lbwps-height=\"2902\" data-lbwps-srcsmall=\"https:\/\/www1.kkl.si\/wp-content\/uploads\/2021\/09\/PCT_pogoji_napis_GKD_Lendava_HU-1.svg\"><img loading=\"lazy\" decoding=\"async\" class=\"size-medium wp-image-4799 alignleft\" src=\"https:\/\/www1.kkl.si\/wp-content\/uploads\/2021\/09\/PCT_pogoji_napis_GKD_Lendava_HU-1.svg\" sizes=\"auto, (max-width: 400px) 100vw, 400px\" srcset=\"https:\/\/www1.kkl.si\/wp-content\/uploads\/2021\/09\/PCT_pogoji_napis_GKD_Lendava_HU-1.svg 150w, https:\/\/www1.kkl.si\/wp-content\/uploads\/2021\/09\/PCT_pogoji_napis_GKD_Lendava_HU-1.svg 400w, https:\/\/www1.kkl.si\/wp-content\/uploads\/2021\/09\/PCT_pogoji_napis_GKD_Lendava_HU-1.svg 1500w, https:\/\/www1.kkl.si\/wp-content\/uploads\/2021\/09\/PCT_pogoji_napis_GKD_Lendava_HU-1.svg 100w\" alt=\"\" width=\"400\" height=\"400\" \/><\/a><\/p>\n<p>&nbsp;<\/p>\n","protected":false},"excerpt":{"rendered":"<p>2021. 10. 17. vas\u00e1rnap | kultur\u00e1lis rendezv\u00e9ny 17.00 Helysz\u00edn: Lendvai Sz\u00ednh\u00e1z- \u00e9s Hangversenyterem Szervez\u0151: Lendva K\u00f6zs\u00e9g a MORiS Ko\u010devska Reka Egyes\u00fclettel, a Szlov\u00e9n F\u00fcggetlens\u00e9g \u00c9rt\u00e9kei\u00e9rt Egyes\u00fclettel \u00e9s a SKUD \u2013 Sz\u00fcl\u0151f\u00f6ld Egyes\u00fclettel egy\u00fcttm\u0171k\u00f6dve Lendva K\u00f6zs\u00e9g a MORiS Ko\u010devska Reka Egyes\u00fclettel, a Szlov\u00e9n F\u00fcggetlens\u00e9g \u00c9rt\u00e9kei\u00e9rt Egyes\u00fclettel \u00e9s a SKUD \u2013 Sz\u00fcl\u0151f\u00f6ld Egyes\u00fclettel egy\u00fcttm\u0171k\u00f6dve megh\u00edvja \u00d6nt a [&hellip;]<\/p>\n","protected":false},"author":2,"featured_media":5086,"parent":0,"menu_order":0,"comment_status":"closed","ping_status":"closed","template":"","meta":{"footnotes":""},"class_list":["post-5096","page","type-page","status-publish","has-post-thumbnail","hentry","post","post-with-thumbnail","post-with-thumbnail-icon"],"_links":{"self":[{"href":"https:\/\/www1.kkl.si\/hu\/wp-json\/wp\/v2\/pages\/5096","targetHints":{"allow":["GET"]}}],"collection":[{"href":"https:\/\/www1.kkl.si\/hu\/wp-json\/wp\/v2\/pages"}],"about":[{"href":"https:\/\/www1.kkl.si\/hu\/wp-json\/wp\/v2\/types\/page"}],"author":[{"embeddable":true,"href":"https:\/\/www1.kkl.si\/hu\/wp-json\/wp\/v2\/users\/2"}],"replies":[{"embeddable":true,"href":"https:\/\/www1.kkl.si\/hu\/wp-json\/wp\/v2\/comments?post=5096"}],"version-history":[{"count":3,"href":"https:\/\/www1.kkl.si\/hu\/wp-json\/wp\/v2\/pages\/5096\/revisions"}],"predecessor-version":[{"id":5102,"href":"https:\/\/www1.kkl.si\/hu\/wp-json\/wp\/v2\/pages\/5096\/revisions\/5102"}],"wp:featuredmedia":[{"embeddable":true,"href":"https:\/\/www1.kkl.si\/hu\/wp-json\/wp\/v2\/media\/5086"}],"wp:attachment":[{"href":"https:\/\/www1.kkl.si\/hu\/wp-json\/wp\/v2\/media?parent=5096"}],"curies":[{"name":"wp","href":"https:\/\/api.w.org\/{rel}","templated":true}]}}