{"id":5218,"date":"2021-10-21T18:14:51","date_gmt":"2021-10-21T16:14:51","guid":{"rendered":"https:\/\/www1.kkl.si\/?page_id=5218"},"modified":"2021-10-21T18:21:36","modified_gmt":"2021-10-21T16:21:36","slug":"tutu-2021-balettverseny-2-nap","status":"publish","type":"page","link":"https:\/\/www1.kkl.si\/hu\/tutu-2021-balettverseny-2-nap\/","title":{"rendered":"TUTU 2021, balettverseny, 2. nap"},"content":{"rendered":"<div><img loading=\"lazy\" decoding=\"async\" class=\"izrez alignnone wp-image-5129 size-full\" src=\"https:\/\/www1.kkl.si\/wp-content\/uploads\/2021\/10\/BANNER-TUTU.jpg\" alt=\"\" width=\"1200\" height=\"250\" srcset=\"https:\/\/www1.kkl.si\/wp-content\/uploads\/2021\/10\/BANNER-TUTU.jpg 1200w, https:\/\/www1.kkl.si\/wp-content\/uploads\/2021\/10\/BANNER-TUTU-400x83.jpg 400w\" sizes=\"auto, (max-width: 1200px) 100vw, 1200px\" \/><\/div>\n<div class=\"opis\"><strong><img loading=\"lazy\" decoding=\"async\" class=\"wp-image-1592 alignright\" title=\"Fizet\u0151s rendezv\u00e9ny\" src=\"https:\/\/www1.kkl.si\/wp-content\/uploads\/\/2020\/07\/spored_simb_placljiva-1.svg\" sizes=\"auto, (max-width: 40px) 100vw, 40px\" srcset=\"https:\/\/www1.kkl.si\/wp-content\/uploads\/\/2020\/07\/spored_simb_placljiva-1.svg 150w, https:\/\/www1.kkl.si\/wp-content\/uploads\/\/2020\/07\/spored_simb_placljiva-1.svg 400w, https:\/\/www1.kkl.si\/wp-content\/uploads\/\/2020\/07\/spored_simb_placljiva-1.svg 1500w, https:\/\/www1.kkl.si\/wp-content\/uploads\/\/2020\/07\/spored_simb_placljiva-1.svg 100w\" alt=\"placljiva\" width=\"40\" height=\"40\" \/><i class=\"fas fa-calendar\"><\/i> 2021. 10. 24. vas\u00e1rnap | <span class=\"zanr\">balettverseny<\/span><br \/>\n<i class=\"fas fa-clock\"><\/i> eg\u00e9sznapos program, 8.15 \u00f3rai kezdetettel<\/strong> <br \/>\n<i class=\"fas fa-ticket-alt\"><\/i> Bel\u00e9p\u0151jegy \u00e1ra (a verseny megtekint\u00e9se 15.00 \u00f3rakor): <strong>3 \u20ac<\/strong><br \/>\n<i class=\"fas fa-ticket-alt\"><\/i> Bel\u00e9p\u0151jegy \u00e1ra (az \u00fcnnepi z\u00e1r\u00f3koncert megtekint\u00e9se 18.00 \u00f3rakor): <strong>5 \u20ac<\/strong><br \/>\n<i class=\"fas fa-map-marker\"><\/i> Helysz\u00edn: Lendvai Sz\u00ednh\u00e1z- \u00e9s Hangversenyterem<br \/>\n<i class=\"fas fa-chevron-circle-right\"><\/i> Szervez\u0151: <a href=\"https:\/\/www.dbus.si\/\">Dru\u0161tvo baletnih umetnikov Slovenije<\/a><\/div>\n<p><span style=\"font-size: 28px;\">TUTU 2021 id\u0151rend: 2021. okt\u00f3ber 24., vas\u00e1rnap<\/span><\/p>\n<table>\n<tbody>\n<tr>\n<td><strong>8.15\u20139.15<\/strong><\/td>\n<td>a r\u00e9sztvev\u0151k regisztr\u00e1ci\u00f3ja a Lendvai Sz\u00ednh\u00e1z- \u00e9s Hangversenyterem el\u0151csarnok\u00e1ban<\/td>\n<\/tr>\n<tr>\n<td><strong>9.30\u201311.00<\/strong><\/td>\n<td>balettoktat\u00e1s a zs\u0171ri egyik tagj\u00e1val<\/td>\n<\/tr>\n<tr>\n<td><strong>11.15\u201314.10<\/strong><\/td>\n<td>a versenyz\u0151k pr\u00f3b\u00e1i a sz\u00ednpadon<\/td>\n<\/tr>\n<tr>\n<td><strong>15.00<\/strong><\/td>\n<td>VERSENY<\/td>\n<\/tr>\n<tr>\n<td><strong>18.00<br \/>\n<\/strong><\/td>\n<td>D\u00cdJ\u00c1TAD\u00d3VAL EGYBEK\u00d6T\u00d6TT G\u00c1LAKONCERT<\/td>\n<\/tr>\n<\/tbody>\n<\/table>\n<p><i class=\"fas fa-ticket-alt\"><\/i>\u00a0<strong>Lehet\u0151s\u00e9g van a 15.00 \u00f3rakor kezd\u0151d\u0151 verseny (jegy\u00e1r 3 \u20ac) \u00e9s a 18.00 \u00f3rakor kezd\u0151d\u0151 g\u00e1lakoncert megtekint\u00e9s\u00e9re (jegy\u00e1r 5 \u20ac).<\/strong><\/p>\n<hr \/>\n<p><i class=\"fas fa-link\"><\/i> <a href=\"https:\/\/www.tutubaletnotekmovanje.si\/casovnica-tutu-2021\/\">https:\/\/www.tutubaletnotekmovanje.si\/casovnica-tutu-2021\/<\/a><\/p>\n<hr \/>\n<p><span style=\"color: #ff0000; font-size: 28px;\"><i class=\"fas fa-exclamation-triangle\"><\/i><\/span> BEL\u00c9P\u00c9S CSAK AZ <a href=\"https:\/\/www1.kkl.si\/hu\/a-szinhaz-es-hangversenyteremben-a-tartozkodas-csak-az-aot-felteteleknek-eleget-tevo-szemelyek-reszere-lehetseges\/\">\u00c1OT FELT\u00c9TELEKNEK<\/a> ELEGET TEV\u0150 SZEM\u00c9LYEK R\u00c9SZ\u00c9RE LEHETS\u00c9GES!<\/p>\n","protected":false},"excerpt":{"rendered":"<p>2021. 10. 24. vas\u00e1rnap | balettverseny eg\u00e9sznapos program, 8.15 \u00f3rai kezdetettel Bel\u00e9p\u0151jegy \u00e1ra (a verseny megtekint\u00e9se 15.00 \u00f3rakor): 3 \u20ac Bel\u00e9p\u0151jegy \u00e1ra (az \u00fcnnepi z\u00e1r\u00f3koncert megtekint\u00e9se 18.00 \u00f3rakor): 5 \u20ac Helysz\u00edn: Lendvai Sz\u00ednh\u00e1z- \u00e9s Hangversenyterem Szervez\u0151: Dru\u0161tvo baletnih umetnikov Slovenije TUTU 2021 id\u0151rend: 2021. okt\u00f3ber 24., vas\u00e1rnap 8.15\u20139.15 a r\u00e9sztvev\u0151k regisztr\u00e1ci\u00f3ja a Lendvai Sz\u00ednh\u00e1z- \u00e9s [&hellip;]<\/p>\n","protected":false},"author":2,"featured_media":5129,"parent":0,"menu_order":0,"comment_status":"closed","ping_status":"closed","template":"","meta":{"footnotes":""},"class_list":["post-5218","page","type-page","status-publish","has-post-thumbnail","hentry","post","post-with-thumbnail","post-with-thumbnail-icon"],"_links":{"self":[{"href":"https:\/\/www1.kkl.si\/hu\/wp-json\/wp\/v2\/pages\/5218","targetHints":{"allow":["GET"]}}],"collection":[{"href":"https:\/\/www1.kkl.si\/hu\/wp-json\/wp\/v2\/pages"}],"about":[{"href":"https:\/\/www1.kkl.si\/hu\/wp-json\/wp\/v2\/types\/page"}],"author":[{"embeddable":true,"href":"https:\/\/www1.kkl.si\/hu\/wp-json\/wp\/v2\/users\/2"}],"replies":[{"embeddable":true,"href":"https:\/\/www1.kkl.si\/hu\/wp-json\/wp\/v2\/comments?post=5218"}],"version-history":[{"count":7,"href":"https:\/\/www1.kkl.si\/hu\/wp-json\/wp\/v2\/pages\/5218\/revisions"}],"predecessor-version":[{"id":5236,"href":"https:\/\/www1.kkl.si\/hu\/wp-json\/wp\/v2\/pages\/5218\/revisions\/5236"}],"wp:featuredmedia":[{"embeddable":true,"href":"https:\/\/www1.kkl.si\/hu\/wp-json\/wp\/v2\/media\/5129"}],"wp:attachment":[{"href":"https:\/\/www1.kkl.si\/hu\/wp-json\/wp\/v2\/media?parent=5218"}],"curies":[{"name":"wp","href":"https:\/\/api.w.org\/{rel}","templated":true}]}}