{"id":5228,"date":"2021-10-21T18:20:04","date_gmt":"2021-10-21T16:20:04","guid":{"rendered":"https:\/\/www1.kkl.si\/?page_id=5228"},"modified":"2021-10-21T18:23:51","modified_gmt":"2021-10-21T16:23:51","slug":"az-elso-lendvai-olvasokor-megalapitasanak-150-evforduloja-alkalmabol-rendezett-szimpozium","status":"publish","type":"page","link":"https:\/\/www1.kkl.si\/hu\/az-elso-lendvai-olvasokor-megalapitasanak-150-evforduloja-alkalmabol-rendezett-szimpozium\/","title":{"rendered":"Az els\u0151 lendvai olvas\u00f3k\u00f6r megalap\u00edt\u00e1s\u00e1nak 150. \u00e9vfordul\u00f3ja alkalm\u00e1b\u00f3l rendezett szimp\u00f3zium"},"content":{"rendered":"<div><img loading=\"lazy\" decoding=\"async\" class=\"izrez alignnone wp-image-5229 size-full\" src=\"https:\/\/www1.kkl.si\/wp-content\/uploads\/2021\/10\/2021_10_25-Bralni_krog-Olvasokor-slider_hu.jpg\" alt=\"\" width=\"1500\" height=\"400\" srcset=\"https:\/\/www1.kkl.si\/wp-content\/uploads\/2021\/10\/2021_10_25-Bralni_krog-Olvasokor-slider_hu.jpg 1500w, https:\/\/www1.kkl.si\/wp-content\/uploads\/2021\/10\/2021_10_25-Bralni_krog-Olvasokor-slider_hu-400x107.jpg 400w\" sizes=\"auto, (max-width: 1500px) 100vw, 1500px\" \/><\/div>\n<div class=\"opis\"><img loading=\"lazy\" decoding=\"async\" class=\"wp-image-1588 alignright\" title=\"Ingyenes rendezv\u00e9ny\" src=\"https:\/\/www1.kkl.si\/wp-content\/uploads\/\/2020\/07\/spored_simb_brezplacna-1.svg\" sizes=\"auto, (max-width: 40px) 100vw, 40px\" srcset=\"https:\/\/www1.kkl.si\/wp-content\/uploads\/\/2020\/07\/spored_simb_brezplacna-1.svg 150w, https:\/\/www1.kkl.si\/wp-content\/uploads\/\/2020\/07\/spored_simb_brezplacna-1.svg 400w, https:\/\/www1.kkl.si\/wp-content\/uploads\/\/2020\/07\/spored_simb_brezplacna-1.svg 1500w, https:\/\/www1.kkl.si\/wp-content\/uploads\/\/2020\/07\/spored_simb_brezplacna-1.svg 100w\" alt=\"brezplacna\" width=\"40\" height=\"40\" \/><strong><i class=\"fas fa-calendar\"><\/i> 2021. 10. 25. h\u00e9tf\u0151 | <span class=\"zanr\">szimp\u00f3zium<\/span><br \/>\n<i class=\"fas fa-clock\"><\/i> 10.00<\/strong> <br \/>\n<i class=\"fas fa-map-marker\"><\/i> Helysz\u00edn: Lendvai Sz\u00ednh\u00e1z- \u00e9s Hangversenyterem \u00e9s az \u00e9p\u00fclet el\u0151t\u00e9re<br \/>\n<i class=\"fas fa-chevron-circle-right\"><\/i> Szervez\u0151: <a href=\"https:\/\/www.kkl.si\/\">Knji\u017enica \u2013 Kulturni center Lendava \u2013 Lendvai K\u00f6nyvt\u00e1r \u00e9s Kultur\u00e1lis K\u00f6zpont<\/a><\/div>\n<p><a href=\"https:\/\/www1.kkl.si\/wp-content\/uploads\/2021\/10\/2021_10_25-Bralni_krog-Olvasokor-B.jpg\" data-lbwps-width=\"1500\" data-lbwps-height=\"2120\" data-lbwps-srcsmall=\"https:\/\/www1.kkl.si\/wp-content\/uploads\/2021\/10\/2021_10_25-Bralni_krog-Olvasokor-B-283x400.jpg\"><img loading=\"lazy\" decoding=\"async\" class=\"alignright size-medium wp-image-5125\" src=\"https:\/\/www1.kkl.si\/wp-content\/uploads\/2021\/10\/2021_10_25-Bralni_krog-Olvasokor-B-283x400.jpg\" alt=\"\" width=\"283\" height=\"400\" srcset=\"https:\/\/www1.kkl.si\/wp-content\/uploads\/2021\/10\/2021_10_25-Bralni_krog-Olvasokor-B-283x400.jpg 283w, https:\/\/www1.kkl.si\/wp-content\/uploads\/2021\/10\/2021_10_25-Bralni_krog-Olvasokor-B-1061x1500.jpg 1061w, https:\/\/www1.kkl.si\/wp-content\/uploads\/2021\/10\/2021_10_25-Bralni_krog-Olvasokor-B.jpg 1500w\" sizes=\"auto, (max-width: 283px) 100vw, 283px\" \/><\/a>A Lendvai K\u00f6nyvt\u00e1r \u00e9s Kultur\u00e1lis K\u00f6zpont<\/p>\n<p>sok szeretettel megh\u00edv mindenkit<\/p>\n<p><strong>az els\u0151 lendvai olvas\u00f3k\u00f6r<\/strong><br \/>\n<strong>megalap\u00edt\u00e1s\u00e1nak 150. \u00e9vfordul\u00f3ja<\/strong><br \/>\n<strong>alkalm\u00e1b\u00f3l rendezett szimp\u00f3ziumra,<\/strong><\/p>\n<p>amely 2021. okt\u00f3ber 25-\u00e9n lesz a Lendvai Sz\u00ednh\u00e1z- \u00e9s Hangversenyteremben 10.00 \u00f3rai kezdettel.<\/p>\n<p>13.00 \u00f3rakor a Lendvai Sz\u00ednh\u00e1z- \u00e9s Hangversenyterem csarnok\u00e1ban ki\u00e1ll\u00edt\u00e1s ny\u00edlik a tan\u00e1cskoz\u00e1s t\u00e9m\u00e1j\u00e1ra.<\/p>\n\n\t\t<style type=\"text\/css\">\n\t\t\t#gallery-1 {\n\t\t\t\tmargin: auto;\n\t\t\t}\n\t\t\t#gallery-1 .gallery-item {\n\t\t\t\tfloat: left;\n\t\t\t\tmargin-top: 10px;\n\t\t\t\ttext-align: center;\n\t\t\t\twidth: 33%;\n\t\t\t}\n\t\t\t#gallery-1 img {\n\t\t\t\tborder: 2px solid #cfcfcf;\n\t\t\t}\n\t\t\t#gallery-1 .gallery-caption {\n\t\t\t\tmargin-left: 0;\n\t\t\t}\n\t\t\t\/* see gallery_shortcode() in wp-includes\/media.php *\/\n\t\t<\/style>\n\t\t<div id='gallery-1' class='gallery galleryid-5228 gallery-columns-3 gallery-size-thumbnail'><dl class='gallery-item'>\n\t\t\t<dt class='gallery-icon portrait'>\n\t\t\t\t<a href='https:\/\/www1.kkl.si\/wp-content\/uploads\/2021\/10\/2021_10_25-Bralni_krog-Olvasokor-B.jpg'><img loading=\"lazy\" decoding=\"async\" width=\"150\" height=\"150\" src=\"https:\/\/www1.kkl.si\/wp-content\/uploads\/2021\/10\/2021_10_25-Bralni_krog-Olvasokor-B-150x150.jpg\" class=\"attachment-thumbnail size-thumbnail\" alt=\"\" \/><\/a>\n\t\t\t<\/dt><\/dl><dl class='gallery-item'>\n\t\t\t<dt class='gallery-icon portrait'>\n\t\t\t\t<a href='https:\/\/www1.kkl.si\/wp-content\/uploads\/2021\/10\/2021_10_25-Bralni_krog-Olvasokor-A.jpg'><img loading=\"lazy\" decoding=\"async\" width=\"150\" height=\"150\" src=\"https:\/\/www1.kkl.si\/wp-content\/uploads\/2021\/10\/2021_10_25-Bralni_krog-Olvasokor-A-150x150.jpg\" class=\"attachment-thumbnail size-thumbnail\" alt=\"\" \/><\/a>\n\t\t\t<\/dt><\/dl><dl class='gallery-item'>\n\t\t\t<dt class='gallery-icon landscape'>\n\t\t\t\t<a href='https:\/\/www1.kkl.si\/wp-content\/uploads\/2021\/10\/2021_10_25-Bralni_krog-Olvasokor-C.jpg'><img loading=\"lazy\" decoding=\"async\" width=\"150\" height=\"150\" src=\"https:\/\/www1.kkl.si\/wp-content\/uploads\/2021\/10\/2021_10_25-Bralni_krog-Olvasokor-C-150x150.jpg\" class=\"attachment-thumbnail size-thumbnail\" alt=\"\" \/><\/a>\n\t\t\t<\/dt><\/dl><br style=\"clear: both\" \/>\n\t\t<\/div>\n\n<hr \/>\n<p><i class=\"fas fa-link\"><\/i> <a href=\"https:\/\/www.kl-kl.si\/hu\/az-elso-lendvai-olvasokor-megalapitasanak-150-evforduloja-alkalmabol-rendezett-szimpozium\/\">https:\/\/www.kl-kl.si\/hu\/az-elso-lendvai-olvasokor-megalapitasanak-150-evforduloja-alkalmabol-rendezett-szimpozium\/<\/a><\/p>\n<hr \/>\n<p><span style=\"color: #ff0000; font-size: 28px;\"><i class=\"fas fa-exclamation-triangle\"><\/i><\/span> BEL\u00c9P\u00c9S CSAK AZ <a href=\"https:\/\/www1.kkl.si\/hu\/a-szinhaz-es-hangversenyteremben-a-tartozkodas-csak-az-aot-felteteleknek-eleget-tevo-szemelyek-reszere-lehetseges\/\">\u00c1OT FELT\u00c9TELEKNEK<\/a> ELEGET TEV\u0150 SZEM\u00c9LYEK R\u00c9SZ\u00c9RE LEHETS\u00c9GES!<\/p>\n","protected":false},"excerpt":{"rendered":"<p>2021. 10. 25. h\u00e9tf\u0151 | szimp\u00f3zium 10.00 Helysz\u00edn: Lendvai Sz\u00ednh\u00e1z- \u00e9s Hangversenyterem \u00e9s az \u00e9p\u00fclet el\u0151t\u00e9re Szervez\u0151: Knji\u017enica \u2013 Kulturni center Lendava \u2013 Lendvai K\u00f6nyvt\u00e1r \u00e9s Kultur\u00e1lis K\u00f6zpont A Lendvai K\u00f6nyvt\u00e1r \u00e9s Kultur\u00e1lis K\u00f6zpont sok szeretettel megh\u00edv mindenkit az els\u0151 lendvai olvas\u00f3k\u00f6r megalap\u00edt\u00e1s\u00e1nak 150. \u00e9vfordul\u00f3ja alkalm\u00e1b\u00f3l rendezett szimp\u00f3ziumra, amely 2021. okt\u00f3ber 25-\u00e9n lesz a Lendvai [&hellip;]<\/p>\n","protected":false},"author":2,"featured_media":0,"parent":0,"menu_order":0,"comment_status":"closed","ping_status":"closed","template":"","meta":{"footnotes":""},"class_list":["post-5228","page","type-page","status-publish","hentry","post"],"_links":{"self":[{"href":"https:\/\/www1.kkl.si\/hu\/wp-json\/wp\/v2\/pages\/5228","targetHints":{"allow":["GET"]}}],"collection":[{"href":"https:\/\/www1.kkl.si\/hu\/wp-json\/wp\/v2\/pages"}],"about":[{"href":"https:\/\/www1.kkl.si\/hu\/wp-json\/wp\/v2\/types\/page"}],"author":[{"embeddable":true,"href":"https:\/\/www1.kkl.si\/hu\/wp-json\/wp\/v2\/users\/2"}],"replies":[{"embeddable":true,"href":"https:\/\/www1.kkl.si\/hu\/wp-json\/wp\/v2\/comments?post=5228"}],"version-history":[{"count":7,"href":"https:\/\/www1.kkl.si\/hu\/wp-json\/wp\/v2\/pages\/5228\/revisions"}],"predecessor-version":[{"id":5241,"href":"https:\/\/www1.kkl.si\/hu\/wp-json\/wp\/v2\/pages\/5228\/revisions\/5241"}],"wp:attachment":[{"href":"https:\/\/www1.kkl.si\/hu\/wp-json\/wp\/v2\/media?parent=5228"}],"curies":[{"name":"wp","href":"https:\/\/api.w.org\/{rel}","templated":true}]}}