{"id":5527,"date":"2021-11-25T17:40:14","date_gmt":"2021-11-25T16:40:14","guid":{"rendered":"https:\/\/www1.kkl.si\/?page_id=5527"},"modified":"2021-11-25T17:42:54","modified_gmt":"2021-11-25T16:42:54","slug":"miha-kacafura-mindenkinek-meg-van-hatarozva-a-halalideje","status":"publish","type":"page","link":"https:\/\/www1.kkl.si\/hu\/miha-kacafura-mindenkinek-meg-van-hatarozva-a-halalideje\/","title":{"rendered":"Miha Kacafura: MINDENKINEK MEG VAN HAT\u00c1ROZVA A HAL\u00c1LIDEJE"},"content":{"rendered":"<div class=\"opis\"><strong><img loading=\"lazy\" decoding=\"async\" class=\"wp-image-1588 alignright\" title=\"Ingyenes rendezv\u00e9ny\" src=\"https:\/\/www1.kkl.si\/wp-content\/uploads\/\/2020\/07\/spored_simb_brezplacna-1.svg\" sizes=\"auto, (max-width: 40px) 100vw, 40px\" srcset=\"https:\/\/www1.kkl.si\/wp-content\/uploads\/\/2020\/07\/spored_simb_brezplacna-1.svg 150w, https:\/\/www1.kkl.si\/wp-content\/uploads\/\/2020\/07\/spored_simb_brezplacna-1.svg 400w, https:\/\/www1.kkl.si\/wp-content\/uploads\/\/2020\/07\/spored_simb_brezplacna-1.svg 1500w, https:\/\/www1.kkl.si\/wp-content\/uploads\/\/2020\/07\/spored_simb_brezplacna-1.svg 100w\" alt=\"brezplacna\" width=\"40\" height=\"40\" \/><i class=\"fas fa-calendar\"><\/i> 2021. november 26. p\u00e9ntek | <span class=\"zanr\">fot\u00f3ki\u00e1ll\u00edt\u00e1s<\/span><br \/>\n<i class=\"fas fa-clock\"><\/i> 18.00<\/strong><br \/>\n<i class=\"fas fa-map-marker\"><\/i> Helysz\u00edn: Lendvai Sz\u00ednh\u00e1z- \u00e9s Hangversenyterem<br \/>\n<i class=\"fas fa-chevron-circle-right\"><\/i> Szervez\u0151: <a href=\"https:\/\/www.kkl.si\/\">Knji\u017enica \u2013 Kulturni center Lendava \u2013 Lendvai K\u00f6nyvt\u00e1r \u00e9s Kultur\u00e1lis K\u00f6zpont<\/a><\/div>\n<header class=\"entry-header\">\n<div class=\"entry-meta\">\u00a0<\/div>\n<\/header>\n<div class=\"entry-content\">\n<p><img loading=\"lazy\" decoding=\"async\" class=\"size-large wp-image-5505 alignnone aligncenter\" src=\"https:\/\/www1.kkl.si\/wp-content\/uploads\/2021\/11\/miha_kacafura_cas_smrti-638x342.jpg\" sizes=\"auto, (max-width: 638px) 100vw, 638px\" srcset=\"https:\/\/www1.kkl.si\/wp-content\/uploads\/2021\/11\/miha_kacafura_cas_smrti.jpg 638w, https:\/\/www1.kkl.si\/wp-content\/uploads\/2021\/11\/miha_kacafura_cas_smrti-400x214.jpg 400w\" alt=\"\" width=\"638\" height=\"342\" \/><\/p>\n<p style=\"text-align: center;\">Lendvai K\u00f6nyvt\u00e1r \u00e9s Kultur\u00e1lis K\u00f6zpont<\/p>\n<p style=\"text-align: center;\">szeretettel megh\u00edvja \u00d6n\u00f6ket a<\/p>\n<p style=\"text-align: center;\">Miha Kacafura:<\/p>\n<p style=\"text-align: center;\">MINDENKINEK MEG VAN HAT\u00c1ROZVA A HAL\u00c1LIDEJE<\/p>\n<p style=\"text-align: center;\">c\u00edm\u0171 fot\u00f3ki\u00e1ll\u00edt\u00e1s megnyit\u00f3j\u00e1ra,<\/p>\n<p style=\"text-align: center;\">amely <strong>2021. november 26-\u00e1n, p\u00e9nteken 18 \u00f3rakor<\/strong> lesz<br \/>\na Lendvai Sz\u00ednh\u00e1z- \u00e9s Hangversenyterem el\u0151csarnok\u00e1ban.<\/p>\n<p style=\"text-align: center;\">A szerz\u0151 a f\u00e9nyk\u00e9pekben a fenntarthat\u00f3s\u00e1g, a haland\u00f3s\u00e1g illetve az ember \u00f6nmag\u00e1hoz \u00e9s a k\u00f6rnyezet\u00e9hez val\u00f3 viszony\u00e1nak k\u00e9rd\u00e9seit, valamint az \u00e9let r\u00f6vids\u00e9g\u00e9nek tudatoss\u00e1g\u00e1t j\u00e1tsza \u00e1t.<br \/>\nFotogr\u00e1fiai megk\u00f6zel\u00edt\u00e9ssel a vanitas fest\u0151m\u0171v\u00e9szeti t\u00e9m\u00e1j\u00e1t ut\u00e1nozza.<\/p>\n<p style=\"text-align: center;\"><em>\u00d6r\u00fcl\u00fcnk l\u00e1togat\u00e1suknak!<\/em><\/p>\n<p><\/p>\n<p><a href=\"https:\/\/www1.kkl.si\/wp-content\/uploads\/2021\/11\/pokrovitelji_razstava_202-11-26.jpg\" data-lbwps-width=\"1500\" data-lbwps-height=\"300\" data-lbwps-handler=\"1\"><img loading=\"lazy\" decoding=\"async\" class=\"alignnone size-full wp-image-5507\" src=\"https:\/\/www1.kkl.si\/wp-content\/uploads\/2021\/11\/pokrovitelji_razstava_202-11-26.jpg\" sizes=\"auto, (max-width: 1500px) 100vw, 1500px\" srcset=\"https:\/\/www1.kkl.si\/wp-content\/uploads\/2021\/11\/pokrovitelji_razstava_202-11-26.jpg 1500w, https:\/\/www1.kkl.si\/wp-content\/uploads\/2021\/11\/pokrovitelji_razstava_202-11-26-400x80.jpg 400w\" alt=\"\" width=\"1500\" height=\"300\" \/><\/a><\/p>\n<\/div>\n<hr \/>\n<p><span style=\"font-size: 28px; color: #ff0000;\"><i class=\"fas fa-exclamation-triangle\"><\/i><\/span> BEL\u00c9P\u00c9S CSAK AZ <a href=\"https:\/\/www1.kkl.si\/hu\/a-szinhaz-es-hangversenyteremben-a-tartozkodas-csak-az-aot-felteteleknek-eleget-tevo-szemelyek-reszere-lehetseges\/\">\u00c1OT FELT\u00c9TELEKNEK<\/a> ELEGET TEV\u0150 SZEM\u00c9LYEK R\u00c9SZ\u00c9RE LEHETS\u00c9GES!<\/p>\n","protected":false},"excerpt":{"rendered":"<p>2021. november 26. p\u00e9ntek | fot\u00f3ki\u00e1ll\u00edt\u00e1s 18.00 Helysz\u00edn: Lendvai Sz\u00ednh\u00e1z- \u00e9s Hangversenyterem Szervez\u0151: Knji\u017enica \u2013 Kulturni center Lendava \u2013 Lendvai K\u00f6nyvt\u00e1r \u00e9s Kultur\u00e1lis K\u00f6zpont \u00a0 Lendvai K\u00f6nyvt\u00e1r \u00e9s Kultur\u00e1lis K\u00f6zpont szeretettel megh\u00edvja \u00d6n\u00f6ket a Miha Kacafura: MINDENKINEK MEG VAN HAT\u00c1ROZVA A HAL\u00c1LIDEJE c\u00edm\u0171 fot\u00f3ki\u00e1ll\u00edt\u00e1s megnyit\u00f3j\u00e1ra, amely 2021. november 26-\u00e1n, p\u00e9nteken 18 \u00f3rakor lesz a Lendvai [&hellip;]<\/p>\n","protected":false},"author":2,"featured_media":0,"parent":0,"menu_order":0,"comment_status":"closed","ping_status":"closed","template":"","meta":{"footnotes":""},"class_list":["post-5527","page","type-page","status-publish","hentry","post"],"_links":{"self":[{"href":"https:\/\/www1.kkl.si\/hu\/wp-json\/wp\/v2\/pages\/5527","targetHints":{"allow":["GET"]}}],"collection":[{"href":"https:\/\/www1.kkl.si\/hu\/wp-json\/wp\/v2\/pages"}],"about":[{"href":"https:\/\/www1.kkl.si\/hu\/wp-json\/wp\/v2\/types\/page"}],"author":[{"embeddable":true,"href":"https:\/\/www1.kkl.si\/hu\/wp-json\/wp\/v2\/users\/2"}],"replies":[{"embeddable":true,"href":"https:\/\/www1.kkl.si\/hu\/wp-json\/wp\/v2\/comments?post=5527"}],"version-history":[{"count":4,"href":"https:\/\/www1.kkl.si\/hu\/wp-json\/wp\/v2\/pages\/5527\/revisions"}],"predecessor-version":[{"id":5534,"href":"https:\/\/www1.kkl.si\/hu\/wp-json\/wp\/v2\/pages\/5527\/revisions\/5534"}],"wp:attachment":[{"href":"https:\/\/www1.kkl.si\/hu\/wp-json\/wp\/v2\/media?parent=5527"}],"curies":[{"name":"wp","href":"https:\/\/api.w.org\/{rel}","templated":true}]}}