{"id":5582,"date":"2021-11-28T10:01:57","date_gmt":"2021-11-28T09:01:57","guid":{"rendered":"https:\/\/www1.kkl.si\/?page_id=5582"},"modified":"2021-12-01T08:49:25","modified_gmt":"2021-12-01T07:49:25","slug":"dbus-romeo-in-julija-romeo-es-julia","status":"publish","type":"page","link":"https:\/\/www1.kkl.si\/hu\/dbus-romeo-in-julija-romeo-es-julia\/","title":{"rendered":"DBUS: Romeo in Julija (R\u00f3me\u00f3 \u00e9s J\u00falia) \u2013 ELMARAD!"},"content":{"rendered":"<div><img loading=\"lazy\" decoding=\"async\" class=\"izrez alignnone wp-image-5572 size-full\" src=\"https:\/\/www1.kkl.si\/wp-content\/uploads\/2021\/11\/romeo_julija_balet_glava.jpg\" alt=\"\" width=\"1200\" height=\"300\" srcset=\"https:\/\/www1.kkl.si\/wp-content\/uploads\/2021\/11\/romeo_julija_balet_glava.jpg 1200w, https:\/\/www1.kkl.si\/wp-content\/uploads\/2021\/11\/romeo_julija_balet_glava-400x100.jpg 400w\" sizes=\"auto, (max-width: 1200px) 100vw, 1200px\" \/><\/div>\n<div class=\"opis\"><strong><img loading=\"lazy\" decoding=\"async\" class=\"wp-image-1588 alignright\" title=\"Ingyenes rendezv\u00e9ny\" src=\"https:\/\/www1.kkl.si\/wp-content\/uploads\/\/2020\/07\/spored_simb_brezplacna-1.svg\" alt=\"brezplacna\" width=\"40\" height=\"40\" srcset=\"https:\/\/www1.kkl.si\/wp-content\/uploads\/\/2020\/07\/spored_simb_brezplacna-1.svg 150w, https:\/\/www1.kkl.si\/wp-content\/uploads\/\/2020\/07\/spored_simb_brezplacna-1.svg 400w, https:\/\/www1.kkl.si\/wp-content\/uploads\/\/2020\/07\/spored_simb_brezplacna-1.svg 1500w, https:\/\/www1.kkl.si\/wp-content\/uploads\/\/2020\/07\/spored_simb_brezplacna-1.svg 100w\" sizes=\"auto, (max-width: 40px) 100vw, 40px\" \/><i class=\"fas fa-calendar\"><\/i> 2021. december 4. szombat | <span class=\"zanr\">balett<\/span> <span class=\"odpade\">ELMARAD!<\/span><br \/>\n<i class=\"fas fa-clock\"><\/i> 19.00<br \/>\n<\/strong><\/p>\n<p><span style=\"color: #ff0000;\"><strong>\u00c9RTES\u00cdT\u00c9S: Tisztelt l\u00e1togat\u00f3k, \u00e9rtes\u00edtj\u00fck \u00d6n\u00f6ket, hogy betegs\u00e9g miatt a szombati R\u00f3me\u00f3 \u00e9s J\u00falia balettel\u0151ad\u00e1s elmarad. A bemutat\u00f3 \u00faj id\u0151pontj\u00e1r\u00f3l \u00e9rtes\u00edtj\u00fck \u00d6n\u00f6ket.<\/strong><\/span><\/p>\n<p><i class=\"fas fa-ticket-alt\"><\/i> <strong>Az ingyenes jegyek<\/strong> \u00e1tvehet\u0151k a Lendvai Sz\u00ednh\u00e1z- \u00e9s Hangversenyterem p\u00e9nzt\u00e1r\u00e1n. A f\u00e9r\u0151helyek sz\u00e1ma korl\u00e1tozott, k\u00e9rj\u00fck id\u0151ben szerezze be a bel\u00e9p\u0151jegy\u00e9t.<br \/>\n<i class=\"fas fa-map-marker\"><\/i> Helysz\u00edn: Lendvai Sz\u00ednh\u00e1z- \u00e9s Hangversenyterem<br \/>\n<i class=\"fas fa-chevron-circle-right\"><\/i> Szervez\u0151: <a href=\"https:\/\/www.kkl.si\/\">Knji\u017enica \u2013 Kulturni center Lendava \u2013 Lendvai K\u00f6nyvt\u00e1r \u00e9s Kultur\u00e1lis K\u00f6zpont<\/a><\/div>\n<p><a href=\"https:\/\/www1.kkl.si\/wp-content\/uploads\/2021\/11\/plakat_B2_praznicni_december_2021_DVOJ_1500px.jpg\" data-lbwps-width=\"1078\" data-lbwps-height=\"1500\" data-lbwps-srcsmall=\"https:\/\/www1.kkl.si\/wp-content\/uploads\/2021\/11\/plakat_B2_praznicni_december_2021_DVOJ_1500px-287x400.jpg\"><img loading=\"lazy\" decoding=\"async\" class=\"alignright size-medium wp-image-5539\" src=\"https:\/\/www1.kkl.si\/wp-content\/uploads\/2021\/11\/plakat_B2_praznicni_december_2021_DVOJ_1500px-287x400.jpg\" alt=\"\" width=\"287\" height=\"400\" srcset=\"https:\/\/www1.kkl.si\/wp-content\/uploads\/2021\/11\/plakat_B2_praznicni_december_2021_DVOJ_1500px-287x400.jpg 287w, https:\/\/www1.kkl.si\/wp-content\/uploads\/2021\/11\/plakat_B2_praznicni_december_2021_DVOJ_1500px.jpg 1078w\" sizes=\"auto, (max-width: 287px) 100vw, 287px\" \/><\/a>\u00dcNNEPI DECEMBER A SZ\u00cdNH\u00c1ZBAN 2021<br \/>\nDBUS &#8211; Dru\u0161tvo baletnih umetnikov Slovenije\/Szlov\u00e9n Balettm\u0171v\u00e9szek Egyes\u00fclete:<br \/>\n<span style=\"font-size: 24px;\"><strong>Romeo in Julija (R\u00f3me\u00f3 \u00e9s J\u00falia)<\/strong><\/span><\/p>\n<p><em>Celove\u010derni balet v dveh dejanjih\/eg\u00e9szest\u00e9s balett<br \/>\n<\/em><\/p>\n<p>A minden id\u0151k legismertebb szerelmes t\u00f6rt\u00e9nete balett-el\u0151ad\u00e1sba.<\/p>\n<p><strong>SZLOV\u00c9N LE\u00cdR\u00c1S:<\/strong><\/p>\n<p>Najslavnej\u0161a ljubezenska zgodba vseh \u010dasov. Romeo in Julija, junaka Shakespearove tragedije, dajeta ime ljubezni sami. Mar ni res, da se skoraj vsak mo\u0161ki, ki do\u017eivi opojnost tistega sladkega \u010dustva, imenovanega ljubezen, vsaj za trenutek prepozna kot Romeo? Ali pa ga s tem latinsko zvene\u010dim imenom ozna\u010dijo drugi. Ni Julija tista podoba, v kateri bi se hotela najti vsaka \u017eenska, ko za\u010duti, da bo svoje \u017eivljenje na\u0161la v drugem?<\/p>\n<p>Vendar pa se Shakespearova vizija ne izpolni samo v milini. To je zgodba o ljubezni in o mr\u017enji, o prevzetosti in tudi o nestrpnosti, vzvi\u0161enosti in tudi ozkosti duha, zgodba poezije in nasilja. Zgodba o svetu sovra\u0161tva, v katerem se ljubezen izpolni v smrti. Tragedija iz renesan\u010dnega sveta, ki govori za vse \u010dase in o vseh \u010dasih, tudi na\u0161em.<\/p>\n<p>Glasba: <strong>Sergej Prokofiev<\/strong><br \/>\nKoreografija in scenografija: <strong>Toma\u017e Rode<\/strong><br \/>\nLu\u010d: <strong>Igor Mede<\/strong><br \/>\nIn\u0161picient: <strong>Matja\u017e Marin<\/strong><\/p>\n<p><a href=\"https:\/\/www1.kkl.si\/wp-content\/uploads\/2021\/11\/Romeo-in-Julija-28.jpg\" data-lbwps-width=\"1000\" data-lbwps-height=\"667\" data-lbwps-srcsmall=\"https:\/\/www1.kkl.si\/wp-content\/uploads\/2021\/11\/Romeo-in-Julija-28-400x267.jpg\"><img loading=\"lazy\" decoding=\"async\" class=\"alignright wp-image-5576 size-medium\" src=\"https:\/\/www1.kkl.si\/wp-content\/uploads\/2021\/11\/Romeo-in-Julija-28-400x267.jpg\" alt=\"\" width=\"400\" height=\"267\" srcset=\"https:\/\/www1.kkl.si\/wp-content\/uploads\/2021\/11\/Romeo-in-Julija-28-400x267.jpg 400w, https:\/\/www1.kkl.si\/wp-content\/uploads\/2021\/11\/Romeo-in-Julija-28.jpg 1000w\" sizes=\"auto, (max-width: 400px) 100vw, 400px\" \/><\/a>Zasedba: <br \/>\nLord Capulet <strong>SINI\u0160A BUKINAC<\/strong><br \/>\nLady Capulet <strong>NINA NO\u010c<\/strong><br \/>\nJulija, njuna h\u010di <strong>ANTONETA TURK<\/strong><br \/>\nJulijina dojilja <strong>EMILIE GALLERANI TASSINARI<\/strong><br \/>\nTybald, Julijin bratranec <strong>PETAR \u0110OR\u010cEVSKI<\/strong><br \/>\nParis, Julijin zaro\u010denec <strong>ALEKS THEO \u0160I\u0160ERNIK<\/strong><br \/>\nLord Monteg <strong>NEJC NO\u010c<\/strong><br \/>\nRomeo, njegov sin <strong>FILIP JURI\u010c<\/strong><br \/>\nMercutio, Romeov prijatelj <strong>TOMA\u017d GOLUB<\/strong><br \/>\nBenvolio, njun prijatelj <strong>JAN TRNINI\u010c<\/strong><br \/>\nPater Lorenzo <strong>B\u00c1LINT RAUSCHER<\/strong><br \/>\nEscalus <strong>B\u00c1LINT RAUSCHER<\/strong><\/p>\n<hr \/>\n<p>KAPCSOLAT<\/p>\n<p><i class=\"fas fa-link\"><\/i> <a href=\"https:\/\/www.dbus.si\/dogodki\/romeo-in-julija-2\/\">https:\/\/www.dbus.si\/dogodki\/romeo-in-julija-2\/<\/a><\/p>\n<hr \/>\n<p><span style=\"font-size: 28px; color: #ff0000;\"><i class=\"fas fa-exclamation-triangle\"><\/i><\/span> BEL\u00c9P\u00c9S CSAK AZ <a href=\"https:\/\/www1.kkl.si\/hu\/a-szinhaz-es-hangversenyteremben-a-tartozkodas-csak-az-aot-felteteleknek-eleget-tevo-szemelyek-reszere-lehetseges\/\">\u00c1OT FELT\u00c9TELEKNEK<\/a> ELEGET TEV\u0150 SZEM\u00c9LYEK R\u00c9SZ\u00c9RE LEHETS\u00c9GES!<\/p>\n","protected":false},"excerpt":{"rendered":"<p>2021. december 4. szombat | balett ELMARAD! 19.00 \u00c9RTES\u00cdT\u00c9S: Tisztelt l\u00e1togat\u00f3k, \u00e9rtes\u00edtj\u00fck \u00d6n\u00f6ket, hogy betegs\u00e9g miatt a szombati R\u00f3me\u00f3 \u00e9s J\u00falia balettel\u0151ad\u00e1s elmarad. A bemutat\u00f3 \u00faj id\u0151pontj\u00e1r\u00f3l \u00e9rtes\u00edtj\u00fck \u00d6n\u00f6ket. Az ingyenes jegyek \u00e1tvehet\u0151k a Lendvai Sz\u00ednh\u00e1z- \u00e9s Hangversenyterem p\u00e9nzt\u00e1r\u00e1n. A f\u00e9r\u0151helyek sz\u00e1ma korl\u00e1tozott, k\u00e9rj\u00fck id\u0151ben szerezze be a bel\u00e9p\u0151jegy\u00e9t. Helysz\u00edn: Lendvai Sz\u00ednh\u00e1z- \u00e9s Hangversenyterem Szervez\u0151: [&hellip;]<\/p>\n","protected":false},"author":2,"featured_media":5576,"parent":0,"menu_order":0,"comment_status":"closed","ping_status":"closed","template":"","meta":{"footnotes":""},"class_list":["post-5582","page","type-page","status-publish","has-post-thumbnail","hentry","post","post-with-thumbnail","post-with-thumbnail-icon"],"_links":{"self":[{"href":"https:\/\/www1.kkl.si\/hu\/wp-json\/wp\/v2\/pages\/5582","targetHints":{"allow":["GET"]}}],"collection":[{"href":"https:\/\/www1.kkl.si\/hu\/wp-json\/wp\/v2\/pages"}],"about":[{"href":"https:\/\/www1.kkl.si\/hu\/wp-json\/wp\/v2\/types\/page"}],"author":[{"embeddable":true,"href":"https:\/\/www1.kkl.si\/hu\/wp-json\/wp\/v2\/users\/2"}],"replies":[{"embeddable":true,"href":"https:\/\/www1.kkl.si\/hu\/wp-json\/wp\/v2\/comments?post=5582"}],"version-history":[{"count":8,"href":"https:\/\/www1.kkl.si\/hu\/wp-json\/wp\/v2\/pages\/5582\/revisions"}],"predecessor-version":[{"id":5624,"href":"https:\/\/www1.kkl.si\/hu\/wp-json\/wp\/v2\/pages\/5582\/revisions\/5624"}],"wp:featuredmedia":[{"embeddable":true,"href":"https:\/\/www1.kkl.si\/hu\/wp-json\/wp\/v2\/media\/5576"}],"wp:attachment":[{"href":"https:\/\/www1.kkl.si\/hu\/wp-json\/wp\/v2\/media?parent=5582"}],"curies":[{"name":"wp","href":"https:\/\/api.w.org\/{rel}","templated":true}]}}