{"id":5687,"date":"2021-12-07T21:56:47","date_gmt":"2021-12-07T20:56:47","guid":{"rendered":"https:\/\/www1.kkl.si\/?page_id=5687"},"modified":"2022-05-17T12:13:15","modified_gmt":"2022-05-17T10:13:15","slug":"robert-harling-acelmagnoliak","status":"publish","type":"page","link":"https:\/\/www1.kkl.si\/hu\/robert-harling-acelmagnoliak\/","title":{"rendered":"Robert Harling: Ac\u00e9lmagn\u00f3li\u00e1k"},"content":{"rendered":"<div><img loading=\"lazy\" decoding=\"async\" class=\"izrez alignnone wp-image-5696 size-full\" src=\"https:\/\/www1.kkl.si\/wp-content\/uploads\/2021\/12\/acelmagnolika_glava.jpg\" alt=\"\" width=\"1200\" height=\"300\" srcset=\"https:\/\/www1.kkl.si\/wp-content\/uploads\/2021\/12\/acelmagnolika_glava.jpg 1200w, https:\/\/www1.kkl.si\/wp-content\/uploads\/2021\/12\/acelmagnolika_glava-400x100.jpg 400w\" sizes=\"auto, (max-width: 1200px) 100vw, 1200px\" \/><\/div>\n<div class=\"opis\"><strong><img loading=\"lazy\" decoding=\"async\" class=\"wp-image-1592 alignright\" title=\"Fizet\u0151s rendezv\u00e9ny\" src=\"https:\/\/www1.kkl.si\/wp-content\/uploads\/\/2020\/07\/spored_simb_placljiva-1.svg\" sizes=\"auto, (max-width: 40px) 100vw, 40px\" srcset=\"https:\/\/www1.kkl.si\/wp-content\/uploads\/\/2020\/07\/spored_simb_placljiva-1.svg 150w, https:\/\/www1.kkl.si\/wp-content\/uploads\/\/2020\/07\/spored_simb_placljiva-1.svg 400w, https:\/\/www1.kkl.si\/wp-content\/uploads\/\/2020\/07\/spored_simb_placljiva-1.svg 1500w, https:\/\/www1.kkl.si\/wp-content\/uploads\/\/2020\/07\/spored_simb_placljiva-1.svg 100w\" alt=\"placljiva\" width=\"40\" height=\"40\" \/><img loading=\"lazy\" decoding=\"async\" class=\"wp-image-1584 alignright\" title=\"Magyar b\u00e9rlet\" src=\"https:\/\/www1.kkl.si\/wp-content\/uploads\/\/2020\/07\/spored_simb_abonma_hu-1.svg\" sizes=\"auto, (max-width: 40px) 100vw, 40px\" srcset=\"https:\/\/www1.kkl.si\/wp-content\/uploads\/\/2020\/07\/spored_simb_abonma_hu-1.svg 150w, https:\/\/www1.kkl.si\/wp-content\/uploads\/\/2020\/07\/spored_simb_abonma_hu-1.svg 400w, https:\/\/www1.kkl.si\/wp-content\/uploads\/\/2020\/07\/spored_simb_abonma_hu-1.svg 1500w, https:\/\/www1.kkl.si\/wp-content\/uploads\/\/2020\/07\/spored_simb_abonma_hu-1.svg 100w\" alt=\"abonma_hu\" width=\"40\" height=\"40\" \/><i class=\"fas fa-calendar\"><\/i> 2021. december 11. szombat | <span class=\"zanr\">sz\u00ednm\u0171<\/span><br \/>\n<i class=\"fas fa-clock\"><\/i> 19.00<\/strong> <br \/>\n<i class=\"fas fa-ticket-alt\"><\/i> Bel\u00e9p\u0151jegy \u00e1ra: <strong>15 \u20ac<\/strong> feln\u0151ttek | <strong>12 \u20ac<\/strong> di\u00e1kok | <strong>10 \u20ac<\/strong> tavalyi HU (magyar) b\u00e9rletesek<br \/>\n<i class=\"fas fa-map-marker\"><\/i> Helysz\u00edn: Lendvai Sz\u00ednh\u00e1z- \u00e9s Hangversenyterem<br \/>\n<i class=\"fas fa-chevron-circle-right\"><\/i> Szervez\u0151: <a href=\"https:\/\/www.mnmi-zkmn.si\/\">MNMI-ZKMN<\/a><\/div>\n<p><a href=\"https:\/\/www1.kkl.si\/wp-content\/uploads\/2021\/12\/acelmagnoliak_2021_plakat.jpg\" data-lbwps-width=\"1050\" data-lbwps-height=\"1500\" data-lbwps-srcsmall=\"https:\/\/www1.kkl.si\/wp-content\/uploads\/2021\/12\/acelmagnoliak_2021_plakat-280x400.jpg\"><img loading=\"lazy\" decoding=\"async\" class=\"alignright size-medium wp-image-5680\" src=\"https:\/\/www1.kkl.si\/wp-content\/uploads\/2021\/12\/acelmagnoliak_2021_plakat-280x400.jpg\" alt=\"\" width=\"280\" height=\"400\" srcset=\"https:\/\/www1.kkl.si\/wp-content\/uploads\/2021\/12\/acelmagnoliak_2021_plakat-280x400.jpg 280w, https:\/\/www1.kkl.si\/wp-content\/uploads\/2021\/12\/acelmagnoliak_2021_plakat.jpg 1050w\" sizes=\"auto, (max-width: 280px) 100vw, 280px\" \/><\/a>Veres 1 Sz\u00ednh\u00e1z | Robert Harling:<br \/>\n<span style=\"font-size: 24px;\"><strong>Ac\u00e9lmagnoli\u00e1k<\/strong><\/span><\/p>\n<p>Hatan egy kisv\u00e1rosi fodr\u00e1sz\u00fczletben, nem csak id\u0151pontfoglal\u00e1ssal. L\u00e1tsz\u00f3lag t\u00f6r\u00e9keny mind, finom \u00e9s s\u00e9r\u00fcl\u00e9keny, csakhogy ezek a n\u0151k f\u00e1radhatatlanok \u00e9s kem\u00e9nyek. Nem h\u0151s\u00f6k, de k\u00e9pesek b\u00e1rmire: a legnagyobb f\u00e1jdalmak k\u00f6zepette is nevetni, meg persze nevettetni! Ez az igazi er\u0151.<\/p>\n<p><strong>Szerepl\u0151k<\/strong><\/p>\n<p>Truvy \u2013 L\u00c9TAY D\u00d3RA<br \/>\nEmily \u2013 BAL\u00c1ZS ANDREA<br \/>\nShelby \u2013 MARI DOROTTYA<br \/>\nAnnelle \u2013 CS\u00c1KI EDINA<br \/>\nClairee \u2013 ZORGEL ENIK\u0150<br \/>\nValery \u2013 MOLN\u00c1R GY\u00d6NGYI<\/p>\n<p>Ford\u00edtotta: Prekop Gabriella<br \/>\nRendez\u0151asszisztens: Kelemen Zs\u00f3fia<br \/>\nD\u00edszlettervez\u0151: Szak\u00e1cs Ferenc<br \/>\nJelmeztervez\u0151: Csel\u00e9nyi N\u00f3ra<br \/>\nDramaturg: De\u00e9s Enik\u0151<br \/>\n<strong><br \/>\nRendez\u0151:<\/strong> Dics\u0151 D\u00e1niel<\/p>\n<p>A Veres 1 Sz\u00ednh\u00e1z saj\u00e1t el\u0151ad\u00e1sa.<\/p>\n<p><a href=\"https:\/\/www1.kkl.si\/wp-content\/uploads\/2021\/12\/acel_bemutato.jpg\" data-lbwps-width=\"1978\" data-lbwps-height=\"1536\" data-lbwps-srcsmall=\"https:\/\/www1.kkl.si\/wp-content\/uploads\/2021\/12\/acel_bemutato-400x311.jpg\"><img loading=\"lazy\" decoding=\"async\" class=\"alignnone size-large wp-image-5701\" src=\"https:\/\/www1.kkl.si\/wp-content\/uploads\/2021\/12\/acel_bemutato-1500x1165.jpg\" alt=\"\" width=\"1500\" height=\"1165\" srcset=\"https:\/\/www1.kkl.si\/wp-content\/uploads\/2021\/12\/acel_bemutato-1500x1165.jpg 1500w, https:\/\/www1.kkl.si\/wp-content\/uploads\/2021\/12\/acel_bemutato-400x311.jpg 400w, https:\/\/www1.kkl.si\/wp-content\/uploads\/2021\/12\/acel_bemutato.jpg 1978w\" sizes=\"auto, (max-width: 1500px) 100vw, 1500px\" \/><\/a><\/p>\n<hr \/>\n<p>KAPCSOLAT<\/p>\n<p><i class=\"fas fa-link\"><\/i> <a href=\"https:\/\/veres1szinhaz.hu\/robert-harling-acelmagnoliak\/\">https:\/\/veres1szinhaz.hu\/robert-harling-acelmagnoliak\/<\/a><\/p>\n<hr \/>\n<p><span style=\"font-size: 28px; color: #ff0000;\"><i class=\"fas fa-exclamation-triangle\"><\/i><\/span> BEL\u00c9P\u00c9S CSAK AZ <a href=\"https:\/\/www1.kkl.si\/hu\/a-szinhaz-es-hangversenyteremben-a-tartozkodas-csak-az-aot-felteteleknek-eleget-tevo-szemelyek-reszere-lehetseges\/\">\u00c1OT FELT\u00c9TELEKNEK<\/a> ELEGET TEV\u0150 SZEM\u00c9LYEK R\u00c9SZ\u00c9RE LEHETS\u00c9GES!<\/p>\n","protected":false},"excerpt":{"rendered":"<p>2021. december 11. szombat | sz\u00ednm\u0171 19.00 Bel\u00e9p\u0151jegy \u00e1ra: 15 \u20ac feln\u0151ttek | 12 \u20ac di\u00e1kok | 10 \u20ac tavalyi HU (magyar) b\u00e9rletesek Helysz\u00edn: Lendvai Sz\u00ednh\u00e1z- \u00e9s Hangversenyterem Szervez\u0151: MNMI-ZKMN Veres 1 Sz\u00ednh\u00e1z | Robert Harling: Ac\u00e9lmagnoli\u00e1k Hatan egy kisv\u00e1rosi fodr\u00e1sz\u00fczletben, nem csak id\u0151pontfoglal\u00e1ssal. L\u00e1tsz\u00f3lag t\u00f6r\u00e9keny mind, finom \u00e9s s\u00e9r\u00fcl\u00e9keny, csakhogy ezek a n\u0151k f\u00e1radhatatlanok [&hellip;]<\/p>\n","protected":false},"author":2,"featured_media":0,"parent":0,"menu_order":0,"comment_status":"closed","ping_status":"closed","template":"","meta":{"footnotes":""},"class_list":["post-5687","page","type-page","status-publish","hentry","post"],"_links":{"self":[{"href":"https:\/\/www1.kkl.si\/hu\/wp-json\/wp\/v2\/pages\/5687","targetHints":{"allow":["GET"]}}],"collection":[{"href":"https:\/\/www1.kkl.si\/hu\/wp-json\/wp\/v2\/pages"}],"about":[{"href":"https:\/\/www1.kkl.si\/hu\/wp-json\/wp\/v2\/types\/page"}],"author":[{"embeddable":true,"href":"https:\/\/www1.kkl.si\/hu\/wp-json\/wp\/v2\/users\/2"}],"replies":[{"embeddable":true,"href":"https:\/\/www1.kkl.si\/hu\/wp-json\/wp\/v2\/comments?post=5687"}],"version-history":[{"count":8,"href":"https:\/\/www1.kkl.si\/hu\/wp-json\/wp\/v2\/pages\/5687\/revisions"}],"predecessor-version":[{"id":5925,"href":"https:\/\/www1.kkl.si\/hu\/wp-json\/wp\/v2\/pages\/5687\/revisions\/5925"}],"wp:attachment":[{"href":"https:\/\/www1.kkl.si\/hu\/wp-json\/wp\/v2\/media?parent=5687"}],"curies":[{"name":"wp","href":"https:\/\/api.w.org\/{rel}","templated":true}]}}