{"id":5869,"date":"2021-12-12T10:59:22","date_gmt":"2021-12-12T09:59:22","guid":{"rendered":"https:\/\/www1.kkl.si\/?page_id=5869"},"modified":"2021-12-12T12:01:37","modified_gmt":"2021-12-12T11:01:37","slug":"a-lindua-folyoirat-23-szamanak-bemutatoja","status":"publish","type":"page","link":"https:\/\/www1.kkl.si\/hu\/a-lindua-folyoirat-23-szamanak-bemutatoja\/","title":{"rendered":"A LINDUA foly\u00f3irat 23. sz\u00e1m\u00e1nak bemutat\u00f3ja"},"content":{"rendered":"<div><img loading=\"lazy\" decoding=\"async\" class=\"izrez alignnone wp-image-5877 size-large\" src=\"https:\/\/www1.kkl.si\/wp-content\/uploads\/2021\/12\/2021-12-16_Predstavitev_Lindue-23-slider_hu-1500x400.jpg\" alt=\"\" width=\"1500\" height=\"400\" srcset=\"https:\/\/www1.kkl.si\/wp-content\/uploads\/2021\/12\/2021-12-16_Predstavitev_Lindue-23-slider_hu.jpg 1500w, https:\/\/www1.kkl.si\/wp-content\/uploads\/2021\/12\/2021-12-16_Predstavitev_Lindue-23-slider_hu-400x107.jpg 400w\" sizes=\"auto, (max-width: 1500px) 100vw, 1500px\" \/><\/div>\n<div class=\"opis\"><strong><img loading=\"lazy\" decoding=\"async\" class=\"wp-image-1588 alignright\" title=\"Ingyenes rendezv\u00e9ny\" src=\"https:\/\/www1.kkl.si\/wp-content\/uploads\/\/2020\/07\/spored_simb_brezplacna-1.svg\" sizes=\"auto, (max-width: 40px) 100vw, 40px\" srcset=\"https:\/\/www1.kkl.si\/wp-content\/uploads\/\/2020\/07\/spored_simb_brezplacna-1.svg 150w, https:\/\/www1.kkl.si\/wp-content\/uploads\/\/2020\/07\/spored_simb_brezplacna-1.svg 400w, https:\/\/www1.kkl.si\/wp-content\/uploads\/\/2020\/07\/spored_simb_brezplacna-1.svg 1500w, https:\/\/www1.kkl.si\/wp-content\/uploads\/\/2020\/07\/spored_simb_brezplacna-1.svg 100w\" alt=\"brezplacna\" width=\"40\" height=\"40\" \/><i class=\"fas fa-calendar\"><\/i> 2021. december 16. cs\u00fct\u00f6rt\u00f6k | <span class=\"zanr\">rendezv\u00e9ny, irodalmi est<\/span><br \/>\n<i class=\"fas fa-clock\"><\/i> 18.00<\/strong><br \/>\n<i class=\"fas fa-map-marker\"><\/i> Helysz\u00edn: Lendvai Zsinag\u00f3ga<br \/>\n<i class=\"fas fa-chevron-circle-right\"><\/i> Szervez\u0151: <a href=\"https:\/\/www.kkl.si\/\">Knji\u017enica \u2013 Kulturni center Lendava \u2013 Lendvai K\u00f6nyvt\u00e1r \u00e9s Kultur\u00e1lis K\u00f6zpont<\/a><\/div>\n<p><a href=\"https:\/\/www1.kkl.si\/wp-content\/uploads\/2021\/12\/2021_12_16-Predstavitev_Lindue-23-A.jpg\" data-lbwps-width=\"1400\" data-lbwps-height=\"1979\" data-lbwps-srcsmall=\"https:\/\/www1.kkl.si\/wp-content\/uploads\/2021\/12\/2021_12_16-Predstavitev_Lindue-23-A-283x400.jpg\"><img loading=\"lazy\" decoding=\"async\" class=\"alignright size-medium wp-image-5859\" src=\"https:\/\/www1.kkl.si\/wp-content\/uploads\/2021\/12\/2021_12_16-Predstavitev_Lindue-23-A-283x400.jpg\" alt=\"\" width=\"283\" height=\"400\" srcset=\"https:\/\/www1.kkl.si\/wp-content\/uploads\/2021\/12\/2021_12_16-Predstavitev_Lindue-23-A-283x400.jpg 283w, https:\/\/www1.kkl.si\/wp-content\/uploads\/2021\/12\/2021_12_16-Predstavitev_Lindue-23-A-1061x1500.jpg 1061w, https:\/\/www1.kkl.si\/wp-content\/uploads\/2021\/12\/2021_12_16-Predstavitev_Lindue-23-A.jpg 1400w\" sizes=\"auto, (max-width: 283px) 100vw, 283px\" \/><\/a>A Knji\u017enica \u2013 Kulturni center Lendava \u2013 Lendvai K\u00f6nyvt\u00e1r \u00e9s Kultur\u00e1lis K\u00f6zpont<\/p>\n<p>sok szeretettel megh\u00edv mindenkit<\/p>\n<h3>a LINDUA<br \/>\nfoly\u00f3irat 23. sz\u00e1m\u00e1nak bemutat\u00f3j\u00e1ra,<\/h3>\n<p>amely 2021. december 16-\u00e1n, cs\u00fct\u00f6rt\u00f6k\u00f6n 18.00 \u00f3rakor lesz<br \/>\na Lendvai Zsinag\u00f3g\u00e1ban.<\/p>\n\n\t\t<style type=\"text\/css\">\n\t\t\t#gallery-1 {\n\t\t\t\tmargin: auto;\n\t\t\t}\n\t\t\t#gallery-1 .gallery-item {\n\t\t\t\tfloat: left;\n\t\t\t\tmargin-top: 10px;\n\t\t\t\ttext-align: center;\n\t\t\t\twidth: 33%;\n\t\t\t}\n\t\t\t#gallery-1 img {\n\t\t\t\tborder: 2px solid #cfcfcf;\n\t\t\t}\n\t\t\t#gallery-1 .gallery-caption {\n\t\t\t\tmargin-left: 0;\n\t\t\t}\n\t\t\t\/* see gallery_shortcode() in wp-includes\/media.php *\/\n\t\t<\/style>\n\t\t<div id='gallery-1' class='gallery galleryid-5869 gallery-columns-3 gallery-size-thumbnail'><dl class='gallery-item'>\n\t\t\t<dt class='gallery-icon portrait'>\n\t\t\t\t<a href='https:\/\/www1.kkl.si\/wp-content\/uploads\/2021\/12\/2021_12_16-Predstavitev_Lindue-23-A.jpg'><img loading=\"lazy\" decoding=\"async\" width=\"150\" height=\"150\" src=\"https:\/\/www1.kkl.si\/wp-content\/uploads\/2021\/12\/2021_12_16-Predstavitev_Lindue-23-A-150x150.jpg\" class=\"attachment-thumbnail size-thumbnail\" alt=\"\" \/><\/a>\n\t\t\t<\/dt><\/dl><dl class='gallery-item'>\n\t\t\t<dt class='gallery-icon portrait'>\n\t\t\t\t<a href='https:\/\/www1.kkl.si\/wp-content\/uploads\/2021\/12\/2021_12_16-Predstavitev_Lindue-23-B.jpg'><img loading=\"lazy\" decoding=\"async\" width=\"150\" height=\"150\" src=\"https:\/\/www1.kkl.si\/wp-content\/uploads\/2021\/12\/2021_12_16-Predstavitev_Lindue-23-B-150x150.jpg\" class=\"attachment-thumbnail size-thumbnail\" alt=\"\" \/><\/a>\n\t\t\t<\/dt><\/dl><dl class='gallery-item'>\n\t\t\t<dt class='gallery-icon landscape'>\n\t\t\t\t<a href='https:\/\/www1.kkl.si\/wp-content\/uploads\/2021\/12\/2021_12_16-Predstavitev_Lindue-23-C.jpg'><img loading=\"lazy\" decoding=\"async\" width=\"150\" height=\"150\" src=\"https:\/\/www1.kkl.si\/wp-content\/uploads\/2021\/12\/2021_12_16-Predstavitev_Lindue-23-C-150x150.jpg\" class=\"attachment-thumbnail size-thumbnail\" alt=\"\" \/><\/a>\n\t\t\t<\/dt><\/dl><br style=\"clear: both\" \/>\n\t\t<\/div>\n\n<hr \/>\n<p>KAPCSOLAT<\/p>\n<p><i class=\"fas fa-link\"><\/i> <a href=\"https:\/\/www.kl-kl.si\/hu\/a-lindua-folyoirat-23-szamanak-bemutatoja\/\">https:\/\/www.kl-kl.si\/hu\/a-lindua-folyoirat-23-szamanak-bemutatoja\/<\/a><\/p>\n<hr \/>\n<p><span style=\"font-size: 28px; color: #ff0000;\"><i class=\"fas fa-exclamation-triangle\"><\/i><\/span> BEL\u00c9P\u00c9S CSAK AZ <a href=\"https:\/\/www1.kkl.si\/hu\/a-szinhaz-es-hangversenyteremben-a-tartozkodas-csak-az-aot-felteteleknek-eleget-tevo-szemelyek-reszere-lehetseges\/\">\u00c1OT FELT\u00c9TELEKNEK<\/a> ELEGET TEV\u0150 SZEM\u00c9LYEK R\u00c9SZ\u00c9RE LEHETS\u00c9GES!<\/p>\n","protected":false},"excerpt":{"rendered":"<p>2021. december 16. cs\u00fct\u00f6rt\u00f6k | rendezv\u00e9ny, irodalmi est 18.00 Helysz\u00edn: Lendvai Zsinag\u00f3ga Szervez\u0151: Knji\u017enica \u2013 Kulturni center Lendava \u2013 Lendvai K\u00f6nyvt\u00e1r \u00e9s Kultur\u00e1lis K\u00f6zpont A Knji\u017enica \u2013 Kulturni center Lendava \u2013 Lendvai K\u00f6nyvt\u00e1r \u00e9s Kultur\u00e1lis K\u00f6zpont sok szeretettel megh\u00edv mindenkit a LINDUA foly\u00f3irat 23. sz\u00e1m\u00e1nak bemutat\u00f3j\u00e1ra, amely 2021. december 16-\u00e1n, cs\u00fct\u00f6rt\u00f6k\u00f6n 18.00 \u00f3rakor lesz a [&hellip;]<\/p>\n","protected":false},"author":2,"featured_media":5859,"parent":0,"menu_order":0,"comment_status":"closed","ping_status":"closed","template":"","meta":{"footnotes":""},"class_list":["post-5869","page","type-page","status-publish","has-post-thumbnail","hentry","post","post-with-thumbnail","post-with-thumbnail-icon"],"_links":{"self":[{"href":"https:\/\/www1.kkl.si\/hu\/wp-json\/wp\/v2\/pages\/5869","targetHints":{"allow":["GET"]}}],"collection":[{"href":"https:\/\/www1.kkl.si\/hu\/wp-json\/wp\/v2\/pages"}],"about":[{"href":"https:\/\/www1.kkl.si\/hu\/wp-json\/wp\/v2\/types\/page"}],"author":[{"embeddable":true,"href":"https:\/\/www1.kkl.si\/hu\/wp-json\/wp\/v2\/users\/2"}],"replies":[{"embeddable":true,"href":"https:\/\/www1.kkl.si\/hu\/wp-json\/wp\/v2\/comments?post=5869"}],"version-history":[{"count":9,"href":"https:\/\/www1.kkl.si\/hu\/wp-json\/wp\/v2\/pages\/5869\/revisions"}],"predecessor-version":[{"id":5919,"href":"https:\/\/www1.kkl.si\/hu\/wp-json\/wp\/v2\/pages\/5869\/revisions\/5919"}],"wp:featuredmedia":[{"embeddable":true,"href":"https:\/\/www1.kkl.si\/hu\/wp-json\/wp\/v2\/media\/5859"}],"wp:attachment":[{"href":"https:\/\/www1.kkl.si\/hu\/wp-json\/wp\/v2\/media?parent=5869"}],"curies":[{"name":"wp","href":"https:\/\/api.w.org\/{rel}","templated":true}]}}