{"id":5957,"date":"2021-12-15T18:24:35","date_gmt":"2021-12-15T17:24:35","guid":{"rendered":"https:\/\/www1.kkl.si\/?page_id=5957"},"modified":"2021-12-21T11:29:39","modified_gmt":"2021-12-21T10:29:39","slug":"a-fvkl-fotokiallitasa-a-2021-es-ev-vegen","status":"publish","type":"page","link":"https:\/\/www1.kkl.si\/hu\/a-fvkl-fotokiallitasa-a-2021-es-ev-vegen\/","title":{"rendered":"A FVKL fot\u00f3ki\u00e1ll\u00edt\u00e1sa a 2021-es \u00e9v v\u00e9g\u00e9n"},"content":{"rendered":"<div class=\"opis\"><strong><img loading=\"lazy\" decoding=\"async\" class=\"wp-image-1588 alignright\" title=\"Ingyenes rendezv\u00e9ny\" src=\"https:\/\/www1.kkl.si\/wp-content\/uploads\/\/2020\/07\/spored_simb_brezplacna-1.svg\" sizes=\"auto, (max-width: 40px) 100vw, 40px\" srcset=\"https:\/\/www1.kkl.si\/wp-content\/uploads\/\/2020\/07\/spored_simb_brezplacna-1.svg 150w, https:\/\/www1.kkl.si\/wp-content\/uploads\/\/2020\/07\/spored_simb_brezplacna-1.svg 400w, https:\/\/www1.kkl.si\/wp-content\/uploads\/\/2020\/07\/spored_simb_brezplacna-1.svg 1500w, https:\/\/www1.kkl.si\/wp-content\/uploads\/\/2020\/07\/spored_simb_brezplacna-1.svg 100w\" alt=\"brezplacna\" width=\"40\" height=\"40\" \/><i class=\"fas fa-calendar\"><\/i> 2021. december 18. szombat | <span class=\"zanr\">ki\u00e1ll\u00edt\u00e1s<\/span><br \/>\n<i class=\"fas fa-clock\"><\/i> 17.00<\/strong><br \/>\n<i class=\"fas fa-map-marker\"><\/i> Helysz\u00edn: Lendvai Sz\u00ednh\u00e1z- \u00e9s Hangversenyterem<br \/>\n<i class=\"fas fa-chevron-circle-right\"><\/i> Szervez\u0151: <a href=\"http:\/\/www.fvkl.si\/\">Foto-video klub Lendava \u2013 Lendva<\/a><\/div>\n<p>A Foto-video klub Lendava \u2013 Lendva Kult\u00faregyes\u00fclet<br \/>\nsok szeretettel megh\u00edv minden \u00e9rdekl\u0151d\u0151t a<\/p>\n<h3>a FVKL tagjainak fot\u00f3ki\u00e1ll\u00edt\u00e1s\u00e1ra<\/h3>\n<p>amely 2021. december 18-\u00e1n, szombaton 17 \u00f3rakor lesz <br \/>\nLendvai Sz\u00ednh\u00e1z- \u00e9s Hangversenyteremben.<\/p>\n<p><a href=\"https:\/\/www1.kkl.si\/wp-content\/uploads\/2021\/12\/FVKL_fotografska_razstava_2021.jpg\" data-lbwps-width=\"1200\" data-lbwps-height=\"857\" data-lbwps-srcsmall=\"https:\/\/www1.kkl.si\/wp-content\/uploads\/2021\/12\/FVKL_fotografska_razstava_2021-400x286.jpg\"><img loading=\"lazy\" decoding=\"async\" class=\"slika alignnone wp-image-5932 size-large\" src=\"https:\/\/www1.kkl.si\/wp-content\/uploads\/2021\/12\/FVKL_fotografska_razstava_2021-1200x857.jpg\" alt=\"\" width=\"1200\" height=\"857\" srcset=\"https:\/\/www1.kkl.si\/wp-content\/uploads\/2021\/12\/FVKL_fotografska_razstava_2021.jpg 1200w, https:\/\/www1.kkl.si\/wp-content\/uploads\/2021\/12\/FVKL_fotografska_razstava_2021-400x286.jpg 400w\" sizes=\"auto, (max-width: 1200px) 100vw, 1200px\" \/><\/a><\/p>\n<hr \/>\n<p>KAPCSOLAT<\/p>\n<p><i class=\"fas fa-link\"><\/i> <a href=\"http:\/\/www.fvkl.si\/\">Foto-video klub Lendava \u2013 Lendva<\/a><\/p>\n<hr \/>\n<p><span style=\"font-size: 28px; color: #ff0000;\"><i class=\"fas fa-exclamation-triangle\"><\/i><\/span> BEL\u00c9P\u00c9S CSAK AZ <a href=\"https:\/\/www1.kkl.si\/hu\/a-szinhaz-es-hangversenyteremben-a-tartozkodas-csak-az-aot-felteteleknek-eleget-tevo-szemelyek-reszere-lehetseges\/\">\u00c1OT FELT\u00c9TELEKNEK<\/a> ELEGET TEV\u0150 SZEM\u00c9LYEK R\u00c9SZ\u00c9RE LEHETS\u00c9GES!<\/p>\n<hr \/>\n<p>A M\u00c9DI\u00c1BAN\/SAJT\u00d3BAN:<\/p>\n<ul>\n<li><a href=\"https:\/\/www.lendava-online.net\/dogodki\/3480\/\">Zaklju\u010dna razstava \u010dlanov Foto-video kluba Lendava<\/a> (Lendava-online.net, 18. 12. 2021)<\/li>\n<li><a href=\"http:\/\/lendavainfo.com\/foto-zakljucna-razstava-foto-video-kluba-lendava\/\">Zaklju\u010dna razstava Foto-video kluba Lendava<\/a> (Lendavainfo.com, 18. 12. 2021)<\/li>\n<li><a href=\"https:\/\/www.rtvslo.si\/mmr\/hirek\/terepjaro\/a-lendvai-foto-video-klub-evzaro-kiallitasa\/605711\">MMR: A Lendvai Foto-Video Klub \u00e9vz\u00e1r\u00f3 ki\u00e1ll\u00edt\u00e1s<\/a>a (20. december 2021)<\/li>\n<li><a href=\"https:\/\/vestnik.si\/clanek\/aktualno\/razstava-fotografij-foto-video-kluba-lendava-930032\">VESTNIK &#8211; Razstava fotografij Foto-video kluba Lendava<\/a> (Vestnik.si, 21. 12. 2021)<\/li>\n<\/ul>\n","protected":false},"excerpt":{"rendered":"<p>2021. december 18. szombat | ki\u00e1ll\u00edt\u00e1s 17.00 Helysz\u00edn: Lendvai Sz\u00ednh\u00e1z- \u00e9s Hangversenyterem Szervez\u0151: Foto-video klub Lendava \u2013 Lendva A Foto-video klub Lendava \u2013 Lendva Kult\u00faregyes\u00fclet sok szeretettel megh\u00edv minden \u00e9rdekl\u0151d\u0151t a a FVKL tagjainak fot\u00f3ki\u00e1ll\u00edt\u00e1s\u00e1ra amely 2021. december 18-\u00e1n, szombaton 17 \u00f3rakor lesz Lendvai Sz\u00ednh\u00e1z- \u00e9s Hangversenyteremben. KAPCSOLAT Foto-video klub Lendava \u2013 Lendva BEL\u00c9P\u00c9S CSAK [&hellip;]<\/p>\n","protected":false},"author":2,"featured_media":5932,"parent":0,"menu_order":0,"comment_status":"closed","ping_status":"closed","template":"","meta":{"footnotes":""},"class_list":["post-5957","page","type-page","status-publish","has-post-thumbnail","hentry","post","post-with-thumbnail","post-with-thumbnail-icon"],"_links":{"self":[{"href":"https:\/\/www1.kkl.si\/hu\/wp-json\/wp\/v2\/pages\/5957","targetHints":{"allow":["GET"]}}],"collection":[{"href":"https:\/\/www1.kkl.si\/hu\/wp-json\/wp\/v2\/pages"}],"about":[{"href":"https:\/\/www1.kkl.si\/hu\/wp-json\/wp\/v2\/types\/page"}],"author":[{"embeddable":true,"href":"https:\/\/www1.kkl.si\/hu\/wp-json\/wp\/v2\/users\/2"}],"replies":[{"embeddable":true,"href":"https:\/\/www1.kkl.si\/hu\/wp-json\/wp\/v2\/comments?post=5957"}],"version-history":[{"count":3,"href":"https:\/\/www1.kkl.si\/hu\/wp-json\/wp\/v2\/pages\/5957\/revisions"}],"predecessor-version":[{"id":6162,"href":"https:\/\/www1.kkl.si\/hu\/wp-json\/wp\/v2\/pages\/5957\/revisions\/6162"}],"wp:featuredmedia":[{"embeddable":true,"href":"https:\/\/www1.kkl.si\/hu\/wp-json\/wp\/v2\/media\/5932"}],"wp:attachment":[{"href":"https:\/\/www1.kkl.si\/hu\/wp-json\/wp\/v2\/media?parent=5957"}],"curies":[{"name":"wp","href":"https:\/\/api.w.org\/{rel}","templated":true}]}}