{"id":5979,"date":"2021-12-16T10:08:33","date_gmt":"2021-12-16T09:08:33","guid":{"rendered":"https:\/\/www1.kkl.si\/?page_id=5979"},"modified":"2021-12-16T10:31:19","modified_gmt":"2021-12-16T09:31:19","slug":"a-vita-kamarakorus-2021-es-karacsonyi-hangversenye","status":"publish","type":"page","link":"https:\/\/www1.kkl.si\/hu\/a-vita-kamarakorus-2021-es-karacsonyi-hangversenye\/","title":{"rendered":"A Vita Kamarak\u00f3rus 2021-es kar\u00e1csonyi hangversenye"},"content":{"rendered":"<div class=\"opis\"><strong><img loading=\"lazy\" decoding=\"async\" class=\"wp-image-1588 alignright\" title=\"Ingyenes rendezv\u00e9ny\" src=\"https:\/\/www1.kkl.si\/wp-content\/uploads\/\/2020\/07\/spored_simb_brezplacna-1.svg\" sizes=\"auto, (max-width: 40px) 100vw, 40px\" srcset=\"https:\/\/www1.kkl.si\/wp-content\/uploads\/\/2020\/07\/spored_simb_brezplacna-1.svg 150w, https:\/\/www1.kkl.si\/wp-content\/uploads\/\/2020\/07\/spored_simb_brezplacna-1.svg 400w, https:\/\/www1.kkl.si\/wp-content\/uploads\/\/2020\/07\/spored_simb_brezplacna-1.svg 1500w, https:\/\/www1.kkl.si\/wp-content\/uploads\/\/2020\/07\/spored_simb_brezplacna-1.svg 100w\" alt=\"brezplacna\" width=\"40\" height=\"40\" \/><i class=\"fas fa-calendar\"><\/i> 2021. december 21. kedd | <span class=\"zanr\">koncert, hangverseny<\/span><br \/>\n<i class=\"fas fa-clock\"><\/i> 18.00<\/strong><br \/>\n<i class=\"fas fa-map-marker\"><\/i> Helysz\u00edn: Lendvai Sz\u00ednh\u00e1z- \u00e9s Hangversenyterem<br \/>\n<i class=\"fas fa-chevron-circle-right\"><\/i> Szervez\u0151: <a href=\"https:\/\/sites.google.com\/site\/kpzvitalendava\/\">Komorni pevski zbor VITA, Lendava<\/a><\/div>\n<p>A lendvai Vita Kamarak\u00f3rus ism\u00e9t k\u00e9sz\u00edti \u00d6n\u00f6k sz\u00e1m\u00e1ra <br \/>\na kar\u00e1csonyi hangversenyt,<br \/>\namelyre 2021. december 21-\u00e9n 18 \u00f3rakor ker\u00fcl sor <br \/>\na Lendvai Sz\u00ednh\u00e1z- \u00e9s Hangversenyteremben.<\/p>\n<p><em>Szok szeretettel v\u00e1runk minden \u00e9rdekl\u0151d\u0151t!<\/em><\/p>\n<p><a href=\"https:\/\/www1.kkl.si\/wp-content\/uploads\/2021\/12\/kpz_vita_bozicni_koncert_2021.jpg\" data-lbwps-width=\"1240\" data-lbwps-height=\"1748\" data-lbwps-srcsmall=\"https:\/\/www1.kkl.si\/wp-content\/uploads\/2021\/12\/kpz_vita_bozicni_koncert_2021-284x400.jpg\"><img loading=\"lazy\" decoding=\"async\" class=\"slika alignnone wp-image-5942 size-large\" src=\"https:\/\/www1.kkl.si\/wp-content\/uploads\/2021\/12\/kpz_vita_bozicni_koncert_2021-1064x1500.jpg\" alt=\"\" width=\"1064\" height=\"1500\" srcset=\"https:\/\/www1.kkl.si\/wp-content\/uploads\/2021\/12\/kpz_vita_bozicni_koncert_2021-1064x1500.jpg 1064w, https:\/\/www1.kkl.si\/wp-content\/uploads\/2021\/12\/kpz_vita_bozicni_koncert_2021-284x400.jpg 284w, https:\/\/www1.kkl.si\/wp-content\/uploads\/2021\/12\/kpz_vita_bozicni_koncert_2021.jpg 1240w\" sizes=\"auto, (max-width: 1064px) 100vw, 1064px\" \/><\/a><\/p>\n<hr \/>\n<p>KAPCSOLAT<\/p>\n<p><i class=\"fas fa-link\"><\/i> <a href=\"https:\/\/sites.google.com\/site\/kpzvitalendava\/\">https:\/\/sites.google.com\/site\/kpzvitalendava\/<\/a><\/p>\n<hr \/>\n<p><span style=\"font-size: 28px; color: #ff0000;\"><i class=\"fas fa-exclamation-triangle\"><\/i><\/span> BEL\u00c9P\u00c9S CSAK AZ <a href=\"https:\/\/www1.kkl.si\/hu\/a-szinhaz-es-hangversenyteremben-a-tartozkodas-csak-az-aot-felteteleknek-eleget-tevo-szemelyek-reszere-lehetseges\/\">\u00c1OT FELT\u00c9TELEKNEK<\/a> ELEGET TEV\u0150 SZEM\u00c9LYEK R\u00c9SZ\u00c9RE LEHETS\u00c9GES!<\/p>\n","protected":false},"excerpt":{"rendered":"<p>2021. december 21. kedd | koncert, hangverseny 18.00 Helysz\u00edn: Lendvai Sz\u00ednh\u00e1z- \u00e9s Hangversenyterem Szervez\u0151: Komorni pevski zbor VITA, Lendava A lendvai Vita Kamarak\u00f3rus ism\u00e9t k\u00e9sz\u00edti \u00d6n\u00f6k sz\u00e1m\u00e1ra a kar\u00e1csonyi hangversenyt, amelyre 2021. december 21-\u00e9n 18 \u00f3rakor ker\u00fcl sor a Lendvai Sz\u00ednh\u00e1z- \u00e9s Hangversenyteremben. Szok szeretettel v\u00e1runk minden \u00e9rdekl\u0151d\u0151t! KAPCSOLAT https:\/\/sites.google.com\/site\/kpzvitalendava\/ BEL\u00c9P\u00c9S CSAK AZ \u00c1OT FELT\u00c9TELEKNEK [&hellip;]<\/p>\n","protected":false},"author":2,"featured_media":5942,"parent":0,"menu_order":0,"comment_status":"closed","ping_status":"closed","template":"","meta":{"footnotes":""},"class_list":["post-5979","page","type-page","status-publish","has-post-thumbnail","hentry","post","post-with-thumbnail","post-with-thumbnail-icon"],"_links":{"self":[{"href":"https:\/\/www1.kkl.si\/hu\/wp-json\/wp\/v2\/pages\/5979","targetHints":{"allow":["GET"]}}],"collection":[{"href":"https:\/\/www1.kkl.si\/hu\/wp-json\/wp\/v2\/pages"}],"about":[{"href":"https:\/\/www1.kkl.si\/hu\/wp-json\/wp\/v2\/types\/page"}],"author":[{"embeddable":true,"href":"https:\/\/www1.kkl.si\/hu\/wp-json\/wp\/v2\/users\/2"}],"replies":[{"embeddable":true,"href":"https:\/\/www1.kkl.si\/hu\/wp-json\/wp\/v2\/comments?post=5979"}],"version-history":[{"count":7,"href":"https:\/\/www1.kkl.si\/hu\/wp-json\/wp\/v2\/pages\/5979\/revisions"}],"predecessor-version":[{"id":5987,"href":"https:\/\/www1.kkl.si\/hu\/wp-json\/wp\/v2\/pages\/5979\/revisions\/5987"}],"wp:featuredmedia":[{"embeddable":true,"href":"https:\/\/www1.kkl.si\/hu\/wp-json\/wp\/v2\/media\/5942"}],"wp:attachment":[{"href":"https:\/\/www1.kkl.si\/hu\/wp-json\/wp\/v2\/media?parent=5979"}],"curies":[{"name":"wp","href":"https:\/\/api.w.org\/{rel}","templated":true}]}}