{"id":6130,"date":"2021-12-21T09:37:52","date_gmt":"2021-12-21T08:37:52","guid":{"rendered":"https:\/\/www1.kkl.si\/?page_id=6130"},"modified":"2021-12-24T10:06:38","modified_gmt":"2021-12-24T09:06:38","slug":"az-sng-maribor-szimfonikus-zenekaranak-karacsonyi-ujevi-hangversenye","status":"publish","type":"page","link":"https:\/\/www1.kkl.si\/hu\/az-sng-maribor-szimfonikus-zenekaranak-karacsonyi-ujevi-hangversenye\/","title":{"rendered":"Az SNG Maribor Szimfonikus Zenekar\u00e1nak kar\u00e1csonyi\u2013\u00faj\u00e9vi koncertje"},"content":{"rendered":"<div><img loading=\"lazy\" decoding=\"async\" class=\"izrez alignnone wp-image-5899 size-full\" src=\"https:\/\/www1.kkl.si\/wp-content\/uploads\/2021\/12\/SNG-Bozicni_simfoniki-webbanner_h.jpg\" alt=\"\" width=\"1200\" height=\"330\" srcset=\"https:\/\/www1.kkl.si\/wp-content\/uploads\/2021\/12\/SNG-Bozicni_simfoniki-webbanner_h.jpg 1200w, https:\/\/www1.kkl.si\/wp-content\/uploads\/2021\/12\/SNG-Bozicni_simfoniki-webbanner_h-400x110.jpg 400w\" sizes=\"auto, (max-width: 1200px) 100vw, 1200px\" \/><\/div>\n<div class=\"opis\"><strong><img loading=\"lazy\" decoding=\"async\" class=\"wp-image-1588 alignright\" title=\"Brezpla\u010dna prireditev\" src=\"https:\/\/www1.kkl.si\/wp-content\/uploads\/\/2020\/07\/spored_simb_brezplacna-1.svg\" sizes=\"auto, (max-width: 40px) 100vw, 40px\" srcset=\"https:\/\/www1.kkl.si\/wp-content\/uploads\/\/2020\/07\/spored_simb_brezplacna-1.svg 150w, https:\/\/www1.kkl.si\/wp-content\/uploads\/\/2020\/07\/spored_simb_brezplacna-1.svg 400w, https:\/\/www1.kkl.si\/wp-content\/uploads\/\/2020\/07\/spored_simb_brezplacna-1.svg 1500w, https:\/\/www1.kkl.si\/wp-content\/uploads\/\/2020\/07\/spored_simb_brezplacna-1.svg 100w\" alt=\"brezplacna\" width=\"40\" height=\"40\" \/><i class=\"fas fa-calendar\"><\/i> 2021. december 27. h\u00e9tf\u0151 | <span class=\"zanr\">koncert, hangverseny<\/span><br \/>\n<i class=\"fas fa-clock\"><\/i> 19.00<\/strong> <br \/>\n<i class=\"fas fa-ticket-alt\"><\/i> <strong><span class=\"odpade\">A JEGYEK ELFOGYTAK!<\/span><\/strong> Tisztelt l\u00e1togat\u00f3k, t\u00e1j\u00e9koztatjuk \u00f6n\u00f6ket, hogy az SNG Maribor Szimfonikus Zenekar\u00e1nak kar\u00e1csonyi \u00e9s szilveszteri koncertj\u00e9re az ingyenes jegyek elfogytak. Meg\u00e9rt\u00e9s\u00fcket k\u00f6sz\u00f6nj\u00fck!<br \/>\n<i class=\"fas fa-chevron-circle-right\"><\/i> Szervez\u0151: <a href=\"https:\/\/www.kkl.si\/\">Knji\u017enica \u2013 Kulturni center Lendava \u2013 Lendvai K\u00f6nyvt\u00e1r \u00e9s Kultur\u00e1lis K\u00f6zpont<\/a><\/div>\n<p><a href=\"https:\/\/www1.kkl.si\/wp-content\/uploads\/2021\/12\/plakat_B2_praznicni_decemberV2_2021_DVOJ_1500px.jpg\" data-lbwps-width=\"1078\" data-lbwps-height=\"1500\" data-lbwps-srcsmall=\"https:\/\/www1.kkl.si\/wp-content\/uploads\/2021\/12\/plakat_B2_praznicni_decemberV2_2021_DVOJ_1500px-287x400.jpg\"><img loading=\"lazy\" decoding=\"async\" class=\"size-medium wp-image-5673 alignright\" src=\"https:\/\/www1.kkl.si\/wp-content\/uploads\/2021\/12\/plakat_B2_praznicni_decemberV2_2021_DVOJ_1500px-287x400.jpg\" alt=\"\" width=\"287\" height=\"400\" srcset=\"https:\/\/www1.kkl.si\/wp-content\/uploads\/2021\/12\/plakat_B2_praznicni_decemberV2_2021_DVOJ_1500px-287x400.jpg 287w, https:\/\/www1.kkl.si\/wp-content\/uploads\/2021\/12\/plakat_B2_praznicni_decemberV2_2021_DVOJ_1500px.jpg 1078w\" sizes=\"auto, (max-width: 287px) 100vw, 287px\" \/><\/a>\u00dcNNEPI DECEMBER A SZ\u00cdNH\u00c1ZBAN 2021<\/p>\n<p><strong><span style=\"font-size: 28px;\">Kar\u00e1csonyi\u2013\u00faj\u00e9vi hangversenye<\/span><\/strong><\/p>\n<p><strong>Simfoni\u010dni orkester SNG Maribor<\/strong><br \/>\nKarmester <strong>Simon Kre\u010di\u010d<\/strong><br \/>\nSz\u00f3list\u00e1k <strong>Sabina Cvilak <\/strong>(szopr\u00e1n), <strong>Rebeka Lokar <\/strong>(szopr\u00e1n), <strong>Andreja Zakonj\u0161ek Krt<\/strong> (szopr\u00e1n), <strong>Martin Su\u0161nik <\/strong>(tenor), <strong>Oksana Pe\u010deny<\/strong> (heged\u0171)<\/p>\n<p>A legszebb \u00e1ri\u00e1k \u00e9s r\u00e9szletek Richard Strauss, L\u00e9o Delibes, Leh\u00e1r Franz (Ferenc) \u00e9s Robert Stolz operai \u00e9s operett remekm\u0171veib\u0151l, valamint koncert- \u00e9s zenekari m\u0171vek Peter Iljics Csajkovszkij, ifjabb Johann Strauss, Manuel de Falla, Jacques Offenbach \u00e9s m\u00e1sok m\u0171veib\u0151l.<\/p>\n<p><span style=\"font-size: 24px;\"><strong>Program\/m\u0171sor<\/strong><\/span><\/p>\n<ul>\n<li>\n<p>Richard Strauss: Kering\u0151k a <em>Der Rosenkavalier<\/em> els\u0151 felvon\u00e1s\u00e1b\u00f3l<\/p>\n<\/li>\n<li>\n<p>Georges Bizet: <em>La fleur que tu m&#8217;avais jet\u00e9e<\/em>, Don Jos\u00e9 \u00e1ri\u00e1ja a Carmen m\u00e1sodik felvon\u00e1s\u00e1b\u00f3l, sz\u00f3lista Martin Su\u0161nik<\/p>\n<\/li>\n<li>\n<p>L\u00e9o Delibes: <em>Viens, Mallika, les lianes en fleurs<\/em>, vir\u00e1gos duett a Lakm\u00e9 els\u0151 felvon\u00e1s\u00e1b\u00f3l, sz\u00f3list\u00e1k Rebeka Lokar, Andreja Zakonj\u0161ek Krt.<\/p>\n<\/li>\n<li>\n<p>ifj. Johann Strauss: <em>Rosen aus dem S\u00fcden<\/em> (Vir\u00e1gok d\u00e9lr\u0151l), Op. 388<\/p>\n<\/li>\n<li>\n<p>Richard Strauss: <em>Beim Schlafengehen<\/em> a <em>N\u00e9gy utols\u00f3 dal<\/em> c\u00edm\u0171 ciklusb\u00f3l, sz\u00f3lista Sabina Cvilak<\/p>\n<\/li>\n<li>\n<p>Peter Iljics Csajkovszkij: <em>Vir\u00e1gkering\u0151 a Di\u00f3t\u00f6r\u0151<\/em> c\u00edm\u0171 balett II. felvon\u00e1s\u00e1b\u00f3l<\/p>\n<\/li>\n<li>\n<p>Richard Strauss: <em>Marie Theres&#8217;! Hab&#8217; mir&#8217;s gelobt<\/em>, z\u00e1r\u00f3 tercett a <em>Der Rosenkavalier<\/em> harmadik felvon\u00e1s\u00e1b\u00f3l, sz\u00f3list\u00e1k Sabina Cvilak, Rebeka Lokar, Andreja Zakonj\u0161ek Krt<\/p>\n<\/li>\n<\/ul>\n<p>* * * * *<\/p>\n<ul>\n<li>\n<p>Robert Stolz: <em>Spiel&#8217; auf deiner Geige<\/em>, Jadja \u00e1ri\u00e1ja a V\u00e9nusz selyemben c\u00edm\u0171 operett els\u0151 felvon\u00e1s\u00e1b\u00f3l, sz\u00f3lista Sabina Cvilak<\/p>\n<\/li>\n<li>\n<p>Vittorio Monti: <em>La Chardonnay<\/em>, heged\u0171re \u00e9s zenekarra, sz\u00f3lista Oksana Pecheny Dolenc<\/p>\n<\/li>\n<li>\n<p>Luigi Arditi: <em>Il bacio<\/em> (A cs\u00f3k), sz\u00f3lista Andreja Zakonj\u0161ek Krt<\/p>\n<\/li>\n<li>\n<p>Franz Leh\u00e1r: <em>Meine Lippen, sie k\u00fcssen so hei\u00df<\/em>, Giuditta \u00e1ria a Giuditta operett negyedik jelenet\u00e9b\u0151l, sz\u00f3lista Rebeka Lokar<\/p>\n<\/li>\n<li>\n<p>Agust\u00edn Lara: <em>Granada<\/em>, sz\u00f3lista Martin Su\u0161nik<\/p>\n<\/li>\n<li>\n<p>Manuel de Falla: <em>Spanyol t\u00e1nc heged\u0171re \u00e9s zenekarra<\/em> a R\u00f6vid \u00e9let II. felvon\u00e1s\u00e1b\u00f3l, sz\u00f3lista Oksana Pe\u010deny Dolenc<\/p>\n<\/li>\n<li>\n<p>Ruperto Chap\u00ed: <em>Al pensar en el due\u00f1o de mis amores<\/em>, a Zabede l\u00e1nyai c\u00edm\u0171 komikus zarzuela m\u00e1sodik felvon\u00e1s\u00e1b\u00f3l, sz\u00f3lista Sabina Cvilak<\/p>\n<\/li>\n<li>\n<p>Jacques Offenbach: nyit\u00e1ny az <em>Orfeo az alvil\u00e1gban<\/em> c\u00edm\u0171 oper\u00e1hoz<\/p>\n<\/li>\n<\/ul>\n<p><img loading=\"lazy\" decoding=\"async\" class=\"alignnone size-full wp-image-5910\" src=\"https:\/\/www1.kkl.si\/wp-content\/uploads\/2021\/12\/Simfonicni-orkester-SNG-Maribor-1.jpg\" alt=\"\" width=\"1200\" height=\"405\" srcset=\"https:\/\/www1.kkl.si\/wp-content\/uploads\/2021\/12\/Simfonicni-orkester-SNG-Maribor-1.jpg 1200w, https:\/\/www1.kkl.si\/wp-content\/uploads\/2021\/12\/Simfonicni-orkester-SNG-Maribor-1-400x135.jpg 400w\" sizes=\"auto, (max-width: 1200px) 100vw, 1200px\" \/><\/p>\n<p>A vid\u00e1m december k\u00e9rlelhetetlen k\u00f6zeledte \u00e9s az \u00fcnnepi hangulat, amely id\u00e9n a korl\u00e1tozott k\u00f6z\u00e9let miatt kicsit m\u00e1s, j\u00f3 alkalom lehet az \u00f6sszej\u00f6vetelekre \u00e9s az inspir\u00e1l\u00f3 zenei \u00e9lvezetekre. Hogy a lehet\u0151 legjobb hangulatban \u00e9s a megfelel\u0151 zenei k\u00eds\u00e9rettel k\u00f6sz\u00f6nthess\u00e9k az \u00faj \u00e9vet 2022-ben, egy izgalmas zenei estet k\u00e9sz\u00edtett\u00fcnk a vir\u00e1gokr\u00f3l \u00e9s a vir\u00e1gokr\u00f3l, amelyet a vil\u00e1g zenei kincsest\u00e1r\u00e1nak sz\u00e1mos k\u00e1pr\u00e1zatos f\u00e9nypontj\u00e1val \u00e9s szenved\u00e9lyes ritmus\u00e1val sz\u0151tt\u00fcnk \u00f6ssze. A koncert els\u0151 r\u00e9sz\u00e9ben olyan zenei remekm\u0171vek hangzanak el, amelyek \u00edgy vagy \u00fagy szimbolikusan kapcsol\u00f3dnak a vir\u00e1gokhoz, m\u00edg a zenei esem\u00e9ny m\u00e1sodik r\u00e9sz\u00e9ben a legh\u00edresebb b\u00e9csi operettekt\u0151l \u00e9s magyar cs\u00e1rd\u00e1sokt\u00f3l a spanyol \u00e9s latin-amerikai forr\u00f3v\u00e9r\u0171 ritmusokig egy \u00f3r\u00e1s s\u00e9t\u00e1t tesz\u00fcnk.<\/p>\n<hr \/>\n<p>KAPCSOLAT<\/p>\n<p><i class=\"fas fa-link\"><\/i><a href=\"https:\/\/www.sng-mb.si\/repertoar-simfonicni-orkester\/bozicno-novoletni-koncert-simfonicnega-orkestra-\/\"> https:\/\/www.sng-mb.si\/repertoar-simfonicni-orkester\/bozicno-novoletni-koncert-simfonicnega-orkestra-\/<\/a><\/p>\n<hr \/>\n<p><span style=\"font-size: 28px; color: #ff0000;\"><i class=\"fas fa-exclamation-triangle\"><\/i><\/span> BEL\u00c9P\u00c9S CSAK AZ <a href=\"https:\/\/www1.kkl.si\/hu\/a-szinhaz-es-hangversenyteremben-a-tartozkodas-csak-az-aot-felteteleknek-eleget-tevo-szemelyek-reszere-lehetseges\/\">\u00c1OT FELT\u00c9TELEKNEK<\/a> ELEGET TEV\u0150 SZEM\u00c9LYEK R\u00c9SZ\u00c9RE LEHETS\u00c9GES!<\/p>\n","protected":false},"excerpt":{"rendered":"<p>2021. december 27. h\u00e9tf\u0151 | koncert, hangverseny 19.00 A JEGYEK ELFOGYTAK! Tisztelt l\u00e1togat\u00f3k, t\u00e1j\u00e9koztatjuk \u00f6n\u00f6ket, hogy az SNG Maribor Szimfonikus Zenekar\u00e1nak kar\u00e1csonyi \u00e9s szilveszteri koncertj\u00e9re az ingyenes jegyek elfogytak. Meg\u00e9rt\u00e9s\u00fcket k\u00f6sz\u00f6nj\u00fck! Szervez\u0151: Knji\u017enica \u2013 Kulturni center Lendava \u2013 Lendvai K\u00f6nyvt\u00e1r \u00e9s Kultur\u00e1lis K\u00f6zpont \u00dcNNEPI DECEMBER A SZ\u00cdNH\u00c1ZBAN 2021 Kar\u00e1csonyi\u2013\u00faj\u00e9vi hangversenye Simfoni\u010dni orkester SNG Maribor Karmester [&hellip;]<\/p>\n","protected":false},"author":2,"featured_media":5910,"parent":0,"menu_order":0,"comment_status":"closed","ping_status":"closed","template":"","meta":{"footnotes":""},"class_list":["post-6130","page","type-page","status-publish","has-post-thumbnail","hentry","post","post-with-thumbnail","post-with-thumbnail-icon"],"_links":{"self":[{"href":"https:\/\/www1.kkl.si\/hu\/wp-json\/wp\/v2\/pages\/6130","targetHints":{"allow":["GET"]}}],"collection":[{"href":"https:\/\/www1.kkl.si\/hu\/wp-json\/wp\/v2\/pages"}],"about":[{"href":"https:\/\/www1.kkl.si\/hu\/wp-json\/wp\/v2\/types\/page"}],"author":[{"embeddable":true,"href":"https:\/\/www1.kkl.si\/hu\/wp-json\/wp\/v2\/users\/2"}],"replies":[{"embeddable":true,"href":"https:\/\/www1.kkl.si\/hu\/wp-json\/wp\/v2\/comments?post=6130"}],"version-history":[{"count":5,"href":"https:\/\/www1.kkl.si\/hu\/wp-json\/wp\/v2\/pages\/6130\/revisions"}],"predecessor-version":[{"id":6210,"href":"https:\/\/www1.kkl.si\/hu\/wp-json\/wp\/v2\/pages\/6130\/revisions\/6210"}],"wp:featuredmedia":[{"embeddable":true,"href":"https:\/\/www1.kkl.si\/hu\/wp-json\/wp\/v2\/media\/5910"}],"wp:attachment":[{"href":"https:\/\/www1.kkl.si\/hu\/wp-json\/wp\/v2\/media?parent=6130"}],"curies":[{"name":"wp","href":"https:\/\/api.w.org\/{rel}","templated":true}]}}