{"id":6146,"date":"2021-12-21T10:37:17","date_gmt":"2021-12-21T09:37:17","guid":{"rendered":"https:\/\/www1.kkl.si\/?page_id=6146"},"modified":"2021-12-21T10:49:07","modified_gmt":"2021-12-21T09:49:07","slug":"csinaljunk-szinhazat-gyermekszinjatszo-muhely-zaroprodukcioja","status":"publish","type":"page","link":"https:\/\/www1.kkl.si\/hu\/csinaljunk-szinhazat-gyermekszinjatszo-muhely-zaroprodukcioja\/","title":{"rendered":"CSIN\u00c1LJUNK SZ\u00cdNH\u00c1ZAT: gyermeksz\u00ednj\u00e1tsz\u00f3 m\u0171hely z\u00e1r\u00f3produkci\u00f3ja"},"content":{"rendered":"<div class=\"opis\"><strong><img loading=\"lazy\" decoding=\"async\" class=\"wp-image-1588 alignright\" title=\"Ingyenes rendezv\u00e9ny\" src=\"https:\/\/www1.kkl.si\/wp-content\/uploads\/\/2020\/07\/spored_simb_brezplacna-1.svg\" sizes=\"auto, (max-width: 40px) 100vw, 40px\" srcset=\"https:\/\/www1.kkl.si\/wp-content\/uploads\/\/2020\/07\/spored_simb_brezplacna-1.svg 150w, https:\/\/www1.kkl.si\/wp-content\/uploads\/\/2020\/07\/spored_simb_brezplacna-1.svg 400w, https:\/\/www1.kkl.si\/wp-content\/uploads\/\/2020\/07\/spored_simb_brezplacna-1.svg 1500w, https:\/\/www1.kkl.si\/wp-content\/uploads\/\/2020\/07\/spored_simb_brezplacna-1.svg 100w\" alt=\"brezplacna\" width=\"40\" height=\"40\" \/><i class=\"fas fa-calendar\"><\/i> 2021. december 23. szerda | rendezv\u00e9ny<br \/>\n<i class=\"fas fa-clock\"><\/i> 18.00<\/strong><br \/>\n<i class=\"fas fa-map-marker\"><\/i> Helysz\u00edn: Lendvai Sz\u00ednh\u00e1z- \u00e9s Hangversenyterem<br \/>\n<i class=\"fas fa-chevron-circle-right\"><\/i> Szervez\u0151: <a href=\"https:\/\/www.kkl.si\/\">Knji\u017enica \u2013 Kulturni center Lendava \u2013 Lendvai K\u00f6nyvt\u00e1r \u00e9s Kultur\u00e1lis K\u00f6zpont<\/a><\/div>\n<p><a href=\"https:\/\/www1.kkl.si\/wp-content\/uploads\/2021\/12\/plakat_B2_gremo_se_gledalisce_zakljucna_2021_A.jpg\" data-lbwps-width=\"2143\" data-lbwps-height=\"3000\" data-lbwps-srcsmall=\"https:\/\/www1.kkl.si\/wp-content\/uploads\/2021\/12\/plakat_B2_gremo_se_gledalisce_zakljucna_2021_A.jpg\"><img loading=\"lazy\" decoding=\"async\" class=\"alignright wp-image-6138 size-medium\" src=\"https:\/\/www1.kkl.si\/wp-content\/uploads\/2021\/12\/plakat_B2_gremo_se_gledalisce_zakljucna_2021_A-scaled-286x400.jpg\" alt=\"\" width=\"286\" height=\"400\" srcset=\"https:\/\/www1.kkl.si\/wp-content\/uploads\/2021\/12\/plakat_B2_gremo_se_gledalisce_zakljucna_2021_A-scaled-286x400.jpg 286w, https:\/\/www1.kkl.si\/wp-content\/uploads\/2021\/12\/plakat_B2_gremo_se_gledalisce_zakljucna_2021_A-scaled-1072x1500.jpg 1072w, https:\/\/www1.kkl.si\/wp-content\/uploads\/2021\/12\/plakat_B2_gremo_se_gledalisce_zakljucna_2021_A-scaled.jpg 1829w\" sizes=\"auto, (max-width: 286px) 100vw, 286px\" \/><\/a>MEGH\u00cdV\u00d3<\/p>\n<p>Sok szeretettel v\u00e1runk minden \u00e9rdekl\u0151d\u0151t a<\/p>\n<p><strong>CSIN\u00c1LJUNK SZ\u00cdNH\u00c1ZAT<\/strong><br \/>\n<strong>gyermeksz\u00ednj\u00e1tsz\u00f3 m\u0171hely z\u00e1r\u00f3produkci\u00f3j\u00e1ra<\/strong><\/p>\n<p>2021. december 23-\u00e1n 18 \u00f3rakor<br \/>\na Lendvai Sz\u00ednh\u00e1z- \u00e9s Hangversenyterbe.<\/p>\n<p>MENTOROK: Kava\u0161 Petra \u00e9s Na\u0111 Eva <\/p>\n<p>FELL\u00c9PNEK: Horvat Benjamin, Leva\u010di\u010d Asja, No\u010d Oleti\u0107 Patricija, Plevel Tina, Plevel Tomi, Stan\u010din Ivan, Vu\u010dko Ema<\/p>\n<p>T\u00e1mogassa jelenl\u00e9t\u00e9vel a fiatal sz\u00ednh\u00e1zi tehets\u00e9geket! \ud83c\udfad<\/p>\n<hr \/>\n<p><i class=\"fas fa-exclamation-triangle\"><\/i> BEL\u00c9P\u00c9S CSAK AZ <a href=\"https:\/\/www1.kkl.si\/hu\/a-szinhaz-es-hangversenyteremben-a-tartozkodas-csak-az-aot-felteteleknek-eleget-tevo-szemelyek-reszere-lehetseges\/\">\u00c1OT FELT\u00c9TELEKNEK<\/a> ELEGET TEV\u0150 SZEM\u00c9LYEK R\u00c9SZ\u00c9RE LEHETS\u00c9GES!<\/p>\n","protected":false},"excerpt":{"rendered":"<p>2021. december 23. szerda | rendezv\u00e9ny 18.00 Helysz\u00edn: Lendvai Sz\u00ednh\u00e1z- \u00e9s Hangversenyterem Szervez\u0151: Knji\u017enica \u2013 Kulturni center Lendava \u2013 Lendvai K\u00f6nyvt\u00e1r \u00e9s Kultur\u00e1lis K\u00f6zpont MEGH\u00cdV\u00d3 Sok szeretettel v\u00e1runk minden \u00e9rdekl\u0151d\u0151t a CSIN\u00c1LJUNK SZ\u00cdNH\u00c1ZAT gyermeksz\u00ednj\u00e1tsz\u00f3 m\u0171hely z\u00e1r\u00f3produkci\u00f3j\u00e1ra 2021. december 23-\u00e1n 18 \u00f3rakor a Lendvai Sz\u00ednh\u00e1z- \u00e9s Hangversenyterbe. MENTOROK: Kava\u0161 Petra \u00e9s Na\u0111 Eva FELL\u00c9PNEK: Horvat Benjamin, [&hellip;]<\/p>\n","protected":false},"author":2,"featured_media":6138,"parent":0,"menu_order":0,"comment_status":"closed","ping_status":"closed","template":"","meta":{"footnotes":""},"class_list":["post-6146","page","type-page","status-publish","has-post-thumbnail","hentry","post","post-with-thumbnail","post-with-thumbnail-icon"],"_links":{"self":[{"href":"https:\/\/www1.kkl.si\/hu\/wp-json\/wp\/v2\/pages\/6146","targetHints":{"allow":["GET"]}}],"collection":[{"href":"https:\/\/www1.kkl.si\/hu\/wp-json\/wp\/v2\/pages"}],"about":[{"href":"https:\/\/www1.kkl.si\/hu\/wp-json\/wp\/v2\/types\/page"}],"author":[{"embeddable":true,"href":"https:\/\/www1.kkl.si\/hu\/wp-json\/wp\/v2\/users\/2"}],"replies":[{"embeddable":true,"href":"https:\/\/www1.kkl.si\/hu\/wp-json\/wp\/v2\/comments?post=6146"}],"version-history":[{"count":2,"href":"https:\/\/www1.kkl.si\/hu\/wp-json\/wp\/v2\/pages\/6146\/revisions"}],"predecessor-version":[{"id":6159,"href":"https:\/\/www1.kkl.si\/hu\/wp-json\/wp\/v2\/pages\/6146\/revisions\/6159"}],"wp:featuredmedia":[{"embeddable":true,"href":"https:\/\/www1.kkl.si\/hu\/wp-json\/wp\/v2\/media\/6138"}],"wp:attachment":[{"href":"https:\/\/www1.kkl.si\/hu\/wp-json\/wp\/v2\/media?parent=6146"}],"curies":[{"name":"wp","href":"https:\/\/api.w.org\/{rel}","templated":true}]}}