{"id":6447,"date":"2022-01-28T16:51:54","date_gmt":"2022-01-28T15:51:54","guid":{"rendered":"https:\/\/www1.kkl.si\/?page_id=6447"},"modified":"2022-01-28T17:22:12","modified_gmt":"2022-01-28T16:22:12","slug":"szloven-kultura-napja-2022","status":"publish","type":"page","link":"https:\/\/www1.kkl.si\/hu\/szloven-kultura-napja-2022\/","title":{"rendered":"Szlov\u00e9n Kult\u00fara Napja 2022"},"content":{"rendered":"<div><img loading=\"lazy\" decoding=\"async\" class=\"izrez alignnone wp-image-6458 size-large\" src=\"https:\/\/www1.kkl.si\/wp-content\/uploads\/2022\/01\/skp2022_glava-1200x200.jpg\" alt=\"\" width=\"1200\" height=\"200\" srcset=\"https:\/\/www1.kkl.si\/wp-content\/uploads\/2022\/01\/skp2022_glava.jpg 1200w, https:\/\/www1.kkl.si\/wp-content\/uploads\/2022\/01\/skp2022_glava-400x67.jpg 400w\" sizes=\"auto, (max-width: 1200px) 100vw, 1200px\" \/><\/div>\n<div class=\"opis\"><strong><img loading=\"lazy\" decoding=\"async\" class=\"wp-image-1588 alignright\" title=\"Ingyenes rendezv\u00e9ny\" src=\"https:\/\/www1.kkl.si\/wp-content\/uploads\/\/2020\/07\/spored_simb_brezplacna-1.svg\" alt=\"brezplacna\" width=\"40\" height=\"40\" srcset=\"https:\/\/www1.kkl.si\/wp-content\/uploads\/\/2020\/07\/spored_simb_brezplacna-1.svg 150w, https:\/\/www1.kkl.si\/wp-content\/uploads\/\/2020\/07\/spored_simb_brezplacna-1.svg 400w, https:\/\/www1.kkl.si\/wp-content\/uploads\/\/2020\/07\/spored_simb_brezplacna-1.svg 1500w, https:\/\/www1.kkl.si\/wp-content\/uploads\/\/2020\/07\/spored_simb_brezplacna-1.svg 100w\" sizes=\"auto, (max-width: 40px) 100vw, 40px\" \/><i class=\"fas fa-calendar\"><\/i> 2022. febru\u00e1r 4. p\u00e9ntek | <span class=\"zanr\">kultur\u00e1lis rendezv\u00e9ny<\/span><br \/>\n<i class=\"fas fa-clock\"><\/i> 17.30<\/strong> <br \/>\n<i class=\"fas fa-map-marker\"><\/i> Helysz\u00edn: Lendvai Sz\u00ednh\u00e1z- \u00e9s Hangversenyterem<br \/>\n<i class=\"fas fa-chevron-circle-right\"><\/i> Szervez\u0151: <a href=\"https:\/\/www.lendava.si\/\">Ob\u010dina Lendava \u2013 Lendva K\u00f6zs\u00e9g<\/a><br \/>\n<i class=\"fas fa-chevron-circle-right\"><\/i> T\u00e1rszervez\u0151k: <a href=\"https:\/\/www.kkl.si\/\">Knji\u017enica \u2013 Kulturni center Lendava \u2013 Lendvai K\u00f6nyvt\u00e1r \u00e9s Kultur\u00e1lis K\u00f6zpont<\/a><a href=\"https:\/\/www.mnmi-zkmn.si\/\">, <\/a><a href=\"https:\/\/www.gml.si\/\">Galerija-Muzej Lendava \u2013 Gal\u00e9ria-M\u00fazeum Lendva<\/a><a href=\"https:\/\/www.mnmi-zkmn.si\/\">, <\/a><a href=\"http:\/\/www.pannonia.si\/\">Fotografsko dru\u0161tvo Pannonia \u2013 F\u00e9nyk\u00e9p\u00e9szeti Egyes\u00fclet<\/a><\/div>\n<p>Tisztelettel megh\u00edvjuk \u00d6n\u00f6ket a <strong>Szlov\u00e9n Kult\u00fara Napja<\/strong> alkalm\u00e1b\u00f3l szervezett rendezv\u00e9nyre, <br \/>\namely <strong>p\u00e9nteken, 2022. febru\u00e1r 4-\u00e9n, 17.30-kor<\/strong> lesz Lendv\u00e1n, a Sz\u00ednh\u00e1z- \u00e9s Hangversenyteremben.<\/p>\n<p>Az \u00fcnneps\u00e9gen sor ker\u00fcl a kult\u00fara ter\u00e9n el\u00e9rt eredm\u00e9nyek\u00e9rt j\u00e1r\u00f3 polg\u00e1rmesteri elismer\u00e9sek \u00e1tad\u00e1s\u00e1ra.<\/p>\n<p>Az alkalmi kult\u00farm\u0171sorban fell\u00e9p a <em>Vita kamarak\u00f3rus<\/em> \u00e9s a <em>Gabrski mantra\u0161i<\/em> egy\u00fcttes, <br \/>\nk\u00f6zben pedig megismerhetj\u00fck a <em>Pannonia Reflections 8. fot\u00f3ki\u00e1ll\u00edt\u00e1s<\/em> d\u00edjazott alkot\u00e1sait.<\/p>\n<hr \/>\n<p>KAPCSOLATOK<\/p>\n<p><i class=\"fas fa-link\"><\/i> <a href=\"https:\/\/www.lendava.si\/objava\/591363\">https:\/\/www.lendava.si\/objava\/591363<\/a><br \/>\n<i class=\"fas fa-link\"><\/i> <a href=\"https:\/\/www.gml.si\/\">https:\/\/www.gml.si\/<\/a><br \/>\n<i class=\"fas fa-link\"><\/i> <a href=\"https:\/\/www.gml.si\/hu\/8-nemzetkozi-fotomuveszeti-kiallitas-pannonia-reflections-2021\/\">https:\/\/www.gml.si\/hu\/8-nemzetkozi-fotomuveszeti-kiallitas-pannonia-reflections-2021\/<\/a><br \/>\n<i class=\"fas fa-link\"><\/i> <a href=\"http:\/\/www.pannonia.si\/\">http:\/\/www.pannonia.si\/<\/a><br \/>\n<i class=\"fab fa-facebook-square\"><\/i>\u00a0<a href=\"https:\/\/www.facebook.com\/Pannonia-Reflections-513164785525376\/\">https:\/\/www.facebook.com\/Pannonia-Reflections-513164785525376\/<\/a><\/p>\n<hr \/>\n<p>A MEGH\u00cdV\u00d3 L\u00c1TK\u00c9PE<\/p>\n<p><a href=\"https:\/\/www1.kkl.si\/wp-content\/uploads\/2022\/01\/vabilo_SLO_kult_praznik_2022-1.png\" data-lbwps-width=\"3543\" data-lbwps-height=\"1771\" data-lbwps-srcsmall=\"https:\/\/www1.kkl.si\/wp-content\/uploads\/2022\/01\/vabilo_SLO_kult_praznik_2022-1-400x200.png\"><img loading=\"lazy\" decoding=\"async\" class=\"alignnone size-large wp-image-6410\" src=\"https:\/\/www1.kkl.si\/wp-content\/uploads\/2022\/01\/vabilo_SLO_kult_praznik_2022-1-1500x750.png\" alt=\"\" width=\"1500\" height=\"750\" srcset=\"https:\/\/www1.kkl.si\/wp-content\/uploads\/2022\/01\/vabilo_SLO_kult_praznik_2022-1-1500x750.png 1500w, https:\/\/www1.kkl.si\/wp-content\/uploads\/2022\/01\/vabilo_SLO_kult_praznik_2022-1-400x200.png 400w\" sizes=\"auto, (max-width: 1500px) 100vw, 1500px\" \/><\/a><\/p>\n<hr \/>\n<p><span style=\"font-size: 28px; color: #ff0000;\"><i class=\"fas fa-exclamation-triangle\"><\/i><\/span> A RENDEZV\u00c9NYEKRE A BEL\u00c9P\u00c9S CSAK AZ <a href=\"https:\/\/www1.kkl.si\/hu\/a-szinhaz-es-hangversenyteremben-a-tartozkodas-csak-az-aot-felteteleknek-eleget-tevo-szemelyek-reszere-lehetseges\/\">\u00c1OT FELT\u00c9TELEKNEK<\/a> ELEGET TEV\u0150 SZEM\u00c9LYEK R\u00c9SZ\u00c9RE LEHETS\u00c9GES!<\/p>\n","protected":false},"excerpt":{"rendered":"<p>2022. febru\u00e1r 4. p\u00e9ntek | kultur\u00e1lis rendezv\u00e9ny 17.30 Helysz\u00edn: Lendvai Sz\u00ednh\u00e1z- \u00e9s Hangversenyterem Szervez\u0151: Ob\u010dina Lendava \u2013 Lendva K\u00f6zs\u00e9g T\u00e1rszervez\u0151k: Knji\u017enica \u2013 Kulturni center Lendava \u2013 Lendvai K\u00f6nyvt\u00e1r \u00e9s Kultur\u00e1lis K\u00f6zpont, Galerija-Muzej Lendava \u2013 Gal\u00e9ria-M\u00fazeum Lendva, Fotografsko dru\u0161tvo Pannonia \u2013 F\u00e9nyk\u00e9p\u00e9szeti Egyes\u00fclet Tisztelettel megh\u00edvjuk \u00d6n\u00f6ket a Szlov\u00e9n Kult\u00fara Napja alkalm\u00e1b\u00f3l szervezett rendezv\u00e9nyre, amely p\u00e9nteken, 2022. [&hellip;]<\/p>\n","protected":false},"author":2,"featured_media":6404,"parent":0,"menu_order":0,"comment_status":"closed","ping_status":"closed","template":"","meta":{"footnotes":""},"class_list":["post-6447","page","type-page","status-publish","has-post-thumbnail","hentry","post","post-with-thumbnail","post-with-thumbnail-icon"],"_links":{"self":[{"href":"https:\/\/www1.kkl.si\/hu\/wp-json\/wp\/v2\/pages\/6447","targetHints":{"allow":["GET"]}}],"collection":[{"href":"https:\/\/www1.kkl.si\/hu\/wp-json\/wp\/v2\/pages"}],"about":[{"href":"https:\/\/www1.kkl.si\/hu\/wp-json\/wp\/v2\/types\/page"}],"author":[{"embeddable":true,"href":"https:\/\/www1.kkl.si\/hu\/wp-json\/wp\/v2\/users\/2"}],"replies":[{"embeddable":true,"href":"https:\/\/www1.kkl.si\/hu\/wp-json\/wp\/v2\/comments?post=6447"}],"version-history":[{"count":8,"href":"https:\/\/www1.kkl.si\/hu\/wp-json\/wp\/v2\/pages\/6447\/revisions"}],"predecessor-version":[{"id":6469,"href":"https:\/\/www1.kkl.si\/hu\/wp-json\/wp\/v2\/pages\/6447\/revisions\/6469"}],"wp:featuredmedia":[{"embeddable":true,"href":"https:\/\/www1.kkl.si\/hu\/wp-json\/wp\/v2\/media\/6404"}],"wp:attachment":[{"href":"https:\/\/www1.kkl.si\/hu\/wp-json\/wp\/v2\/media?parent=6447"}],"curies":[{"name":"wp","href":"https:\/\/api.w.org\/{rel}","templated":true}]}}