{"id":6551,"date":"2022-02-07T12:02:16","date_gmt":"2022-02-07T11:02:16","guid":{"rendered":"https:\/\/www1.kkl.si\/?page_id=6551"},"modified":"2022-02-22T13:15:24","modified_gmt":"2022-02-22T12:15:24","slug":"rejto-jeno-urilany-szobat-keres","status":"publish","type":"page","link":"https:\/\/www1.kkl.si\/hu\/rejto-jeno-urilany-szobat-keres\/","title":{"rendered":"Rejt\u0151 Jen\u0151: \u00daril\u00e1ny szob\u00e1t keres"},"content":{"rendered":"<div><img loading=\"lazy\" decoding=\"async\" class=\"izrez alignnone wp-image-6559 size-full\" src=\"https:\/\/www1.kkl.si\/wp-content\/uploads\/2022\/02\/urilany_szobat_keres_glava-2.jpg\" alt=\"\" width=\"1200\" height=\"147\" srcset=\"https:\/\/www1.kkl.si\/wp-content\/uploads\/2022\/02\/urilany_szobat_keres_glava-2.jpg 1200w, https:\/\/www1.kkl.si\/wp-content\/uploads\/2022\/02\/urilany_szobat_keres_glava-2-400x49.jpg 400w\" sizes=\"auto, (max-width: 1200px) 100vw, 1200px\" \/><\/div>\n<div class=\"opis\"><strong><img loading=\"lazy\" decoding=\"async\" class=\"wp-image-1592 alignright\" title=\"Fizet\u0151s rendezv\u00e9ny\" src=\"https:\/\/www1.kkl.si\/wp-content\/uploads\/\/2020\/07\/spored_simb_placljiva-1.svg\" alt=\"placljiva\" width=\"40\" height=\"40\" srcset=\"https:\/\/www1.kkl.si\/wp-content\/uploads\/\/2020\/07\/spored_simb_placljiva-1.svg 150w, https:\/\/www1.kkl.si\/wp-content\/uploads\/\/2020\/07\/spored_simb_placljiva-1.svg 400w, https:\/\/www1.kkl.si\/wp-content\/uploads\/\/2020\/07\/spored_simb_placljiva-1.svg 1500w, https:\/\/www1.kkl.si\/wp-content\/uploads\/\/2020\/07\/spored_simb_placljiva-1.svg 100w\" sizes=\"auto, (max-width: 40px) 100vw, 40px\" \/><i class=\"fas fa-calendar\"><\/i> 2022. febru\u00e1r 22. kedd | <span class=\"zanr\">v\u00edgj\u00e1t\u00e9k<\/span><br \/>\n<i class=\"fas fa-clock\"><\/i> 19.00<\/strong> <br \/>\n<i class=\"fas fa-ticket-alt\"><\/i> Bel\u00e9p\u0151jegy \u00e1ra: <strong>15 \u20ac<\/strong> feln\u0151ttek | <strong>12 \u20ac<\/strong> di\u00e1kok | A jegyeket a Lendvai Sz\u00ednh\u00e1z- \u00e9s Hangversenyterem p\u00e9nzt\u00e1r\u00e1n\u00e1l ig\u00e9nyelhetik a nyitvatart\u00e1si id\u0151 alatt.<br \/>\n<i class=\"fas fa-map-marker\"><\/i> Helysz\u00edn: Lendvai Sz\u00ednh\u00e1z- \u00e9s Hangversenyterem<br \/>\n<i class=\"fas fa-chevron-circle-right\"><\/i> Szervez\u0151: <a href=\"https:\/\/www.mnmi-zkmn.si\/\">MNMI-ZKMN<\/a><\/div>\n<p><a href=\"https:\/\/www1.kkl.si\/wp-content\/uploads\/2022\/02\/plakat_Utilany_szobat_keres_web.jpg\" data-lbwps-width=\"1413\" data-lbwps-height=\"2000\" data-lbwps-srcsmall=\"https:\/\/www1.kkl.si\/wp-content\/uploads\/2022\/02\/plakat_Utilany_szobat_keres_web-283x400.jpg\"><img loading=\"lazy\" decoding=\"async\" class=\"slika alignright wp-image-6498 size-medium\" src=\"https:\/\/www1.kkl.si\/wp-content\/uploads\/2022\/02\/plakat_Utilany_szobat_keres_web-283x400.jpg\" alt=\"\" width=\"283\" height=\"400\" srcset=\"https:\/\/www1.kkl.si\/wp-content\/uploads\/2022\/02\/plakat_Utilany_szobat_keres_web-283x400.jpg 283w, https:\/\/www1.kkl.si\/wp-content\/uploads\/2022\/02\/plakat_Utilany_szobat_keres_web-1060x1500.jpg 1060w, https:\/\/www1.kkl.si\/wp-content\/uploads\/2022\/02\/plakat_Utilany_szobat_keres_web.jpg 1413w\" sizes=\"auto, (max-width: 283px) 100vw, 283px\" \/><\/a>A Turay Ida Sz\u00ednh\u00e1z bemutatja, Rejt\u0151 Jen\u0151: <strong>\u00daRIL\u00c1NY SZOB\u00c1T KERES<\/strong> c\u00edm\u0171 v\u00edgj\u00e1t\u00e9k\u00e1t, k\u00e9t r\u00e9szben.<\/p>\n<p><strong>Rendez\u0151:<\/strong> <br \/>\nMIK\u00d3 ISTV\u00c1N (Kiv\u00e1l\u00f3 \u00e9s \u00c9rdemes m\u0171v\u00e9sz, J\u00e1szai Mari-d\u00edjas)<\/p>\n<p><strong>Szerepl\u0151k:<br \/>\n<\/strong>DR. LUK\u00c1CS ERN\u0150: P\u00e1sztor M\u00e1te<br \/>\nJOL\u00c1N, A FELES\u00c9GE: B\u00f3di Barbara<br \/>\nDR. MOH\u00c1CSI: Kurk\u00f3 J. Krist\u00f3f<br \/>\nSZ\u00c9KELY KL\u00c1RA: Bodor Szabina<br \/>\nDR. CSOB\u00c1CZ: Csere L\u00e1szl\u00f3<br \/>\nDR. R\u00d3NA, LUK\u00c1CSN\u00c9 \u00dcGYV\u00c9DJE: Gy\u0151ri P\u00e9ter<\/p>\n<p>Luk\u00e1cs \u00fcgyv\u00e9d a v\u00e1l\u00f3perek ismert szaktekint\u00e9lye. Arr\u00f3l lett h\u00edres, hogy minden pert megnyer. Az \u201e\u00e1rtatlan\u201d n\u0151t v\u00e9di \u00e9s a f\u00e9rfi hib\u00e1j\u00e1b\u00f3l mondatja ki a v\u00e1l\u00e1st. T\u00e1voll\u00e9t\u00e9ben azonban \u00fcgyv\u00e9djel\u00f6ltje egy csinos egyetemist\u00e1nak, Sz\u00e9kely Kl\u00e1rinak adja ki alb\u00e9rletbe a lak\u00e1s egy r\u00e9sz\u00e9t, melyr\u0151l f\u0151n\u00f6k\u00e9nek sejt\u00e9se sincs. Luk\u00e1cs \u00e9pp v\u00e1lni k\u00e9sz\u00fclne csalfa feles\u00e9g\u00e9t\u0151l, amikor a b\u00e9k\u00fclni k\u00edv\u00e1n\u00f3 asszony pizsam\u00e1ban tal\u00e1lja az egyik szob\u00e1ban Kl\u00e1rit. Fordul a kocka: imm\u00e1r a h\u0171tlen feles\u00e9g akar v\u00e1lni a f\u00e9rj hib\u00e1j\u00e1ra hivatkozva. Kik mennek sz\u00e9t? Kik maradnak egy\u00fctt? Ki v\u00e1lik? Kinek a hib\u00e1j\u00e1b\u00f3l? Ebb\u0151l a v\u00edgj\u00e1t\u00e9kb\u00f3l Rejt\u0151 Jen\u0151 egy eg\u00e9sz m\u00e1s oldal\u00e1t ismerhetj\u00fck meg. De a humor a r\u00e9gi!<\/p>\n<p>K\u00c9PEK AZ EL\u0150AD\u00c1SR\u00d3L<\/p>\n\n\t\t<style type=\"text\/css\">\n\t\t\t#gallery-1 {\n\t\t\t\tmargin: auto;\n\t\t\t}\n\t\t\t#gallery-1 .gallery-item {\n\t\t\t\tfloat: left;\n\t\t\t\tmargin-top: 10px;\n\t\t\t\ttext-align: center;\n\t\t\t\twidth: 16%;\n\t\t\t}\n\t\t\t#gallery-1 img {\n\t\t\t\tborder: 2px solid #cfcfcf;\n\t\t\t}\n\t\t\t#gallery-1 .gallery-caption {\n\t\t\t\tmargin-left: 0;\n\t\t\t}\n\t\t\t\/* see gallery_shortcode() in wp-includes\/media.php *\/\n\t\t<\/style>\n\t\t<div id='gallery-1' class='gallery galleryid-6551 gallery-columns-6 gallery-size-thumbnail'><dl class='gallery-item'>\n\t\t\t<dt class='gallery-icon landscape'>\n\t\t\t\t<a href='https:\/\/www1.kkl.si\/wp-content\/uploads\/2022\/02\/urilany_szobat_keres_00.jpg'><img loading=\"lazy\" decoding=\"async\" width=\"150\" height=\"150\" src=\"https:\/\/www1.kkl.si\/wp-content\/uploads\/2022\/02\/urilany_szobat_keres_00-150x150.jpg\" class=\"attachment-thumbnail size-thumbnail\" alt=\"\" \/><\/a>\n\t\t\t<\/dt><\/dl><dl class='gallery-item'>\n\t\t\t<dt class='gallery-icon landscape'>\n\t\t\t\t<a href='https:\/\/www1.kkl.si\/wp-content\/uploads\/2022\/02\/urilany_szobat_keres_01.jpg'><img loading=\"lazy\" decoding=\"async\" width=\"150\" height=\"150\" src=\"https:\/\/www1.kkl.si\/wp-content\/uploads\/2022\/02\/urilany_szobat_keres_01-150x150.jpg\" class=\"attachment-thumbnail size-thumbnail\" alt=\"\" \/><\/a>\n\t\t\t<\/dt><\/dl><dl class='gallery-item'>\n\t\t\t<dt class='gallery-icon landscape'>\n\t\t\t\t<a href='https:\/\/www1.kkl.si\/wp-content\/uploads\/2022\/02\/urilany_szobat_keres_02.jpg'><img loading=\"lazy\" decoding=\"async\" width=\"150\" height=\"150\" src=\"https:\/\/www1.kkl.si\/wp-content\/uploads\/2022\/02\/urilany_szobat_keres_02-150x150.jpg\" class=\"attachment-thumbnail size-thumbnail\" alt=\"\" \/><\/a>\n\t\t\t<\/dt><\/dl><dl class='gallery-item'>\n\t\t\t<dt class='gallery-icon landscape'>\n\t\t\t\t<a href='https:\/\/www1.kkl.si\/wp-content\/uploads\/2022\/02\/urilany_szobat_keres_03.jpg'><img loading=\"lazy\" decoding=\"async\" width=\"150\" height=\"150\" src=\"https:\/\/www1.kkl.si\/wp-content\/uploads\/2022\/02\/urilany_szobat_keres_03-150x150.jpg\" class=\"attachment-thumbnail size-thumbnail\" alt=\"\" \/><\/a>\n\t\t\t<\/dt><\/dl><dl class='gallery-item'>\n\t\t\t<dt class='gallery-icon landscape'>\n\t\t\t\t<a href='https:\/\/www1.kkl.si\/wp-content\/uploads\/2022\/02\/urilany_szobat_keres_04.jpg'><img loading=\"lazy\" decoding=\"async\" width=\"150\" height=\"150\" src=\"https:\/\/www1.kkl.si\/wp-content\/uploads\/2022\/02\/urilany_szobat_keres_04-150x150.jpg\" class=\"attachment-thumbnail size-thumbnail\" alt=\"\" \/><\/a>\n\t\t\t<\/dt><\/dl><dl class='gallery-item'>\n\t\t\t<dt class='gallery-icon landscape'>\n\t\t\t\t<a href='https:\/\/www1.kkl.si\/wp-content\/uploads\/2022\/02\/urilany_szobat_keres_05.jpg'><img loading=\"lazy\" decoding=\"async\" width=\"150\" height=\"150\" src=\"https:\/\/www1.kkl.si\/wp-content\/uploads\/2022\/02\/urilany_szobat_keres_05-150x150.jpg\" class=\"attachment-thumbnail size-thumbnail\" alt=\"\" \/><\/a>\n\t\t\t<\/dt><\/dl><br style=\"clear: both\" \/><dl class='gallery-item'>\n\t\t\t<dt class='gallery-icon landscape'>\n\t\t\t\t<a href='https:\/\/www1.kkl.si\/wp-content\/uploads\/2022\/02\/urilany_szobat_keres_06.jpg'><img loading=\"lazy\" decoding=\"async\" width=\"150\" height=\"150\" src=\"https:\/\/www1.kkl.si\/wp-content\/uploads\/2022\/02\/urilany_szobat_keres_06-150x150.jpg\" class=\"attachment-thumbnail size-thumbnail\" alt=\"\" \/><\/a>\n\t\t\t<\/dt><\/dl><dl class='gallery-item'>\n\t\t\t<dt class='gallery-icon landscape'>\n\t\t\t\t<a href='https:\/\/www1.kkl.si\/wp-content\/uploads\/2022\/02\/urilany_szobat_keres_07.jpg'><img loading=\"lazy\" decoding=\"async\" width=\"150\" height=\"150\" src=\"https:\/\/www1.kkl.si\/wp-content\/uploads\/2022\/02\/urilany_szobat_keres_07-150x150.jpg\" class=\"attachment-thumbnail size-thumbnail\" alt=\"\" \/><\/a>\n\t\t\t<\/dt><\/dl><dl class='gallery-item'>\n\t\t\t<dt class='gallery-icon landscape'>\n\t\t\t\t<a href='https:\/\/www1.kkl.si\/wp-content\/uploads\/2022\/02\/urilany_szobat_keres_08.jpg'><img loading=\"lazy\" decoding=\"async\" width=\"150\" height=\"150\" src=\"https:\/\/www1.kkl.si\/wp-content\/uploads\/2022\/02\/urilany_szobat_keres_08-150x150.jpg\" class=\"attachment-thumbnail size-thumbnail\" alt=\"\" \/><\/a>\n\t\t\t<\/dt><\/dl><dl class='gallery-item'>\n\t\t\t<dt class='gallery-icon landscape'>\n\t\t\t\t<a href='https:\/\/www1.kkl.si\/wp-content\/uploads\/2022\/02\/urilany_szobat_keres_09.jpg'><img loading=\"lazy\" decoding=\"async\" width=\"150\" height=\"150\" src=\"https:\/\/www1.kkl.si\/wp-content\/uploads\/2022\/02\/urilany_szobat_keres_09-150x150.jpg\" class=\"attachment-thumbnail size-thumbnail\" alt=\"\" \/><\/a>\n\t\t\t<\/dt><\/dl><dl class='gallery-item'>\n\t\t\t<dt class='gallery-icon landscape'>\n\t\t\t\t<a href='https:\/\/www1.kkl.si\/wp-content\/uploads\/2022\/02\/urilany_szobat_keres_10.jpg'><img loading=\"lazy\" decoding=\"async\" width=\"150\" height=\"150\" src=\"https:\/\/www1.kkl.si\/wp-content\/uploads\/2022\/02\/urilany_szobat_keres_10-150x150.jpg\" class=\"attachment-thumbnail size-thumbnail\" alt=\"\" \/><\/a>\n\t\t\t<\/dt><\/dl><dl class='gallery-item'>\n\t\t\t<dt class='gallery-icon landscape'>\n\t\t\t\t<a href='https:\/\/www1.kkl.si\/wp-content\/uploads\/2022\/02\/urilany_szobat_keres_11.jpg'><img loading=\"lazy\" decoding=\"async\" width=\"150\" height=\"150\" src=\"https:\/\/www1.kkl.si\/wp-content\/uploads\/2022\/02\/urilany_szobat_keres_11-150x150.jpg\" class=\"attachment-thumbnail size-thumbnail\" alt=\"\" \/><\/a>\n\t\t\t<\/dt><\/dl><br style=\"clear: both\" \/>\n\t\t<\/div>\n\n<hr \/>\n<p>VIDE\u00d3<\/p>\n<p><iframe loading=\"lazy\" src=\"\/\/www.youtube.com\/embed\/3ag6E6ODC3s\" width=\"1200\" height=\"673\" allowfullscreen=\"allowfullscreen\"><\/iframe><\/p>\n<hr \/>\n<p>KAPCSOLATOK<\/p>\n<p><i class=\"fas fa-link\"><\/i> <a href=\"https:\/\/turayidaszinhaz.hu\/portfolio\/urilany-szobat-keres\/\">https:\/\/turayidaszinhaz.hu\/portfolio\/urilany-szobat-keres\/<\/a><br \/>\n<i class=\"fas fa-link\"><\/i> <a href=\"https:\/\/www.mnmi-zkmn.si\/event\/urilany-szobat-keres\/\">https:\/\/www.mnmi-zkmn.si\/event\/urilany-szobat-keres\/<\/a><\/p>\n<hr \/>\n<p><span style=\"font-size: 28px; color: #ff0000;\"><i class=\"fas fa-exclamation-triangle\"><\/i><\/span> A RENDEZV\u00c9NYEKRE A BEL\u00c9P\u00c9S CSAK AZ <a href=\"https:\/\/www1.kkl.si\/hu\/a-szinhaz-es-hangversenyteremben-a-tartozkodas-csak-az-aot-felteteleknek-eleget-tevo-szemelyek-reszere-lehetseges\/\">\u00c1OT FELT\u00c9TELEKNEK<\/a> ELEGET TEV\u0150 SZEM\u00c9LYEK R\u00c9SZ\u00c9RE LEHETS\u00c9GES!<\/p>\n","protected":false},"excerpt":{"rendered":"<p>2022. febru\u00e1r 22. kedd | v\u00edgj\u00e1t\u00e9k 19.00 Bel\u00e9p\u0151jegy \u00e1ra: 15 \u20ac feln\u0151ttek | 12 \u20ac di\u00e1kok | A jegyeket a Lendvai Sz\u00ednh\u00e1z- \u00e9s Hangversenyterem p\u00e9nzt\u00e1r\u00e1n\u00e1l ig\u00e9nyelhetik a nyitvatart\u00e1si id\u0151 alatt. Helysz\u00edn: Lendvai Sz\u00ednh\u00e1z- \u00e9s Hangversenyterem Szervez\u0151: MNMI-ZKMN A Turay Ida Sz\u00ednh\u00e1z bemutatja, Rejt\u0151 Jen\u0151: \u00daRIL\u00c1NY SZOB\u00c1T KERES c\u00edm\u0171 v\u00edgj\u00e1t\u00e9k\u00e1t, k\u00e9t r\u00e9szben. Rendez\u0151: MIK\u00d3 ISTV\u00c1N (Kiv\u00e1l\u00f3 [&hellip;]<\/p>\n","protected":false},"author":2,"featured_media":6498,"parent":0,"menu_order":0,"comment_status":"closed","ping_status":"closed","template":"","meta":{"footnotes":""},"class_list":["post-6551","page","type-page","status-publish","has-post-thumbnail","hentry","post","post-with-thumbnail","post-with-thumbnail-icon"],"_links":{"self":[{"href":"https:\/\/www1.kkl.si\/hu\/wp-json\/wp\/v2\/pages\/6551","targetHints":{"allow":["GET"]}}],"collection":[{"href":"https:\/\/www1.kkl.si\/hu\/wp-json\/wp\/v2\/pages"}],"about":[{"href":"https:\/\/www1.kkl.si\/hu\/wp-json\/wp\/v2\/types\/page"}],"author":[{"embeddable":true,"href":"https:\/\/www1.kkl.si\/hu\/wp-json\/wp\/v2\/users\/2"}],"replies":[{"embeddable":true,"href":"https:\/\/www1.kkl.si\/hu\/wp-json\/wp\/v2\/comments?post=6551"}],"version-history":[{"count":13,"href":"https:\/\/www1.kkl.si\/hu\/wp-json\/wp\/v2\/pages\/6551\/revisions"}],"predecessor-version":[{"id":6722,"href":"https:\/\/www1.kkl.si\/hu\/wp-json\/wp\/v2\/pages\/6551\/revisions\/6722"}],"wp:featuredmedia":[{"embeddable":true,"href":"https:\/\/www1.kkl.si\/hu\/wp-json\/wp\/v2\/media\/6498"}],"wp:attachment":[{"href":"https:\/\/www1.kkl.si\/hu\/wp-json\/wp\/v2\/media?parent=6551"}],"curies":[{"name":"wp","href":"https:\/\/api.w.org\/{rel}","templated":true}]}}