{"id":6571,"date":"2022-02-07T15:29:55","date_gmt":"2022-02-07T14:29:55","guid":{"rendered":"https:\/\/www1.kkl.si\/?page_id=6571"},"modified":"2022-02-11T15:41:10","modified_gmt":"2022-02-11T14:41:10","slug":"nyugdijasok-egyesulete-lendva-kofetarji-szinjatszo-csoport-vsakemu-svoje","status":"publish","type":"page","link":"https:\/\/www1.kkl.si\/hu\/nyugdijasok-egyesulete-lendva-kofetarji-szinjatszo-csoport-vsakemu-svoje\/","title":{"rendered":"Nyugd\u00edjasok Egyes\u00fclete Lendva &#8211; Kofetarji sz\u00ednj\u00e1tsz\u00f3 csoport: Vsakemu svoje"},"content":{"rendered":"<div><img loading=\"lazy\" decoding=\"async\" class=\"izrez alignnone wp-image-6519 size-full\" src=\"https:\/\/www1.kkl.si\/wp-content\/uploads\/2022\/02\/vsakemu_svoje_glava.jpg\" alt=\"\" width=\"1200\" height=\"200\" srcset=\"https:\/\/www1.kkl.si\/wp-content\/uploads\/2022\/02\/vsakemu_svoje_glava.jpg 1200w, https:\/\/www1.kkl.si\/wp-content\/uploads\/2022\/02\/vsakemu_svoje_glava-400x67.jpg 400w\" sizes=\"auto, (max-width: 1200px) 100vw, 1200px\" \/><\/div>\n<div class=\"opis\"><strong><img loading=\"lazy\" decoding=\"async\" class=\"wp-image-1592 alignright\" title=\"Fizet\u0151s rendezv\u00e9ny\" src=\"https:\/\/www1.kkl.si\/wp-content\/uploads\/\/2020\/07\/spored_simb_placljiva-1.svg\" alt=\"placljiva\" width=\"40\" height=\"40\" srcset=\"https:\/\/www1.kkl.si\/wp-content\/uploads\/\/2020\/07\/spored_simb_placljiva-1.svg 150w, https:\/\/www1.kkl.si\/wp-content\/uploads\/\/2020\/07\/spored_simb_placljiva-1.svg 400w, https:\/\/www1.kkl.si\/wp-content\/uploads\/\/2020\/07\/spored_simb_placljiva-1.svg 1500w, https:\/\/www1.kkl.si\/wp-content\/uploads\/\/2020\/07\/spored_simb_placljiva-1.svg 100w\" sizes=\"auto, (max-width: 40px) 100vw, 40px\" \/><i class=\"fas fa-calendar\"><\/i> 2022. febru\u00e1r 12. szombat | <span class=\"zanr\">kom\u00e9dia<\/span> <span class=\"premiera\">PREMIER<\/span> <span class=\"odpade\">Elfogytak a jegyek!<\/span><br \/>\n<i class=\"fas fa-calendar\"><\/i> 2022. febru\u00e1r 13. vas\u00e1rnap | <span class=\"zanr\">kom\u00e9dia<\/span> <span class=\"premiera\">ISM\u00c9TL\u00c9S<\/span><br \/>\n<i class=\"fas fa-clock\"><\/i> 18.00<br \/>\n<\/strong><i class=\"fas fa-ticket-alt\"><\/i> Bel\u00e9p\u0151jegy \u00e1ra: <strong>5<\/strong> \u20ac <br \/>\n<i class=\"fas fa-map-marker\"><\/i> Helysz\u00edn: Lendvai Sz\u00ednh\u00e1z- \u00e9s Hangversenyterem<br \/>\n<i class=\"fas fa-chevron-circle-right\"><\/i> Szervez\u0151: <a href=\"http:\/\/www.posrcumlad.si\/lendava\/kontakt.html\">Dru\u0161tvo upokojencev Lendava\/Nyugd\u00edjasok Egyes\u00fclete Lendva<\/a><\/div>\n<p><a href=\"https:\/\/www1.kkl.si\/wp-content\/uploads\/2022\/02\/vsakemuSvoje_plakat.jpg\" data-lbwps-width=\"2500\" data-lbwps-height=\"1773\" data-lbwps-srcsmall=\"https:\/\/www1.kkl.si\/wp-content\/uploads\/2022\/02\/vsakemuSvoje_plakat-400x284.jpg\"><img loading=\"lazy\" decoding=\"async\" class=\"alignright wp-image-6510\" src=\"https:\/\/www1.kkl.si\/wp-content\/uploads\/2022\/02\/vsakemuSvoje_plakat-1500x1064.jpg\" alt=\"\" width=\"700\" height=\"496\" srcset=\"https:\/\/www1.kkl.si\/wp-content\/uploads\/2022\/02\/vsakemuSvoje_plakat-1500x1064.jpg 1500w, https:\/\/www1.kkl.si\/wp-content\/uploads\/2022\/02\/vsakemuSvoje_plakat-400x284.jpg 400w\" sizes=\"auto, (max-width: 700px) 100vw, 700px\" \/><\/a>A Nyugd\u00edjasok Egyes\u00fclete Lendva &#8211; Kofetarji sz\u00ednj\u00e1tsz\u00f3 csoporotja bemutatja <strong>Peter Rozman<\/strong> szerz\u0151 kom\u00e9di\u00e1j\u00e1t<\/p>\n<p><strong>Rendez\u0151:<\/strong> Miha \u0160tampah<\/p>\n<p>&#8211; &#8211; &#8211; &#8211; &#8211; &#8211; &#8211; &#8211;<\/p>\n<p>Szlov\u00e9n le\u00edr\u00e1s:<\/p>\n<p><strong>En na\u0161 lahek komad<\/strong><br \/>\n<strong>ali<\/strong><br \/>\n<strong>VSAKEMU SVOJE<\/strong><\/p>\n<p>Osebe:<br \/>\nZOFKA, vdova 63 let,<br \/>\nEMIL, Zofkin sin, 40 let,<br \/>\nVANDA, Emilova \u017eena 35 let,<br \/>\nTOMI, sin Vande in Emila 7 let,<br \/>\nERNA, Zofkina sestra, 55 let,<br \/>\nVOJAN, Ernin partner, 53 let,<br \/>\nNE\u017dA, Ernina h\u010di, 22 let,<br \/>\nLOJZE, vdovec, 60 let.<\/p>\n<p><em>Zgodba se dogaja v Zofkinem stanovanju.<\/em><\/p>\n<p>Vsakemu svoje je lahkotna komedija, ki je nekak\u0161no ogledalo dana\u0161njega \u010dasa. Govori o ljubezni med starej\u0161im parom, ki si za\u017eeli malce bli\u017eine. Izka\u017ee se, da je mo\u0161ki \u017eenitovanjski slepar.<\/p>\n<hr \/>\n<p><span style=\"font-size: 28px; color: #ff0000;\"><i class=\"fas fa-exclamation-triangle\"><\/i><\/span> A RENDEZV\u00c9NYEKRE A BEL\u00c9P\u00c9S CSAK AZ <a href=\"https:\/\/www1.kkl.si\/hu\/a-szinhaz-es-hangversenyteremben-a-tartozkodas-csak-az-aot-felteteleknek-eleget-tevo-szemelyek-reszere-lehetseges\/\">\u00c1OT FELT\u00c9TELEKNEK<\/a> ELEGET TEV\u0150 SZEM\u00c9LYEK R\u00c9SZ\u00c9RE LEHETS\u00c9GES!<\/p>\n","protected":false},"excerpt":{"rendered":"<p>2022. febru\u00e1r 12. szombat | kom\u00e9dia PREMIER Elfogytak a jegyek! 2022. febru\u00e1r 13. vas\u00e1rnap | kom\u00e9dia ISM\u00c9TL\u00c9S 18.00 Bel\u00e9p\u0151jegy \u00e1ra: 5 \u20ac Helysz\u00edn: Lendvai Sz\u00ednh\u00e1z- \u00e9s Hangversenyterem Szervez\u0151: Dru\u0161tvo upokojencev Lendava\/Nyugd\u00edjasok Egyes\u00fclete Lendva A Nyugd\u00edjasok Egyes\u00fclete Lendva &#8211; Kofetarji sz\u00ednj\u00e1tsz\u00f3 csoporotja bemutatja Peter Rozman szerz\u0151 kom\u00e9di\u00e1j\u00e1t Rendez\u0151: Miha \u0160tampah &#8211; &#8211; &#8211; &#8211; &#8211; &#8211; [&hellip;]<\/p>\n","protected":false},"author":2,"featured_media":0,"parent":0,"menu_order":0,"comment_status":"closed","ping_status":"closed","template":"","meta":{"footnotes":""},"class_list":["post-6571","page","type-page","status-publish","hentry","post"],"_links":{"self":[{"href":"https:\/\/www1.kkl.si\/hu\/wp-json\/wp\/v2\/pages\/6571","targetHints":{"allow":["GET"]}}],"collection":[{"href":"https:\/\/www1.kkl.si\/hu\/wp-json\/wp\/v2\/pages"}],"about":[{"href":"https:\/\/www1.kkl.si\/hu\/wp-json\/wp\/v2\/types\/page"}],"author":[{"embeddable":true,"href":"https:\/\/www1.kkl.si\/hu\/wp-json\/wp\/v2\/users\/2"}],"replies":[{"embeddable":true,"href":"https:\/\/www1.kkl.si\/hu\/wp-json\/wp\/v2\/comments?post=6571"}],"version-history":[{"count":7,"href":"https:\/\/www1.kkl.si\/hu\/wp-json\/wp\/v2\/pages\/6571\/revisions"}],"predecessor-version":[{"id":6606,"href":"https:\/\/www1.kkl.si\/hu\/wp-json\/wp\/v2\/pages\/6571\/revisions\/6606"}],"wp:attachment":[{"href":"https:\/\/www1.kkl.si\/hu\/wp-json\/wp\/v2\/media?parent=6571"}],"curies":[{"name":"wp","href":"https:\/\/api.w.org\/{rel}","templated":true}]}}