{"id":6579,"date":"2022-02-07T20:04:28","date_gmt":"2022-02-07T19:04:28","guid":{"rendered":"https:\/\/www1.kkl.si\/?page_id=6579"},"modified":"2022-02-14T20:27:46","modified_gmt":"2022-02-14T19:27:46","slug":"15-baltek-ifju-szloven-balett-tancosok-versenye-2022-ben","status":"publish","type":"page","link":"https:\/\/www1.kkl.si\/hu\/15-baltek-ifju-szloven-balett-tancosok-versenye-2022-ben\/","title":{"rendered":"15. BALTEK \u2013 Ifj\u00fa szlov\u00e9n balett-t\u00e1ncosok versenye 2022-ben"},"content":{"rendered":"<div><img loading=\"lazy\" decoding=\"async\" class=\"izrez alignnone wp-image-6542 size-full\" src=\"https:\/\/www1.kkl.si\/wp-content\/uploads\/2022\/02\/PLAKAT_BALTEK15_glava.png\" alt=\"\" width=\"1200\" height=\"200\" srcset=\"https:\/\/www1.kkl.si\/wp-content\/uploads\/2022\/02\/PLAKAT_BALTEK15_glava.png 1200w, https:\/\/www1.kkl.si\/wp-content\/uploads\/2022\/02\/PLAKAT_BALTEK15_glava-400x67.png 400w\" sizes=\"auto, (max-width: 1200px) 100vw, 1200px\" \/><\/div>\n<div class=\"opis\"><strong><img loading=\"lazy\" decoding=\"async\" class=\"wp-image-1594 alignright\" title=\"Z\u00e1rtk\u00f6r\u0171 rendezv\u00e9ny\" src=\"https:\/\/www1.kkl.si\/wp-content\/uploads\/\/2020\/07\/spored_simb_zakljucena-1.svg\" alt=\"zakljucena\" width=\"40\" height=\"40\" srcset=\"https:\/\/www1.kkl.si\/wp-content\/uploads\/\/2020\/07\/spored_simb_zakljucena-1.svg 150w, https:\/\/www1.kkl.si\/wp-content\/uploads\/\/2020\/07\/spored_simb_zakljucena-1.svg 400w, https:\/\/www1.kkl.si\/wp-content\/uploads\/\/2020\/07\/spored_simb_zakljucena-1.svg 1500w, https:\/\/www1.kkl.si\/wp-content\/uploads\/\/2020\/07\/spored_simb_zakljucena-1.svg 100w\" sizes=\"auto, (max-width: 40px) 100vw, 40px\" \/><i class=\"fas fa-calendar\"><\/i> 2022. febru\u00e1r 15. kedd | <span class=\"zanr\">balett-verseny<\/span> <i class=\"fas fa-clock\"><\/i> 8.15\u201320.30<br \/>\n<i class=\"fas fa-calendar\"><\/i> 2022. febru\u00e1r 16. szerda | <span class=\"zanr\">balett-verseny<\/span> <i class=\"fas fa-clock\"><\/i> 9.00\u201320.30<br \/>\n<i class=\"fas fa-calendar\"><\/i> 2022. febru\u00e1r 17. cs\u00fct\u00f6rt\u00f6k | <span class=\"zanr\">balett-verseny<\/span> <i class=\"fas fa-clock\"><\/i> 10 \u00f3r\u00e1t\u00f3l, g\u00e1lakoncert 16 \u00f3rakor <br \/>\n<\/strong><i class=\"fas fa-map-marker\"><\/i> Helysz\u00edn: Lendvai Sz\u00ednh\u00e1z- \u00e9s Hangversenyterem<br \/>\n<i class=\"fas fa-chevron-circle-right\"><\/i> Szervez\u0151: <a href=\"https:\/\/www.zsgs.si\/\">ZSG\u0160 \u2013 Zveza slovenskih glasbenih \u0161ol<\/a> \u00e9s <a href=\"http:\/\/www.gs-lendava.si\/\">Glasbena \u0161ola Lendava\/Zeneiskola Lendva<\/a><\/div>\n<p><span id=\"page3R_mcid4\" class=\"markedContent\"><span style=\"font-size: 24px;\"><strong><span dir=\"ltr\" role=\"presentation\"><a href=\"https:\/\/www1.kkl.si\/wp-content\/uploads\/2022\/02\/PLAKAT_BALTEK.png\" data-lbwps-width=\"2501\" data-lbwps-height=\"3543\" data-lbwps-srcsmall=\"https:\/\/www1.kkl.si\/wp-content\/uploads\/2022\/02\/PLAKAT_BALTEK-282x400.png\"><img loading=\"lazy\" decoding=\"async\" class=\"slika alignright wp-image-6502 size-medium\" src=\"https:\/\/www1.kkl.si\/wp-content\/uploads\/2022\/02\/PLAKAT_BALTEK-282x400.png\" alt=\"\" width=\"282\" height=\"400\" srcset=\"https:\/\/www1.kkl.si\/wp-content\/uploads\/2022\/02\/PLAKAT_BALTEK-282x400.png 282w, https:\/\/www1.kkl.si\/wp-content\/uploads\/2022\/02\/PLAKAT_BALTEK-1059x1500.png 1059w\" sizes=\"auto, (max-width: 282px) 100vw, 282px\" \/><\/a><\/span><\/strong><\/span><\/span>Szlov\u00e9n le\u00edr\u00e1s:<\/p>\n<p><span id=\"page3R_mcid4\" class=\"markedContent\"><span style=\"font-size: 24px;\"><strong><span dir=\"ltr\" role=\"presentation\">1<\/span><span dir=\"ltr\" role=\"presentation\">5<\/span><span dir=\"ltr\" role=\"presentation\">. TEKMOVANJE<\/span> <span dir=\"ltr\" role=\"presentation\">MLADIH SLOVENSKIH BALETNIH<\/span> <span dir=\"ltr\" role=\"presentation\">P<\/span><span dir=\"ltr\" role=\"presentation\">LESALCEV<\/span><\/strong><\/span><br \/>\n<span dir=\"ltr\" role=\"presentation\">Lendava,<\/span> <span dir=\"ltr\" role=\"presentation\">15.<\/span><span dir=\"ltr\" role=\"presentation\">\u2013<\/span><span dir=\"ltr\" role=\"presentation\">17<\/span><span dir=\"ltr\" role=\"presentation\">. februar<\/span> <span dir=\"ltr\" role=\"presentation\">20<\/span><span dir=\"ltr\" role=\"presentation\">2<\/span><span dir=\"ltr\" role=\"presentation\">2<\/span><\/span><\/p>\n<p><span id=\"page3R_mcid5\" class=\"markedContent\"><\/span><span id=\"page3R_mcid6\" class=\"markedContent\"><\/span><span id=\"page3R_mcid7\" class=\"markedContent\"><\/span><span id=\"page3R_mcid7\" class=\"markedContent\"><strong><span dir=\"ltr\" role=\"presentation\">ORGANIZATORJI<\/span><\/strong><br \/>\n<span dir=\"ltr\" role=\"presentation\">Komisija za glasbena in baletna tekmovanja<\/span> <span dir=\"ltr\" role=\"presentation\">(Komisija<\/span> <span dir=\"ltr\" role=\"presentation\">TEMSIG<\/span><span dir=\"ltr\" role=\"presentation\">)<\/span> <br \/>\n<span dir=\"ltr\" role=\"presentation\">in Zveza slovenskih glasbenih \u0161ol (ZSG\u0160).<\/span><\/span><span id=\"page3R_mcid8\" class=\"markedContent\"><\/span><span id=\"page3R_mcid9\" class=\"markedContent\"><br \/>\n<\/span><\/p>\n<p><span id=\"page3R_mcid9\" class=\"markedContent\"><strong><span dir=\"ltr\" role=\"presentation\">FINANCIRANJE<\/span><\/strong><br \/>\n<span dir=\"ltr\" role=\"presentation\">Minist<\/span><span dir=\"ltr\" role=\"presentation\">rstvo za izobra\u017eevanje,<\/span> <span dir=\"ltr\" role=\"presentation\">znanost in \u0161port Republike<\/span> <span dir=\"ltr\" role=\"presentation\">Slovenije<\/span><\/span><span id=\"page3R_mcid10\" class=\"markedContent\"><br \/>\n<span dir=\"ltr\" role=\"presentation\">Zveza slovenskih glasbenih \u0161ol<\/span><\/span><span id=\"page3R_mcid11\" class=\"markedContent\"><br \/>\n<\/span><\/p>\n<p><strong><span id=\"page3R_mcid11\" class=\"markedContent\"><span dir=\"ltr\" role=\"presentation\">RAZPIS IN PRAVILA<br \/>\n<\/span><\/span><\/strong><span id=\"page3R_mcid12\" class=\"markedContent\"><span dir=\"ltr\" role=\"presentation\">Tekmovanje je bienalno. Tekmovanja se lahko udele\u017eijo baletni plesalci, ki se izobra\u017eujejo v javnih in<\/span> <span dir=\"ltr\" role=\"presentation\">zasebnih glasbenih<\/span> <span dir=\"ltr\" role=\"presentation\">in baletnih<\/span> <span dir=\"ltr\" role=\"presentation\">\u0161olah, na konservatorijih za glasbo in balet oziroma umetni\u0161kih<\/span> <span dir=\"ltr\" role=\"presentation\">gimnazijah ter u\u010denci slovenskih glasbenih \u0161ol v zamejstvu<\/span> <span dir=\"ltr\" role=\"presentation\">ter slovenski dr\u017eavljani, ki se \u0161olajo v tujini<\/span> <span dir=\"ltr\" role=\"presentation\">ali si znanje pridobivajo kako druga\u010de.<\/span> <span dir=\"ltr\" role=\"presentation\">V<\/span> <span dir=\"ltr\" role=\"presentation\">III. kategoriji<\/span> <span dir=\"ltr\" role=\"presentation\">lahko<\/span> <span dir=\"ltr\" role=\"presentation\">tekmujejo tudi profesionalni plesalci, ki so<\/span> <span dir=\"ltr\" role=\"presentation\">slovenski dr\u017eavljani.<\/span><\/span><\/p>\n<p>Dodatne informacije:<br \/>\n<i class=\"fas fa-file-pdf\"><\/i> <a href=\"https:\/\/www.zsgs.si\/wp-content\/uploads\/2021\/12\/Razpis_15_BALTEK_2022_kor.pdf\">https:\/\/www.zsgs.si\/wp-content\/uploads\/2021\/12\/Razpis_15_BALTEK_2022_kor.pdf<\/a><\/p>\n<p>URNIK<br \/>\n<i class=\"fas fa-file-pdf\"><\/i> <a href=\"https:\/\/www.zsgs.si\/wp-content\/uploads\/2022\/02\/15.-BALTEK-URNIK.pdf\">https:\/\/www.zsgs.si\/wp-content\/uploads\/2022\/02\/15.-BALTEK-URNIK.pdf<\/a><\/p>\n<p>POVEZAVE<br \/>\n<i class=\"fas fa-link\"><\/i> <a href=\"https:\/\/www.zsgs.si\/baltek\/\">https:\/\/www.zsgs.si\/baltek\/<\/a><br \/>\n<i class=\"fas fa-link\"><\/i> <a href=\"https:\/\/www.zsgs.si\/baltek\/15-tekmovanje-baltek\/\">https:\/\/www.zsgs.si\/baltek\/15-tekmovanje-baltek\/<\/a><\/p>\n<hr \/>\n<p><span style=\"font-size: 28px; color: #ff0000;\"><i class=\"fas fa-exclamation-triangle\"><\/i><\/span> A RENDEZV\u00c9NYEKRE A BEL\u00c9P\u00c9S CSAK AZ <a href=\"https:\/\/www1.kkl.si\/hu\/a-szinhaz-es-hangversenyteremben-a-tartozkodas-csak-az-aot-felteteleknek-eleget-tevo-szemelyek-reszere-lehetseges\/\">\u00c1OT FELT\u00c9TELEKNEK<\/a> ELEGET TEV\u0150 SZEM\u00c9LYEK R\u00c9SZ\u00c9RE LEHETS\u00c9GES!<\/p>\n","protected":false},"excerpt":{"rendered":"<p>2022. febru\u00e1r 15. kedd | balett-verseny 8.15\u201320.30 2022. febru\u00e1r 16. szerda | balett-verseny 9.00\u201320.30 2022. febru\u00e1r 17. cs\u00fct\u00f6rt\u00f6k | balett-verseny 10 \u00f3r\u00e1t\u00f3l, g\u00e1lakoncert 16 \u00f3rakor Helysz\u00edn: Lendvai Sz\u00ednh\u00e1z- \u00e9s Hangversenyterem Szervez\u0151: ZSG\u0160 \u2013 Zveza slovenskih glasbenih \u0161ol \u00e9s Glasbena \u0161ola Lendava\/Zeneiskola Lendva Szlov\u00e9n le\u00edr\u00e1s: 15. TEKMOVANJE MLADIH SLOVENSKIH BALETNIH PLESALCEV Lendava, 15.\u201317. februar 2022 ORGANIZATORJI [&hellip;]<\/p>\n","protected":false},"author":2,"featured_media":6502,"parent":0,"menu_order":0,"comment_status":"closed","ping_status":"closed","template":"","meta":{"footnotes":""},"class_list":["post-6579","page","type-page","status-publish","has-post-thumbnail","hentry","post","post-with-thumbnail","post-with-thumbnail-icon"],"_links":{"self":[{"href":"https:\/\/www1.kkl.si\/hu\/wp-json\/wp\/v2\/pages\/6579","targetHints":{"allow":["GET"]}}],"collection":[{"href":"https:\/\/www1.kkl.si\/hu\/wp-json\/wp\/v2\/pages"}],"about":[{"href":"https:\/\/www1.kkl.si\/hu\/wp-json\/wp\/v2\/types\/page"}],"author":[{"embeddable":true,"href":"https:\/\/www1.kkl.si\/hu\/wp-json\/wp\/v2\/users\/2"}],"replies":[{"embeddable":true,"href":"https:\/\/www1.kkl.si\/hu\/wp-json\/wp\/v2\/comments?post=6579"}],"version-history":[{"count":8,"href":"https:\/\/www1.kkl.si\/hu\/wp-json\/wp\/v2\/pages\/6579\/revisions"}],"predecessor-version":[{"id":6644,"href":"https:\/\/www1.kkl.si\/hu\/wp-json\/wp\/v2\/pages\/6579\/revisions\/6644"}],"wp:featuredmedia":[{"embeddable":true,"href":"https:\/\/www1.kkl.si\/hu\/wp-json\/wp\/v2\/media\/6502"}],"wp:attachment":[{"href":"https:\/\/www1.kkl.si\/hu\/wp-json\/wp\/v2\/media?parent=6579"}],"curies":[{"name":"wp","href":"https:\/\/api.w.org\/{rel}","templated":true}]}}