{"id":6667,"date":"2022-02-16T15:22:51","date_gmt":"2022-02-16T14:22:51","guid":{"rendered":"https:\/\/www1.kkl.si\/?page_id=6667"},"modified":"2022-02-16T15:23:04","modified_gmt":"2022-02-16T14:23:04","slug":"sara-koves-a-zeneiskola-lendva-egykori-novendekenek-zongorahangversenye","status":"publish","type":"page","link":"https:\/\/www1.kkl.si\/hu\/sara-koves-a-zeneiskola-lendva-egykori-novendekenek-zongorahangversenye\/","title":{"rendered":"Sara K\u00f6ve\u0161 \u2013 a Zeneiskola Lendva egykori n\u00f6vend\u00e9k\u00e9nek zongorahangversenye"},"content":{"rendered":"<div class=\"opis\"><strong><a href=\"https:\/\/www1.kkl.si\/wp-content\/uploads\/2022\/02\/plakat_B2_Sara_Koves_recital_2022_DVOJ_A.jpg\" data-lbwps-width=\"1786\" data-lbwps-height=\"2500\" data-lbwps-srcsmall=\"https:\/\/www1.kkl.si\/wp-content\/uploads\/2022\/02\/plakat_B2_Sara_Koves_recital_2022_DVOJ_A-286x400.jpg\"><img loading=\"lazy\" decoding=\"async\" class=\"slika alignright wp-image-6633 size-medium\" src=\"https:\/\/www1.kkl.si\/wp-content\/uploads\/2022\/02\/plakat_B2_Sara_Koves_recital_2022_DVOJ_A-286x400.jpg\" sizes=\"auto, (max-width: 286px) 100vw, 286px\" srcset=\"https:\/\/www1.kkl.si\/wp-content\/uploads\/2022\/02\/plakat_B2_Sara_Koves_recital_2022_DVOJ_A-286x400.jpg 286w, https:\/\/www1.kkl.si\/wp-content\/uploads\/2022\/02\/plakat_B2_Sara_Koves_recital_2022_DVOJ_A-1072x1500.jpg 1072w, https:\/\/www1.kkl.si\/wp-content\/uploads\/2022\/02\/plakat_B2_Sara_Koves_recital_2022_DVOJ_A.jpg 1786w\" alt=\"\" width=\"286\" height=\"400\" \/><\/a><img loading=\"lazy\" decoding=\"async\" class=\"wp-image-1588 alignright\" title=\"Ingyenes rendezv\u00e9ny\" src=\"https:\/\/www1.kkl.si\/wp-content\/uploads\/\/2020\/07\/spored_simb_brezplacna-1.svg\" alt=\"brezplacna\" width=\"40\" height=\"40\" srcset=\"https:\/\/www1.kkl.si\/wp-content\/uploads\/\/2020\/07\/spored_simb_brezplacna-1.svg 150w, https:\/\/www1.kkl.si\/wp-content\/uploads\/\/2020\/07\/spored_simb_brezplacna-1.svg 400w, https:\/\/www1.kkl.si\/wp-content\/uploads\/\/2020\/07\/spored_simb_brezplacna-1.svg 1500w, https:\/\/www1.kkl.si\/wp-content\/uploads\/\/2020\/07\/spored_simb_brezplacna-1.svg 100w\" sizes=\"auto, (max-width: 40px) 100vw, 40px\" \/><i class=\"fas fa-calendar\"><\/i> 2022. febru\u00e1r 18. p\u00e9ntek | <span class=\"zanr\">zongorahangverseny<\/span><br \/>\n<i class=\"fas fa-clock\"><\/i> 18.00<br \/>\n<\/strong><i class=\"fas fa-map-marker\"><\/i> Helysz\u00edn: Lendvai Zsinag\u00f3ga<br \/>\n<i class=\"fas fa-chevron-circle-right\"><\/i> Szervez\u0151: <a href=\"http:\/\/www.gs-lendava.si\/\">Glasbena \u0161ola Lendava\/Zeneiskola Lendva<\/a><\/div>\n<p>Megh\u00edvjuk \u00d6n\u00f6ket Sara K\u00f6ve\u0161 a Zeneiskola Lendva egykori n\u00f6vend\u00e9k\u00e9nek zongorahangverseny\u00e9re, <br \/>\namely <strong>2022. febru\u00e1r 18-\u00e1n, p\u00e9nteken 18 \u00f3rakor<\/strong> lesz a Lendvai Zsinag\u00f3g\u00e1ban.<\/p>\n<p>Program\/m\u0171sor:<br \/>\nL. M. \u0160KERJANC<br \/>\nL. VAN BEETHOVEN<br \/>\nM. MUSSORGSKI<\/p>\n<p><em>Ingyenes belep\u00e9s, szeretettel v\u00e1rjuk \u00d6n\u00f6ket!<\/em><\/p>\n<p><a href=\"https:\/\/www1.kkl.si\/wp-content\/uploads\/2022\/02\/sara_koves_glava.jpg\" data-lbwps-width=\"1200\" data-lbwps-height=\"690\" data-lbwps-srcsmall=\"https:\/\/www1.kkl.si\/wp-content\/uploads\/2022\/02\/sara_koves_glava-400x230.jpg\"><img loading=\"lazy\" decoding=\"async\" class=\"alignnone size-full wp-image-6661\" src=\"https:\/\/www1.kkl.si\/wp-content\/uploads\/2022\/02\/sara_koves_glava.jpg\" alt=\"\" width=\"1200\" height=\"690\" srcset=\"https:\/\/www1.kkl.si\/wp-content\/uploads\/2022\/02\/sara_koves_glava.jpg 1200w, https:\/\/www1.kkl.si\/wp-content\/uploads\/2022\/02\/sara_koves_glava-400x230.jpg 400w\" sizes=\"auto, (max-width: 1200px) 100vw, 1200px\" \/><\/a><\/p>\n<hr \/>\n<p><span style=\"font-size: 28px; color: #ff0000;\"><i class=\"fas fa-exclamation-triangle\"><\/i><\/span> A RENDEZV\u00c9NYEKRE A BEL\u00c9P\u00c9S CSAK AZ <a href=\"https:\/\/www1.kkl.si\/hu\/a-szinhaz-es-hangversenyteremben-a-tartozkodas-csak-az-aot-felteteleknek-eleget-tevo-szemelyek-reszere-lehetseges\/\">\u00c1OT FELT\u00c9TELEKNEK<\/a> ELEGET TEV\u0150 SZEM\u00c9LYEK R\u00c9SZ\u00c9RE LEHETS\u00c9GES!<\/p>\n","protected":false},"excerpt":{"rendered":"<p>2022. febru\u00e1r 18. p\u00e9ntek | zongorahangverseny 18.00 Helysz\u00edn: Lendvai Zsinag\u00f3ga Szervez\u0151: Glasbena \u0161ola Lendava\/Zeneiskola Lendva Megh\u00edvjuk \u00d6n\u00f6ket Sara K\u00f6ve\u0161 a Zeneiskola Lendva egykori n\u00f6vend\u00e9k\u00e9nek zongorahangverseny\u00e9re, amely 2022. febru\u00e1r 18-\u00e1n, p\u00e9nteken 18 \u00f3rakor lesz a Lendvai Zsinag\u00f3g\u00e1ban. Program\/m\u0171sor: L. M. \u0160KERJANC L. VAN BEETHOVEN M. MUSSORGSKI Ingyenes belep\u00e9s, szeretettel v\u00e1rjuk \u00d6n\u00f6ket! A RENDEZV\u00c9NYEKRE A BEL\u00c9P\u00c9S CSAK [&hellip;]<\/p>\n","protected":false},"author":2,"featured_media":6633,"parent":0,"menu_order":0,"comment_status":"closed","ping_status":"closed","template":"","meta":{"footnotes":""},"class_list":["post-6667","page","type-page","status-publish","has-post-thumbnail","hentry","post","post-with-thumbnail","post-with-thumbnail-icon"],"_links":{"self":[{"href":"https:\/\/www1.kkl.si\/hu\/wp-json\/wp\/v2\/pages\/6667","targetHints":{"allow":["GET"]}}],"collection":[{"href":"https:\/\/www1.kkl.si\/hu\/wp-json\/wp\/v2\/pages"}],"about":[{"href":"https:\/\/www1.kkl.si\/hu\/wp-json\/wp\/v2\/types\/page"}],"author":[{"embeddable":true,"href":"https:\/\/www1.kkl.si\/hu\/wp-json\/wp\/v2\/users\/2"}],"replies":[{"embeddable":true,"href":"https:\/\/www1.kkl.si\/hu\/wp-json\/wp\/v2\/comments?post=6667"}],"version-history":[{"count":2,"href":"https:\/\/www1.kkl.si\/hu\/wp-json\/wp\/v2\/pages\/6667\/revisions"}],"predecessor-version":[{"id":6669,"href":"https:\/\/www1.kkl.si\/hu\/wp-json\/wp\/v2\/pages\/6667\/revisions\/6669"}],"wp:featuredmedia":[{"embeddable":true,"href":"https:\/\/www1.kkl.si\/hu\/wp-json\/wp\/v2\/media\/6633"}],"wp:attachment":[{"href":"https:\/\/www1.kkl.si\/hu\/wp-json\/wp\/v2\/media?parent=6667"}],"curies":[{"name":"wp","href":"https:\/\/api.w.org\/{rel}","templated":true}]}}