{"id":6907,"date":"2022-03-14T16:33:42","date_gmt":"2022-03-14T15:33:42","guid":{"rendered":"https:\/\/www1.kkl.si\/?page_id=6907"},"modified":"2022-03-18T11:07:23","modified_gmt":"2022-03-18T10:07:23","slug":"kapica-rdeca-volkeca-sreca","status":"publish","type":"page","link":"https:\/\/www1.kkl.si\/hu\/kapica-rdeca-volkeca-sreca\/","title":{"rendered":"Mi\u0161kino gledali\u0161\u010de: Kapica rde\u010da volkeca sre\u010da"},"content":{"rendered":"<div class=\"opis\"><strong><img loading=\"lazy\" decoding=\"async\" class=\"wp-image-1592 alignright\" title=\"Fizet\u0151s rendezv\u00e9ny\" src=\"https:\/\/www1.kkl.si\/wp-content\/uploads\/\/2020\/07\/spored_simb_placljiva-1.svg\" alt=\"placljiva\" width=\"40\" height=\"40\" srcset=\"https:\/\/www1.kkl.si\/wp-content\/uploads\/\/2020\/07\/spored_simb_placljiva-1.svg 150w, https:\/\/www1.kkl.si\/wp-content\/uploads\/\/2020\/07\/spored_simb_placljiva-1.svg 400w, https:\/\/www1.kkl.si\/wp-content\/uploads\/\/2020\/07\/spored_simb_placljiva-1.svg 1500w, https:\/\/www1.kkl.si\/wp-content\/uploads\/\/2020\/07\/spored_simb_placljiva-1.svg 100w\" sizes=\"auto, (max-width: 40px) 100vw, 40px\" \/><i class=\"fas fa-calendar\"><\/i> <\/strong><strong>s2022. m\u00e1rcius 19. szombat | <span class=\"zanr\">gyerekel\u0151ad\u00e1s<\/span> <span class=\"odpade\">ELMARAD!<\/span><br \/>\n<i class=\"fas fa-clock\"><\/i> 10.00<br \/>\n<\/strong><i class=\"fas fa-ticket-alt\"><\/i> Bel\u00e9p\u0151jegy \u00e1ra: <strong>2 \u20ac<\/strong><br \/>\n<i class=\"fas fa-map-marker\"><\/i> Helysz\u00edn: Lendvai Sz\u00ednh\u00e1z- \u00e9s Hangversenyterem<br \/>\n<i class=\"fas fa-chevron-circle-right\"><\/i> Szervez\u0151: <a href=\"https:\/\/www.kkl.si\/\">Knji\u017enica \u2013 Kulturni center Lendava \u2013 Lendvai K\u00f6nyvt\u00e1r \u00e9s Kultur\u00e1lis K\u00f6zpont<\/a><\/p>\n<p><img loading=\"lazy\" decoding=\"async\" class=\"alignleft wp-image-1490 size-thumbnail\" src=\"https:\/\/www1.kkl.si\/wp-content\/uploads\/2020\/03\/obvestilo_200px-150x150.png\" sizes=\"auto, (max-width: 200px) 100vw, 200px\" srcset=\"https:\/\/www1.kkl.si\/wp-content\/uploads\/2020\/03\/obvestilo_200px.png 200w, https:\/\/www1.kkl.si\/wp-content\/uploads\/2020\/03\/obvestilo_200px-150x150.png 150w\" alt=\"\" width=\"150\" height=\"150\" \/>Tisztelt l\u00e1togat\u00f3k,<\/p>\n<p>T\u00e1j\u00e9koztatjuk \u00d6n\u00f6ket, hogy a fell\u00e9p\u0151k betegs\u00e9ge miatt a holnapra tervezett \u201cKapica rde\u010da volkeca sre\u010da\u201d c\u00edm\u0171 gyermekel\u0151ad\u00e1s sajnos elmarad. A gyermekel\u0151ad\u00e1s \u00faj id\u0151pontja: <strong>2022. \u00e1prilis 9<\/strong>.<\/p>\n<p><strong>A m\u00e1r megv\u00e1s\u00e1rolt jegyek \u00e9rv\u00e9nyesek az el\u0151ad\u00e1s \u00faj id\u0151pontj\u00e1ra is.<\/strong><\/p>\n<p><em>K\u00f6sz\u00f6nj\u00fck a meg\u00e9rt\u00e9st.<\/em><\/p>\n<\/div>\n<div>\n<p><em><a href=\"https:\/\/www1.kkl.si\/wp-content\/uploads\/2022\/03\/plakat_B2_miskino_volkec_2022_splet.jpg\" data-lbwps-width=\"1429\" data-lbwps-height=\"2000\" data-lbwps-srcsmall=\"https:\/\/www1.kkl.si\/wp-content\/uploads\/2022\/03\/plakat_B2_miskino_volkec_2022_splet-286x400.jpg\"><img loading=\"lazy\" decoding=\"async\" class=\"alignright size-medium wp-image-6899\" src=\"https:\/\/www1.kkl.si\/wp-content\/uploads\/2022\/03\/plakat_B2_miskino_volkec_2022_splet-286x400.jpg\" alt=\"\" width=\"286\" height=\"400\" srcset=\"https:\/\/www1.kkl.si\/wp-content\/uploads\/2022\/03\/plakat_B2_miskino_volkec_2022_splet-286x400.jpg 286w, https:\/\/www1.kkl.si\/wp-content\/uploads\/2022\/03\/plakat_B2_miskino_volkec_2022_splet-1072x1500.jpg 1072w, https:\/\/www1.kkl.si\/wp-content\/uploads\/2022\/03\/plakat_B2_miskino_volkec_2022_splet.jpg 1429w\" sizes=\"auto, (max-width: 286px) 100vw, 286px\" \/><\/a><\/em><\/p>\n<p>Szlov\u00e9n le\u00edr\u00e1s:<\/p>\n<p><em>Volk je pravlji\u010dni lik, ki je doma v skoraj vseh pravljicah sveta. Tudi v pravljici o Rde\u010di kapici&#8230;<\/em><\/p>\n<p>Volk v tej pravljici zmeraj nastopa kot po\u017ere\u0161na mrcina, ki se je vsi bojijo. A na\u0161 volkec je tega sit in ne \u017eeli biti ve\u010d hudoben.<br \/>\nZato si za svoj rojstni dan za\u017eeli, da bi praznoval skupaj s prijatelji in da se ga nih\u010de ne bi ve\u010d bal.<br \/>\nZa pomo\u010d zaprosi tudi otroke in si za\u017eeli prav posebno \u017eeljo.<br \/>\nZa en dan, bi rad v vseh pravljicah sveta nastopal kot prijazni volkec, ki ga imajo vsi radi.<br \/>\nA se mu bo \u017eelja uresni\u010dila?<\/p>\n<p>Ne spreglejte \u010disto nove predstave o veliki rojstno dnevni \u017eelji volka, ki se mu s pomo\u010djo Rde\u010de kapice in prijateljev uresni\u010di ter tako najbolj znano pravljico obrne povsem na glavo.<\/p>\n<p><strong>Namenjena otrokom\/aj\u00e1nlott koroszt\u00e1ly:<\/strong> 3+<br \/>\n<strong>Trajanje predstave\/id\u0151tartam:<\/strong> 30 min\/perc<\/p>\n<\/div>\n<div>\n<hr \/>\n<p><i class=\"fas fa-link\"><\/i> <a href=\"https:\/\/www.miskinogledalisce.com\/\">https:\/\/www.miskinogledalisce.com\/<\/a><\/p>\n<\/div>\n","protected":false},"excerpt":{"rendered":"<p>s2022. m\u00e1rcius 19. szombat | gyerekel\u0151ad\u00e1s ELMARAD! 10.00 Bel\u00e9p\u0151jegy \u00e1ra: 2 \u20ac Helysz\u00edn: Lendvai Sz\u00ednh\u00e1z- \u00e9s Hangversenyterem Szervez\u0151: Knji\u017enica \u2013 Kulturni center Lendava \u2013 Lendvai K\u00f6nyvt\u00e1r \u00e9s Kultur\u00e1lis K\u00f6zpont Tisztelt l\u00e1togat\u00f3k, T\u00e1j\u00e9koztatjuk \u00d6n\u00f6ket, hogy a fell\u00e9p\u0151k betegs\u00e9ge miatt a holnapra tervezett \u201cKapica rde\u010da volkeca sre\u010da\u201d c\u00edm\u0171 gyermekel\u0151ad\u00e1s sajnos elmarad. A gyermekel\u0151ad\u00e1s \u00faj id\u0151pontja: 2022. \u00e1prilis [&hellip;]<\/p>\n","protected":false},"author":2,"featured_media":6899,"parent":0,"menu_order":0,"comment_status":"closed","ping_status":"closed","template":"","meta":{"footnotes":""},"class_list":["post-6907","page","type-page","status-publish","has-post-thumbnail","hentry","post","post-with-thumbnail","post-with-thumbnail-icon"],"_links":{"self":[{"href":"https:\/\/www1.kkl.si\/hu\/wp-json\/wp\/v2\/pages\/6907","targetHints":{"allow":["GET"]}}],"collection":[{"href":"https:\/\/www1.kkl.si\/hu\/wp-json\/wp\/v2\/pages"}],"about":[{"href":"https:\/\/www1.kkl.si\/hu\/wp-json\/wp\/v2\/types\/page"}],"author":[{"embeddable":true,"href":"https:\/\/www1.kkl.si\/hu\/wp-json\/wp\/v2\/users\/2"}],"replies":[{"embeddable":true,"href":"https:\/\/www1.kkl.si\/hu\/wp-json\/wp\/v2\/comments?post=6907"}],"version-history":[{"count":4,"href":"https:\/\/www1.kkl.si\/hu\/wp-json\/wp\/v2\/pages\/6907\/revisions"}],"predecessor-version":[{"id":7009,"href":"https:\/\/www1.kkl.si\/hu\/wp-json\/wp\/v2\/pages\/6907\/revisions\/7009"}],"wp:featuredmedia":[{"embeddable":true,"href":"https:\/\/www1.kkl.si\/hu\/wp-json\/wp\/v2\/media\/6899"}],"wp:attachment":[{"href":"https:\/\/www1.kkl.si\/hu\/wp-json\/wp\/v2\/media?parent=6907"}],"curies":[{"name":"wp","href":"https:\/\/api.w.org\/{rel}","templated":true}]}}