{"id":7029,"date":"2022-03-23T15:57:54","date_gmt":"2022-03-23T14:57:54","guid":{"rendered":"https:\/\/www1.kkl.si\/?page_id=7029"},"modified":"2022-03-23T16:01:17","modified_gmt":"2022-03-23T15:01:17","slug":"a-lendvai-es-a-lenti-zeneiskola-tanuloinak-kozos-hangversenye","status":"publish","type":"page","link":"https:\/\/www1.kkl.si\/hu\/a-lendvai-es-a-lenti-zeneiskola-tanuloinak-kozos-hangversenye\/","title":{"rendered":"A lendvai \u00e9s a lenti zeneiskola tanul\u00f3inak k\u00f6z\u00f6s hangversenye"},"content":{"rendered":"<div class=\"opis\"><img loading=\"lazy\" decoding=\"async\" class=\"wp-image-1588 alignright\" title=\"Ingyenes rendezv\u00e9ny\" src=\"https:\/\/www1.kkl.si\/wp-content\/uploads\/\/2020\/07\/spored_simb_brezplacna-1.svg\" alt=\"brezplacna\" width=\"40\" height=\"40\" srcset=\"https:\/\/www1.kkl.si\/wp-content\/uploads\/\/2020\/07\/spored_simb_brezplacna-1.svg 150w, https:\/\/www1.kkl.si\/wp-content\/uploads\/\/2020\/07\/spored_simb_brezplacna-1.svg 400w, https:\/\/www1.kkl.si\/wp-content\/uploads\/\/2020\/07\/spored_simb_brezplacna-1.svg 1500w, https:\/\/www1.kkl.si\/wp-content\/uploads\/\/2020\/07\/spored_simb_brezplacna-1.svg 100w\" sizes=\"auto, (max-width: 40px) 100vw, 40px\" \/><i class=\"fas fa-calendar\"><\/i> <strong>2022. m\u00e1rcius 30. szerda | hangverseny<\/strong><br \/>\n<i class=\"fas fa-clock\"><\/i> <strong>18.00<\/strong><br \/>\n<i class=\"fas fa-map-marker\"><\/i> Helysz\u00edn: Lendvai Sz\u00ednh\u00e1z- \u00e9s Hangversenyterem<br \/>\n<i class=\"fas fa-chevron-circle-right\"><\/i> Szervez\u0151: Glasbena \u0161ola Lendava\/Zeneiskola Lendva<\/div>\n<p><a href=\"https:\/\/www1.kkl.si\/wp-content\/uploads\/2022\/03\/plakat_Lenti-Lendva_koncert_2022_DVOJ.jpg\" data-lbwps-width=\"2143\" data-lbwps-height=\"3000\" data-lbwps-srcsmall=\"https:\/\/www1.kkl.si\/wp-content\/uploads\/2022\/03\/plakat_Lenti-Lendva_koncert_2022_DVOJ.jpg\"><img loading=\"lazy\" decoding=\"async\" class=\"alignright size-medium wp-image-7017\" src=\"https:\/\/www1.kkl.si\/wp-content\/uploads\/2022\/03\/plakat_Lenti-Lendva_koncert_2022_DVOJ-scaled-286x400.jpg\" alt=\"\" width=\"286\" height=\"400\" srcset=\"https:\/\/www1.kkl.si\/wp-content\/uploads\/2022\/03\/plakat_Lenti-Lendva_koncert_2022_DVOJ-scaled-286x400.jpg 286w, https:\/\/www1.kkl.si\/wp-content\/uploads\/2022\/03\/plakat_Lenti-Lendva_koncert_2022_DVOJ-scaled-1072x1500.jpg 1072w, https:\/\/www1.kkl.si\/wp-content\/uploads\/2022\/03\/plakat_Lenti-Lendva_koncert_2022_DVOJ-scaled.jpg 1829w\" sizes=\"auto, (max-width: 286px) 100vw, 286px\" \/><\/a>M E G H \u00cd V \u00d3<\/p>\n<p>Sok szeretettel megh\u00edvjuk \u00d6n\u00f6ket<br \/>\n<strong>a lendvai \u00e9s a lenti zeneiskola tanul\u00f3inak K\u00d6Z\u00d6S HANGVERSENY\u00c9RE,<\/strong><br \/>\namely 2022. m\u00e1rcius 30-\u00e1n, szerd\u00e1n 18 \u00f3rakor<br \/>\nlesz a lendvai Sz\u00ednh\u00e1z- \u00e9s hangversenyteremben.<\/p>\n<p><em>A Zeneiskola Lendva munkak\u00f6z\u00f6ss\u00e9ge<\/em><br \/>\n<em>\u00e9s Magyar Hajnalka igazgat\u00f3n\u0151<\/em><\/p>\n","protected":false},"excerpt":{"rendered":"<p>2022. m\u00e1rcius 30. szerda | hangverseny 18.00 Helysz\u00edn: Lendvai Sz\u00ednh\u00e1z- \u00e9s Hangversenyterem Szervez\u0151: Glasbena \u0161ola Lendava\/Zeneiskola Lendva M E G H \u00cd V \u00d3 Sok szeretettel megh\u00edvjuk \u00d6n\u00f6ket a lendvai \u00e9s a lenti zeneiskola tanul\u00f3inak K\u00d6Z\u00d6S HANGVERSENY\u00c9RE, amely 2022. m\u00e1rcius 30-\u00e1n, szerd\u00e1n 18 \u00f3rakor lesz a lendvai Sz\u00ednh\u00e1z- \u00e9s hangversenyteremben. A Zeneiskola Lendva munkak\u00f6z\u00f6ss\u00e9ge \u00e9s [&hellip;]<\/p>\n","protected":false},"author":2,"featured_media":7017,"parent":0,"menu_order":0,"comment_status":"closed","ping_status":"closed","template":"","meta":{"footnotes":""},"class_list":["post-7029","page","type-page","status-publish","has-post-thumbnail","hentry","post","post-with-thumbnail","post-with-thumbnail-icon"],"_links":{"self":[{"href":"https:\/\/www1.kkl.si\/hu\/wp-json\/wp\/v2\/pages\/7029","targetHints":{"allow":["GET"]}}],"collection":[{"href":"https:\/\/www1.kkl.si\/hu\/wp-json\/wp\/v2\/pages"}],"about":[{"href":"https:\/\/www1.kkl.si\/hu\/wp-json\/wp\/v2\/types\/page"}],"author":[{"embeddable":true,"href":"https:\/\/www1.kkl.si\/hu\/wp-json\/wp\/v2\/users\/2"}],"replies":[{"embeddable":true,"href":"https:\/\/www1.kkl.si\/hu\/wp-json\/wp\/v2\/comments?post=7029"}],"version-history":[{"count":4,"href":"https:\/\/www1.kkl.si\/hu\/wp-json\/wp\/v2\/pages\/7029\/revisions"}],"predecessor-version":[{"id":7034,"href":"https:\/\/www1.kkl.si\/hu\/wp-json\/wp\/v2\/pages\/7029\/revisions\/7034"}],"wp:featuredmedia":[{"embeddable":true,"href":"https:\/\/www1.kkl.si\/hu\/wp-json\/wp\/v2\/media\/7017"}],"wp:attachment":[{"href":"https:\/\/www1.kkl.si\/hu\/wp-json\/wp\/v2\/media?parent=7029"}],"curies":[{"name":"wp","href":"https:\/\/api.w.org\/{rel}","templated":true}]}}