{"id":7069,"date":"2022-03-24T14:41:34","date_gmt":"2022-03-24T13:41:34","guid":{"rendered":"https:\/\/www1.kkl.si\/?page_id=7069"},"modified":"2022-03-24T15:20:03","modified_gmt":"2022-03-24T14:20:03","slug":"a-szufrazsett","status":"publish","type":"page","link":"https:\/\/www1.kkl.si\/hu\/a-szufrazsett\/","title":{"rendered":"A sz\u00fcfrazsett"},"content":{"rendered":"<div class=\"opis\"><img loading=\"lazy\" decoding=\"async\" class=\"wp-image-1588 alignright\" title=\"Ingyenes rendezv\u00e9ny\" src=\"https:\/\/www1.kkl.si\/wp-content\/uploads\/\/2020\/07\/spored_simb_brezplacna-1.svg\" alt=\"brezplacna\" width=\"40\" height=\"40\" srcset=\"https:\/\/www1.kkl.si\/wp-content\/uploads\/\/2020\/07\/spored_simb_brezplacna-1.svg 150w, https:\/\/www1.kkl.si\/wp-content\/uploads\/\/2020\/07\/spored_simb_brezplacna-1.svg 400w, https:\/\/www1.kkl.si\/wp-content\/uploads\/\/2020\/07\/spored_simb_brezplacna-1.svg 1500w, https:\/\/www1.kkl.si\/wp-content\/uploads\/\/2020\/07\/spored_simb_brezplacna-1.svg 100w\" sizes=\"auto, (max-width: 40px) 100vw, 40px\" \/><i class=\"fas fa-calendar\"><\/i> <strong>2022. m\u00e1rcius 25. p\u00e9ntek | <span class=\"zanr\">film: dr\u00e1ma<\/span><br \/>\n<\/strong><i class=\"fas fa-clock\"><\/i> <strong>18.00<\/strong> <br \/>\n<i class=\"fas fa-map-marker\"><\/i> Helysz\u00edn: Lendvai Sz\u00ednh\u00e1z- \u00e9s Hangversenyterem<br \/>\n<i class=\"fas fa-chevron-circle-right\"><\/i> Szervez\u0151: <a href=\"https:\/\/mmisz.eu\/\">Pomursko mad\u017earsko mladinsko dru\u0161tvo\/Muravide\u0301ki Magyar Ifju\u0301sa\u0301gi Szervezet<\/a><\/div>\n<p><a href=\"https:\/\/www1.kkl.si\/wp-content\/uploads\/2022\/03\/sufrazetka.jpg\" data-lbwps-width=\"1080\" data-lbwps-height=\"1080\" data-lbwps-srcsmall=\"https:\/\/www1.kkl.si\/wp-content\/uploads\/2022\/03\/sufrazetka-400x400.jpg\"><img loading=\"lazy\" decoding=\"async\" class=\"alignnone size-large wp-image-7038\" src=\"https:\/\/www1.kkl.si\/wp-content\/uploads\/2022\/03\/sufrazetka-1080x1080.jpg\" alt=\"\" width=\"1080\" height=\"1080\" srcset=\"https:\/\/www1.kkl.si\/wp-content\/uploads\/2022\/03\/sufrazetka.jpg 1080w, https:\/\/www1.kkl.si\/wp-content\/uploads\/2022\/03\/sufrazetka-150x150.jpg 150w, https:\/\/www1.kkl.si\/wp-content\/uploads\/2022\/03\/sufrazetka-400x400.jpg 400w\" sizes=\"auto, (max-width: 1080px) 100vw, 1080px\" \/><\/a><\/p>\n<p>Eleged van az otthoni l\u00e9tb\u0151l \u00e9s sz\u00edvesen megn\u00e9zn\u00e9l egy filmet?<br \/>\nHa igen, akkor a Film klubon a helyed!<\/p>\n<p>A Muravid\u00e9ki Magyar Ifj\u00fas\u00e1gi Szervezet elind\u00edtja \u00e1lland\u00f3 projektj\u00e9t, ahol csupa v\u00e1logatott alkot\u00e1ssal tal\u00e1lkozhatsz.<\/p>\n<p>Humoros \u00e9s dr\u00e1mai percek, katartikus pillanatok, \u00e9rdekes besz\u00e9lget\u00e9sek v\u00e1rnak.<\/p>\n<p><strong>Hogy mi is lesz az 1. film\u00fcnk?<\/strong> A sz\u00fcfrazsett<\/p>\n<p><strong>Nyelv:<\/strong> Angol, szlov\u00e9n feliratok<\/p>\n<p><strong>Mikor?<\/strong> M\u00e1rcius 25.<\/p>\n<p><strong>Hol lesz a vet\u00edt\u00e9s helysz\u00edne?<\/strong> Lendvai Sz\u00ednh\u00e1z- \u00e9s Hangversenyterem<\/p>\n<p><strong>H\u00e1ny \u00f3rakor?<\/strong> 18.00<\/p>\n<p><strong>\u00c9s a filmet k\u00f6vet\u0151en?<\/strong> A vet\u00edt\u00e9st beszelget\u00e9s k\u00f6veti magyar nyelven, ahol megvitatjuk a film mondanival\u00f3jat.<\/p>\n<p><em>Gyere \u00e9s n\u00e9zd meg vel\u00fcnk a filmet! Minden \u00e9rdekl\u0151d\u0151t szeretettel v\u00e1runk!<\/em><\/p>\n\n\t\t<style type=\"text\/css\">\n\t\t\t#gallery-1 {\n\t\t\t\tmargin: auto;\n\t\t\t}\n\t\t\t#gallery-1 .gallery-item {\n\t\t\t\tfloat: left;\n\t\t\t\tmargin-top: 10px;\n\t\t\t\ttext-align: center;\n\t\t\t\twidth: 16%;\n\t\t\t}\n\t\t\t#gallery-1 img {\n\t\t\t\tborder: 2px solid #cfcfcf;\n\t\t\t}\n\t\t\t#gallery-1 .gallery-caption {\n\t\t\t\tmargin-left: 0;\n\t\t\t}\n\t\t\t\/* see gallery_shortcode() in wp-includes\/media.php *\/\n\t\t<\/style>\n\t\t<div id='gallery-1' class='gallery galleryid-7069 gallery-columns-6 gallery-size-thumbnail'><dl class='gallery-item'>\n\t\t\t<dt class='gallery-icon landscape'>\n\t\t\t\t<a href='https:\/\/www1.kkl.si\/wp-content\/uploads\/2022\/03\/sufrazetka1.jpg'><img loading=\"lazy\" decoding=\"async\" width=\"150\" height=\"150\" src=\"https:\/\/www1.kkl.si\/wp-content\/uploads\/2022\/03\/sufrazetka1-150x150.jpg\" class=\"attachment-thumbnail size-thumbnail\" alt=\"\" \/><\/a>\n\t\t\t<\/dt><\/dl><dl class='gallery-item'>\n\t\t\t<dt class='gallery-icon landscape'>\n\t\t\t\t<a href='https:\/\/www1.kkl.si\/wp-content\/uploads\/2022\/03\/sufrazetka2.jpg'><img loading=\"lazy\" decoding=\"async\" width=\"150\" height=\"150\" src=\"https:\/\/www1.kkl.si\/wp-content\/uploads\/2022\/03\/sufrazetka2-150x150.jpg\" class=\"attachment-thumbnail size-thumbnail\" alt=\"\" \/><\/a>\n\t\t\t<\/dt><\/dl><dl class='gallery-item'>\n\t\t\t<dt class='gallery-icon landscape'>\n\t\t\t\t<a href='https:\/\/www1.kkl.si\/wp-content\/uploads\/2022\/03\/sufrazetka3.jpg'><img loading=\"lazy\" decoding=\"async\" width=\"150\" height=\"150\" src=\"https:\/\/www1.kkl.si\/wp-content\/uploads\/2022\/03\/sufrazetka3-150x150.jpg\" class=\"attachment-thumbnail size-thumbnail\" alt=\"\" \/><\/a>\n\t\t\t<\/dt><\/dl><dl class='gallery-item'>\n\t\t\t<dt class='gallery-icon landscape'>\n\t\t\t\t<a href='https:\/\/www1.kkl.si\/wp-content\/uploads\/2022\/03\/sufrazetka4.jpg'><img loading=\"lazy\" decoding=\"async\" width=\"150\" height=\"150\" src=\"https:\/\/www1.kkl.si\/wp-content\/uploads\/2022\/03\/sufrazetka4-150x150.jpg\" class=\"attachment-thumbnail size-thumbnail\" alt=\"\" \/><\/a>\n\t\t\t<\/dt><\/dl><dl class='gallery-item'>\n\t\t\t<dt class='gallery-icon landscape'>\n\t\t\t\t<a href='https:\/\/www1.kkl.si\/wp-content\/uploads\/2022\/03\/sufrazetka5.jpg'><img loading=\"lazy\" decoding=\"async\" width=\"150\" height=\"150\" src=\"https:\/\/www1.kkl.si\/wp-content\/uploads\/2022\/03\/sufrazetka5-150x150.jpg\" class=\"attachment-thumbnail size-thumbnail\" alt=\"\" \/><\/a>\n\t\t\t<\/dt><\/dl><dl class='gallery-item'>\n\t\t\t<dt class='gallery-icon portrait'>\n\t\t\t\t<a href='https:\/\/www1.kkl.si\/wp-content\/uploads\/2022\/03\/sufrazetka6.jpg'><img loading=\"lazy\" decoding=\"async\" width=\"150\" height=\"150\" src=\"https:\/\/www1.kkl.si\/wp-content\/uploads\/2022\/03\/sufrazetka6-150x150.jpg\" class=\"attachment-thumbnail size-thumbnail\" alt=\"\" \/><\/a>\n\t\t\t<\/dt><\/dl><br style=\"clear: both\" \/>\n\t\t<\/div>\n\n<p>1912-ben j\u00e1runk. Maud Watts egy mosod\u00e1ban g\u00fcrc\u00f6lve keresi keserves kenyer\u00e9t. Egy nap a munk\u00e1b\u00f3l hazafel\u00e9 menet a sz\u00fcfrazsettek t\u00fcntet\u00e9s\u00e9be botlik. A n\u0151knek szavazati jogot k\u00f6vetel\u0151k k\u00f6z\u00f6tt meglepet\u00e9s\u00e9re ott l\u00e1tja egyik munkat\u00e1rs\u00e1t is. Kezdetben ugyan vonakodva, de lassan azonosul a sz\u00fcfrazsettek \u00fcgy\u00e9vel, \u00e9s r\u00e1\u00e9bred, hogy harcolnia kell a jogai\u00e9rt \u00e9s az emberi m\u00e9lt\u00f3s\u00e1g\u00e1\u00e9rt a munkahely\u00e9n \u00e9s odahaza egyar\u00e1nt. Maud mozgalom ir\u00e1nti elk\u00f6telezetts\u00e9ge t\u00f6bbsz\u00f6r pr\u00f3b\u00e1ra t\u00e9tetik &#8211; tan\u00faskodnia kell a parlament el\u0151tt, utcai csetepat\u00e9ba keveredik, s\u0151t, b\u00f6rt\u00f6nbe is ker\u00fcl.<\/p>\n","protected":false},"excerpt":{"rendered":"<p>2022. m\u00e1rcius 25. p\u00e9ntek | film: dr\u00e1ma 18.00 Helysz\u00edn: Lendvai Sz\u00ednh\u00e1z- \u00e9s Hangversenyterem Szervez\u0151: Pomursko mad\u017earsko mladinsko dru\u0161tvo\/Muravide\u0301ki Magyar Ifju\u0301sa\u0301gi Szervezet Eleged van az otthoni l\u00e9tb\u0151l \u00e9s sz\u00edvesen megn\u00e9zn\u00e9l egy filmet? Ha igen, akkor a Film klubon a helyed! A Muravid\u00e9ki Magyar Ifj\u00fas\u00e1gi Szervezet elind\u00edtja \u00e1lland\u00f3 projektj\u00e9t, ahol csupa v\u00e1logatott alkot\u00e1ssal tal\u00e1lkozhatsz. Humoros \u00e9s dr\u00e1mai [&hellip;]<\/p>\n","protected":false},"author":2,"featured_media":7038,"parent":0,"menu_order":0,"comment_status":"closed","ping_status":"closed","template":"","meta":{"footnotes":""},"class_list":["post-7069","page","type-page","status-publish","has-post-thumbnail","hentry","post","post-with-thumbnail","post-with-thumbnail-icon"],"_links":{"self":[{"href":"https:\/\/www1.kkl.si\/hu\/wp-json\/wp\/v2\/pages\/7069","targetHints":{"allow":["GET"]}}],"collection":[{"href":"https:\/\/www1.kkl.si\/hu\/wp-json\/wp\/v2\/pages"}],"about":[{"href":"https:\/\/www1.kkl.si\/hu\/wp-json\/wp\/v2\/types\/page"}],"author":[{"embeddable":true,"href":"https:\/\/www1.kkl.si\/hu\/wp-json\/wp\/v2\/users\/2"}],"replies":[{"embeddable":true,"href":"https:\/\/www1.kkl.si\/hu\/wp-json\/wp\/v2\/comments?post=7069"}],"version-history":[{"count":5,"href":"https:\/\/www1.kkl.si\/hu\/wp-json\/wp\/v2\/pages\/7069\/revisions"}],"predecessor-version":[{"id":7080,"href":"https:\/\/www1.kkl.si\/hu\/wp-json\/wp\/v2\/pages\/7069\/revisions\/7080"}],"wp:featuredmedia":[{"embeddable":true,"href":"https:\/\/www1.kkl.si\/hu\/wp-json\/wp\/v2\/media\/7038"}],"wp:attachment":[{"href":"https:\/\/www1.kkl.si\/hu\/wp-json\/wp\/v2\/media?parent=7069"}],"curies":[{"name":"wp","href":"https:\/\/api.w.org\/{rel}","templated":true}]}}