{"id":7128,"date":"2022-03-30T08:40:26","date_gmt":"2022-03-30T06:40:26","guid":{"rendered":"https:\/\/www1.kkl.si\/?page_id=7128"},"modified":"2022-12-15T17:21:39","modified_gmt":"2022-12-15T16:21:39","slug":"musor-2022-04","status":"publish","type":"page","link":"https:\/\/www1.kkl.si\/hu\/musor-2022-04\/","title":{"rendered":"M\u0170SOR: 2022. \u00e1prilis"},"content":{"rendered":"<p><strong>2022.<\/strong> <a href=\"https:\/\/www1.kkl.si\/hu\/musor-2022-01\/\">janu\u00e1r<\/a> | <a href=\"https:\/\/www1.kkl.si\/hu\/musor-2022-02\/\">febru\u00e1r<\/a> | <a href=\"https:\/\/www1.kkl.si\/hu\/musor-2022-03\/\">m\u00e1rcius<\/a> | <a href=\"https:\/\/www1.kkl.si\/hu\/musor-2022-04\/\">\u00e1prilis<\/a> | <a href=\"https:\/\/www1.kkl.si\/hu\/musor-2022-05\/\">m\u00e1jus<\/a> | <a href=\"https:\/\/www1.kkl.si\/hu\/musor-2022-06\/\">j\u00fanius<\/a> | <a href=\"https:\/\/www1.kkl.si\/hu\/musor-2022-07\/\">j\u00falius<\/a> | <a href=\"https:\/\/www1.kkl.si\/hu\/musor-2022-08\/\">augusztus<\/a> |\u00a0<a href=\"https:\/\/www1.kkl.si\/hu\/musor-2022-09\/\">szeptember<\/a> | <a href=\"https:\/\/www1.kkl.si\/hu\/musor-2022-10\/\">okt\u00f3ber<\/a> | <a href=\"https:\/\/www1.kkl.si\/hu\/musor-2022-11\/\">november<\/a> | <a href=\"https:\/\/www1.kkl.si\/hu\/musor-2022-12\/\">december<\/a> | <a href=\"https:\/\/www1.kkl.si\/hu\/a-musor-archivuma\/\">ARCH\u00cdVUM<\/a><\/p>\n<table id=\"spored-legenda\" cellspacing=\"0\" cellpadding=\"5\">\n<tbody>\n<tr>\n<td><strong>JELMAGYAR\u00c1ZAT<br \/>\n<\/strong><\/td>\n<td style=\"vertical-align: middle;\"><img loading=\"lazy\" decoding=\"async\" class=\"alignnone wp-image-1586\" title=\"Szlov\u00e9n b\u00e9rlet\" src=\"https:\/\/www1.kkl.si\/wp-content\/uploads\/\/2020\/07\/spored_simb_abonma_si-1.svg\" alt=\"abonma_si\" width=\"30\" height=\"30\" \/><\/td>\n<td>Szlov\u00e9n<br \/>\nb\u00e9rlet<\/td>\n<td style=\"vertical-align: middle;\"><img loading=\"lazy\" decoding=\"async\" class=\"alignnone wp-image-1584\" title=\"Magyar b\u00e9rlet\" src=\"https:\/\/www1.kkl.si\/wp-content\/uploads\/\/2020\/07\/spored_simb_abonma_hu-1.svg\" alt=\"abonma_hu\" width=\"30\" height=\"30\" srcset=\"https:\/\/www1.kkl.si\/wp-content\/uploads\/\/2020\/07\/spored_simb_abonma_hu-1.svg 150w, https:\/\/www1.kkl.si\/wp-content\/uploads\/\/2020\/07\/spored_simb_abonma_hu-1.svg 400w, https:\/\/www1.kkl.si\/wp-content\/uploads\/\/2020\/07\/spored_simb_abonma_hu-1.svg 1500w, https:\/\/www1.kkl.si\/wp-content\/uploads\/\/2020\/07\/spored_simb_abonma_hu-1.svg 100w\" sizes=\"auto, (max-width: 30px) 100vw, 30px\" \/><\/td>\n<td>Magyar<br \/>\nb\u00e9rlet<\/td>\n<td style=\"vertical-align: middle;\"><img loading=\"lazy\" decoding=\"async\" class=\"alignnone wp-image-1594\" title=\"Z\u00e1rtk\u00f6r\u0171 rendezv\u00e9ny\" src=\"https:\/\/www1.kkl.si\/wp-content\/uploads\/\/2020\/07\/spored_simb_zakljucena-1.svg\" alt=\"zakljucena\" width=\"30\" height=\"30\" srcset=\"https:\/\/www1.kkl.si\/wp-content\/uploads\/\/2020\/07\/spored_simb_zakljucena-1.svg 150w, https:\/\/www1.kkl.si\/wp-content\/uploads\/\/2020\/07\/spored_simb_zakljucena-1.svg 400w, https:\/\/www1.kkl.si\/wp-content\/uploads\/\/2020\/07\/spored_simb_zakljucena-1.svg 1500w, https:\/\/www1.kkl.si\/wp-content\/uploads\/\/2020\/07\/spored_simb_zakljucena-1.svg 100w\" sizes=\"auto, (max-width: 30px) 100vw, 30px\" \/><\/td>\n<td>Z\u00e1rtk\u00f6r\u0171<br \/>\nrendezv\u00e9ny<\/td>\n<td style=\"vertical-align: middle;\"><img loading=\"lazy\" decoding=\"async\" class=\"alignnone wp-image-1588\" title=\"Ingyenes rendezv\u00e9ny\" src=\"https:\/\/www1.kkl.si\/wp-content\/uploads\/\/2020\/07\/spored_simb_brezplacna-1.svg\" alt=\"brezplacna\" width=\"30\" height=\"30\" srcset=\"https:\/\/www1.kkl.si\/wp-content\/uploads\/\/2020\/07\/spored_simb_brezplacna-1.svg 150w, https:\/\/www1.kkl.si\/wp-content\/uploads\/\/2020\/07\/spored_simb_brezplacna-1.svg 400w, https:\/\/www1.kkl.si\/wp-content\/uploads\/\/2020\/07\/spored_simb_brezplacna-1.svg 1500w, https:\/\/www1.kkl.si\/wp-content\/uploads\/\/2020\/07\/spored_simb_brezplacna-1.svg 100w\" sizes=\"auto, (max-width: 30px) 100vw, 30px\" \/><\/td>\n<td>Ingyenes<br \/>\nrendezv\u00e9ny<\/td>\n<td style=\"vertical-align: middle;\"><img loading=\"lazy\" decoding=\"async\" class=\"alignnone wp-image-1592\" title=\"Fizet\u0151s rendezv\u00e9ny\" src=\"https:\/\/www1.kkl.si\/wp-content\/uploads\/\/2020\/07\/spored_simb_placljiva-1.svg\" alt=\"placljiva\" width=\"30\" height=\"30\" srcset=\"https:\/\/www1.kkl.si\/wp-content\/uploads\/\/2020\/07\/spored_simb_placljiva-1.svg 150w, https:\/\/www1.kkl.si\/wp-content\/uploads\/\/2020\/07\/spored_simb_placljiva-1.svg 400w, https:\/\/www1.kkl.si\/wp-content\/uploads\/\/2020\/07\/spored_simb_placljiva-1.svg 1500w, https:\/\/www1.kkl.si\/wp-content\/uploads\/\/2020\/07\/spored_simb_placljiva-1.svg 100w\" sizes=\"auto, (max-width: 30px) 100vw, 30px\" \/><\/td>\n<td>Fizet\u0151s<br \/>\nrendezv\u00e9ny<\/td>\n<td style=\"vertical-align: middle;\"><img loading=\"lazy\" decoding=\"async\" class=\"alignnone wp-image-1590\" title=\"\u00dajdons\u00e1g, v\u00e1ltoz\u00e1s\" src=\"https:\/\/www1.kkl.si\/wp-content\/uploads\/\/2020\/07\/spored_simb_novost-1.svg\" alt=\"novost\" width=\"30\" height=\"30\" srcset=\"https:\/\/www1.kkl.si\/wp-content\/uploads\/\/2020\/07\/spored_simb_novost-1.svg 150w, https:\/\/www1.kkl.si\/wp-content\/uploads\/\/2020\/07\/spored_simb_novost-1.svg 400w, https:\/\/www1.kkl.si\/wp-content\/uploads\/\/2020\/07\/spored_simb_novost-1.svg 1500w, https:\/\/www1.kkl.si\/wp-content\/uploads\/\/2020\/07\/spored_simb_novost-1.svg 100w\" sizes=\"auto, (max-width: 30px) 100vw, 30px\" \/><\/td>\n<td>\u00dajdons\u00e1g,<br \/>\nv\u00e1ltoz\u00e1s<\/td>\n<\/tr>\n<\/tbody>\n<\/table>\n<table style=\"border-collapse: collapse; width: 100%;\">\n<tbody>\n<tr>\n<td style=\"width: 10.0236%;\">\n<h6>7.<\/h6>\n<p><strong><img loading=\"lazy\" decoding=\"async\" class=\"alignnone wp-image-1588\" title=\"Ingyenes rendezv\u00e9ny\" src=\"https:\/\/www1.kkl.si\/wp-content\/uploads\/\/2020\/07\/spored_simb_brezplacna-1.svg\" alt=\"brezplacna\" width=\"40\" height=\"40\" srcset=\"https:\/\/www1.kkl.si\/wp-content\/uploads\/\/2020\/07\/spored_simb_brezplacna-1.svg 150w, https:\/\/www1.kkl.si\/wp-content\/uploads\/\/2020\/07\/spored_simb_brezplacna-1.svg 400w, https:\/\/www1.kkl.si\/wp-content\/uploads\/\/2020\/07\/spored_simb_brezplacna-1.svg 1500w, https:\/\/www1.kkl.si\/wp-content\/uploads\/\/2020\/07\/spored_simb_brezplacna-1.svg 100w\" sizes=\"auto, (max-width: 40px) 100vw, 40px\" \/><\/strong><\/p>\n<\/td>\n<td style=\"width: 89.9764%;\">\n<p><strong> <a href=\"https:\/\/www1.kkl.si\/wp-content\/uploads\/2022\/04\/Nemes-meghivo.jpg\" data-lbwps-width=\"715\" data-lbwps-height=\"321\" data-lbwps-srcsmall=\"https:\/\/www1.kkl.si\/wp-content\/uploads\/2022\/04\/Nemes-meghivo-400x180.jpg\"><img loading=\"lazy\" decoding=\"async\" class=\"slika alignright wp-image-7151 size-thumbnail\" src=\"https:\/\/www1.kkl.si\/wp-content\/uploads\/2022\/04\/Nemes-meghivo-150x150.jpg\" alt=\"\" width=\"150\" height=\"150\" \/><\/a><i class=\"fas fa-calendar\"><\/i> 2022. \u00e1prilis 7. cs\u00fct\u00f6rt\u00f6k | <span class=\"zanr\">kultur\u00e1lis rendezv\u00e9ny, ki\u00e1ll\u00edt\u00e1s<\/span><br \/>\n<i class=\"fas fa-clock\"><\/i> 19.00<\/strong><\/p>\n<p><a href=\"https:\/\/www1.kkl.si\/hu\/nemes-laszlo-festomuvesz-konyvbemutatoja-es-kamarakiallitasa\/\"><strong><span style=\"font-size: 28px;\">NEMES L\u00c1SZL\u00d3 fest\u0151m\u0171v\u00e9sz k\u00f6nyvbemutat\u00f3ja \u00e9s kamaraki\u00e1ll\u00edt\u00e1sa<\/span><\/strong><\/a><\/p>\n<p><strong>A rendezv\u00e9nyen k\u00f6zrem\u0171k\u00f6dik:<\/strong><br \/>\nKo\u0161a Peter heged\u0171n \u00e9s Pal Emil zongor\u00e1n<\/p>\n<p><i class=\"fas fa-map-marker\"><\/i> Helysz\u00edn: Lendvai Sz\u00ednh\u00e1z- \u00e9s Hangversenyterem<br \/>\n<i class=\"fas fa-chevron-circle-right\"><\/i> Szervez\u0151: <a href=\"https:\/\/www.mnmi-zkmn.si\/\">MNMI-ZKMN<\/a><\/p>\n<\/td>\n<\/tr>\n<tr>\n<td style=\"width: 10.0236%;\">\n<h6>9.<\/h6>\n<p><strong><em><img loading=\"lazy\" decoding=\"async\" class=\"wp-image-1592 alignnone\" title=\"Fizet\u0151s rendezv\u00e9ny\" src=\"https:\/\/www1.kkl.si\/wp-content\/uploads\/\/2020\/07\/spored_simb_placljiva-1.svg\" alt=\"placljiva\" width=\"40\" height=\"40\" srcset=\"https:\/\/www1.kkl.si\/wp-content\/uploads\/\/2020\/07\/spored_simb_placljiva-1.svg 150w, https:\/\/www1.kkl.si\/wp-content\/uploads\/\/2020\/07\/spored_simb_placljiva-1.svg 400w, https:\/\/www1.kkl.si\/wp-content\/uploads\/\/2020\/07\/spored_simb_placljiva-1.svg 1500w, https:\/\/www1.kkl.si\/wp-content\/uploads\/\/2020\/07\/spored_simb_placljiva-1.svg 100w\" sizes=\"auto, (max-width: 40px) 100vw, 40px\" \/><\/em><\/strong><\/p>\n<\/td>\n<td style=\"width: 89.9764%;\">\n<p><strong> <a href=\"https:\/\/www1.kkl.si\/wp-content\/uploads\/2022\/03\/plakat_B2_miskino_volkec_2022_splet-1.jpg\" data-lbwps-width=\"1429\" data-lbwps-height=\"2000\" data-lbwps-srcsmall=\"https:\/\/www1.kkl.si\/wp-content\/uploads\/2022\/03\/plakat_B2_miskino_volkec_2022_splet-1-286x400.jpg\"><img loading=\"lazy\" decoding=\"async\" class=\"slika alignright wp-image-7108\" src=\"https:\/\/www1.kkl.si\/wp-content\/uploads\/2022\/03\/plakat_B2_miskino_volkec_2022_splet-1-286x400.jpg\" alt=\"\" width=\"150\" height=\"210\" srcset=\"https:\/\/www1.kkl.si\/wp-content\/uploads\/2022\/03\/plakat_B2_miskino_volkec_2022_splet-1-286x400.jpg 286w, https:\/\/www1.kkl.si\/wp-content\/uploads\/2022\/03\/plakat_B2_miskino_volkec_2022_splet-1-1072x1500.jpg 1072w, https:\/\/www1.kkl.si\/wp-content\/uploads\/2022\/03\/plakat_B2_miskino_volkec_2022_splet-1.jpg 1429w\" sizes=\"auto, (max-width: 150px) 100vw, 150px\" \/><\/a><i class=\"fas fa-calendar\"><\/i> 2022. \u00e1prilis 9. szombat | <span class=\"zanr\">gyerekel\u0151ad\u00e1s<\/span><br \/>\n<i class=\"fas fa-clock\"><\/i> 10.00<\/strong><\/p>\n<p>Mi\u0161kino gledali\u0161\u010de<br \/>\n<a href=\"https:\/\/www1.kkl.si\/sl\/miskino-gledalisce-kapica-rdeca-volkeca-sreca\/\"><strong><span style=\"font-size: 28px;\">Kapica rde\u010da volkeca sre\u010da<\/span><\/strong><\/a> <span class=\"starost\">3+<\/span><\/p>\n<p><i class=\"fas fa-ticket-alt\"><\/i> Bel\u00e9p\u0151jegy \u00e1ra: <strong>2 \u20ac<\/strong><br \/>\n<i class=\"fas fa-map-marker\"><\/i> Helysz\u00edn: Lendvai Sz\u00ednh\u00e1z- \u00e9s Hangversenyterem<br \/>\n<i class=\"fas fa-chevron-circle-right\"><\/i> Szervez\u0151: <a href=\"https:\/\/www.kkl.si\/\">Knji\u017enica \u2013 Kulturni center Lendava \u2013 Lendvai K\u00f6nyvt\u00e1r \u00e9s Kultur\u00e1lis K\u00f6zpont<\/a><\/p>\n<\/td>\n<\/tr>\n<tr>\n<td style=\"width: 10.0236%;\">\n<h6>9.<\/h6>\n<p><strong><img loading=\"lazy\" decoding=\"async\" class=\"alignnone wp-image-1588\" title=\"Ingyenes rendezv\u00e9ny\" src=\"https:\/\/www1.kkl.si\/wp-content\/uploads\/\/2020\/07\/spored_simb_brezplacna-1.svg\" alt=\"brezplacna\" width=\"40\" height=\"40\" srcset=\"https:\/\/www1.kkl.si\/wp-content\/uploads\/\/2020\/07\/spored_simb_brezplacna-1.svg 150w, https:\/\/www1.kkl.si\/wp-content\/uploads\/\/2020\/07\/spored_simb_brezplacna-1.svg 400w, https:\/\/www1.kkl.si\/wp-content\/uploads\/\/2020\/07\/spored_simb_brezplacna-1.svg 1500w, https:\/\/www1.kkl.si\/wp-content\/uploads\/\/2020\/07\/spored_simb_brezplacna-1.svg 100w\" sizes=\"auto, (max-width: 40px) 100vw, 40px\" \/><\/strong><\/p>\n<\/td>\n<td style=\"width: 89.9764%;\">\n<p><strong> <a href=\"https:\/\/www1.kkl.si\/wp-content\/uploads\/2022\/03\/plakat_JSKD_ko_te_ni_2022_HU.jpg\" data-lbwps-width=\"2500\" data-lbwps-height=\"3500\" data-lbwps-srcsmall=\"https:\/\/www1.kkl.si\/wp-content\/uploads\/2022\/03\/plakat_JSKD_ko_te_ni_2022_HU.jpg\"><img loading=\"lazy\" decoding=\"async\" class=\"slika alignright wp-image-7135\" src=\"https:\/\/www1.kkl.si\/wp-content\/uploads\/2022\/03\/plakat_JSKD_ko_te_ni_2022_HU-scaled-286x400.jpg\" alt=\"\" width=\"150\" height=\"210\" srcset=\"https:\/\/www1.kkl.si\/wp-content\/uploads\/2022\/03\/plakat_JSKD_ko_te_ni_2022_HU-scaled-286x400.jpg 286w, https:\/\/www1.kkl.si\/wp-content\/uploads\/2022\/03\/plakat_JSKD_ko_te_ni_2022_HU-scaled-1072x1500.jpg 1072w, https:\/\/www1.kkl.si\/wp-content\/uploads\/2022\/03\/plakat_JSKD_ko_te_ni_2022_HU-scaled.jpg 1829w\" sizes=\"auto, (max-width: 150px) 100vw, 150px\" \/><\/a><i class=\"fas fa-calendar\"><\/i> 2022. \u00e1prilis 9. szombat | <span class=\"zanr\">irodalmi-zen\u00e9s-\u00e9nekes rendezv\u00e9ny<\/span><br \/>\n<i class=\"fas fa-clock\"><\/i> 17.00<\/strong><\/p>\n<p><a href=\"https:\/\/www1.kkl.si\/hu\/srecko-coz-kolto-ko-te-ni-cimu-uj-konyvenek-bemutatoja\/\"><span style=\"font-size: 28px;\"><strong>Sre\u010dko \u010co\u017e k\u00f6lt\u0151 KO TE NI c\u00edm\u0171 \u00faj k\u00f6nyv\u00e9nek bemutat\u00f3ja<\/strong><\/span><\/a><br \/>\n<em>a k\u00f6nyv Emilija Makovec asszony eml\u00e9k\u00e9re \u00edr\u00f3dott<\/em><\/p>\n<p><strong>A programban k\u00f6zrem\u0171k\u00f6dnek:<\/strong><br \/>\nIva Stani\u010d, Tanja Srednik, Andreja Vita Mulej, Jerica Trojak, Jasna Ba\u010di, Janez Temlin, Klemen \u00e9s Blanka Golner, An\u017ee Vrabec, valamint az Aeternum f\u00e9rfikvintett.<\/p>\n<p><i class=\"fas fa-map-marker\"><\/i> Helysz\u00edn: Lendvai Sz\u00ednh\u00e1z- \u00e9s Hangversenyterem<br \/>\n<i class=\"fas fa-chevron-circle-right\"><\/i> Szervez\u0151: <a href=\"https:\/\/www.jskd.si\/\">A SzK Kultur\u00e1lis K\u00f6zalap\u00edtv\u00e1ny\u00e1nak Lendvai Ter\u00fcleti Kirendelts\u00e9ge<\/a><\/p>\n<\/td>\n<\/tr>\n<tr>\n<td style=\"width: 10.0236%;\">\n<h6>11.<\/h6>\n<p><strong><img loading=\"lazy\" decoding=\"async\" class=\"alignnone wp-image-1588\" title=\"Ingyenes rendezv\u00e9ny\" src=\"https:\/\/www1.kkl.si\/wp-content\/uploads\/\/2020\/07\/spored_simb_brezplacna-1.svg\" alt=\"brezplacna\" width=\"40\" height=\"40\" srcset=\"https:\/\/www1.kkl.si\/wp-content\/uploads\/\/2020\/07\/spored_simb_brezplacna-1.svg 150w, https:\/\/www1.kkl.si\/wp-content\/uploads\/\/2020\/07\/spored_simb_brezplacna-1.svg 400w, https:\/\/www1.kkl.si\/wp-content\/uploads\/\/2020\/07\/spored_simb_brezplacna-1.svg 1500w, https:\/\/www1.kkl.si\/wp-content\/uploads\/\/2020\/07\/spored_simb_brezplacna-1.svg 100w\" sizes=\"auto, (max-width: 40px) 100vw, 40px\" \/><\/strong><\/p>\n<\/td>\n<td style=\"width: 89.9764%;\">\n<p><strong> <a href=\"https:\/\/www1.kkl.si\/wp-content\/uploads\/2022\/04\/es_te_kolto.jpg\" data-lbwps-width=\"1774\" data-lbwps-height=\"1248\" data-lbwps-srcsmall=\"https:\/\/www1.kkl.si\/wp-content\/uploads\/2022\/04\/es_te_kolto-400x281.jpg\"><img loading=\"lazy\" decoding=\"async\" class=\"slika alignright wp-image-7193 size-thumbnail\" src=\"https:\/\/www1.kkl.si\/wp-content\/uploads\/2022\/04\/es_te_kolto-150x150.jpg\" alt=\"\" width=\"150\" height=\"150\" \/><\/a><i class=\"fas fa-calendar\"><\/i> 2022. \u00e1prilis 11. h\u00e9tf\u0151 | <span class=\"zanr\">portr\u00e9film<\/span> <span class=\"premiera\">BEMUTAT\u00d3<\/span><br \/>\n<i class=\"fas fa-clock\"><\/i> 18.00<\/strong><\/p>\n<p><a href=\"https:\/\/www1.kkl.si\/hu\/es-te-kolto-bence-lajos-muravideki-kolto-verses-portrefilmje\/\"><strong><span style=\"font-size: 28px;\">\u00c9S TE, K\u00d6LT\u0150? \u2013 Bence Lajos muravid\u00e9ki k\u00f6lt\u0151 verses portr\u00e9filmje<\/span><\/strong><\/a><\/p>\n<p><em>A film magyar nyelv\u0171 \u00e9s szlov\u00e9n feliratokkal lesz ell\u00e1tva.<\/em><\/p>\n<p><i class=\"fas fa-map-marker\"><\/i> Helysz\u00edn: Lendvai Sz\u00ednh\u00e1z- \u00e9s Hangversenyterem<br \/>\n<i class=\"fas fa-chevron-circle-right\"><\/i> Szervez\u0151: <a href=\"https:\/\/www.mnmi-zkmn.si\/\">MNMI-ZKMN<\/a><\/p>\n<\/td>\n<\/tr>\n<tr>\n<td style=\"width: 10.0236%;\">\n<h6>23.<\/h6>\n<p><strong><em><img loading=\"lazy\" decoding=\"async\" class=\"wp-image-1592 alignnone\" title=\"Fizet\u0151s rendezv\u00e9ny\" src=\"https:\/\/www1.kkl.si\/wp-content\/uploads\/\/2020\/07\/spored_simb_placljiva-1.svg\" alt=\"placljiva\" width=\"40\" height=\"40\" srcset=\"https:\/\/www1.kkl.si\/wp-content\/uploads\/\/2020\/07\/spored_simb_placljiva-1.svg 150w, https:\/\/www1.kkl.si\/wp-content\/uploads\/\/2020\/07\/spored_simb_placljiva-1.svg 400w, https:\/\/www1.kkl.si\/wp-content\/uploads\/\/2020\/07\/spored_simb_placljiva-1.svg 1500w, https:\/\/www1.kkl.si\/wp-content\/uploads\/\/2020\/07\/spored_simb_placljiva-1.svg 100w\" sizes=\"auto, (max-width: 40px) 100vw, 40px\" \/><\/em><\/strong><\/p>\n<\/td>\n<td style=\"width: 89.9764%;\">\n<p><strong> <a href=\"https:\/\/www1.kkl.si\/wp-content\/uploads\/2022\/04\/plakat_B2_kukuc_smetiscni_skrat_2022_splet.jpg\" data-lbwps-width=\"1214\" data-lbwps-height=\"1700\" data-lbwps-srcsmall=\"https:\/\/www1.kkl.si\/wp-content\/uploads\/2022\/04\/plakat_B2_kukuc_smetiscni_skrat_2022_splet-286x400.jpg\"><img loading=\"lazy\" decoding=\"async\" class=\"slika alignright wp-image-7276\" src=\"https:\/\/www1.kkl.si\/wp-content\/uploads\/2022\/04\/plakat_B2_kukuc_smetiscni_skrat_2022_splet-286x400.jpg\" alt=\"\" width=\"150\" height=\"210\" srcset=\"https:\/\/www1.kkl.si\/wp-content\/uploads\/2022\/04\/plakat_B2_kukuc_smetiscni_skrat_2022_splet-286x400.jpg 286w, https:\/\/www1.kkl.si\/wp-content\/uploads\/2022\/04\/plakat_B2_kukuc_smetiscni_skrat_2022_splet-1071x1500.jpg 1071w, https:\/\/www1.kkl.si\/wp-content\/uploads\/2022\/04\/plakat_B2_kukuc_smetiscni_skrat_2022_splet.jpg 1214w\" sizes=\"auto, (max-width: 150px) 100vw, 150px\" \/><\/a><i class=\"fas fa-calendar\"><\/i> 2022. \u00e1prilis 23. szombat | <span class=\"zanr\">gyerekel\u0151ad\u00e1s<\/span><br \/>\n<i class=\"fas fa-clock\"><\/i> 10.00<\/strong><\/p>\n<p>Gledali\u0161\u010de KU-KUC<br \/>\n<span style=\"font-size: 28px;\"><a href=\"https:\/\/www1.kkl.si\/hu\/gledalisce-ku-kuc-smetiscni-skrat\/\"><strong>Smeti\u0161\u010dni \u0161krat in zme\u0161njava v \u017eivalskem vrtu<\/strong><\/a>\u00a0<\/span> <span class=\"starost\">3+<\/span><\/p>\n<p><i class=\"fas fa-ticket-alt\"><\/i> Bel\u00e9p\u0151jegy \u00e1ra: <strong>2 \u20ac<\/strong><br \/>\n<i class=\"fas fa-map-marker\"><\/i> Helysz\u00edn: Lendvai Sz\u00ednh\u00e1z- \u00e9s Hangversenyterem<br \/>\n<i class=\"fas fa-chevron-circle-right\"><\/i> Szervez\u0151: <a href=\"https:\/\/www.kkl.si\/\">Knji\u017enica \u2013 Kulturni center Lendava \u2013 Lendvai K\u00f6nyvt\u00e1r \u00e9s Kultur\u00e1lis K\u00f6zpont<\/a><\/p>\n<\/td>\n<\/tr>\n<tr>\n<td style=\"width: 10.0236%;\">\n<h6>26.<\/h6>\n<p><strong><img loading=\"lazy\" decoding=\"async\" class=\"alignnone wp-image-1588\" title=\"Ingyenes rendezv\u00e9ny\" src=\"https:\/\/www1.kkl.si\/wp-content\/uploads\/\/2020\/07\/spored_simb_brezplacna-1.svg\" alt=\"brezplacna\" width=\"40\" height=\"40\" srcset=\"https:\/\/www1.kkl.si\/wp-content\/uploads\/\/2020\/07\/spored_simb_brezplacna-1.svg 150w, https:\/\/www1.kkl.si\/wp-content\/uploads\/\/2020\/07\/spored_simb_brezplacna-1.svg 400w, https:\/\/www1.kkl.si\/wp-content\/uploads\/\/2020\/07\/spored_simb_brezplacna-1.svg 1500w, https:\/\/www1.kkl.si\/wp-content\/uploads\/\/2020\/07\/spored_simb_brezplacna-1.svg 100w\" sizes=\"auto, (max-width: 40px) 100vw, 40px\" \/><\/strong><\/p>\n<\/td>\n<td style=\"width: 89.9764%;\">\n<p><strong> <a href=\"https:\/\/www1.kkl.si\/wp-content\/uploads\/2022\/04\/Plakat_PIA_SLO-HUN.jpg\" data-lbwps-width=\"1417\" data-lbwps-height=\"1984\" data-lbwps-srcsmall=\"https:\/\/www1.kkl.si\/wp-content\/uploads\/2022\/04\/Plakat_PIA_SLO-HUN-286x400.jpg\"><img loading=\"lazy\" decoding=\"async\" class=\"slika alignright wp-image-7240\" src=\"https:\/\/www1.kkl.si\/wp-content\/uploads\/2022\/04\/Plakat_PIA_SLO-HUN-286x400.jpg\" alt=\"\" width=\"150\" height=\"210\" srcset=\"https:\/\/www1.kkl.si\/wp-content\/uploads\/2022\/04\/Plakat_PIA_SLO-HUN-286x400.jpg 286w, https:\/\/www1.kkl.si\/wp-content\/uploads\/2022\/04\/Plakat_PIA_SLO-HUN-1071x1500.jpg 1071w, https:\/\/www1.kkl.si\/wp-content\/uploads\/2022\/04\/Plakat_PIA_SLO-HUN.jpg 1417w\" sizes=\"auto, (max-width: 150px) 100vw, 150px\" \/><\/a><i class=\"fas fa-calendar\"><\/i> 2022. \u00e1prilis 26. kedd | <span class=\"zanr\">koncert<\/span> <span class=\"odpade\">ELMARAD!<\/span><br \/>\n<i class=\"fas fa-clock\"><\/i> 19.00<\/strong><\/p>\n<p><a href=\"https:\/\/www1.kkl.si\/sl\/predmaturitetni-koncert-pie-novak\/\"><strong><span style=\"font-size: 28px;\">Pia Novak (szopr\u00e1n) \u00e9retts\u00e9gi el\u0151tti koncertje*<\/span><\/strong><\/a><\/p>\n<p>Zongorak\u00eds\u00e9ret: <strong>Darja Mlakar Male\u017ei\u010d<\/strong> | Mentor: <strong>Tatjana Vasle<\/strong>, Ljubljanai Zenei \u00e9s Balett Konzervat\u00f3rium<\/p>\n<p><i class=\"fas fa-map-marker\"><\/i> Helysz\u00edn: Lendvai Sz\u00ednh\u00e1z- \u00e9s Hangversenyterem<br \/>\n<i class=\"fas fa-chevron-circle-right\"><\/i> Szervez\u0151: <a href=\"http:\/\/www.zkd-lendava.com\/\">ZKD Lendava\/KKSz Lendva<\/a><\/p>\n<p><img loading=\"lazy\" decoding=\"async\" class=\"alignleft size-thumbnail wp-image-1490\" src=\"https:\/\/www1.kkl.si\/wp-content\/uploads\/2020\/03\/obvestilo_200px-150x150.png\" alt=\"\" width=\"150\" height=\"150\" \/><\/p>\n<p>Tisztelt l\u00e1togat\u00f3k! <\/p>\n<p>T\u00e1j\u00e9koztatjuk \u00d6n\u00f6ket, hogy betegs\u00e9g miatt a koncert sajnos elmarad. <br \/>\nA koncert \u00faj id\u0151pontj\u00e1r\u00f3l t\u00e1j\u00e9koztatjuk \u00d6n\u00f6ket.<\/p>\n<p><em>K\u00f6sz\u00f6nj\u00fck a meg\u00e9rt\u00e9st.<\/em><\/p>\n<\/td>\n<\/tr>\n<\/tbody>\n<\/table>\n<p style=\"text-align: center;\"><span style=\"font-size: 12px;\">A szervez\u0151k fenntartj\u00e1k a m\u0171sorv\u00e1ltoz\u00e1s jog\u00e1t.<\/span><\/p>\n","protected":false},"excerpt":{"rendered":"<p>2022. janu\u00e1r | febru\u00e1r | m\u00e1rcius | \u00e1prilis | m\u00e1jus | j\u00fanius | j\u00falius | augusztus |\u00a0szeptember | okt\u00f3ber | november | december | ARCH\u00cdVUM JELMAGYAR\u00c1ZAT Szlov\u00e9n b\u00e9rlet Magyar b\u00e9rlet Z\u00e1rtk\u00f6r\u0171 rendezv\u00e9ny Ingyenes rendezv\u00e9ny Fizet\u0151s rendezv\u00e9ny \u00dajdons\u00e1g, v\u00e1ltoz\u00e1s 7. 2022. \u00e1prilis 7. cs\u00fct\u00f6rt\u00f6k | kultur\u00e1lis rendezv\u00e9ny, ki\u00e1ll\u00edt\u00e1s 19.00 NEMES L\u00c1SZL\u00d3 fest\u0151m\u0171v\u00e9sz k\u00f6nyvbemutat\u00f3ja \u00e9s kamaraki\u00e1ll\u00edt\u00e1sa A [&hellip;]<\/p>\n","protected":false},"author":2,"featured_media":0,"parent":0,"menu_order":0,"comment_status":"closed","ping_status":"closed","template":"","meta":{"footnotes":""},"class_list":["post-7128","page","type-page","status-publish","hentry","post"],"_links":{"self":[{"href":"https:\/\/www1.kkl.si\/hu\/wp-json\/wp\/v2\/pages\/7128","targetHints":{"allow":["GET"]}}],"collection":[{"href":"https:\/\/www1.kkl.si\/hu\/wp-json\/wp\/v2\/pages"}],"about":[{"href":"https:\/\/www1.kkl.si\/hu\/wp-json\/wp\/v2\/types\/page"}],"author":[{"embeddable":true,"href":"https:\/\/www1.kkl.si\/hu\/wp-json\/wp\/v2\/users\/2"}],"replies":[{"embeddable":true,"href":"https:\/\/www1.kkl.si\/hu\/wp-json\/wp\/v2\/comments?post=7128"}],"version-history":[{"count":35,"href":"https:\/\/www1.kkl.si\/hu\/wp-json\/wp\/v2\/pages\/7128\/revisions"}],"predecessor-version":[{"id":10851,"href":"https:\/\/www1.kkl.si\/hu\/wp-json\/wp\/v2\/pages\/7128\/revisions\/10851"}],"wp:attachment":[{"href":"https:\/\/www1.kkl.si\/hu\/wp-json\/wp\/v2\/media?parent=7128"}],"curies":[{"name":"wp","href":"https:\/\/api.w.org\/{rel}","templated":true}]}}