{"id":7155,"date":"2022-04-04T10:06:48","date_gmt":"2022-04-04T08:06:48","guid":{"rendered":"https:\/\/www1.kkl.si\/?page_id=7155"},"modified":"2022-04-06T12:00:10","modified_gmt":"2022-04-06T10:00:10","slug":"nemes-laszlo-festomuvesz-konyvbemutatoja-es-kamarakiallitasa","status":"publish","type":"page","link":"https:\/\/www1.kkl.si\/hu\/nemes-laszlo-festomuvesz-konyvbemutatoja-es-kamarakiallitasa\/","title":{"rendered":"NEMES L\u00c1SZL\u00d3 fest\u0151m\u0171v\u00e9sz k\u00f6nyvbemutat\u00f3ja \u00e9s kamaraki\u00e1ll\u00edt\u00e1sa"},"content":{"rendered":"<div class=\"opis\"><strong><img loading=\"lazy\" decoding=\"async\" class=\"wp-image-1588 alignright\" title=\"Ingyenes rendezv\u00e9ny\" src=\"https:\/\/www1.kkl.si\/wp-content\/uploads\/\/2020\/07\/spored_simb_brezplacna-1.svg\" alt=\"brezplacna\" width=\"40\" height=\"40\" srcset=\"https:\/\/www1.kkl.si\/wp-content\/uploads\/\/2020\/07\/spored_simb_brezplacna-1.svg 150w, https:\/\/www1.kkl.si\/wp-content\/uploads\/\/2020\/07\/spored_simb_brezplacna-1.svg 400w, https:\/\/www1.kkl.si\/wp-content\/uploads\/\/2020\/07\/spored_simb_brezplacna-1.svg 1500w, https:\/\/www1.kkl.si\/wp-content\/uploads\/\/2020\/07\/spored_simb_brezplacna-1.svg 100w\" sizes=\"auto, (max-width: 40px) 100vw, 40px\" \/><i class=\"fas fa-calendar\"><\/i> <\/strong><strong>2022. \u00e1prilis 7. cs\u00fct\u00f6rt\u00f6k | <span class=\"zanr\">kultur\u00e1lis rendezv\u00e9ny, ki\u00e1ll\u00edt\u00e1s<\/span><br \/>\n<i class=\"fas fa-clock\"><\/i> 19.00<\/strong><br \/>\n<i class=\"fas fa-map-marker\"><\/i> Helysz\u00edn: Lendvai Sz\u00ednh\u00e1z- \u00e9s Hangversenyterem<br \/>\n<i class=\"fas fa-chevron-circle-right\"><\/i> Szervez\u0151: <a href=\"https:\/\/www.mnmi-zkmn.si\/\">MNMI-ZKMN<\/a><\/div>\n<div>\n<p><a href=\"https:\/\/www1.kkl.si\/wp-content\/uploads\/2022\/04\/Nemes-meghivo.jpg\" data-lbwps-width=\"715\" data-lbwps-height=\"321\" data-lbwps-srcsmall=\"https:\/\/www1.kkl.si\/wp-content\/uploads\/2022\/04\/Nemes-meghivo-400x180.jpg\"><img loading=\"lazy\" decoding=\"async\" class=\"alignright size-thumbnail wp-image-7151\" src=\"https:\/\/www1.kkl.si\/wp-content\/uploads\/2022\/04\/Nemes-meghivo-150x150.jpg\" alt=\"\" width=\"150\" height=\"150\" \/><\/a>Szeretettel megh\u00edvunk minden kedves \u00e9rdekl\u0151d\u0151t<\/p>\n<p>NEMES L\u00c1SZL\u00d3 fest\u0151m\u0171v\u00e9sz<br \/>\nAlbum\u00e1nak bemutat\u00f3j\u00e1ra \u00e9s kamaraki\u00e1ll\u00edt\u00e1s\u00e1nak megnyit\u00f3j\u00e1ra,<\/p>\n<p>amely <strong>2022. \u00e1prilis 7-\u00e9n<\/strong> (cs\u00fct\u00f6rt\u00f6k\u00f6n) <strong>19 \u00f3rakor<\/strong><br \/>\nlesz a lendvai Sz\u00ednh\u00e1z- \u00e9s Hangversenyterem el\u0151csarnok\u00e1ban.<\/p>\n<p>K\u00f6sz\u00f6nt\u0151t mondanak:<br \/>\n<em><strong>Balaicz Zolt\u00e1n<\/strong><\/em>, Zalaegerszeg Megyei Jog\u00fa V\u00e1ros polg\u00e1rmestere<br \/>\n<em><strong>Magyar Janez<\/strong><\/em>, Lendva K\u00f6zs\u00e9g polg\u00e1rmestere<br \/>\n<em><strong>\u0160oo\u0161 Mihael<\/strong><\/em>, a lendvai Magyar Nemzetis\u00e9gi M\u0171vel\u0151d\u00e9si Int\u00e9zet igazgat\u00f3ja<\/p>\n<p>A fest\u0151m\u0171v\u00e9sszel besz\u00e9lgetnek:<br \/>\n<em><strong>Seres P\u00e9ter<\/strong><\/em> \u00e9s <em><strong>Kepe Kocon Lili<\/strong><\/em> szerkeszt\u0151k<\/p>\n<p>A rendezv\u00e9nyen k\u00f6zrem\u0171k\u00f6dik:<br \/>\n<em><strong>Ko\u0161a Peter<\/strong><\/em> heged\u0171n \u00e9s <em><strong>Pal Emil<\/strong><\/em> zongor\u00e1n<\/p>\n<p><em>A ki\u00e1ll\u00edt\u00e1st m\u00e1jus 3-ig lehet megtekinteni.<\/em><\/p>\n<p>A szerz\u0151 \u00e9s a szervez\u0151k<\/p>\n<\/div>\n<div>\n<hr \/>\n<p><i class=\"fas fa-link\"><\/i> <a href=\"https:\/\/www.mnmi-zkmn.si\/event\/nemes-laszlo-festomuvesz-albumanak-bemutatoja\/\">https:\/\/www.mnmi-zkmn.si\/event\/nemes-laszlo-festomuvesz-albumanak-bemutatoja\/<\/a><\/p>\n<\/div>\n","protected":false},"excerpt":{"rendered":"<p>2022. \u00e1prilis 7. cs\u00fct\u00f6rt\u00f6k | kultur\u00e1lis rendezv\u00e9ny, ki\u00e1ll\u00edt\u00e1s 19.00 Helysz\u00edn: Lendvai Sz\u00ednh\u00e1z- \u00e9s Hangversenyterem Szervez\u0151: MNMI-ZKMN Szeretettel megh\u00edvunk minden kedves \u00e9rdekl\u0151d\u0151t NEMES L\u00c1SZL\u00d3 fest\u0151m\u0171v\u00e9sz Album\u00e1nak bemutat\u00f3j\u00e1ra \u00e9s kamaraki\u00e1ll\u00edt\u00e1s\u00e1nak megnyit\u00f3j\u00e1ra, amely 2022. \u00e1prilis 7-\u00e9n (cs\u00fct\u00f6rt\u00f6k\u00f6n) 19 \u00f3rakor lesz a lendvai Sz\u00ednh\u00e1z- \u00e9s Hangversenyterem el\u0151csarnok\u00e1ban. K\u00f6sz\u00f6nt\u0151t mondanak: Balaicz Zolt\u00e1n, Zalaegerszeg Megyei Jog\u00fa V\u00e1ros polg\u00e1rmestere Magyar Janez, Lendva [&hellip;]<\/p>\n","protected":false},"author":2,"featured_media":7151,"parent":0,"menu_order":0,"comment_status":"closed","ping_status":"closed","template":"","meta":{"footnotes":""},"class_list":["post-7155","page","type-page","status-publish","has-post-thumbnail","hentry","post","post-with-thumbnail","post-with-thumbnail-icon"],"_links":{"self":[{"href":"https:\/\/www1.kkl.si\/hu\/wp-json\/wp\/v2\/pages\/7155","targetHints":{"allow":["GET"]}}],"collection":[{"href":"https:\/\/www1.kkl.si\/hu\/wp-json\/wp\/v2\/pages"}],"about":[{"href":"https:\/\/www1.kkl.si\/hu\/wp-json\/wp\/v2\/types\/page"}],"author":[{"embeddable":true,"href":"https:\/\/www1.kkl.si\/hu\/wp-json\/wp\/v2\/users\/2"}],"replies":[{"embeddable":true,"href":"https:\/\/www1.kkl.si\/hu\/wp-json\/wp\/v2\/comments?post=7155"}],"version-history":[{"count":2,"href":"https:\/\/www1.kkl.si\/hu\/wp-json\/wp\/v2\/pages\/7155\/revisions"}],"predecessor-version":[{"id":7188,"href":"https:\/\/www1.kkl.si\/hu\/wp-json\/wp\/v2\/pages\/7155\/revisions\/7188"}],"wp:featuredmedia":[{"embeddable":true,"href":"https:\/\/www1.kkl.si\/hu\/wp-json\/wp\/v2\/media\/7151"}],"wp:attachment":[{"href":"https:\/\/www1.kkl.si\/hu\/wp-json\/wp\/v2\/media?parent=7155"}],"curies":[{"name":"wp","href":"https:\/\/api.w.org\/{rel}","templated":true}]}}