{"id":7160,"date":"2022-04-04T10:42:57","date_gmt":"2022-04-04T08:42:57","guid":{"rendered":"https:\/\/www1.kkl.si\/?page_id=7160"},"modified":"2022-05-17T12:11:25","modified_gmt":"2022-05-17T10:11:25","slug":"es-te-kolto-bence-lajos-muravideki-kolto-verses-portrefilmje","status":"publish","type":"page","link":"https:\/\/www1.kkl.si\/hu\/es-te-kolto-bence-lajos-muravideki-kolto-verses-portrefilmje\/","title":{"rendered":"\u00c9S TE, K\u00d6LT\u0150? \u2013 Bence Lajos muravid\u00e9ki k\u00f6lt\u0151 verses portr\u00e9filmje"},"content":{"rendered":"<div class=\"opis\"><strong><img loading=\"lazy\" decoding=\"async\" class=\"wp-image-1588 alignright\" title=\"Ingyenes rendezv\u00e9ny\" src=\"https:\/\/www1.kkl.si\/wp-content\/uploads\/\/2020\/07\/spored_simb_brezplacna-1.svg\" alt=\"brezplacna\" width=\"40\" height=\"40\" srcset=\"https:\/\/www1.kkl.si\/wp-content\/uploads\/\/2020\/07\/spored_simb_brezplacna-1.svg 150w, https:\/\/www1.kkl.si\/wp-content\/uploads\/\/2020\/07\/spored_simb_brezplacna-1.svg 400w, https:\/\/www1.kkl.si\/wp-content\/uploads\/\/2020\/07\/spored_simb_brezplacna-1.svg 1500w, https:\/\/www1.kkl.si\/wp-content\/uploads\/\/2020\/07\/spored_simb_brezplacna-1.svg 100w\" sizes=\"auto, (max-width: 40px) 100vw, 40px\" \/><i class=\"fas fa-calendar\"><\/i> <\/strong><strong>2022. \u00e1prilis 11. h\u00e9tf\u0151 | <span class=\"zanr\">portr\u00e9film<\/span><br \/>\n<i class=\"fas fa-clock\"><\/i> 18.00<\/strong><br \/>\n<i class=\"fas fa-map-marker\"><\/i> Helysz\u00edn: Lendvai Sz\u00ednh\u00e1z- \u00e9s Hangversenyterem<br \/>\n<i class=\"fas fa-chevron-circle-right\"><\/i> Szervez\u0151: <a href=\"https:\/\/www.mnmi-zkmn.si\/\">MNMI-ZKMN<\/a><\/div>\n<div>\n<p><a href=\"https:\/\/www1.kkl.si\/wp-content\/uploads\/2022\/04\/es_te_kolto.jpg\" data-lbwps-width=\"1774\" data-lbwps-height=\"1248\" data-lbwps-srcsmall=\"https:\/\/www1.kkl.si\/wp-content\/uploads\/2022\/04\/es_te_kolto-400x281.jpg\"><img loading=\"lazy\" decoding=\"async\" class=\"alignright size-medium wp-image-7192\" src=\"https:\/\/www1.kkl.si\/wp-content\/uploads\/2022\/04\/es_te_kolto-400x281.jpg\" alt=\"\" width=\"400\" height=\"281\" srcset=\"https:\/\/www1.kkl.si\/wp-content\/uploads\/2022\/04\/es_te_kolto-400x281.jpg 400w, https:\/\/www1.kkl.si\/wp-content\/uploads\/2022\/04\/es_te_kolto-1500x1055.jpg 1500w, https:\/\/www1.kkl.si\/wp-content\/uploads\/2022\/04\/es_te_kolto.jpg 1774w\" sizes=\"auto, (max-width: 400px) 100vw, 400px\" \/><\/a>Mindenkit sok szeretettel v\u00e1runk a Magyar K\u00f6lt\u00e9szet Napj\u00e1n az<br \/>\n<strong>\u00c9s te, k\u00f6lt\u0151?<br \/>\n<\/strong>c\u00edm\u0171 Bence Lajos J\u00f3zsef Attila d\u00edjas muravid\u00e9ki k\u00f6lt\u0151 verses portr\u00e9filmje bemutat\u00f3j\u00e1ra.<\/p>\n<p>A filmben szem\u00e9lyes vallom\u00e1s \u00e9s a tehets\u00e9ges versmond\u00f3k k\u00f6zvet\u00edt\u00e9s\u00e9ben a k\u00f6lt\u00e9szet reflekt\u00e1l egym\u00e1sra. Mert ahol egy k\u00f6z\u00f6ss\u00e9gnek \u00e9l\u0151 k\u00f6lt\u0151je van, ott a versek is elevenen \u00e9lnek.<\/p>\n<p><em>A film szlov\u00e9n feliratokkal is el lesz l\u00e1tva!<\/em><\/p>\n<p><strong><em>Rendez\u0151:<\/em><\/strong>\u00a0G\u00e1l Anaszt\u00e1zia<br \/>\n<strong><em>Operat\u0151r:\u00a0<\/em><\/strong>L\u00e1szl\u00f3 G\u00e1bor<\/p>\n<p><strong><em>Versmond\u00f3k:<\/em><\/strong>\u00a0Bellus Attila sz\u00ednm\u0171v\u00e9sz, Bogdan Lara, Gal Alja, Horv\u00e1th Bendeg\u00faz, Kova\u010d \u00c1lmos, Lebar Elisa, Ruzsics Gerg\u0151, Peter \u0160oo\u0161, So\u00f3s Zsombor, Sz\u00e9pligeti M\u00e1ty\u00e1s, Ticz Andr\u00e1s sz\u00ednm\u0171v\u00e9sz, Varga Kata-Lina sz\u00ednm\u0171v\u00e9sz, V\u00e9gi No\u00e9mi, V\u00f6r\u00f6s Piroska, Zadravec Szekeres Ilona<\/p>\n<p><strong><em>Gy\u00e1rt\u00e1s \u00e9ve:<\/em><\/strong><em>\u00a0<\/em>2022.<br \/>\n<strong><em>Gy\u00e1rt\u00f3 c\u00e9g:<\/em><\/strong>\u00a0K\u00e9thelyk\u00f6zt Film Kft<br \/>\n<strong><em>T\u00e1mogat\u00f3:<\/em><\/strong>\u00a0Nemzeti Filmint\u00e9zet Magyarorsz\u00e1g<\/p>\n<\/div>\n","protected":false},"excerpt":{"rendered":"<p>2022. \u00e1prilis 11. h\u00e9tf\u0151 | portr\u00e9film 18.00 Helysz\u00edn: Lendvai Sz\u00ednh\u00e1z- \u00e9s Hangversenyterem Szervez\u0151: MNMI-ZKMN Mindenkit sok szeretettel v\u00e1runk a Magyar K\u00f6lt\u00e9szet Napj\u00e1n az \u00c9s te, k\u00f6lt\u0151? c\u00edm\u0171 Bence Lajos J\u00f3zsef Attila d\u00edjas muravid\u00e9ki k\u00f6lt\u0151 verses portr\u00e9filmje bemutat\u00f3j\u00e1ra. A filmben szem\u00e9lyes vallom\u00e1s \u00e9s a tehets\u00e9ges versmond\u00f3k k\u00f6zvet\u00edt\u00e9s\u00e9ben a k\u00f6lt\u00e9szet reflekt\u00e1l egym\u00e1sra. Mert ahol egy k\u00f6z\u00f6ss\u00e9gnek \u00e9l\u0151 [&hellip;]<\/p>\n","protected":false},"author":2,"featured_media":7193,"parent":0,"menu_order":0,"comment_status":"closed","ping_status":"closed","template":"","meta":{"footnotes":""},"class_list":["post-7160","page","type-page","status-publish","has-post-thumbnail","hentry","post","post-with-thumbnail","post-with-thumbnail-icon"],"_links":{"self":[{"href":"https:\/\/www1.kkl.si\/hu\/wp-json\/wp\/v2\/pages\/7160","targetHints":{"allow":["GET"]}}],"collection":[{"href":"https:\/\/www1.kkl.si\/hu\/wp-json\/wp\/v2\/pages"}],"about":[{"href":"https:\/\/www1.kkl.si\/hu\/wp-json\/wp\/v2\/types\/page"}],"author":[{"embeddable":true,"href":"https:\/\/www1.kkl.si\/hu\/wp-json\/wp\/v2\/users\/2"}],"replies":[{"embeddable":true,"href":"https:\/\/www1.kkl.si\/hu\/wp-json\/wp\/v2\/comments?post=7160"}],"version-history":[{"count":2,"href":"https:\/\/www1.kkl.si\/hu\/wp-json\/wp\/v2\/pages\/7160\/revisions"}],"predecessor-version":[{"id":7204,"href":"https:\/\/www1.kkl.si\/hu\/wp-json\/wp\/v2\/pages\/7160\/revisions\/7204"}],"wp:featuredmedia":[{"embeddable":true,"href":"https:\/\/www1.kkl.si\/hu\/wp-json\/wp\/v2\/media\/7193"}],"wp:attachment":[{"href":"https:\/\/www1.kkl.si\/hu\/wp-json\/wp\/v2\/media?parent=7160"}],"curies":[{"name":"wp","href":"https:\/\/api.w.org\/{rel}","templated":true}]}}