{"id":7257,"date":"2022-04-09T10:25:59","date_gmt":"2022-04-09T08:25:59","guid":{"rendered":"https:\/\/www1.kkl.si\/?page_id=7257"},"modified":"2022-04-25T17:11:32","modified_gmt":"2022-04-25T15:11:32","slug":"pia-novak-szopran-erettsegi-elotti-koncertje","status":"publish","type":"page","link":"https:\/\/www1.kkl.si\/hu\/pia-novak-szopran-erettsegi-elotti-koncertje\/","title":{"rendered":"Pia Novak (szopr\u00e1n) \u00e9retts\u00e9gi el\u0151tti koncertje"},"content":{"rendered":"<div class=\"opis\"><img loading=\"lazy\" decoding=\"async\" class=\"wp-image-1588 alignright\" title=\"Ingyenes rendezv\u00e9ny\" src=\"https:\/\/www1.kkl.si\/wp-content\/uploads\/\/2020\/07\/spored_simb_brezplacna-1.svg\" alt=\"brezplacna\" width=\"40\" height=\"40\" srcset=\"https:\/\/www1.kkl.si\/wp-content\/uploads\/\/2020\/07\/spored_simb_brezplacna-1.svg 150w, https:\/\/www1.kkl.si\/wp-content\/uploads\/\/2020\/07\/spored_simb_brezplacna-1.svg 400w, https:\/\/www1.kkl.si\/wp-content\/uploads\/\/2020\/07\/spored_simb_brezplacna-1.svg 1500w, https:\/\/www1.kkl.si\/wp-content\/uploads\/\/2020\/07\/spored_simb_brezplacna-1.svg 100w\" sizes=\"auto, (max-width: 40px) 100vw, 40px\" \/>\u00a0<i class=\"fas fa-calendar\"><\/i> <strong>2022. \u00e1prilis 26. kedd | <span class=\"zanr\">koncert<\/span> <span class=\"odpade\">ELMARAD!<\/span><br \/>\n<\/strong><i class=\"fas fa-clock\"><\/i> <strong>19.00<\/strong> <br \/>\n<i class=\"fas fa-map-marker\"><\/i> Helysz\u00edn: Lendvai Sz\u00ednh\u00e1z- \u00e9s Hangversenyterem<br \/>\n<i class=\"fas fa-chevron-circle-right\"><\/i> Szervez\u0151: <a href=\"http:\/\/www.zkd-lendava.com\/\">ZKD Lendava\/KKSz Lendva<\/a><\/div>\n<p>Zongorak\u00eds\u00e9ret: <strong>Darja Mlakar Male\u017ei\u010d<br \/>\n<\/strong>Mentor: <strong>Tatjana Vasle<\/strong>, Ljubljanai Zenei \u00e9s Balett Konzervat\u00f3rium<\/p>\n<p>Sok szeretettel v\u00e1runk minden \u00e9rdekl\u0151d\u0151t! A bel\u00e9p\u00e9s d\u00edjtalan.<\/p>\n<p><a href=\"https:\/\/www1.kkl.si\/wp-content\/uploads\/2022\/04\/Plakat_PIA_SLO-HUN.jpg\" data-lbwps-width=\"1417\" data-lbwps-height=\"1984\" data-lbwps-srcsmall=\"https:\/\/www1.kkl.si\/wp-content\/uploads\/2022\/04\/Plakat_PIA_SLO-HUN-286x400.jpg\"><img loading=\"lazy\" decoding=\"async\" class=\"alignnone size-large wp-image-7240\" src=\"https:\/\/www1.kkl.si\/wp-content\/uploads\/2022\/04\/Plakat_PIA_SLO-HUN-1071x1500.jpg\" alt=\"\" width=\"1071\" height=\"1500\" srcset=\"https:\/\/www1.kkl.si\/wp-content\/uploads\/2022\/04\/Plakat_PIA_SLO-HUN-1071x1500.jpg 1071w, https:\/\/www1.kkl.si\/wp-content\/uploads\/2022\/04\/Plakat_PIA_SLO-HUN-286x400.jpg 286w, https:\/\/www1.kkl.si\/wp-content\/uploads\/2022\/04\/Plakat_PIA_SLO-HUN.jpg 1417w\" sizes=\"auto, (max-width: 1071px) 100vw, 1071px\" \/><\/a><\/p>\n","protected":false},"excerpt":{"rendered":"<p>\u00a0 2022. \u00e1prilis 26. kedd | koncert ELMARAD! 19.00 Helysz\u00edn: Lendvai Sz\u00ednh\u00e1z- \u00e9s Hangversenyterem Szervez\u0151: ZKD Lendava\/KKSz Lendva Zongorak\u00eds\u00e9ret: Darja Mlakar Male\u017ei\u010d Mentor: Tatjana Vasle, Ljubljanai Zenei \u00e9s Balett Konzervat\u00f3rium Sok szeretettel v\u00e1runk minden \u00e9rdekl\u0151d\u0151t! A bel\u00e9p\u00e9s d\u00edjtalan.<\/p>\n","protected":false},"author":2,"featured_media":7240,"parent":0,"menu_order":0,"comment_status":"closed","ping_status":"closed","template":"","meta":{"footnotes":""},"class_list":["post-7257","page","type-page","status-publish","has-post-thumbnail","hentry","post","post-with-thumbnail","post-with-thumbnail-icon"],"_links":{"self":[{"href":"https:\/\/www1.kkl.si\/hu\/wp-json\/wp\/v2\/pages\/7257","targetHints":{"allow":["GET"]}}],"collection":[{"href":"https:\/\/www1.kkl.si\/hu\/wp-json\/wp\/v2\/pages"}],"about":[{"href":"https:\/\/www1.kkl.si\/hu\/wp-json\/wp\/v2\/types\/page"}],"author":[{"embeddable":true,"href":"https:\/\/www1.kkl.si\/hu\/wp-json\/wp\/v2\/users\/2"}],"replies":[{"embeddable":true,"href":"https:\/\/www1.kkl.si\/hu\/wp-json\/wp\/v2\/comments?post=7257"}],"version-history":[{"count":3,"href":"https:\/\/www1.kkl.si\/hu\/wp-json\/wp\/v2\/pages\/7257\/revisions"}],"predecessor-version":[{"id":7467,"href":"https:\/\/www1.kkl.si\/hu\/wp-json\/wp\/v2\/pages\/7257\/revisions\/7467"}],"wp:featuredmedia":[{"embeddable":true,"href":"https:\/\/www1.kkl.si\/hu\/wp-json\/wp\/v2\/media\/7240"}],"wp:attachment":[{"href":"https:\/\/www1.kkl.si\/hu\/wp-json\/wp\/v2\/media?parent=7257"}],"curies":[{"name":"wp","href":"https:\/\/api.w.org\/{rel}","templated":true}]}}