{"id":7305,"date":"2022-04-14T20:18:17","date_gmt":"2022-04-14T18:18:17","guid":{"rendered":"https:\/\/www1.kkl.si\/?page_id=7305"},"modified":"2022-04-14T21:49:33","modified_gmt":"2022-04-14T19:49:33","slug":"gledalisce-ku-kuc-smetiscni-skrat","status":"publish","type":"page","link":"https:\/\/www1.kkl.si\/hu\/gledalisce-ku-kuc-smetiscni-skrat\/","title":{"rendered":"Gledali\u0161\u010de KU-KUC: Smeti\u0161\u010dni \u0161krat"},"content":{"rendered":"<div class=\"opis\"><img loading=\"lazy\" decoding=\"async\" class=\"wp-image-1592 alignright\" title=\"Fizet\u0151s rendezv\u00e9ny\" src=\"https:\/\/www1.kkl.si\/wp-content\/uploads\/\/2020\/07\/spored_simb_placljiva-1.svg\" alt=\"placljiva\" width=\"40\" height=\"40\" srcset=\"https:\/\/www1.kkl.si\/wp-content\/uploads\/\/2020\/07\/spored_simb_placljiva-1.svg 150w, https:\/\/www1.kkl.si\/wp-content\/uploads\/\/2020\/07\/spored_simb_placljiva-1.svg 400w, https:\/\/www1.kkl.si\/wp-content\/uploads\/\/2020\/07\/spored_simb_placljiva-1.svg 1500w, https:\/\/www1.kkl.si\/wp-content\/uploads\/\/2020\/07\/spored_simb_placljiva-1.svg 100w\" sizes=\"auto, (max-width: 40px) 100vw, 40px\" \/>\u00a0<i class=\"fas fa-calendar\"><\/i> <strong>2022. \u00e1prilis 23. szombat | <span class=\"zanr\">gyerekel\u0151ad\u00e1s<\/span><br \/>\n<i class=\"fas fa-clock\"><\/i> 10.00<br \/>\n<\/strong><i class=\"fas fa-ticket-alt\"><\/i> Bel\u00e9p\u0151jegy \u00e1ra: <strong>2 \u20ac<\/strong> <br \/>\n<i class=\"fas fa-map-marker\"><\/i> Helysz\u00edn: Lendvai Sz\u00ednh\u00e1z- \u00e9s Hangversenyterem<br \/>\n<i class=\"fas fa-chevron-circle-right\"><\/i> Szervez\u0151: <a href=\"https:\/\/www.kkl.si\/\">Knji\u017enica \u2013 Kulturni center Lendava \u2013 Lendvai K\u00f6nyvt\u00e1r \u00e9s Kultur\u00e1lis K\u00f6zpont<\/a><\/div>\n<p><a href=\"https:\/\/www1.kkl.si\/wp-content\/uploads\/2022\/04\/plakat_B2_kukuc_smetiscni_skrat_2022_splet.jpg\" data-lbwps-width=\"1214\" data-lbwps-height=\"1700\" data-lbwps-srcsmall=\"https:\/\/www1.kkl.si\/wp-content\/uploads\/2022\/04\/plakat_B2_kukuc_smetiscni_skrat_2022_splet-286x400.jpg\"><img loading=\"lazy\" decoding=\"async\" class=\"slika alignright wp-image-7276 size-medium\" src=\"https:\/\/www1.kkl.si\/wp-content\/uploads\/2022\/04\/plakat_B2_kukuc_smetiscni_skrat_2022_splet-286x400.jpg\" alt=\"\" width=\"286\" height=\"400\" srcset=\"https:\/\/www1.kkl.si\/wp-content\/uploads\/2022\/04\/plakat_B2_kukuc_smetiscni_skrat_2022_splet-286x400.jpg 286w, https:\/\/www1.kkl.si\/wp-content\/uploads\/2022\/04\/plakat_B2_kukuc_smetiscni_skrat_2022_splet-1071x1500.jpg 1071w, https:\/\/www1.kkl.si\/wp-content\/uploads\/2022\/04\/plakat_B2_kukuc_smetiscni_skrat_2022_splet.jpg 1214w\" sizes=\"auto, (max-width: 286px) 100vw, 286px\" \/><\/a><\/p>\n<p><em>Szlov\u00e9n le\u00edr\u00e1s:<\/em><\/p>\n<p><strong>SMETI\u0160\u010cNI \u0160KRAT<\/strong><br \/>\n<strong>In zme\u0161njava v \u017eivalskem vrtu<\/strong><\/p>\n<p>Izvirna EKO predstava je nastala v sodelovanju z Zavodom Vista, njeno iskrivo zgodbo pa je ubesedila priznana otro\u0161ka pisateljica Aleksandra Pinteri\u010d.<\/p>\n<p>Napeto dogajanje pred vrati \u017eivalskega vrta popestri avtorska glasba, preplet igre in lutk ter aktivna vloga gledalcev.<\/p>\n<p>V na\u0161 \u017eivalski vrt se je namre\u010d prikradel Smeti\u0161\u010dni \u0161krat, ki smeti tudi drugod. Slon, papiga in opica ne zmorejo brez pomo\u010di otro\u0161ke domi\u0161ljije in navihanosti, ki najdejo prebrisano pot do re\u0161itve.<\/p>\n<p>Ob smehu in glasbi bomo v preddverju na\u0161ega malega \u017eivalskega vrta re\u0161ili \u00bbnajve\u010djo ekolo\u0161ko zagato na svetu\u00ab in z njo vso naravo pred onesna\u017eenjem.<\/p>\n<p><strong>Trajanje:<\/strong> 35 min<\/p>\n<p>O PREDSTAVI<\/p>\n<p><strong>Najbolj primerna za:<\/strong> <br \/>\nVrtec 3-6, O\u0160 I. triada, O\u0160 II. triada<\/p>\n<p><strong>Obravnavane teme:<\/strong><br \/>\nSKRB ZA NARAVO, EKOLOGIJA, SODELOVANJE, PRAVILA, HUMOR, POGUM<\/p>\n<p><strong>Vloga gledalcev:<\/strong><br \/>\nPo\u010distijo smeti, spravijo Smeti\u0161\u010dnega \u0161krat za zapahe in tako re\u0161ijo naravo<\/p>\n<p><a href=\"https:\/\/www1.kkl.si\/wp-content\/uploads\/2022\/04\/smetiscni_skrat_01.jpg\" data-lbwps-width=\"880\" data-lbwps-height=\"440\" data-lbwps-srcsmall=\"https:\/\/www1.kkl.si\/wp-content\/uploads\/2022\/04\/smetiscni_skrat_01-400x200.jpg\"><img loading=\"lazy\" decoding=\"async\" class=\"alignnone size-full wp-image-7285\" src=\"https:\/\/www1.kkl.si\/wp-content\/uploads\/2022\/04\/smetiscni_skrat_01.jpg\" alt=\"\" width=\"880\" height=\"440\" srcset=\"https:\/\/www1.kkl.si\/wp-content\/uploads\/2022\/04\/smetiscni_skrat_01.jpg 880w, https:\/\/www1.kkl.si\/wp-content\/uploads\/2022\/04\/smetiscni_skrat_01-400x200.jpg 400w\" sizes=\"auto, (max-width: 880px) 100vw, 880px\" \/><\/a><\/p>\n<p>O AVTORJIH<br \/>\nZgodba in idejna zasnova: Aleksandra Pinteri\u010d<br \/>\nAvtorica priredbe: Ur\u0161ka Ra\u0161\u010dan<br \/>\nScenarij in re\u017eija: Ur\u0161ka Ra\u0161\u010dan<br \/>\nIgrajo: Petra Jauk, Luka Slavic, Ur\u0161ka Ra\u0161\u010dan, Ga\u0161per Lenart<br \/>\nOblikovalka lutk: Mateja Bogovi\u010d<br \/>\nKostumografija: Ur\u0161ka Polanc<br \/>\nScenografija: Aleksandra Pinteri\u010d<br \/>\nKonstrukcija: Dubravko Baumgartner<br \/>\nScenski rekviziti: Jure Forjan, Luna Forjan<br \/>\nMaska: Matej Pajntar<br \/>\nAvtor glasbe: Luka Slavic<br \/>\nBesedila songov: Aleksandra Pinteri\u010d<\/p>\n<p>FOTOGALERIJA<\/p>\n\n\t\t<style type=\"text\/css\">\n\t\t\t#gallery-1 {\n\t\t\t\tmargin: auto;\n\t\t\t}\n\t\t\t#gallery-1 .gallery-item {\n\t\t\t\tfloat: left;\n\t\t\t\tmargin-top: 10px;\n\t\t\t\ttext-align: center;\n\t\t\t\twidth: 20%;\n\t\t\t}\n\t\t\t#gallery-1 img {\n\t\t\t\tborder: 2px solid #cfcfcf;\n\t\t\t}\n\t\t\t#gallery-1 .gallery-caption {\n\t\t\t\tmargin-left: 0;\n\t\t\t}\n\t\t\t\/* see gallery_shortcode() in wp-includes\/media.php *\/\n\t\t<\/style>\n\t\t<div id='gallery-1' class='gallery galleryid-7305 gallery-columns-5 gallery-size-thumbnail'><dl class='gallery-item'>\n\t\t\t<dt class='gallery-icon landscape'>\n\t\t\t\t<a href='https:\/\/www1.kkl.si\/wp-content\/uploads\/2022\/04\/smetiscni_skrat_02.jpg'><img loading=\"lazy\" decoding=\"async\" width=\"150\" height=\"150\" src=\"https:\/\/www1.kkl.si\/wp-content\/uploads\/2022\/04\/smetiscni_skrat_02-150x150.jpg\" class=\"attachment-thumbnail size-thumbnail\" alt=\"\" \/><\/a>\n\t\t\t<\/dt><\/dl><dl class='gallery-item'>\n\t\t\t<dt class='gallery-icon landscape'>\n\t\t\t\t<a href='https:\/\/www1.kkl.si\/wp-content\/uploads\/2022\/04\/smetiscni_skrat_03.jpg'><img loading=\"lazy\" decoding=\"async\" width=\"150\" height=\"150\" src=\"https:\/\/www1.kkl.si\/wp-content\/uploads\/2022\/04\/smetiscni_skrat_03-150x150.jpg\" class=\"attachment-thumbnail size-thumbnail\" alt=\"\" \/><\/a>\n\t\t\t<\/dt><\/dl><dl class='gallery-item'>\n\t\t\t<dt class='gallery-icon landscape'>\n\t\t\t\t<a href='https:\/\/www1.kkl.si\/wp-content\/uploads\/2022\/04\/smetiscni_skrat_04.jpg'><img loading=\"lazy\" decoding=\"async\" width=\"150\" height=\"150\" src=\"https:\/\/www1.kkl.si\/wp-content\/uploads\/2022\/04\/smetiscni_skrat_04-150x150.jpg\" class=\"attachment-thumbnail size-thumbnail\" alt=\"\" \/><\/a>\n\t\t\t<\/dt><\/dl><dl class='gallery-item'>\n\t\t\t<dt class='gallery-icon landscape'>\n\t\t\t\t<a href='https:\/\/www1.kkl.si\/wp-content\/uploads\/2022\/04\/smetiscni_skrat_05.jpg'><img loading=\"lazy\" decoding=\"async\" width=\"150\" height=\"150\" src=\"https:\/\/www1.kkl.si\/wp-content\/uploads\/2022\/04\/smetiscni_skrat_05-150x150.jpg\" class=\"attachment-thumbnail size-thumbnail\" alt=\"\" \/><\/a>\n\t\t\t<\/dt><\/dl><dl class='gallery-item'>\n\t\t\t<dt class='gallery-icon landscape'>\n\t\t\t\t<a href='https:\/\/www1.kkl.si\/wp-content\/uploads\/2022\/04\/smetiscni_skrat_2020_06.jpg'><img loading=\"lazy\" decoding=\"async\" width=\"150\" height=\"150\" src=\"https:\/\/www1.kkl.si\/wp-content\/uploads\/2022\/04\/smetiscni_skrat_2020_06-150x150.jpg\" class=\"attachment-thumbnail size-thumbnail\" alt=\"\" \/><\/a>\n\t\t\t<\/dt><\/dl><br style=\"clear: both\" \/>\n\t\t<\/div>\n\n<p>VIDEO-NAPOVEDNIK<\/p>\n<p><iframe loading=\"lazy\" src=\"\/\/www.youtube.com\/embed\/5nBQ3OS_Ivk\" width=\"1200\" height=\"673\" allowfullscreen=\"allowfullscreen\" data-mce-fragment=\"1\"><\/iframe><\/p>\n<hr \/>\n<p><i class=\"fas fa-link\"><\/i> <a href=\"https:\/\/kukucpredstave.com\/portfolio-item\/smetiscni-skrat\/\">https:\/\/kukucpredstave.com\/portfolio-item\/smetiscni-skrat\/<\/a><\/p>\n","protected":false},"excerpt":{"rendered":"<p>\u00a0 2022. \u00e1prilis 23. szombat | gyerekel\u0151ad\u00e1s 10.00 Bel\u00e9p\u0151jegy \u00e1ra: 2 \u20ac Helysz\u00edn: Lendvai Sz\u00ednh\u00e1z- \u00e9s Hangversenyterem Szervez\u0151: Knji\u017enica \u2013 Kulturni center Lendava \u2013 Lendvai K\u00f6nyvt\u00e1r \u00e9s Kultur\u00e1lis K\u00f6zpont Szlov\u00e9n le\u00edr\u00e1s: SMETI\u0160\u010cNI \u0160KRAT In zme\u0161njava v \u017eivalskem vrtu Izvirna EKO predstava je nastala v sodelovanju z Zavodom Vista, njeno iskrivo zgodbo pa je ubesedila priznana [&hellip;]<\/p>\n","protected":false},"author":2,"featured_media":7287,"parent":0,"menu_order":0,"comment_status":"closed","ping_status":"closed","template":"","meta":{"footnotes":""},"class_list":["post-7305","page","type-page","status-publish","has-post-thumbnail","hentry","post","post-with-thumbnail","post-with-thumbnail-icon"],"_links":{"self":[{"href":"https:\/\/www1.kkl.si\/hu\/wp-json\/wp\/v2\/pages\/7305","targetHints":{"allow":["GET"]}}],"collection":[{"href":"https:\/\/www1.kkl.si\/hu\/wp-json\/wp\/v2\/pages"}],"about":[{"href":"https:\/\/www1.kkl.si\/hu\/wp-json\/wp\/v2\/types\/page"}],"author":[{"embeddable":true,"href":"https:\/\/www1.kkl.si\/hu\/wp-json\/wp\/v2\/users\/2"}],"replies":[{"embeddable":true,"href":"https:\/\/www1.kkl.si\/hu\/wp-json\/wp\/v2\/comments?post=7305"}],"version-history":[{"count":3,"href":"https:\/\/www1.kkl.si\/hu\/wp-json\/wp\/v2\/pages\/7305\/revisions"}],"predecessor-version":[{"id":7313,"href":"https:\/\/www1.kkl.si\/hu\/wp-json\/wp\/v2\/pages\/7305\/revisions\/7313"}],"wp:featuredmedia":[{"embeddable":true,"href":"https:\/\/www1.kkl.si\/hu\/wp-json\/wp\/v2\/media\/7287"}],"wp:attachment":[{"href":"https:\/\/www1.kkl.si\/hu\/wp-json\/wp\/v2\/media?parent=7305"}],"curies":[{"name":"wp","href":"https:\/\/api.w.org\/{rel}","templated":true}]}}