{"id":7372,"date":"2022-05-03T08:31:59","date_gmt":"2022-05-03T06:31:59","guid":{"rendered":"https:\/\/www1.kkl.si\/?page_id=7372"},"modified":"2022-05-03T08:32:56","modified_gmt":"2022-05-03T06:32:56","slug":"zala-gyorgy-emleknap-2022-zala-gyorgy-vandorkiallitas-megnyitoja-utana-koszoruzas-a-zala-gyorgy-szobornal","status":"publish","type":"page","link":"https:\/\/www1.kkl.si\/hu\/zala-gyorgy-emleknap-2022-zala-gyorgy-vandorkiallitas-megnyitoja-utana-koszoruzas-a-zala-gyorgy-szobornal\/","title":{"rendered":"ZALA GY\u00d6RGY-EML\u00c9KNAP 2022: Zala Gy\u00f6rgy-v\u00e1ndorki\u00e1ll\u00edt\u00e1s megnyit\u00f3ja, ut\u00e1na koszor\u00faz\u00e1s a Zala Gy\u00f6rgy-szoborn\u00e1l"},"content":{"rendered":"<div class=\"opis\"><strong><img loading=\"lazy\" decoding=\"async\" class=\"wp-image-1588 alignright\" title=\"Ingyenes rendezv\u00e9ny\" src=\"https:\/\/www1.kkl.si\/wp-content\/uploads\/\/2020\/07\/spored_simb_brezplacna-1.svg\" alt=\"brezplacna\" width=\"40\" height=\"40\" srcset=\"https:\/\/www1.kkl.si\/wp-content\/uploads\/\/2020\/07\/spored_simb_brezplacna-1.svg 150w, https:\/\/www1.kkl.si\/wp-content\/uploads\/\/2020\/07\/spored_simb_brezplacna-1.svg 400w, https:\/\/www1.kkl.si\/wp-content\/uploads\/\/2020\/07\/spored_simb_brezplacna-1.svg 1500w, https:\/\/www1.kkl.si\/wp-content\/uploads\/\/2020\/07\/spored_simb_brezplacna-1.svg 100w\" sizes=\"auto, (max-width: 40px) 100vw, 40px\" \/><i class=\"fas fa-calendar\"><\/i> <\/strong><strong>2022. m\u00e1jus 6. p\u00e9ntek | <span class=\"zanr\">ki\u00e1ll\u00edt\u00e1s<\/span><br \/>\n<i class=\"fas fa-clock\"><\/i> 16.00<\/strong><br \/>\n<i class=\"fas fa-map-marker\"><\/i> Helysz\u00edn: A Lendvai Sz\u00ednh\u00e1z- \u00e9s Hangversenyterem el\u0151csarnoka<br \/>\n<i class=\"fas fa-chevron-circle-right\"><\/i> Szervez\u0151: <a href=\"https:\/\/lendva.info\/\">LKMN\u00d6K\/MSNSOL<\/a>, <a href=\"http:\/\/www.muravidek.si\/\">MM\u00d6NK\/PMSNS<\/a>, <a href=\"https:\/\/www.gml.si\/\">GML<\/a> \u00e9s <a href=\"https:\/\/www.zala.hu\/\">Zala Megyei \u00d6nkorm\u00e1nyzat\/Samouprava \u017eupanije Zala<\/a><\/div>\n<div>\n<p>MEGH\u00cdV\u00d3<\/p>\n<p>A Lendva K\u00f6zs\u00e9gi Magyar Nemzeti \u00d6nkorm\u00e1nyzati<br \/>\nK\u00f6z\u00f6ss\u00e9g sok szeretettel megh\u00edvja \u00d6nt \u00e9s kedves csal\u00e1dj\u00e1t a<br \/>\n<strong>ZALA GY\u00d6RGY-EML\u00c9KNAP<\/strong><br \/>\nalkalm\u00e1b\u00f3l szervezett rendezv\u00e9nyekre.<\/p>\n<p>Az als\u00f3lendvai sz\u00fclet\u00e9s\u0171 vil\u00e1gh\u00edr\u0171 szobr\u00e1szm\u0171v\u00e9szre<br \/>\n<em><strong>2022. m\u00e1jus 6-\u00e1n \u00e9s 7-\u00e9n eml\u00e9kez\u00fcnk.<\/strong><\/em><\/p>\n<p><strong>2022. m\u00e1jus 6-\u00e1n, p\u00e9nteken 10.00 \u00f3rakor<\/strong><br \/>\na lendvai V\u00e1rosh\u00e1za d\u00edszterm\u00e9ben:<br \/>\n\u2013 Zala Gy\u00f6rgy-konferencia<\/p>\n<p><strong>16.00 \u00f3rakor<\/strong> a lendvai sz\u00ednh\u00e1z- \u00e9s hangversenyterem el\u0151csarnok\u00e1ban:<br \/>\n\u2013 a Zala Gy\u00f6rgy-v\u00e1ndorki\u00e1ll\u00edt\u00e1s megnyit\u00f3ja, ut\u00e1na<br \/>\n\u2013 koszor\u00faz\u00e1s a Zala Gy\u00f6rgy-szoborn\u00e1l<\/p>\n<p><strong>2022. m\u00e1jus 7-\u00e9n, szombaton 11.00 \u00f3rakor<\/strong> a B\u00e1nffy K\u00f6zpontban:<br \/>\n\u2013 a muravid\u00e9ki k\u00e9tnyelv\u0171 \u00e1ltal\u00e1nos iskol\u00e1k \u00e9s a Zala megyei \u00e1ltal\u00e1nos iskol\u00e1k tanul\u00f3i, valamint a Lendvai K\u00e9tnyelv\u0171 K\u00f6z\u00e9piskola \u00e9s a Zala megyei k\u00f6z\u00e9piskol\u00e1k \u00e9s gimn\u00e1ziumok di\u00e1kjai k\u00e9pz\u0151m\u0171v\u00e9szeti \u00e9s fot\u00f3ki\u00e1ll\u00edt\u00e1s\u00e1nak a megnyit\u00f3ja, illetve a p\u00e1ly\u00e1zat legjobb alkot\u00e1sai\u00e9rt j\u00e1r\u00f3 d\u00edjak kioszt\u00e1sa<\/p>\n<p><em>\u00d6nt \u00e9s kedves csal\u00e1dj\u00e1t is szeretettel v\u00e1rjuk!<\/em><\/p>\n<p><a href=\"https:\/\/www1.kkl.si\/wp-content\/uploads\/2022\/05\/zala_2022_vabilo_meghivo1_web.jpg\" data-lbwps-width=\"1500\" data-lbwps-height=\"1061\" data-lbwps-srcsmall=\"https:\/\/www1.kkl.si\/wp-content\/uploads\/2022\/05\/zala_2022_vabilo_meghivo1_web-400x283.jpg\"><img loading=\"lazy\" decoding=\"async\" class=\"alignnone size-large wp-image-7365\" src=\"https:\/\/www1.kkl.si\/wp-content\/uploads\/2022\/05\/zala_2022_vabilo_meghivo1_web-1500x1061.jpg\" alt=\"\" width=\"1500\" height=\"1061\" srcset=\"https:\/\/www1.kkl.si\/wp-content\/uploads\/2022\/05\/zala_2022_vabilo_meghivo1_web.jpg 1500w, https:\/\/www1.kkl.si\/wp-content\/uploads\/2022\/05\/zala_2022_vabilo_meghivo1_web-400x283.jpg 400w\" sizes=\"auto, (max-width: 1500px) 100vw, 1500px\" \/><\/a><\/p>\n<\/div>\n<div>\n<hr \/>\n<p><i class=\"fas fa-link\"><\/i> <a href=\"https:\/\/www.gml.si\/hu\/zala-gyorgy-emleknap-2022\/\">https:\/\/www.gml.si\/hu\/zala-gyorgy-emleknap-2022\/<\/a><\/p>\n<\/div>\n","protected":false},"excerpt":{"rendered":"<p>2022. m\u00e1jus 6. p\u00e9ntek | ki\u00e1ll\u00edt\u00e1s 16.00 Helysz\u00edn: A Lendvai Sz\u00ednh\u00e1z- \u00e9s Hangversenyterem el\u0151csarnoka Szervez\u0151: LKMN\u00d6K\/MSNSOL, MM\u00d6NK\/PMSNS, GML \u00e9s Zala Megyei \u00d6nkorm\u00e1nyzat\/Samouprava \u017eupanije Zala MEGH\u00cdV\u00d3 A Lendva K\u00f6zs\u00e9gi Magyar Nemzeti \u00d6nkorm\u00e1nyzati K\u00f6z\u00f6ss\u00e9g sok szeretettel megh\u00edvja \u00d6nt \u00e9s kedves csal\u00e1dj\u00e1t a ZALA GY\u00d6RGY-EML\u00c9KNAP alkalm\u00e1b\u00f3l szervezett rendezv\u00e9nyekre. Az als\u00f3lendvai sz\u00fclet\u00e9s\u0171 vil\u00e1gh\u00edr\u0171 szobr\u00e1szm\u0171v\u00e9szre 2022. m\u00e1jus 6-\u00e1n \u00e9s 7-\u00e9n [&hellip;]<\/p>\n","protected":false},"author":2,"featured_media":7365,"parent":0,"menu_order":0,"comment_status":"closed","ping_status":"closed","template":"","meta":{"footnotes":""},"class_list":["post-7372","page","type-page","status-publish","has-post-thumbnail","hentry","post","post-with-thumbnail","post-with-thumbnail-icon"],"_links":{"self":[{"href":"https:\/\/www1.kkl.si\/hu\/wp-json\/wp\/v2\/pages\/7372","targetHints":{"allow":["GET"]}}],"collection":[{"href":"https:\/\/www1.kkl.si\/hu\/wp-json\/wp\/v2\/pages"}],"about":[{"href":"https:\/\/www1.kkl.si\/hu\/wp-json\/wp\/v2\/types\/page"}],"author":[{"embeddable":true,"href":"https:\/\/www1.kkl.si\/hu\/wp-json\/wp\/v2\/users\/2"}],"replies":[{"embeddable":true,"href":"https:\/\/www1.kkl.si\/hu\/wp-json\/wp\/v2\/comments?post=7372"}],"version-history":[{"count":3,"href":"https:\/\/www1.kkl.si\/hu\/wp-json\/wp\/v2\/pages\/7372\/revisions"}],"predecessor-version":[{"id":7375,"href":"https:\/\/www1.kkl.si\/hu\/wp-json\/wp\/v2\/pages\/7372\/revisions\/7375"}],"wp:featuredmedia":[{"embeddable":true,"href":"https:\/\/www1.kkl.si\/hu\/wp-json\/wp\/v2\/media\/7365"}],"wp:attachment":[{"href":"https:\/\/www1.kkl.si\/hu\/wp-json\/wp\/v2\/media?parent=7372"}],"curies":[{"name":"wp","href":"https:\/\/api.w.org\/{rel}","templated":true}]}}