{"id":7429,"date":"2022-05-06T14:50:15","date_gmt":"2022-05-06T12:50:15","guid":{"rendered":"https:\/\/www1.kkl.si\/?page_id=7429"},"modified":"2022-05-09T15:06:19","modified_gmt":"2022-05-09T13:06:19","slug":"zenet-tancot-es-mosolyt-ajandekozunk-fiatal-zenei-tehetsegek-jotekonysagi-koncertje","status":"publish","type":"page","link":"https:\/\/www1.kkl.si\/hu\/zenet-tancot-es-mosolyt-ajandekozunk-fiatal-zenei-tehetsegek-jotekonysagi-koncertje\/","title":{"rendered":"ZEN\u00c9T, T\u00c1NCOT \u00c9S MOSOLYT AJ\u00c1ND\u00c9KOZUNK 2022 \u2013 fiatal zenei tehets\u00e9gek j\u00f3t\u00e9konys\u00e1gi koncertje"},"content":{"rendered":"<div class=\"opis\"><strong><img loading=\"lazy\" decoding=\"async\" class=\"wp-image-1588 alignright\" title=\"Ingyenes rendezv\u00e9ny\" src=\"https:\/\/www1.kkl.si\/wp-content\/uploads\/\/2020\/07\/spored_simb_brezplacna-1.svg\" alt=\"brezplacna\" width=\"40\" height=\"40\" srcset=\"https:\/\/www1.kkl.si\/wp-content\/uploads\/\/2020\/07\/spored_simb_brezplacna-1.svg 150w, https:\/\/www1.kkl.si\/wp-content\/uploads\/\/2020\/07\/spored_simb_brezplacna-1.svg 400w, https:\/\/www1.kkl.si\/wp-content\/uploads\/\/2020\/07\/spored_simb_brezplacna-1.svg 1500w, https:\/\/www1.kkl.si\/wp-content\/uploads\/\/2020\/07\/spored_simb_brezplacna-1.svg 100w\" sizes=\"auto, (max-width: 40px) 100vw, 40px\" \/><i class=\"fas fa-calendar\"><\/i> <\/strong><strong>2022. m\u00e1jus 13. p\u00e9ntek | <span class=\"zanr\">koncert<\/span><br \/>\n<i class=\"fas fa-clock\"><\/i> 19.00<\/strong><br \/>\n<i class=\"fas fa-ticket-alt\"><\/i> Bel\u00e9p\u0151jegy \u00e1ra: <strong>5 \u20ac<\/strong> feln\u0151tteknek, gyerekeknek ingyenes<br \/>\n<i class=\"fas fa-map-marker\"><\/i> Helysz\u00edn: Lendvai Sz\u00ednh\u00e1z- \u00e9s Hangversenyterem<br \/>\n<i class=\"fas fa-chevron-circle-right\"><\/i> Szervez\u0151: <a href=\"https:\/\/www.facebook.com\/LionsKlubLendava\/\">Lions klub Lendva<\/a>, <a href=\"https:\/\/www.facebook.com\/leoklublendava\/\">Leo klub Lendva<\/a>, <a href=\"https:\/\/www.dssl.si\/\">DS\u0160 Lendava\/KKI, Lendva<\/a><\/div>\n<div>\n<p><em>A bev\u00e9tellel az iskolai alapokat t\u00e1mogatjuk.<br \/>\n<\/em><\/p>\n<p><a href=\"https:\/\/www1.kkl.si\/wp-content\/uploads\/2022\/05\/plakat_podarjamo_glasbo_2022.jpg\" data-lbwps-width=\"1431\" data-lbwps-height=\"1998\" data-lbwps-srcsmall=\"https:\/\/www1.kkl.si\/wp-content\/uploads\/2022\/05\/plakat_podarjamo_glasbo_2022-286x400.jpg\"><img loading=\"lazy\" decoding=\"async\" class=\"slika alignnone wp-image-7412 size-large\" src=\"https:\/\/www1.kkl.si\/wp-content\/uploads\/2022\/05\/plakat_podarjamo_glasbo_2022-1074x1500.jpg\" alt=\"\" width=\"1074\" height=\"1500\" srcset=\"https:\/\/www1.kkl.si\/wp-content\/uploads\/2022\/05\/plakat_podarjamo_glasbo_2022-1074x1500.jpg 1074w, https:\/\/www1.kkl.si\/wp-content\/uploads\/2022\/05\/plakat_podarjamo_glasbo_2022-286x400.jpg 286w, https:\/\/www1.kkl.si\/wp-content\/uploads\/2022\/05\/plakat_podarjamo_glasbo_2022.jpg 1431w\" sizes=\"auto, (max-width: 1074px) 100vw, 1074px\" \/><\/a><\/p>\n<\/div>\n","protected":false},"excerpt":{"rendered":"<p>2022. m\u00e1jus 13. p\u00e9ntek | koncert 19.00 Bel\u00e9p\u0151jegy \u00e1ra: 5 \u20ac feln\u0151tteknek, gyerekeknek ingyenes Helysz\u00edn: Lendvai Sz\u00ednh\u00e1z- \u00e9s Hangversenyterem Szervez\u0151: Lions klub Lendva, Leo klub Lendva, DS\u0160 Lendava\/KKI, Lendva A bev\u00e9tellel az iskolai alapokat t\u00e1mogatjuk.<\/p>\n","protected":false},"author":2,"featured_media":7412,"parent":0,"menu_order":0,"comment_status":"closed","ping_status":"closed","template":"","meta":{"footnotes":""},"class_list":["post-7429","page","type-page","status-publish","has-post-thumbnail","hentry","post","post-with-thumbnail","post-with-thumbnail-icon"],"_links":{"self":[{"href":"https:\/\/www1.kkl.si\/hu\/wp-json\/wp\/v2\/pages\/7429","targetHints":{"allow":["GET"]}}],"collection":[{"href":"https:\/\/www1.kkl.si\/hu\/wp-json\/wp\/v2\/pages"}],"about":[{"href":"https:\/\/www1.kkl.si\/hu\/wp-json\/wp\/v2\/types\/page"}],"author":[{"embeddable":true,"href":"https:\/\/www1.kkl.si\/hu\/wp-json\/wp\/v2\/users\/2"}],"replies":[{"embeddable":true,"href":"https:\/\/www1.kkl.si\/hu\/wp-json\/wp\/v2\/comments?post=7429"}],"version-history":[{"count":3,"href":"https:\/\/www1.kkl.si\/hu\/wp-json\/wp\/v2\/pages\/7429\/revisions"}],"predecessor-version":[{"id":7457,"href":"https:\/\/www1.kkl.si\/hu\/wp-json\/wp\/v2\/pages\/7429\/revisions\/7457"}],"wp:featuredmedia":[{"embeddable":true,"href":"https:\/\/www1.kkl.si\/hu\/wp-json\/wp\/v2\/media\/7412"}],"wp:attachment":[{"href":"https:\/\/www1.kkl.si\/hu\/wp-json\/wp\/v2\/media?parent=7429"}],"curies":[{"name":"wp","href":"https:\/\/api.w.org\/{rel}","templated":true}]}}