{"id":7468,"date":"2022-05-10T20:01:13","date_gmt":"2022-05-10T18:01:13","guid":{"rendered":"https:\/\/www1.kkl.si\/?page_id=7468"},"modified":"2022-05-10T20:01:13","modified_gmt":"2022-05-10T18:01:13","slug":"pia-novak-szopran-koncertje","status":"publish","type":"page","link":"https:\/\/www1.kkl.si\/hu\/pia-novak-szopran-koncertje\/","title":{"rendered":"Pia Novak (szopr\u00e1n) koncertje"},"content":{"rendered":"<div class=\"opis\"><img loading=\"lazy\" decoding=\"async\" class=\"wp-image-1588 alignright\" title=\"Ingyenes rendezv\u00e9ny\" src=\"https:\/\/www1.kkl.si\/wp-content\/uploads\/\/2020\/07\/spored_simb_brezplacna-1.svg\" alt=\"brezplacna\" width=\"40\" height=\"40\" srcset=\"https:\/\/www1.kkl.si\/wp-content\/uploads\/\/2020\/07\/spored_simb_brezplacna-1.svg 150w, https:\/\/www1.kkl.si\/wp-content\/uploads\/\/2020\/07\/spored_simb_brezplacna-1.svg 400w, https:\/\/www1.kkl.si\/wp-content\/uploads\/\/2020\/07\/spored_simb_brezplacna-1.svg 1500w, https:\/\/www1.kkl.si\/wp-content\/uploads\/\/2020\/07\/spored_simb_brezplacna-1.svg 100w\" sizes=\"auto, (max-width: 40px) 100vw, 40px\" \/>\u00a0<i class=\"fas fa-calendar\"><\/i> <strong>2022. m\u00e1jus 21. szombat | <span class=\"zanr\">koncert<\/span><br \/>\n<\/strong><i class=\"fas fa-clock\"><\/i> <strong>19.00<\/strong> <br \/>\n<i class=\"fas fa-map-marker\"><\/i> Helysz\u00edn: Lendvai Sz\u00ednh\u00e1z- \u00e9s Hangversenyterem<br \/>\n<i class=\"fas fa-chevron-circle-right\"><\/i> Szervez\u0151: <a href=\"http:\/\/www.zkd-lendava.com\/\">ZKD Lendava\/KKSz Lendva<\/a><\/div>\n<p>Zongorak\u00eds\u00e9ret: <strong>Darja Mlakar Male\u017ei\u010d<br \/>\n<\/strong>Mentor: <strong>Tatjana Vasle<\/strong>, Ljubljanai Zenei \u00e9s Balett Konzervat\u00f3rium<\/p>\n<p>Sok szeretettel v\u00e1runk minden \u00e9rdekl\u0151d\u0151t! A bel\u00e9p\u00e9s d\u00edjtalan.<\/p>\n<p><a href=\"https:\/\/www1.kkl.si\/wp-content\/uploads\/2022\/05\/pia_novak_koncert_maj_2022.jpg\" data-lbwps-width=\"1417\" data-lbwps-height=\"1984\" data-lbwps-srcsmall=\"https:\/\/www1.kkl.si\/wp-content\/uploads\/2022\/05\/pia_novak_koncert_maj_2022-286x400.jpg\"><img loading=\"lazy\" decoding=\"async\" class=\"alignnone size-large wp-image-7440\" src=\"https:\/\/www1.kkl.si\/wp-content\/uploads\/2022\/05\/pia_novak_koncert_maj_2022-1071x1500.jpg\" alt=\"\" width=\"1071\" height=\"1500\" srcset=\"https:\/\/www1.kkl.si\/wp-content\/uploads\/2022\/05\/pia_novak_koncert_maj_2022-1071x1500.jpg 1071w, https:\/\/www1.kkl.si\/wp-content\/uploads\/2022\/05\/pia_novak_koncert_maj_2022-286x400.jpg 286w, https:\/\/www1.kkl.si\/wp-content\/uploads\/2022\/05\/pia_novak_koncert_maj_2022.jpg 1417w\" sizes=\"auto, (max-width: 1071px) 100vw, 1071px\" \/><\/a><\/p>\n","protected":false},"excerpt":{"rendered":"<p>\u00a0 2022. m\u00e1jus 21. szombat | koncert 19.00 Helysz\u00edn: Lendvai Sz\u00ednh\u00e1z- \u00e9s Hangversenyterem Szervez\u0151: ZKD Lendava\/KKSz Lendva Zongorak\u00eds\u00e9ret: Darja Mlakar Male\u017ei\u010d Mentor: Tatjana Vasle, Ljubljanai Zenei \u00e9s Balett Konzervat\u00f3rium Sok szeretettel v\u00e1runk minden \u00e9rdekl\u0151d\u0151t! A bel\u00e9p\u00e9s d\u00edjtalan.<\/p>\n","protected":false},"author":2,"featured_media":0,"parent":0,"menu_order":0,"comment_status":"closed","ping_status":"closed","template":"","meta":{"footnotes":""},"class_list":["post-7468","page","type-page","status-publish","hentry","post"],"_links":{"self":[{"href":"https:\/\/www1.kkl.si\/hu\/wp-json\/wp\/v2\/pages\/7468","targetHints":{"allow":["GET"]}}],"collection":[{"href":"https:\/\/www1.kkl.si\/hu\/wp-json\/wp\/v2\/pages"}],"about":[{"href":"https:\/\/www1.kkl.si\/hu\/wp-json\/wp\/v2\/types\/page"}],"author":[{"embeddable":true,"href":"https:\/\/www1.kkl.si\/hu\/wp-json\/wp\/v2\/users\/2"}],"replies":[{"embeddable":true,"href":"https:\/\/www1.kkl.si\/hu\/wp-json\/wp\/v2\/comments?post=7468"}],"version-history":[{"count":1,"href":"https:\/\/www1.kkl.si\/hu\/wp-json\/wp\/v2\/pages\/7468\/revisions"}],"predecessor-version":[{"id":7469,"href":"https:\/\/www1.kkl.si\/hu\/wp-json\/wp\/v2\/pages\/7468\/revisions\/7469"}],"wp:attachment":[{"href":"https:\/\/www1.kkl.si\/hu\/wp-json\/wp\/v2\/media?parent=7468"}],"curies":[{"name":"wp","href":"https:\/\/api.w.org\/{rel}","templated":true}]}}