{"id":7499,"date":"2022-05-12T11:03:43","date_gmt":"2022-05-12T09:03:43","guid":{"rendered":"https:\/\/www1.kkl.si\/?page_id=7499"},"modified":"2022-05-12T11:09:08","modified_gmt":"2022-05-12T09:09:08","slug":"pupilla-babszinhaz-cirkus-ganibilo-sosevolt-cirkusz","status":"publish","type":"page","link":"https:\/\/www1.kkl.si\/hu\/pupilla-babszinhaz-cirkus-ganibilo-sosevolt-cirkusz\/","title":{"rendered":"PUPILLA B\u00e1bsz\u00ednh\u00e1z: CIRKUS GANIBILO\/SOSEVOLT CIRKUSZ"},"content":{"rendered":"<div class=\"opis\"><strong><img loading=\"lazy\" decoding=\"async\" class=\"wp-image-1592 alignright\" title=\"Fizet\u0151s rendezv\u00e9ny\" src=\"https:\/\/www1.kkl.si\/wp-content\/uploads\/\/2020\/07\/spored_simb_placljiva-1.svg\" alt=\"placljiva\" width=\"40\" height=\"40\" srcset=\"https:\/\/www1.kkl.si\/wp-content\/uploads\/\/2020\/07\/spored_simb_placljiva-1.svg 150w, https:\/\/www1.kkl.si\/wp-content\/uploads\/\/2020\/07\/spored_simb_placljiva-1.svg 400w, https:\/\/www1.kkl.si\/wp-content\/uploads\/\/2020\/07\/spored_simb_placljiva-1.svg 1500w, https:\/\/www1.kkl.si\/wp-content\/uploads\/\/2020\/07\/spored_simb_placljiva-1.svg 100w\" sizes=\"auto, (max-width: 40px) 100vw, 40px\" \/><i class=\"fas fa-calendar\"><\/i> <\/strong><strong>2022. m\u00e1jus 21. szombat | <span class=\"zanr\">gyerekel\u0151ad\u00e1s<\/span><br \/>\n<i class=\"fas fa-clock\"><\/i> 10.00<\/strong><br \/>\n<i class=\"fas fa-ticket-alt\"><\/i> Bel\u00e9p\u0151jegy \u00e1ra: <strong>2 \u20ac<\/strong><br \/>\n<i class=\"fas fa-map-marker\"><\/i> Helysz\u00edn: Lendvai Sz\u00ednh\u00e1z- \u00e9s Hangversenyterem<br \/>\n<i class=\"fas fa-chevron-circle-right\"><\/i> Szervez\u0151: <a href=\"https:\/\/www.kkl.si\/\">Knji\u017enica \u2013 Kulturni center Lendava \u2013 Lendvai K\u00f6nyvt\u00e1r \u00e9s Kultur\u00e1lis K\u00f6zpont<\/a><\/div>\n<p><a href=\"https:\/\/www1.kkl.si\/wp-content\/uploads\/2022\/05\/plakat_B2_pupilla_cirkus_ganibilo_2022_splet.jpg\" data-lbwps-width=\"1072\" data-lbwps-height=\"1500\" data-lbwps-srcsmall=\"https:\/\/www1.kkl.si\/wp-content\/uploads\/2022\/05\/plakat_B2_pupilla_cirkus_ganibilo_2022_splet-286x400.jpg\"><img loading=\"lazy\" decoding=\"async\" class=\"slika alignright wp-image-7459 size-medium\" src=\"https:\/\/www1.kkl.si\/wp-content\/uploads\/2022\/05\/plakat_B2_pupilla_cirkus_ganibilo_2022_splet-286x400.jpg\" alt=\"\" width=\"286\" height=\"400\" srcset=\"https:\/\/www1.kkl.si\/wp-content\/uploads\/2022\/05\/plakat_B2_pupilla_cirkus_ganibilo_2022_splet-286x400.jpg 286w, https:\/\/www1.kkl.si\/wp-content\/uploads\/2022\/05\/plakat_B2_pupilla_cirkus_ganibilo_2022_splet.jpg 1072w\" sizes=\"auto, (max-width: 286px) 100vw, 286px\" \/><\/a>\u00dcdv\u00f6z\u00f6lj\u00fck kital\u00e1lt cirkuszunkban, kital\u00e1lt akrobat\u00e1kkal, s\u00falyemel\u0151kkel, boh\u00f3cokkal, kik\u00e9pzett \u00e1llatokkal \u00e9s m\u00e1s vil\u00e1gl\u00e1tv\u00e1nyoss\u00e1gokkal! Sz\u00ednes, kalandokkal \u00e9s furcsa fant\u00e1zi\u00e1kkal teli cirkuszi t\u00f6rt\u00e9netet \u00e1ll\u00edtottunk sz\u00ednpadra, Akrobata kisasszony sz\u00edn\u00e9szn\u0151 \u00e9s a cirkuszigazgat\u00f3 vagy Boh\u00f3c \u00far alak\u00edt\u00e1s\u00e1ban.<\/p>\n<p>A darab csal\u00e1di j\u00e1t\u00e9kk\u00e9nt k\u00e9sz\u00fclt, felhaszn\u00e1lva a b\u00e1b- \u00e9s utcasz\u00ednh\u00e1z elemeit.<\/p>\n<p><em>Az el\u0151ad\u00e1st 2 \u00e9ves kort\u00f3l aj\u00e1nljuk gyerekeknek \u00e9s feln\u0151tteknek.<\/em><\/p>\n<p><strong>Szerepl\u0151k:<\/strong> Petra Kava\u0161, Vitomir Vratari\u010d<\/p>\n<p><strong>Rendez\u0151:<\/strong> Rita Bartal Kiss<\/p>\n<p><strong>K\u00e9pz\u0151m\u0171v\u00e9szeti l\u00e1tv\u00e1nyterv:<\/strong> Sabina \u0160inko<\/p>\n<p><strong>B\u00e1bok, d\u00edszlet \u00e9s ruh\u00e1k:<\/strong> Milan Gal, Filip Gal, Sabina \u0160inko, Rita Bartal Kiss<\/p>\n<hr \/>\n<p>FOT\u00d3GAL\u00c9RIA<\/p>\n\n\t\t<style type=\"text\/css\">\n\t\t\t#gallery-1 {\n\t\t\t\tmargin: auto;\n\t\t\t}\n\t\t\t#gallery-1 .gallery-item {\n\t\t\t\tfloat: left;\n\t\t\t\tmargin-top: 10px;\n\t\t\t\ttext-align: center;\n\t\t\t\twidth: 16%;\n\t\t\t}\n\t\t\t#gallery-1 img {\n\t\t\t\tborder: 2px solid #cfcfcf;\n\t\t\t}\n\t\t\t#gallery-1 .gallery-caption {\n\t\t\t\tmargin-left: 0;\n\t\t\t}\n\t\t\t\/* see gallery_shortcode() in wp-includes\/media.php *\/\n\t\t<\/style>\n\t\t<div id='gallery-1' class='gallery galleryid-7499 gallery-columns-6 gallery-size-thumbnail'><dl class='gallery-item'>\n\t\t\t<dt class='gallery-icon landscape'>\n\t\t\t\t<a href='https:\/\/www1.kkl.si\/wp-content\/uploads\/2022\/05\/pupilla_cirkus3.jpg'><img loading=\"lazy\" decoding=\"async\" width=\"150\" height=\"150\" src=\"https:\/\/www1.kkl.si\/wp-content\/uploads\/2022\/05\/pupilla_cirkus3-150x150.jpg\" class=\"attachment-thumbnail size-thumbnail\" alt=\"\" \/><\/a>\n\t\t\t<\/dt><\/dl><dl class='gallery-item'>\n\t\t\t<dt class='gallery-icon portrait'>\n\t\t\t\t<a href='https:\/\/www1.kkl.si\/wp-content\/uploads\/2022\/05\/pupilla_cirkus1.jpg'><img loading=\"lazy\" decoding=\"async\" width=\"150\" height=\"150\" src=\"https:\/\/www1.kkl.si\/wp-content\/uploads\/2022\/05\/pupilla_cirkus1-150x150.jpg\" class=\"attachment-thumbnail size-thumbnail\" alt=\"\" \/><\/a>\n\t\t\t<\/dt><\/dl><dl class='gallery-item'>\n\t\t\t<dt class='gallery-icon landscape'>\n\t\t\t\t<a href='https:\/\/www1.kkl.si\/wp-content\/uploads\/2022\/05\/pupilla_cirkus2.jpg'><img loading=\"lazy\" decoding=\"async\" width=\"150\" height=\"150\" src=\"https:\/\/www1.kkl.si\/wp-content\/uploads\/2022\/05\/pupilla_cirkus2-150x150.jpg\" class=\"attachment-thumbnail size-thumbnail\" alt=\"\" srcset=\"https:\/\/www1.kkl.si\/wp-content\/uploads\/2022\/05\/pupilla_cirkus2-150x150.jpg 150w, https:\/\/www1.kkl.si\/wp-content\/uploads\/2022\/05\/pupilla_cirkus2-400x400.jpg 400w, https:\/\/www1.kkl.si\/wp-content\/uploads\/2022\/05\/pupilla_cirkus2-1500x1500.jpg 1500w, https:\/\/www1.kkl.si\/wp-content\/uploads\/2022\/05\/pupilla_cirkus2.jpg 1700w\" sizes=\"auto, (max-width: 150px) 100vw, 150px\" \/><\/a>\n\t\t\t<\/dt><\/dl>\n\t\t\t<br style='clear: both' \/>\n\t\t<\/div>\n\n<hr \/>\n<p>VIDE\u00d3<\/p>\n<p><iframe loading=\"lazy\" src=\"\/\/www.youtube.com\/embed\/kmrtg-hi1f0\" width=\"1200\" height=\"673\" allowfullscreen=\"allowfullscreen\" data-mce-fragment=\"1\"><\/iframe><\/p>\n<p>KAPCSOLAT<br \/>\n<i class=\"fas fa-link\"><\/i> <a href=\"http:\/\/www.lutkepupilla.si\/lutkovne-predstave\/cirkus-ganibilo\/\">www.lutkepupilla.si\/lutkovne-predstave\/cirkus-ganibilo\/<\/a><\/p>\n<p><em>\u00a0<\/em><\/p>\n","protected":false},"excerpt":{"rendered":"<p>2022. m\u00e1jus 21. szombat | gyerekel\u0151ad\u00e1s 10.00 Bel\u00e9p\u0151jegy \u00e1ra: 2 \u20ac Helysz\u00edn: Lendvai Sz\u00ednh\u00e1z- \u00e9s Hangversenyterem Szervez\u0151: Knji\u017enica \u2013 Kulturni center Lendava \u2013 Lendvai K\u00f6nyvt\u00e1r \u00e9s Kultur\u00e1lis K\u00f6zpont \u00dcdv\u00f6z\u00f6lj\u00fck kital\u00e1lt cirkuszunkban, kital\u00e1lt akrobat\u00e1kkal, s\u00falyemel\u0151kkel, boh\u00f3cokkal, kik\u00e9pzett \u00e1llatokkal \u00e9s m\u00e1s vil\u00e1gl\u00e1tv\u00e1nyoss\u00e1gokkal! Sz\u00ednes, kalandokkal \u00e9s furcsa fant\u00e1zi\u00e1kkal teli cirkuszi t\u00f6rt\u00e9netet \u00e1ll\u00edtottunk sz\u00ednpadra, Akrobata kisasszony sz\u00edn\u00e9szn\u0151 \u00e9s a [&hellip;]<\/p>\n","protected":false},"author":2,"featured_media":7496,"parent":0,"menu_order":0,"comment_status":"closed","ping_status":"closed","template":"","meta":{"footnotes":""},"class_list":["post-7499","page","type-page","status-publish","has-post-thumbnail","hentry","post","post-with-thumbnail","post-with-thumbnail-icon"],"_links":{"self":[{"href":"https:\/\/www1.kkl.si\/hu\/wp-json\/wp\/v2\/pages\/7499","targetHints":{"allow":["GET"]}}],"collection":[{"href":"https:\/\/www1.kkl.si\/hu\/wp-json\/wp\/v2\/pages"}],"about":[{"href":"https:\/\/www1.kkl.si\/hu\/wp-json\/wp\/v2\/types\/page"}],"author":[{"embeddable":true,"href":"https:\/\/www1.kkl.si\/hu\/wp-json\/wp\/v2\/users\/2"}],"replies":[{"embeddable":true,"href":"https:\/\/www1.kkl.si\/hu\/wp-json\/wp\/v2\/comments?post=7499"}],"version-history":[{"count":3,"href":"https:\/\/www1.kkl.si\/hu\/wp-json\/wp\/v2\/pages\/7499\/revisions"}],"predecessor-version":[{"id":7503,"href":"https:\/\/www1.kkl.si\/hu\/wp-json\/wp\/v2\/pages\/7499\/revisions\/7503"}],"wp:featuredmedia":[{"embeddable":true,"href":"https:\/\/www1.kkl.si\/hu\/wp-json\/wp\/v2\/media\/7496"}],"wp:attachment":[{"href":"https:\/\/www1.kkl.si\/hu\/wp-json\/wp\/v2\/media?parent=7499"}],"curies":[{"name":"wp","href":"https:\/\/api.w.org\/{rel}","templated":true}]}}