{"id":7541,"date":"2022-05-16T09:33:12","date_gmt":"2022-05-16T07:33:12","guid":{"rendered":"https:\/\/www1.kkl.si\/?page_id=7541"},"modified":"2022-05-16T09:33:12","modified_gmt":"2022-05-16T07:33:12","slug":"a-zeneiskola-lendva-tanuloinak-tanevzaro-hangversenye-2022-ben","status":"publish","type":"page","link":"https:\/\/www1.kkl.si\/hu\/a-zeneiskola-lendva-tanuloinak-tanevzaro-hangversenye-2022-ben\/","title":{"rendered":"A Zeneiskola Lendva tanul\u00f3inak tan\u00e9vz\u00e1r\u00f3 hangversenye 2022-ben"},"content":{"rendered":"<div class=\"opis\"><strong><img loading=\"lazy\" decoding=\"async\" class=\"wp-image-1588 alignright\" title=\"Ingyenes rendezv\u00e9ny\" src=\"https:\/\/www1.kkl.si\/wp-content\/uploads\/\/2020\/07\/spored_simb_brezplacna-1.svg\" alt=\"brezplacna\" width=\"40\" height=\"40\" srcset=\"https:\/\/www1.kkl.si\/wp-content\/uploads\/\/2020\/07\/spored_simb_brezplacna-1.svg 150w, https:\/\/www1.kkl.si\/wp-content\/uploads\/\/2020\/07\/spored_simb_brezplacna-1.svg 400w, https:\/\/www1.kkl.si\/wp-content\/uploads\/\/2020\/07\/spored_simb_brezplacna-1.svg 1500w, https:\/\/www1.kkl.si\/wp-content\/uploads\/\/2020\/07\/spored_simb_brezplacna-1.svg 100w\" sizes=\"auto, (max-width: 40px) 100vw, 40px\" \/><i class=\"fas fa-calendar\"><\/i> <\/strong><strong>2022. m\u00e1jus 17. kedd | <span class=\"zanr\">koncert<\/span><br \/>\n<i class=\"fas fa-clock\"><\/i> 18.00<\/strong><br \/>\n<i class=\"fas fa-map-marker\"><\/i> Helysz\u00edn: Lendvai Sz\u00ednh\u00e1z- \u00e9s Hangversenyterem<br \/>\n<i class=\"fas fa-chevron-circle-right\"><\/i> Szervez\u0151: <a href=\"http:\/\/www.gs-lendava.si\/\">Glasbena \u0161ola Lendava\/Zeneiskola Lendva<\/a><\/div>\n<div>\u00a0<\/div>\n<div>MEGH\u00cdV\u00d3<\/div>\n<div>\u00a0<\/div>\n<div>Tisztelettel megh\u00edvjuk \u00d6n\u00f6ket <br \/>\na Zeneiskola Lendva tanul\u00f3inak tan\u00e9vz\u00e1r\u00f3 hangverseny\u00e9re,<br \/>\n<strong>2022. m\u00e1jus 17-\u00e9n, kedden 18 \u00f3rakor<\/strong> <br \/>\na Lendvai Sz\u00ednh\u00e1z- \u00e9s Hangversenyterembe.<\/div>\n<div>\u00a0<\/div>\n<div>A Zeneiskola Lendva munkak\u00f6z\u00f6ss\u00e9ge<br \/>\n\u00e9s Magyar Hajnalka igazgat\u00f3n\u0151<\/p>\n<p><em>A hangversenyen \u00f6nk\u00e9ntes adom\u00e1ny\u00e1val t\u00e1mogathatja a Zeneiskola Lendva T\u00e1mogat\u00e1si Alapj\u00e1t.<\/em><\/p>\n<p><a href=\"https:\/\/www1.kkl.si\/wp-content\/uploads\/2022\/05\/plakat_zakljucni_konc_Lendava_2022_dvoj_splet.jpg\" data-lbwps-width=\"1072\" data-lbwps-height=\"1500\" data-lbwps-srcsmall=\"https:\/\/www1.kkl.si\/wp-content\/uploads\/2022\/05\/plakat_zakljucni_konc_Lendava_2022_dvoj_splet-286x400.jpg\"><img loading=\"lazy\" decoding=\"async\" class=\"alignnone size-large wp-image-7446\" src=\"https:\/\/www1.kkl.si\/wp-content\/uploads\/2022\/05\/plakat_zakljucni_konc_Lendava_2022_dvoj_splet-1072x1500.jpg\" alt=\"\" width=\"1072\" height=\"1500\" srcset=\"https:\/\/www1.kkl.si\/wp-content\/uploads\/2022\/05\/plakat_zakljucni_konc_Lendava_2022_dvoj_splet.jpg 1072w, https:\/\/www1.kkl.si\/wp-content\/uploads\/2022\/05\/plakat_zakljucni_konc_Lendava_2022_dvoj_splet-286x400.jpg 286w\" sizes=\"auto, (max-width: 1072px) 100vw, 1072px\" \/><\/a><\/p>\n<\/div>\n","protected":false},"excerpt":{"rendered":"<p>2022. m\u00e1jus 17. kedd | koncert 18.00 Helysz\u00edn: Lendvai Sz\u00ednh\u00e1z- \u00e9s Hangversenyterem Szervez\u0151: Glasbena \u0161ola Lendava\/Zeneiskola Lendva \u00a0 MEGH\u00cdV\u00d3 \u00a0 Tisztelettel megh\u00edvjuk \u00d6n\u00f6ket a Zeneiskola Lendva tanul\u00f3inak tan\u00e9vz\u00e1r\u00f3 hangverseny\u00e9re, 2022. m\u00e1jus 17-\u00e9n, kedden 18 \u00f3rakor a Lendvai Sz\u00ednh\u00e1z- \u00e9s Hangversenyterembe. \u00a0 A Zeneiskola Lendva munkak\u00f6z\u00f6ss\u00e9ge \u00e9s Magyar Hajnalka igazgat\u00f3n\u0151 A hangversenyen \u00f6nk\u00e9ntes adom\u00e1ny\u00e1val t\u00e1mogathatja a [&hellip;]<\/p>\n","protected":false},"author":2,"featured_media":7446,"parent":0,"menu_order":0,"comment_status":"closed","ping_status":"closed","template":"","meta":{"footnotes":""},"class_list":["post-7541","page","type-page","status-publish","has-post-thumbnail","hentry","post","post-with-thumbnail","post-with-thumbnail-icon"],"_links":{"self":[{"href":"https:\/\/www1.kkl.si\/hu\/wp-json\/wp\/v2\/pages\/7541","targetHints":{"allow":["GET"]}}],"collection":[{"href":"https:\/\/www1.kkl.si\/hu\/wp-json\/wp\/v2\/pages"}],"about":[{"href":"https:\/\/www1.kkl.si\/hu\/wp-json\/wp\/v2\/types\/page"}],"author":[{"embeddable":true,"href":"https:\/\/www1.kkl.si\/hu\/wp-json\/wp\/v2\/users\/2"}],"replies":[{"embeddable":true,"href":"https:\/\/www1.kkl.si\/hu\/wp-json\/wp\/v2\/comments?post=7541"}],"version-history":[{"count":1,"href":"https:\/\/www1.kkl.si\/hu\/wp-json\/wp\/v2\/pages\/7541\/revisions"}],"predecessor-version":[{"id":7542,"href":"https:\/\/www1.kkl.si\/hu\/wp-json\/wp\/v2\/pages\/7541\/revisions\/7542"}],"wp:featuredmedia":[{"embeddable":true,"href":"https:\/\/www1.kkl.si\/hu\/wp-json\/wp\/v2\/media\/7446"}],"wp:attachment":[{"href":"https:\/\/www1.kkl.si\/hu\/wp-json\/wp\/v2\/media?parent=7541"}],"curies":[{"name":"wp","href":"https:\/\/api.w.org\/{rel}","templated":true}]}}