{"id":7624,"date":"2022-05-18T10:41:16","date_gmt":"2022-05-18T08:41:16","guid":{"rendered":"https:\/\/www1.kkl.si\/?page_id=7624"},"modified":"2022-05-18T10:41:16","modified_gmt":"2022-05-18T08:41:16","slug":"felnott-szloven-neptanccsoportok-2022-evi-regionalis-marolt-talalkozoja","status":"publish","type":"page","link":"https:\/\/www1.kkl.si\/hu\/felnott-szloven-neptanccsoportok-2022-evi-regionalis-marolt-talalkozoja\/","title":{"rendered":"Feln\u0151tt Szlov\u00e9n N\u00e9pt\u00e1nccsoportok 2022. \u00e9vi Region\u00e1lis Marolt-Tal\u00e1lkoz\u00f3ja"},"content":{"rendered":"<div class=\"opis\"><strong><img loading=\"lazy\" decoding=\"async\" class=\"wp-image-1588 alignright\" title=\"Ingyenes rendezv\u00e9ny\" src=\"https:\/\/www1.kkl.si\/wp-content\/uploads\/\/2020\/07\/spored_simb_brezplacna-1.svg\" alt=\"brezplacna\" width=\"40\" height=\"40\" srcset=\"https:\/\/www1.kkl.si\/wp-content\/uploads\/\/2020\/07\/spored_simb_brezplacna-1.svg 150w, https:\/\/www1.kkl.si\/wp-content\/uploads\/\/2020\/07\/spored_simb_brezplacna-1.svg 400w, https:\/\/www1.kkl.si\/wp-content\/uploads\/\/2020\/07\/spored_simb_brezplacna-1.svg 1500w, https:\/\/www1.kkl.si\/wp-content\/uploads\/\/2020\/07\/spored_simb_brezplacna-1.svg 100w\" sizes=\"auto, (max-width: 40px) 100vw, 40px\" \/><i class=\"fas fa-calendar\"><\/i> <\/strong><strong>2022. m\u00e1jus 20. p\u00e9ntek | <span class=\"zanr\">n\u00e9pt\u00e1nc, n\u00e9pzene<\/span><br \/>\n<i class=\"fas fa-clock\"><\/i> 19.30<\/strong><br \/>\n<i class=\"fas fa-map-marker\"><\/i> Helysz\u00edn: Lendvai Sz\u00ednh\u00e1z- \u00e9s Hangversenyterem<br \/>\n<i class=\"fas fa-chevron-circle-right\"><\/i> Szervez\u0151: <a href=\"https:\/\/www.jskd.si\/kulturna-mreza\/pomurje\/lendava\/predstavitev.htm\">JSKD Republike Slovenije \u2013 Obmo\u010dna izpostava Lendava\/A Szlov\u00e9n K\u00f6zt\u00e1rsas\u00e1g<br \/>\nKultur\u00e1lis K\u00f6zalap\u00edtv\u00e1ny\u00e1nak Lendvai Ter\u00fcleti Kirendelts\u00e9ge<\/a><\/div>\n<p><span style=\"font-size: 36px;\"><a href=\"https:\/\/www1.kkl.si\/wp-content\/uploads\/2022\/05\/plakat_folklora_Marolt_JSKD_2022.jpg\" data-lbwps-width=\"2500\" data-lbwps-height=\"3500\" data-lbwps-srcsmall=\"https:\/\/www1.kkl.si\/wp-content\/uploads\/2022\/05\/plakat_folklora_Marolt_JSKD_2022.jpg\"><img loading=\"lazy\" decoding=\"async\" class=\"slika alignright wp-image-7529 size-medium\" src=\"https:\/\/www1.kkl.si\/wp-content\/uploads\/2022\/05\/plakat_folklora_Marolt_JSKD_2022-scaled-286x400.jpg\" alt=\"\" width=\"286\" height=\"400\" srcset=\"https:\/\/www1.kkl.si\/wp-content\/uploads\/2022\/05\/plakat_folklora_Marolt_JSKD_2022-scaled-286x400.jpg 286w, https:\/\/www1.kkl.si\/wp-content\/uploads\/2022\/05\/plakat_folklora_Marolt_JSKD_2022-scaled-1072x1500.jpg 1072w, https:\/\/www1.kkl.si\/wp-content\/uploads\/2022\/05\/plakat_folklora_Marolt_JSKD_2022-scaled.jpg 1829w\" sizes=\"auto, (max-width: 286px) 100vw, 286px\" \/><\/a>Program\/<em>M\u0171sor<\/em><\/span><\/p>\n<p>Pozdravni nagovor\/k\u00f6sz\u00f6nt\u0151t mond:<br \/>\n<span style=\"font-size: 20px;\"><strong>Ivan Koncut<\/strong><\/span><br \/>\n<em>Pod\u017eupan, v opravljanju funkcije \u017eupana Ob\u010dine Lendava\/Lendva K\u00f6zs\u00e9g polg\u00e1rmesteri tiszts\u00e9g\u00e9t ell\u00e1t\u00f3 alpolg\u00e1rmestere<\/em><\/p>\n<p>&nbsp;<\/p>\n<p><span style=\"font-size: 20px;\"><strong>FOLKLORNA SKUPINA KTD MO\u0160\u010cANCI<\/strong><\/span><br \/>\n<span style=\"font-size: 20px;\"><em><strong>MO\u0160\u010cANCI M\u0170VEL\u0150D\u00c9SI \u00c9S TURISZTIKAI <\/strong><\/em><em><strong>EGYES\u00dcLET N\u00c9PT\u00c1NCCSOPORTJA<\/strong><\/em><\/span><\/p>\n<p>Naslov odrske postavitve\/a sz\u00ednpad elrendez\u00e9s\u00e9nek vezet\u0151je: <strong>NA BALU<\/strong><br \/>\nAvtor odrske postavitve\/sz\u00ednpadi \u00f6ssze\u00e1ll\u00edt\u00e1s szerz\u0151je: Dragica Kolari\u010d<br \/>\nVodja\/csoportvezet\u0151: Sandi Srko\u010d<\/p>\n<hr \/>\n<p><span style=\"font-size: 20px;\"><strong>\u010cLANSKA FOLKLORNA SKUPINA KUD BELTINCI<\/strong><\/span><br \/>\n<span style=\"font-size: 20px;\"><em><strong>BELTINCI M\u0170VEL\u0150D\u00c9SI \u00c9S M\u0170V\u00c9SZEGYES\u00dcLET FELN\u0150TT N\u00c9PT\u00c1NCCSOPORTJA<\/strong><\/em><\/span><\/p>\n<p>Naslov odrske postavitve\/a sz\u00ednpad elrendez\u00e9s\u00e9nek vezet\u0151je: <strong>MLINAR<\/strong><br \/>\nAvtor odrske postavitve\/sz\u00ednpadi \u00f6ssze\u00e1ll\u00edt\u00e1s szerz\u0151je: Ne\u017eka Lubej<br \/>\nVodji\/csoportvezet\u0151k: Martina Tratnjek, Edvard \u010crni\u010d<\/p>\n<hr \/>\n<p><span style=\"font-size: 20px;\"><strong>FOLKLORNA SKUPINA TKD BABINCI<\/strong><\/span><br \/>\n<span style=\"font-size: 20px;\"><em><strong>BABINCI M\u0170VEL\u0150D\u00c9SI \u00c9S TURISZTIKAI <\/strong><strong>EGYES\u00dcLET N\u00c9PT\u00c1NCCSOPORTJA<\/strong><\/em><\/span><\/p>\n<p>Naslov odrske postavitve\/a sz\u00ednpad elrendez\u00e9s\u00e9nek vezet\u0151je: <strong>KOSCI IN GRABLJICE<\/strong><br \/>\nAvtor odrske postavitve\/sz\u00ednpadi \u00f6ssze\u00e1ll\u00edt\u00e1s szerz\u0151je: Bla\u017e Dja\u010dkaj<br \/>\nVodja\/csoportvezet\u0151: Bla\u017e Dja\u010dkaj<\/p>\n<hr \/>\n<p><span style=\"font-size: 20px;\"><strong>KULTURNO UMETNI\u0160KO DRU\u0160TVO \u0160TUDENT AKADEMSKA FOLKLORNA SKUPINA \u0160TUDENT \u2013 2. SKUPINA<\/strong><\/span><br \/>\n<em><span style=\"font-size: 20px;\"><strong>\u0160TUDENT AKAD\u00c9MIAI N\u00c9PT\u00c1NCCSOPORT \u2013 2. CSOPORT<\/strong><\/span><\/em><\/p>\n<p>Naslov odrske postavitve\/a sz\u00ednpad elrendez\u00e9s\u00e9nek vezet\u0151je: <strong>PLESI IZ RAZKRI\u017dJA<\/strong><br \/>\nAvtor odrske postavitve\/sz\u00ednpadi \u00f6ssze\u00e1ll\u00edt\u00e1s szerz\u0151je: Mirko Ramov\u0161<br \/>\nVodja\/csoportvezet\u0151: Anja Godec<\/p>\n<hr \/>\n<p><span style=\"font-size: 20px;\"><strong>FOLKLORNA SKUPINA LE\u0160\u010cE\u010cEK<\/strong><\/span><br \/>\n<span style=\"font-size: 20px;\"><strong>KD SLAVKA OSTERCA VER\u017dEJ LE\u0160\u010cE\u010cEK N\u00c9PT\u00c1NCCSOPORT<\/strong><\/span><\/p>\n<p>Naslov odrske postavitve\/a sz\u00ednpad elrendez\u00e9s\u00e9nek vezet\u0151je: <strong>RAZKRI\u0160KI PLESI<\/strong><br \/>\nAvtor odrske postavitve\/sz\u00ednpadi \u00f6ssze\u00e1ll\u00edt\u00e1s szerz\u0151je: Marko Rus<br \/>\nVodja\/csoportvezet\u0151: Jo\u017eica Vohar<\/p>\n<hr \/>\n<p><span style=\"font-size: 20px;\"><strong>KULTURNO UMETNI\u0160KO DRU\u0160TVO \u0160TUDENT \u2013 AKADEMSKA FOLKLORNA SKUPINA \u0160TUDENT \u2013 1. SKUPINA<\/strong><\/span><br \/>\n<span style=\"font-size: 20px;\"><strong>\u0160TUDENT AKAD\u00c9MIAI N\u00c9PT\u00c1NCCSOPORT \u2013 1. CSOPORT<\/strong><\/span><\/p>\n<p>Naslov odrske postavitve\/a sz\u00ednpad elrendez\u00e9s\u00e9nek vezet\u0151je: <strong>RDE\u010cE LI\u010cKE, \u010cRNE O\u010cI<\/strong><br \/>\nAvtor odrske postavitve\/sz\u00ednpadi \u00f6ssze\u00e1ll\u00edt\u00e1s szerz\u0151je: Bojan Glaser<br \/>\nVodja\/csoportvezet\u0151: Bojan Glaser<\/p>\n<p>Strokovna spremljevalca programa\/szakmai zs\u0171ri:<br \/>\n<strong>Tanja Dra\u0161ler<\/strong><br \/>\n<strong>Klemen Bojanovi\u010d<\/strong><\/p>\n<p>Program povezujeta\/m\u0171sorvezet\u0151k:<br \/>\n<strong>Lucija \u0160etar<\/strong><br \/>\n<strong>Damijan Hozjan<\/strong><\/p>\n<p><span style=\"font-size: 12px;\">Podatki so povzeti po prijavnicah.\/Az adatokat a jelentkez\u00e9si lapok alapj\u00e1n \u00f6sszegezz\u00fck.<\/span><br \/>\n<span style=\"font-size: 12px;\">Programski list pripravila\/A programlapot k\u00e9sz\u00edtette: <strong>Rozina Nemec<\/strong><\/span><br \/>\n<span style=\"font-size: 12px;\">Lendava, maj 2022\/Lendva, 2022. m\u00e1jus.<\/span><\/p>\n","protected":false},"excerpt":{"rendered":"<p>2022. m\u00e1jus 20. p\u00e9ntek | n\u00e9pt\u00e1nc, n\u00e9pzene 19.30 Helysz\u00edn: Lendvai Sz\u00ednh\u00e1z- \u00e9s Hangversenyterem Szervez\u0151: JSKD Republike Slovenije \u2013 Obmo\u010dna izpostava Lendava\/A Szlov\u00e9n K\u00f6zt\u00e1rsas\u00e1g Kultur\u00e1lis K\u00f6zalap\u00edtv\u00e1ny\u00e1nak Lendvai Ter\u00fcleti Kirendelts\u00e9ge Program\/M\u0171sor Pozdravni nagovor\/k\u00f6sz\u00f6nt\u0151t mond: Ivan Koncut Pod\u017eupan, v opravljanju funkcije \u017eupana Ob\u010dine Lendava\/Lendva K\u00f6zs\u00e9g polg\u00e1rmesteri tiszts\u00e9g\u00e9t ell\u00e1t\u00f3 alpolg\u00e1rmestere &nbsp; FOLKLORNA SKUPINA KTD MO\u0160\u010cANCI MO\u0160\u010cANCI M\u0170VEL\u0150D\u00c9SI \u00c9S TURISZTIKAI [&hellip;]<\/p>\n","protected":false},"author":2,"featured_media":7529,"parent":0,"menu_order":0,"comment_status":"closed","ping_status":"closed","template":"","meta":{"footnotes":""},"class_list":["post-7624","page","type-page","status-publish","has-post-thumbnail","hentry","post","post-with-thumbnail","post-with-thumbnail-icon"],"_links":{"self":[{"href":"https:\/\/www1.kkl.si\/hu\/wp-json\/wp\/v2\/pages\/7624","targetHints":{"allow":["GET"]}}],"collection":[{"href":"https:\/\/www1.kkl.si\/hu\/wp-json\/wp\/v2\/pages"}],"about":[{"href":"https:\/\/www1.kkl.si\/hu\/wp-json\/wp\/v2\/types\/page"}],"author":[{"embeddable":true,"href":"https:\/\/www1.kkl.si\/hu\/wp-json\/wp\/v2\/users\/2"}],"replies":[{"embeddable":true,"href":"https:\/\/www1.kkl.si\/hu\/wp-json\/wp\/v2\/comments?post=7624"}],"version-history":[{"count":1,"href":"https:\/\/www1.kkl.si\/hu\/wp-json\/wp\/v2\/pages\/7624\/revisions"}],"predecessor-version":[{"id":7625,"href":"https:\/\/www1.kkl.si\/hu\/wp-json\/wp\/v2\/pages\/7624\/revisions\/7625"}],"wp:featuredmedia":[{"embeddable":true,"href":"https:\/\/www1.kkl.si\/hu\/wp-json\/wp\/v2\/media\/7529"}],"wp:attachment":[{"href":"https:\/\/www1.kkl.si\/hu\/wp-json\/wp\/v2\/media?parent=7624"}],"curies":[{"name":"wp","href":"https:\/\/api.w.org\/{rel}","templated":true}]}}