{"id":7664,"date":"2022-05-23T09:00:22","date_gmt":"2022-05-23T07:00:22","guid":{"rendered":"https:\/\/www1.kkl.si\/?page_id=7664"},"modified":"2022-05-23T09:14:00","modified_gmt":"2022-05-23T07:14:00","slug":"muravideki-nemzeti-ertekek-gyermekszemmel","status":"publish","type":"page","link":"https:\/\/www1.kkl.si\/hu\/muravideki-nemzeti-ertekek-gyermekszemmel\/","title":{"rendered":"Muravid\u00e9ki nemzeti \u00e9rt\u00e9kek gyermekszemmel"},"content":{"rendered":"<div class=\"opis\"><img loading=\"lazy\" decoding=\"async\" class=\"wp-image-1588 alignright\" title=\"Brezpla\u010dna prireditev\" src=\"https:\/\/www1.kkl.si\/wp-content\/uploads\/\/2020\/07\/spored_simb_brezplacna-1.svg\" alt=\"brezplacna\" width=\"40\" height=\"40\" srcset=\"https:\/\/www1.kkl.si\/wp-content\/uploads\/\/2020\/07\/spored_simb_brezplacna-1.svg 150w, https:\/\/www1.kkl.si\/wp-content\/uploads\/\/2020\/07\/spored_simb_brezplacna-1.svg 400w, https:\/\/www1.kkl.si\/wp-content\/uploads\/\/2020\/07\/spored_simb_brezplacna-1.svg 1500w, https:\/\/www1.kkl.si\/wp-content\/uploads\/\/2020\/07\/spored_simb_brezplacna-1.svg 100w\" sizes=\"auto, (max-width: 40px) 100vw, 40px\" \/>\u00a0<i class=\"fas fa-calendar\"><\/i> <strong>2022. m\u00e1jus 26. cs\u00fct\u00f6rt\u00f6k | <span class=\"zanr\">ki\u00e1ll\u00edt\u00e1s<\/span><br \/>\n<\/strong><i class=\"fas fa-clock\"><\/i> <strong>17.00<\/strong> <br \/>\n<i class=\"fas fa-map-marker\"><\/i> Helysz\u00edn: Lendvai Sz\u00ednh\u00e1z- \u00e9s Hangversenyterem el\u0151tere<br \/>\n<i class=\"fas fa-chevron-circle-right\"><\/i> Szervez\u0151: <a href=\"http:\/\/www.muravidek.si\/\">MM\u00d6NK-PMSNS<\/a><\/div>\n<p>Szeretettel megh\u00edvjuk \u00d6n\u00f6ket a<\/p>\n<p><strong><span style=\"font-size: 24px;\">Muravid\u00e9ki nemzeti \u00e9rt\u00e9kek gyermekszemmel<\/span><\/strong><\/p>\n<p>c\u00edm\u0171 ki\u00e1ll\u00edt\u00e1s megnyit\u00f3j\u00e1ra, amely <strong>2022. m\u00e1jus 26-\u00e1n, cs\u00fct\u00f6rt\u00f6k\u00f6n 17 \u00f3rakor<\/strong> lesz a lendvai Sz\u00ednh\u00e1z- \u00e9s Hangversenyteremben.<\/p>\n<p>A ki\u00e1ll\u00edt\u00e1st <em>Horv\u00e1th Ferenc<\/em>, az MM\u00d6NK Tan\u00e1cs\u00e1nak eln\u00f6ke, nemzetis\u00e9gi orsz\u00e1ggy\u0171l\u00e9si k\u00e9pvisel\u0151 nyitja meg, a k\u00e9pz\u0151m\u0171v\u00e9szeti p\u00e1ly\u00e1zatra be\u00e9rkezett alkot\u00e1sokat pedig <em>\u010casar Sebastijan<\/em>, a zs\u0171ri tagja m\u00e9ltatja.<\/p>\n<p>A megnyit\u00f3 keret\u00e9ben ker\u00fcl sor a d\u00edjazottak jutalmainak kioszt\u00e1s\u00e1ra is.<\/p>\n<p><em>A ki\u00e1ll\u00edt\u00e1s 2022. j\u00fanius 20-\u00e1ig tekinthet\u0151 meg.<\/em><\/p>\n<p><a href=\"https:\/\/www1.kkl.si\/wp-content\/uploads\/2022\/05\/ERTmhg_EL_HU.jpg\" data-lbwps-width=\"1772\" data-lbwps-height=\"1218\" data-lbwps-srcsmall=\"https:\/\/www1.kkl.si\/wp-content\/uploads\/2022\/05\/ERTmhg_EL_HU-400x275.jpg\"><img loading=\"lazy\" decoding=\"async\" class=\"slika alignnone wp-image-7481 size-full\" src=\"https:\/\/www1.kkl.si\/wp-content\/uploads\/2022\/05\/ERTmhg_EL_HU.jpg\" alt=\"\" width=\"1772\" height=\"1218\" srcset=\"https:\/\/www1.kkl.si\/wp-content\/uploads\/2022\/05\/ERTmhg_EL_HU.jpg 1772w, https:\/\/www1.kkl.si\/wp-content\/uploads\/2022\/05\/ERTmhg_EL_HU-400x275.jpg 400w, https:\/\/www1.kkl.si\/wp-content\/uploads\/2022\/05\/ERTmhg_EL_HU-1500x1031.jpg 1500w\" sizes=\"auto, (max-width: 1772px) 100vw, 1772px\" \/><\/a><\/p>\n","protected":false},"excerpt":{"rendered":"<p>\u00a0 2022. m\u00e1jus 26. cs\u00fct\u00f6rt\u00f6k | ki\u00e1ll\u00edt\u00e1s 17.00 Helysz\u00edn: Lendvai Sz\u00ednh\u00e1z- \u00e9s Hangversenyterem el\u0151tere Szervez\u0151: MM\u00d6NK-PMSNS Szeretettel megh\u00edvjuk \u00d6n\u00f6ket a Muravid\u00e9ki nemzeti \u00e9rt\u00e9kek gyermekszemmel c\u00edm\u0171 ki\u00e1ll\u00edt\u00e1s megnyit\u00f3j\u00e1ra, amely 2022. m\u00e1jus 26-\u00e1n, cs\u00fct\u00f6rt\u00f6k\u00f6n 17 \u00f3rakor lesz a lendvai Sz\u00ednh\u00e1z- \u00e9s Hangversenyteremben. A ki\u00e1ll\u00edt\u00e1st Horv\u00e1th Ferenc, az MM\u00d6NK Tan\u00e1cs\u00e1nak eln\u00f6ke, nemzetis\u00e9gi orsz\u00e1ggy\u0171l\u00e9si k\u00e9pvisel\u0151 nyitja meg, a k\u00e9pz\u0151m\u0171v\u00e9szeti [&hellip;]<\/p>\n","protected":false},"author":2,"featured_media":7481,"parent":0,"menu_order":0,"comment_status":"closed","ping_status":"closed","template":"","meta":{"footnotes":""},"class_list":["post-7664","page","type-page","status-publish","has-post-thumbnail","hentry","post","post-with-thumbnail","post-with-thumbnail-icon"],"_links":{"self":[{"href":"https:\/\/www1.kkl.si\/hu\/wp-json\/wp\/v2\/pages\/7664","targetHints":{"allow":["GET"]}}],"collection":[{"href":"https:\/\/www1.kkl.si\/hu\/wp-json\/wp\/v2\/pages"}],"about":[{"href":"https:\/\/www1.kkl.si\/hu\/wp-json\/wp\/v2\/types\/page"}],"author":[{"embeddable":true,"href":"https:\/\/www1.kkl.si\/hu\/wp-json\/wp\/v2\/users\/2"}],"replies":[{"embeddable":true,"href":"https:\/\/www1.kkl.si\/hu\/wp-json\/wp\/v2\/comments?post=7664"}],"version-history":[{"count":2,"href":"https:\/\/www1.kkl.si\/hu\/wp-json\/wp\/v2\/pages\/7664\/revisions"}],"predecessor-version":[{"id":7669,"href":"https:\/\/www1.kkl.si\/hu\/wp-json\/wp\/v2\/pages\/7664\/revisions\/7669"}],"wp:featuredmedia":[{"embeddable":true,"href":"https:\/\/www1.kkl.si\/hu\/wp-json\/wp\/v2\/media\/7481"}],"wp:attachment":[{"href":"https:\/\/www1.kkl.si\/hu\/wp-json\/wp\/v2\/media?parent=7664"}],"curies":[{"name":"wp","href":"https:\/\/api.w.org\/{rel}","templated":true}]}}